{"id":801,"date":"2018-10-24T16:35:27","date_gmt":"2018-10-24T14:35:27","guid":{"rendered":"https:\/\/www.casinozocker.com\/?page_id=801"},"modified":"2018-11-01T10:32:26","modified_gmt":"2018-11-01T09:32:26","slug":"gewinnen","status":"publish","type":"page","link":"https:\/\/www.casinozocker.com\/ch\/gewinnen\/","title":{"rendered":"Hol dir t\u00e4glich 50 Freispiele mit unserem Gewinnspiel"},"content":{"rendered":"<p><img loading=\"lazy\" src=\"https:\/\/www.casinozocker.com\/wp-content\/uploads\/sites\/2\/2018\/10\/leovegas.png\" alt=\"\" width=\"140\" height=\"90\" class=\"alignright size-full wp-image-820\" \/>Die CasinoZocker duellieren sich gegenseitig und k\u00e4mpfen t\u00e4glich um 50 Freispiele bei <a href=\"https:\/\/www.casinozocker.com\/erfahrungen\/leovegas\/\">LeoVegas<\/a>. Was du tun musst ist einfach: Im Feld rechts oben oder weiter unten auf dieser Seite findest du deine aktuelle Platzierung. Irgendwie musst du es bis Mitternacht auf Platz 1 schaffen. Dann bekommst du 50 Freispiele f\u00fcr den Klassiker <em>Book of Dead<\/em>!<\/p>\n<p>Das kannst du damit erreichen, dass du auf CasinoZocker bleibst und dir z.B. <a href=\"https:\/\/www.casinozocker.com\/erfahrungen\/\">unsere Casino Erfahrungen durchliest<\/a>. Je l\u00e4nger du bleibst, desto mehr Punkte gibt es.<\/p>\n<p>Wenn du auf Google gehst, nach irgendetwas googelst und dann auf das CasinoZocker in den Ergebnissen klickst bekommst du sogar 10 Punkte. Das geht schnell und lohnt sich.<\/p>\n<p>Es ist aber noch effektiver wenn du einfach unsere Share Buttons am Ende jedes Artikels benutzt &#8211; dann bekommst du ganze 200 Punkte pro Share. Voraussetzung ist dass der Share verifiziert ist indem einer deiner Follower auf den Link geklickt hat. Spammen n\u00fctzt dir also nichts&#8230;<\/p>\n<p>Wenn du gewonnen hast findest du gleich ein Formular in dem du deine Email Adresse eintragen musst mit der du bei LeoVegas angemeldet bist. Falls du dort noch kein Konto hast <a href=\"https:\/\/www.casinozocker.com\/gehezu\/leovegas\" rel=\"nofollow\">melde dich bitte hier an<\/a>.<\/p>\n<p>Das ist alles! Viel Erfolg!<\/p>\n<p>Hier der aktuelle Punktestand:<\/p>\n<p>[table_of_ranks]<\/p>\n<p>[winner_form]<\/p>\n<p><em>Angebot nur g\u00fcltig f\u00fcr Spieler aus Deutschland, \u00d6sterreich und der Schweiz. CasinoZocker beh\u00e4lt sich das Recht vor Teilnehmer die verd\u00e4chtig manipulatives Verhalten an den Tag legen auszuschlie\u00dfen.<br \/>\nDie Gutschrift erfolgt am n\u00e4chsten Tag, an Wochenenden erst am Montag. Bitte um Geduld, die Freispiele m\u00fcssen manuell gebucht werden. Pro Monat kann ein Teilnehmer maximal drei mal gewinnen um auch anderen eine faire Chance zu geben.<\/em><\/p>\n","protected":false},"excerpt":{"rendered":"<p>Die CasinoZocker duellieren sich gegenseitig und k\u00e4mpfen t\u00e4glich um 50 Freispiele bei LeoVegas. Was du tun musst ist einfach: Im Feld rechts oben oder weiter unten auf dieser Seite findest du deine aktuelle Platzierung. Irgendwie musst du es bis Mitternacht auf Platz 1 schaffen. Dann bekommst du 50 Freispiele f\u00fcr den Klassiker Book of Dead! &hellip;<\/p>\n<p class=\"read-more\"> <a class=\"\" href=\"https:\/\/www.casinozocker.com\/ch\/gewinnen\/\"> <span class=\"screen-reader-text\">Hol dir t\u00e4glich 50 Freispiele mit unserem Gewinnspiel<\/span> Weiterlesen &raquo;<\/a><\/p>\n","protected":false},"author":1,"featured_media":0,"parent":0,"menu_order":0,"comment_status":"closed","ping_status":"closed","template":"","meta":[],"yoast_head":"<!-- This site is optimized with the Yoast SEO plugin v16.4 - https:\/\/yoast.com\/wordpress\/plugins\/seo\/ -->\n<title>Hol dir t\u00e4glich 50 Freispiele mit unserem Gewinnspiel - CasinoZocker Schweiz<\/title>\n<meta name=\"robots\" content=\"index, follow, max-snippet:-1, max-image-preview:large, max-video-preview:-1\" \/>\n<link rel=\"canonical\" href=\"https:\/\/www.casinozocker.com\/ch\/gewinnen\/\" \/>\n<meta property=\"og:locale\" content=\"de_DE\" \/>\n<meta property=\"og:type\" content=\"article\" \/>\n<meta property=\"og:title\" content=\"Hol dir t\u00e4glich 50 Freispiele mit unserem Gewinnspiel - CasinoZocker Schweiz\" \/>\n<meta property=\"og:description\" content=\"Die CasinoZocker duellieren sich gegenseitig und k\u00e4mpfen t\u00e4glich um 50 Freispiele bei LeoVegas. Was du tun musst ist einfach: Im Feld rechts oben oder weiter unten auf dieser Seite findest du deine aktuelle Platzierung. Irgendwie musst du es bis Mitternacht auf Platz 1 schaffen. Dann bekommst du 50 Freispiele f\u00fcr den Klassiker Book of Dead! &hellip; Hol dir t\u00e4glich 50 Freispiele mit unserem Gewinnspiel Weiterlesen &raquo;\" \/>\n<meta property=\"og:url\" content=\"https:\/\/www.casinozocker.com\/ch\/gewinnen\/\" \/>\n<meta property=\"og:site_name\" content=\"CasinoZocker Schweiz\" \/>\n<meta property=\"article:modified_time\" content=\"2018-11-01T09:32:26+00:00\" \/>\n<meta property=\"og:image\" content=\"https:\/\/www.casinozocker.com\/wp-content\/uploads\/sites\/2\/2018\/10\/leovegas.png\" \/>\n<meta name=\"twitter:card\" content=\"summary_large_image\" \/>\n<meta name=\"twitter:label1\" content=\"Gesch\u00e4tzte Lesezeit\" \/>\n\t<meta name=\"twitter:data1\" content=\"1\u00a0Minute\" \/>\n<script type=\"application\/ld+json\" class=\"yoast-schema-graph\">{\"@context\":\"https:\/\/schema.org\",\"@graph\":[{\"@type\":\"WebSite\",\"@id\":\"https:\/\/www.casinozocker.com\/ch\/#website\",\"url\":\"https:\/\/www.casinozocker.com\/ch\/\",\"name\":\"CasinoZocker Schweiz\",\"description\":\"Spielen in online Casinos\",\"potentialAction\":[{\"@type\":\"SearchAction\",\"target\":\"https:\/\/www.casinozocker.com\/ch\/?s={search_term_string}\",\"query-input\":\"required name=search_term_string\"}],\"inLanguage\":\"de\"},{\"@type\":\"ImageObject\",\"@id\":\"https:\/\/www.casinozocker.com\/ch\/gewinnen\/#primaryimage\",\"inLanguage\":\"de\",\"url\":\"https:\/\/www.casinozocker.com\/wp-content\/uploads\/sites\/2\/2018\/10\/leovegas.png\",\"contentUrl\":\"https:\/\/www.casinozocker.com\/wp-content\/uploads\/sites\/2\/2018\/10\/leovegas.png\"},{\"@type\":\"WebPage\",\"@id\":\"https:\/\/www.casinozocker.com\/ch\/gewinnen\/#webpage\",\"url\":\"https:\/\/www.casinozocker.com\/ch\/gewinnen\/\",\"name\":\"Hol dir t\\u00e4glich 50 Freispiele mit unserem Gewinnspiel - CasinoZocker Schweiz\",\"isPartOf\":{\"@id\":\"https:\/\/www.casinozocker.com\/ch\/#website\"},\"primaryImageOfPage\":{\"@id\":\"https:\/\/www.casinozocker.com\/ch\/gewinnen\/#primaryimage\"},\"datePublished\":\"2018-10-24T14:35:27+00:00\",\"dateModified\":\"2018-11-01T09:32:26+00:00\",\"breadcrumb\":{\"@id\":\"https:\/\/www.casinozocker.com\/ch\/gewinnen\/#breadcrumb\"},\"inLanguage\":\"de\",\"potentialAction\":[{\"@type\":\"ReadAction\",\"target\":[\"https:\/\/www.casinozocker.com\/ch\/gewinnen\/\"]}]},{\"@type\":\"BreadcrumbList\",\"@id\":\"https:\/\/www.casinozocker.com\/ch\/gewinnen\/#breadcrumb\",\"itemListElement\":[{\"@type\":\"ListItem\",\"position\":1,\"item\":{\"@type\":\"WebPage\",\"@id\":\"https:\/\/www.casinozocker.com\/ch\/\",\"url\":\"https:\/\/www.casinozocker.com\/ch\/\",\"name\":\"Startseite\"}},{\"@type\":\"ListItem\",\"position\":2,\"item\":{\"@id\":\"https:\/\/www.casinozocker.com\/ch\/gewinnen\/#webpage\"}}]}]}<\/script>\n<!-- \/ Yoast SEO plugin. -->","_links":{"self":[{"href":"https:\/\/www.casinozocker.com\/ch\/wp-json\/wp\/v2\/pages\/801"}],"collection":[{"href":"https:\/\/www.casinozocker.com\/ch\/wp-json\/wp\/v2\/pages"}],"about":[{"href":"https:\/\/www.casinozocker.com\/ch\/wp-json\/wp\/v2\/types\/page"}],"author":[{"embeddable":true,"href":"https:\/\/www.casinozocker.com\/ch\/wp-json\/wp\/v2\/users\/1"}],"replies":[{"embeddable":true,"href":"https:\/\/www.casinozocker.com\/ch\/wp-json\/wp\/v2\/comments?post=801"}],"version-history":[{"count":8,"href":"https:\/\/www.casinozocker.com\/ch\/wp-json\/wp\/v2\/pages\/801\/revisions"}],"predecessor-version":[{"id":822,"href":"https:\/\/www.casinozocker.com\/ch\/wp-json\/wp\/v2\/pages\/801\/revisions\/822"}],"wp:attachment":[{"href":"https:\/\/www.casinozocker.com\/ch\/wp-json\/wp\/v2\/media?parent=801"}],"curies":[{"name":"wp","href":"https:\/\/api.w.org\/{rel}","templated":true}]}}