{"id":677,"date":"2017-02-08T13:50:03","date_gmt":"2017-02-08T12:50:03","guid":{"rendered":"http:\/\/www.casinozocker.com\/?page_id=677"},"modified":"2017-03-15T22:28:36","modified_gmt":"2017-03-15T21:28:36","slug":"divers","status":"publish","type":"page","link":"https:\/\/www.casinozocker.com\/ch\/divers\/","title":{"rendered":"Diverse Casino Themen &#8211; Sie gehen uns alle an (irgendwie)"},"content":{"rendered":"<p>Online Casinos sind faszinierend und ziehen t\u00e4glich Millionen Menschen in ihren Bann. Es ist f\u00fcr viele die liebste Freizeitbesch\u00e4ftigung und jeder, der auch nur bisschen was f\u00fcrs Zocken \u00fcbrig hat wird das gut verstehen k\u00f6nnen. Wir m\u00f6gen uns dar\u00fcber streiten welche Casinos gut sind, welche Spiele man spielen sollte oder ob man lieber mit dem iPhone oder am Desktop spielt. Aber im Endeffekt sind wir alle Zocker, die gerne ihr Gl\u00fcck in einem Casino versuchen. Manchmal verlieren wir, manchmal gewinnen wir und ganz selten gewinnen wir so richtig! Vor allem die Slot Spieler unter uns r\u00e4umen gerne mal richtig gro\u00df ab.<\/p>\n<p>In dieser Rubrik besch\u00e4ftigen wir uns mit sehr vielen verschiedenen Themen, die uns alle irgendwie ber\u00fchren. Die einen mehr, die anderen weniger. Wir w\u00fcnschen schon einmal viel Spa\u00df beim Durchbl\u00e4ttern&#8230;<\/p>\n<p><a href=\"https:\/\/www.casinozocker.com\/divers\/spielsucht\/\">Bin ich spiels\u00fcchtig? Wenn ja, was kann ich dagegen tun?<\/a><\/p>\n<p><a href=\"https:\/\/www.casinozocker.com\/divers\/casino-boni-abzocke\/\">Warum die meisten Casino Boni Abzocke sind<\/a><\/p>\n","protected":false},"excerpt":{"rendered":"<p>Online Casinos sind faszinierend und ziehen t\u00e4glich Millionen Menschen in ihren Bann. Es ist f\u00fcr viele die liebste Freizeitbesch\u00e4ftigung und jeder, der auch nur bisschen was f\u00fcrs Zocken \u00fcbrig hat wird das gut verstehen k\u00f6nnen. Wir m\u00f6gen uns dar\u00fcber streiten welche Casinos gut sind, welche Spiele man spielen sollte oder ob man lieber mit dem &hellip;<\/p>\n<p class=\"read-more\"> <a class=\"\" href=\"https:\/\/www.casinozocker.com\/ch\/divers\/\"> <span class=\"screen-reader-text\">Diverse Casino Themen &#8211; Sie gehen uns alle an (irgendwie)<\/span> Weiterlesen &raquo;<\/a><\/p>\n","protected":false},"author":1,"featured_media":0,"parent":0,"menu_order":0,"comment_status":"closed","ping_status":"closed","template":"","meta":[],"yoast_head":"<!-- This site is optimized with the Yoast SEO plugin v16.4 - https:\/\/yoast.com\/wordpress\/plugins\/seo\/ -->\n<title>Diverse Casino Themen - Sie gehen uns alle an (irgendwie) - CasinoZocker Schweiz<\/title>\n<meta name=\"robots\" content=\"index, follow, max-snippet:-1, max-image-preview:large, max-video-preview:-1\" \/>\n<link rel=\"canonical\" href=\"https:\/\/www.casinozocker.com\/ch\/divers\/\" \/>\n<meta property=\"og:locale\" content=\"de_DE\" \/>\n<meta property=\"og:type\" content=\"article\" \/>\n<meta property=\"og:title\" content=\"Diverse Casino Themen - Sie gehen uns alle an (irgendwie) - CasinoZocker Schweiz\" \/>\n<meta property=\"og:description\" content=\"Online Casinos sind faszinierend und ziehen t\u00e4glich Millionen Menschen in ihren Bann. Es ist f\u00fcr viele die liebste Freizeitbesch\u00e4ftigung und jeder, der auch nur bisschen was f\u00fcrs Zocken \u00fcbrig hat wird das gut verstehen k\u00f6nnen. Wir m\u00f6gen uns dar\u00fcber streiten welche Casinos gut sind, welche Spiele man spielen sollte oder ob man lieber mit dem &hellip; Diverse Casino Themen &#8211; Sie gehen uns alle an (irgendwie) Weiterlesen &raquo;\" \/>\n<meta property=\"og:url\" content=\"https:\/\/www.casinozocker.com\/ch\/divers\/\" \/>\n<meta property=\"og:site_name\" content=\"CasinoZocker Schweiz\" \/>\n<meta property=\"article:modified_time\" content=\"2017-03-15T21:28:36+00:00\" \/>\n<meta name=\"twitter:card\" content=\"summary_large_image\" \/>\n<meta name=\"twitter:label1\" content=\"Gesch\u00e4tzte Lesezeit\" \/>\n\t<meta name=\"twitter:data1\" content=\"1\u00a0Minute\" \/>\n<script type=\"application\/ld+json\" class=\"yoast-schema-graph\">{\"@context\":\"https:\/\/schema.org\",\"@graph\":[{\"@type\":\"WebSite\",\"@id\":\"https:\/\/www.casinozocker.com\/ch\/#website\",\"url\":\"https:\/\/www.casinozocker.com\/ch\/\",\"name\":\"CasinoZocker Schweiz\",\"description\":\"Spielen in online Casinos\",\"potentialAction\":[{\"@type\":\"SearchAction\",\"target\":\"https:\/\/www.casinozocker.com\/ch\/?s={search_term_string}\",\"query-input\":\"required name=search_term_string\"}],\"inLanguage\":\"de\"},{\"@type\":\"WebPage\",\"@id\":\"https:\/\/www.casinozocker.com\/ch\/divers\/#webpage\",\"url\":\"https:\/\/www.casinozocker.com\/ch\/divers\/\",\"name\":\"Diverse Casino Themen - Sie gehen uns alle an (irgendwie) - CasinoZocker Schweiz\",\"isPartOf\":{\"@id\":\"https:\/\/www.casinozocker.com\/ch\/#website\"},\"datePublished\":\"2017-02-08T12:50:03+00:00\",\"dateModified\":\"2017-03-15T21:28:36+00:00\",\"breadcrumb\":{\"@id\":\"https:\/\/www.casinozocker.com\/ch\/divers\/#breadcrumb\"},\"inLanguage\":\"de\",\"potentialAction\":[{\"@type\":\"ReadAction\",\"target\":[\"https:\/\/www.casinozocker.com\/ch\/divers\/\"]}]},{\"@type\":\"BreadcrumbList\",\"@id\":\"https:\/\/www.casinozocker.com\/ch\/divers\/#breadcrumb\",\"itemListElement\":[{\"@type\":\"ListItem\",\"position\":1,\"item\":{\"@type\":\"WebPage\",\"@id\":\"https:\/\/www.casinozocker.com\/ch\/\",\"url\":\"https:\/\/www.casinozocker.com\/ch\/\",\"name\":\"Startseite\"}},{\"@type\":\"ListItem\",\"position\":2,\"item\":{\"@id\":\"https:\/\/www.casinozocker.com\/ch\/divers\/#webpage\"}}]}]}<\/script>\n<!-- \/ Yoast SEO plugin. -->","_links":{"self":[{"href":"https:\/\/www.casinozocker.com\/ch\/wp-json\/wp\/v2\/pages\/677"}],"collection":[{"href":"https:\/\/www.casinozocker.com\/ch\/wp-json\/wp\/v2\/pages"}],"about":[{"href":"https:\/\/www.casinozocker.com\/ch\/wp-json\/wp\/v2\/types\/page"}],"author":[{"embeddable":true,"href":"https:\/\/www.casinozocker.com\/ch\/wp-json\/wp\/v2\/users\/1"}],"replies":[{"embeddable":true,"href":"https:\/\/www.casinozocker.com\/ch\/wp-json\/wp\/v2\/comments?post=677"}],"version-history":[{"count":4,"href":"https:\/\/www.casinozocker.com\/ch\/wp-json\/wp\/v2\/pages\/677\/revisions"}],"predecessor-version":[{"id":721,"href":"https:\/\/www.casinozocker.com\/ch\/wp-json\/wp\/v2\/pages\/677\/revisions\/721"}],"wp:attachment":[{"href":"https:\/\/www.casinozocker.com\/ch\/wp-json\/wp\/v2\/media?parent=677"}],"curies":[{"name":"wp","href":"https:\/\/api.w.org\/{rel}","templated":true}]}}