{"id":618,"date":"2016-11-22T12:07:17","date_gmt":"2016-11-22T11:07:17","guid":{"rendered":"http:\/\/www.casinozocker.com\/?page_id=618"},"modified":"2016-11-26T08:49:06","modified_gmt":"2016-11-26T07:49:06","slug":"live","status":"publish","type":"page","link":"https:\/\/www.casinozocker.com\/ch\/blackjack\/live\/","title":{"rendered":"Live Blackjack &#8211; Deutsche Dealer, Partytische und mobile"},"content":{"rendered":"<p>Blackjack geh\u00f6rt ist neben Roulette das wohl bekannteste Casino Spiel und daf\u00fcr gibt es so viele Gr\u00fcnde, dass es sich nicht lohnt alle aufzuz\u00e4hlen. Was wohl den meisten an Blackjack gef\u00e4llt ist die Tatsache, dass man viele Entscheidungen treffen muss und wenn man das gut macht, nur einen minimalen Nachteil gegen\u00fcber dem Casino hat. Kartenz\u00e4hlen ist online nicht m\u00f6glich. Ok, m\u00f6glich schon, aber es bringt keinen Vorteil mehr angesichts des Zufallsgenerators und der vielen Karten die im Spiel sind. Auch bei live Dealer Tischen ist es nicht mehr m\u00f6glich und den Aufwand nicht wert. Nichtsdestotrotz kann man selbst ohne zu z\u00e4hlen nur mit der optimalen <a href=\"https:\/\/www.casinozocker.com\/blackjack\/strategie\/\">Blackjack Strategie<\/a> eine hohe Auszahlung erreichen und dabei auch noch eine Menge Spa\u00df haben. In dieser Hinsicht eigentlich das perfekte Casino Spiel.<\/p>\n<p>Und das wird umso eindeutiger je n\u00e4her man sich mit live Dealer Blackjack besch\u00e4ftigt. Das liegt einfach daran, dass das Angebot an Tischen mittlerweile sowas von umfangreich ist und praktisch alles abgedeckt ist.<\/p>\n<p>Dazu ein kurzer Ausschnitt vom LeoVegas Angebot:<\/p>\n<ul>\n<li>&#8222;Standard&#8220; live Blackjack von Evolution und Netent: Das einfache live Blackjack mit einem Dealer und der M\u00f6glichkeit von &#8222;bet behind&#8220;, also dass man gemeinsam mit den Karten eines aktiven Spielers spielt.<\/li>\n<li>Blackjack Party: Die Partytische sind meist nur auf Englisch aber wer des Englischen m\u00e4chtig ist wird hier garantiert eine Menge Spa\u00df haben. Eine gem\u00fctliche Blackjack Partie mit einer kleinen Party nebenbei. Keine Angst, es l\u00e4uft keine Diskomusik und betrunkten ist auch keiner der Dealer. Aber Spa\u00df macht es allemal.<\/li>\n<li>Celebrity Blackjack Party: Hier l\u00e4sst man sich nicht lumpen und l\u00e4dt auch mal den einen oder anderen Prominenten ein. F\u00fcr die meisten Deutschen sind sie eher unbekannt so dass sich der Nutzen aktuell noch in Grenzen h\u00e4lt.<\/li>\n<li>Common Draw: Hier liegt der minimale Einsatz bei 1\u20ac und damit deutlich niedriger. Der Grund ist der, dass hier jeder gegen den Dealer spielt und dieser nicht alle Mitspieler einzeln dealt. Es ist also eine logische Verschmelzung von live und online Blackjack. Nat\u00fcrlich auch etwas auf Kosten des &#8222;live Feelings&#8220;.<\/li>\n<li>Blackjack Silver und VIP: Tische mit hohen Mindesteins\u00e4tzen von bis zu 1000\u20ac. F\u00fcr alle bei denen Geld keine Rolex spielt&#8230;<\/li>\n<\/ul>\n<h2>Live Dealer Blackjack mit iPhone, iPad und Android<\/h2>\n<p>Mittlerweile ist es egal ob man ein iPhone oder ein gutes Android Smartphone hat. Wenn man damit in live Casinos spielen will hat man beste Karten &#8211; dank html5. Man muss nicht einmal mehr eine App herunterladen. Es geht einfach so im Browser und es ist ein wahrer Genu\u00df! Dazu ein sehr aufschlussreiches Video in dem mit einem iPhone alle <strong><a href=\"https:\/\/www.casinozocker.com\/gehezu\/leovegas\" rel=\"nofollow\">aktuellen live Dealer Tische bei LeoVegas<\/a><\/strong> getestet werden:<\/p>\n<p><center><iframe loading=\"lazy\" src=\"https:\/\/www.youtube.com\/embed\/EOm2jG4XhsM\" width=\"560\" height=\"315\" frameborder=\"0\" allowfullscreen=\"allowfullscreen\"><\/iframe><\/center><\/p>\n","protected":false},"excerpt":{"rendered":"<p>Blackjack geh\u00f6rt ist neben Roulette das wohl bekannteste Casino Spiel und daf\u00fcr gibt es so viele Gr\u00fcnde, dass es sich nicht lohnt alle aufzuz\u00e4hlen. Was wohl den meisten an Blackjack gef\u00e4llt ist die Tatsache, dass man viele Entscheidungen treffen muss und wenn man das gut macht, nur einen minimalen Nachteil gegen\u00fcber dem Casino hat. Kartenz\u00e4hlen &hellip;<\/p>\n<p class=\"read-more\"> <a class=\"\" href=\"https:\/\/www.casinozocker.com\/ch\/blackjack\/live\/\"> <span class=\"screen-reader-text\">Live Blackjack &#8211; Deutsche Dealer, Partytische und mobile<\/span> Weiterlesen &raquo;<\/a><\/p>\n","protected":false},"author":1,"featured_media":0,"parent":24,"menu_order":0,"comment_status":"open","ping_status":"closed","template":"","meta":[],"yoast_head":"<!-- This site is optimized with the Yoast SEO plugin v16.4 - https:\/\/yoast.com\/wordpress\/plugins\/seo\/ -->\n<title>Live Blackjack - Deutsche Dealer, Partytische und mobile - CasinoZocker Schweiz<\/title>\n<meta name=\"robots\" content=\"index, follow, max-snippet:-1, max-image-preview:large, max-video-preview:-1\" \/>\n<link rel=\"canonical\" href=\"https:\/\/www.casinozocker.com\/ch\/blackjack\/live\/\" \/>\n<meta property=\"og:locale\" content=\"de_DE\" \/>\n<meta property=\"og:type\" content=\"article\" \/>\n<meta property=\"og:title\" content=\"Live Blackjack - Deutsche Dealer, Partytische und mobile - CasinoZocker Schweiz\" \/>\n<meta property=\"og:description\" content=\"Blackjack geh\u00f6rt ist neben Roulette das wohl bekannteste Casino Spiel und daf\u00fcr gibt es so viele Gr\u00fcnde, dass es sich nicht lohnt alle aufzuz\u00e4hlen. Was wohl den meisten an Blackjack gef\u00e4llt ist die Tatsache, dass man viele Entscheidungen treffen muss und wenn man das gut macht, nur einen minimalen Nachteil gegen\u00fcber dem Casino hat. Kartenz\u00e4hlen &hellip; Live Blackjack &#8211; Deutsche Dealer, Partytische und mobile Weiterlesen &raquo;\" \/>\n<meta property=\"og:url\" content=\"https:\/\/www.casinozocker.com\/ch\/blackjack\/live\/\" \/>\n<meta property=\"og:site_name\" content=\"CasinoZocker Schweiz\" \/>\n<meta property=\"article:modified_time\" content=\"2016-11-26T07:49:06+00:00\" \/>\n<meta name=\"twitter:card\" content=\"summary_large_image\" \/>\n<meta name=\"twitter:label1\" content=\"Gesch\u00e4tzte Lesezeit\" \/>\n\t<meta name=\"twitter:data1\" content=\"2\u00a0Minuten\" \/>\n<script type=\"application\/ld+json\" class=\"yoast-schema-graph\">{\"@context\":\"https:\/\/schema.org\",\"@graph\":[{\"@type\":\"WebSite\",\"@id\":\"https:\/\/www.casinozocker.com\/ch\/#website\",\"url\":\"https:\/\/www.casinozocker.com\/ch\/\",\"name\":\"CasinoZocker Schweiz\",\"description\":\"Spielen in online Casinos\",\"potentialAction\":[{\"@type\":\"SearchAction\",\"target\":\"https:\/\/www.casinozocker.com\/ch\/?s={search_term_string}\",\"query-input\":\"required name=search_term_string\"}],\"inLanguage\":\"de\"},{\"@type\":\"WebPage\",\"@id\":\"https:\/\/www.casinozocker.com\/ch\/blackjack\/live\/#webpage\",\"url\":\"https:\/\/www.casinozocker.com\/ch\/blackjack\/live\/\",\"name\":\"Live Blackjack - Deutsche Dealer, Partytische und mobile - CasinoZocker Schweiz\",\"isPartOf\":{\"@id\":\"https:\/\/www.casinozocker.com\/ch\/#website\"},\"datePublished\":\"2016-11-22T11:07:17+00:00\",\"dateModified\":\"2016-11-26T07:49:06+00:00\",\"breadcrumb\":{\"@id\":\"https:\/\/www.casinozocker.com\/ch\/blackjack\/live\/#breadcrumb\"},\"inLanguage\":\"de\",\"potentialAction\":[{\"@type\":\"ReadAction\",\"target\":[\"https:\/\/www.casinozocker.com\/ch\/blackjack\/live\/\"]}]},{\"@type\":\"BreadcrumbList\",\"@id\":\"https:\/\/www.casinozocker.com\/ch\/blackjack\/live\/#breadcrumb\",\"itemListElement\":[{\"@type\":\"ListItem\",\"position\":1,\"item\":{\"@type\":\"WebPage\",\"@id\":\"https:\/\/www.casinozocker.com\/ch\/\",\"url\":\"https:\/\/www.casinozocker.com\/ch\/\",\"name\":\"Startseite\"}},{\"@type\":\"ListItem\",\"position\":2,\"item\":{\"@type\":\"WebPage\",\"@id\":\"https:\/\/www.casinozocker.com\/ch\/blackjack\/\",\"url\":\"https:\/\/www.casinozocker.com\/ch\/blackjack\/\",\"name\":\"Blackjack\"}},{\"@type\":\"ListItem\",\"position\":3,\"item\":{\"@id\":\"https:\/\/www.casinozocker.com\/ch\/blackjack\/live\/#webpage\"}}]}]}<\/script>\n<!-- \/ Yoast SEO plugin. -->","_links":{"self":[{"href":"https:\/\/www.casinozocker.com\/ch\/wp-json\/wp\/v2\/pages\/618"}],"collection":[{"href":"https:\/\/www.casinozocker.com\/ch\/wp-json\/wp\/v2\/pages"}],"about":[{"href":"https:\/\/www.casinozocker.com\/ch\/wp-json\/wp\/v2\/types\/page"}],"author":[{"embeddable":true,"href":"https:\/\/www.casinozocker.com\/ch\/wp-json\/wp\/v2\/users\/1"}],"replies":[{"embeddable":true,"href":"https:\/\/www.casinozocker.com\/ch\/wp-json\/wp\/v2\/comments?post=618"}],"version-history":[{"count":4,"href":"https:\/\/www.casinozocker.com\/ch\/wp-json\/wp\/v2\/pages\/618\/revisions"}],"predecessor-version":[{"id":625,"href":"https:\/\/www.casinozocker.com\/ch\/wp-json\/wp\/v2\/pages\/618\/revisions\/625"}],"up":[{"embeddable":true,"href":"https:\/\/www.casinozocker.com\/ch\/wp-json\/wp\/v2\/pages\/24"}],"wp:attachment":[{"href":"https:\/\/www.casinozocker.com\/ch\/wp-json\/wp\/v2\/media?parent=618"}],"curies":[{"name":"wp","href":"https:\/\/api.w.org\/{rel}","templated":true}]}}