{"id":6,"date":"2011-12-25T10:58:03","date_gmt":"2011-12-25T10:58:03","guid":{"rendered":"http:\/\/www.casinozocker.com\/?page_id=6"},"modified":"2026-05-06T12:50:10","modified_gmt":"2026-05-06T12:50:10","slug":"das-spielen-in-online-casinos","status":"publish","type":"page","link":"https:\/\/www.casinozocker.com\/ch\/","title":{"rendered":"Casino Erfahrungen und online Spielen in der Schweiz"},"content":{"rendered":"\n<p>CasinoZocker.CH ist ein Projekt von Casinospieler, f\u00fcr Casinospieler. Dabei m\u00f6chten wir zum einen m\u00f6glichst umfassende Artikel zu den verschiedensten Casino Spielen und Bereichen liefern und zum anderen transparente online Casino Erfahrungen schildern. Dabei stehen vor allem unsere Besucher im Mittelpunkt und werden zum mitmachen aufgefordert. Denn nur du kannst entscheiden ob du bei einem bestimmten online Casino zufrieden warst oder nicht. Und genau das ist f\u00fcr andere Casinospieler entscheidend ob sie sich bei einem online Casino anmelden sollen oder nicht. Es ist nicht wichtig was die Betreiber einer Seite sagen, sondern was die Mehrheit der Spieler sagt. Nur so kann man gute von weniger guten oder sogar unseri\u00f6sen online Casinos trennen.<\/p>\n\n\n\n<p>Gerade f\u00fcr die Schweiz ist dieses Thema wichtig. Denn seit dem 1.1.2020 ist das spielen in online Casinos die keine Konzession haben nicht mehr erlaubt. Du solltest dir also ein Casino suchen das absolut legal ist und mit dem anderen CasinoZocker ebenfalls zufrieden sind. Folgende Schweizer Casinos stehen dir hierbei zur Verf\u00fcgung:<\/p>\n\n\n\n<ul><li><a href=\"https:\/\/www.casinozocker.com\/ch\/erfahrungen\/jackpots-ch\/\">Jackpots.ch<\/a><\/li><li><a href=\"https:\/\/www.casinozocker.com\/ch\/erfahrungen\/casino777\/\">Casino777<\/a><\/li><li><a href=\"https:\/\/www.casinozocker.com\/ch\/erfahrungen\/swisscasinos\/\">SwissCasinos<\/a><\/li><li><a href=\"https:\/\/www.casinozocker.com\/ch\/erfahrungen\/mycasino\/\">MyCasino<\/a><\/li><li><a href=\"https:\/\/www.casinozocker.com\/ch\/erfahrungen\/spinpalace\/\">SpinPalace Casino<\/a><\/li><\/ul>\n\n\n\n<div id=\"toc_container\" class=\"no_bullets\"><p class=\"toc_title\">Inhalt<\/p><ul class=\"toc_list\"><li><a href=\"#Casino_Erfahrungen_Schweiz\"><span class=\"toc_number toc_depth_1\">1<\/span> Casino Erfahrungen Schweiz<\/a><\/li><li><a href=\"#Online_Casino_Spielen\"><span class=\"toc_number toc_depth_1\">2<\/span> Online Casino Spielen<\/a><\/li><li><a href=\"#Roulette\"><span class=\"toc_number toc_depth_1\">3<\/span> Roulette<\/a><\/li><li><a href=\"#Spielautomaten\"><span class=\"toc_number toc_depth_1\">4<\/span> Spielautomaten<\/a><\/li><li><a href=\"#Blackjack\"><span class=\"toc_number toc_depth_1\">5<\/span> Blackjack<\/a><\/li><li><a href=\"#Video_Poker\"><span class=\"toc_number toc_depth_1\">6<\/span> Video Poker<\/a><\/li><\/ul><\/div>\n<h2><span id=\"Casino_Erfahrungen_Schweiz\">Casino Erfahrungen Schweiz<\/span><\/h2>\n\n\n\n<p>Hast du schon einmal eine schlechte Casino-Erfahrung gemacht? Wurde dir ein Bonus nicht ausbezahlt? Hattest du Probleme bei der Auszahlung? Bist du mit den Spielen dort unzufrieden? Oder m\u00f6chtest du andere Casino Spieler auf ein gutes Angebot wie eine tolle Promotion oder einen hohen Bonus aufmerksam machen? Dann bist du bei unseren Casino Erfahrungen genau richtig. Wir haben es uns zum Ziel gesetzt eine unabh\u00e4ngige und umfassende Plattform zur Verf\u00fcgung zu stellen, die von allen Casino Spielern gesteuert wird, die sich beteiligen m\u00f6chten.<\/p>\n\n\n\n<h2><span id=\"Online_Casino_Spielen\">Online Casino Spielen<\/span><\/h2>\n\n\n\n<p>Mit unseren Casino Erfahrungen m\u00f6chten wir vor allem verhindern, dass andere Spieler auf unseri\u00f6se Casinos herein fallen. So schade das auch ist, aber diese Casinos gibt es nach wie vor und es ist wichtig, dass man davor entsprechend warnt. Doch das ist eigentlich auch schon das Wichtigste, das man beim Spielen in online Casinos verhindern soll. Nat\u00fcrlich ist auch noch Spielsucht zu nennen, die immer ein Thema ist. Gerade online ist es sehr einfach Geld einzuzahlen und man kann schnell \u00fcber seinem Limit spielen. Das ist nat\u00fcrlich alles andere als Sinn und Zweck, denn das Spielen in online Casinos soll vor allem Spa\u00df machen und Unterhaltung bieten. Wenn du denkst, dass es bei dir \u00fcber diese Grenze hinaus geht, solltest du versuchen weniger und seltener zu spielen. Gelingt das nicht, ist es an der Zeit sich an eine <a href=\"http:\/\/www.gluecksspielsucht.de\/\" target=\"_blank\" rel=\"noopener noreferrer\">Einrichtung gegen Gl\u00fccksspielsucht<\/a> zu wenden.<\/p>\n\n\n\n<h2><span id=\"Roulette\">Roulette<\/span><\/h2>\n\n\n\n<p>F\u00fcr viele ist es das Spiel der Spiele und das kommt nicht von ungef\u00e4hr. Denn seit dem Roulette existiert, gibt es Leute, die versuchen dieses Spiel zu &#8222;knacken&#8220;. Und das macht auch den Reiz aus. Eben dass man sich verschiedene Strategien zurecht legen und darauf hoffen kann damit zum Erfolg zu kommen. Bei Spielautomaten oder Video Poker ist das nicht so. Beim <a href=\"https:\/\/www.casinozocker.com\/roulette\/\">Roulette<\/a> hat man allerdings sehr viele Einsatzm\u00f6glicheiten, die auch \u00fcber einen einmaligen Dreh hinaus gehen. Sowohl live, als auch online Roulette ist sehr reizvoll f\u00fcr den Gro\u00dfteil der Casinospieler und daher werden wir sehr viel zu diesem Spiel bringen auf CasinoZocker.<\/p>\n\n\n\n<h2><span id=\"Spielautomaten\">Spielautomaten<\/span><\/h2>\n\n\n\n<p>Bei den Spielautomaten handelt es sich um eine Sorte von Casinospielen, die mich immer wieder begeistert. Und zwar deswegen weil t\u00e4glich Millionen von Menschen an Spielautomaten spielen und das obwohl es kaum ein Casinospiel gibt wo man weniger Strategien und M\u00f6glichkeiten hat. <a href=\"https:\/\/www.casinozocker.com\/spielautomaten\/\">Online Spielautomaten<\/a> m\u00fcssen aber irgendwas zu bieten haben, sonst w\u00fcrden nicht so viele daran spielen. Wahrscheinlich sind es die unglaublichen Jackpots und Gewinnm\u00f6glichkeiten, die das Ganze so spannend machen. Denn gerade wenn progressive Jackpots im Spiel sind, kann man Millionen von Euro gewinnen. Und solche Gewinne werden auch tagt\u00e4glich ausgesch\u00fcttet auch wenn es sich absolut unrealistisch anh\u00f6rt. Au\u00dferdem gibt es viele verschiedene Spielautomaten so dass die Vielfalt eigentlich keine Grenzen kennt und jeder Spieler den richtigen Automaten findet wo er einige Zeit zocken kann.<\/p>\n\n\n\n<h2><span id=\"Blackjack\">Blackjack<\/span><\/h2>\n\n\n\n<p>Blackjack ist ohne Zweifel eines der bekanntesten Casino Spiele \u00fcberhaupt und es gibt wahrscheinlich keinen Menschen der von sich behaupten kann noch niemals Blackjack gespielt zu haben. Nicht unbedingt im Casino, aber du bist definitiv zum Spa\u00df mit diesem Spiel in Ber\u00fchrung gekommen. Gerade seit dem <a href=\"https:\/\/www.casinozocker.com\/blackjack\/\">online Blackjack<\/a> m\u00f6glich ist, erlebte das Spiel einen neuen Boom. Und wie auch beim Roulette gibt es viele Strategien, die man austesten kann. Blackjack ist sogar ein Spiel, das du auf lange Sicht im Wesentlichen schlagen kannst, das hei\u00dft, du kannst damit Gewinn machen. Leider sind dem mittlerweile Grenzen gesetzt und das sogenannte Kartenz\u00e4hlen wird schnell vom Casino entdeckt und unterbunden. Dennoch ist Blackjack ein Spiel, das nicht nur einen tollen Unterhaltungswert bietet, sondern es ist auch eines der fairsten Casino Spiele in Sachen Auszahlung.<\/p>\n\n\n\n<h2><span id=\"Video_Poker\">Video Poker<\/span><\/h2>\n\n\n\n<p>Video Poker gibt es in verschiedenen Ausf\u00fchrungen und wird ebenfalls h\u00e4ufig gespielt. Gerade bei Poker Spielern ist diese Variante sehr beliebt weil diese sich damit identifizieren k\u00f6nnen. Nat\u00fcrlich ist es nur bedingt vergleichbar mit einer richtigen Pokerpartie gegen echte Gegner, aber das Prinzip bleibt das gleiche und man gewinnt mit der besten Hand. Wenn man das Gl\u00fcck hat einen Royal Flush zu bekommen, kann man mit richtig guten Auszahlungen rechnen. Des weiteren hat man beim <a href=\"https:\/\/www.casinozocker.com\/video-poker\/\">Video Poker<\/a> relativ viele M\u00f6glichkeiten und kann selbst entscheiden welche und wie viele Karten man austauschen m\u00f6chte.<\/p>\n\n\n\n<p>Und noch in eigener Sache: Diese Webseite ist jetzt auch unter dem Namen &#8222;Casino Freakz&#8220; auf Englisch verf\u00fcgbar.<br>For our english speaking visitors: Please visit the english version of this website: <a href=\"https:\/\/www.casinofreakz.com\/\">CasinoFreakz.com<\/a>.<\/p>\n<div class=\"so_cv_last_mod\">Letzte Aktualisierung erfolgte am: 6. Mai, 2026<\/div>","protected":false},"excerpt":{"rendered":"<p>CasinoZocker.CH ist ein Projekt von Casinospieler, f\u00fcr Casinospieler. Dabei m\u00f6chten wir zum einen m\u00f6glichst umfassende Artikel zu den verschiedensten Casino Spielen und Bereichen liefern und zum anderen transparente online Casino Erfahrungen schildern. Dabei stehen vor allem unsere Besucher im Mittelpunkt und werden zum mitmachen aufgefordert. Denn nur du kannst entscheiden ob du bei einem bestimmten &hellip;<\/p>\n<p class=\"read-more\"> <a class=\"\" href=\"https:\/\/www.casinozocker.com\/ch\/\"> <span class=\"screen-reader-text\">Casino Erfahrungen und online Spielen in der Schweiz<\/span> Weiterlesen &raquo;<\/a><\/p>\n","protected":false},"author":1,"featured_media":0,"parent":0,"menu_order":0,"comment_status":"closed","ping_status":"closed","template":"","meta":[],"yoast_head":"<!-- This site is optimized with the Yoast SEO plugin v16.4 - https:\/\/yoast.com\/wordpress\/plugins\/seo\/ -->\n<title>Casino Erfahrungen und online Spielen in der Schweiz - CasinoZocker Schweiz<\/title>\n<meta name=\"robots\" content=\"index, follow, max-snippet:-1, max-image-preview:large, max-video-preview:-1\" \/>\n<link rel=\"canonical\" href=\"https:\/\/www.casinozocker.com\/ch\/\" \/>\n<meta property=\"og:locale\" content=\"de_DE\" \/>\n<meta property=\"og:type\" content=\"article\" \/>\n<meta property=\"og:title\" content=\"Casino Erfahrungen und online Spielen in der Schweiz - CasinoZocker Schweiz\" \/>\n<meta property=\"og:description\" content=\"CasinoZocker.CH ist ein Projekt von Casinospieler, f\u00fcr Casinospieler. Dabei m\u00f6chten wir zum einen m\u00f6glichst umfassende Artikel zu den verschiedensten Casino Spielen und Bereichen liefern und zum anderen transparente online Casino Erfahrungen schildern. Dabei stehen vor allem unsere Besucher im Mittelpunkt und werden zum mitmachen aufgefordert. Denn nur du kannst entscheiden ob du bei einem bestimmten &hellip; Casino Erfahrungen und online Spielen in der Schweiz Weiterlesen &raquo;\" \/>\n<meta property=\"og:url\" content=\"https:\/\/www.casinozocker.com\/ch\/\" \/>\n<meta property=\"og:site_name\" content=\"CasinoZocker Schweiz\" \/>\n<meta property=\"article:modified_time\" content=\"2026-05-06T12:50:10+00:00\" \/>\n<meta name=\"twitter:card\" content=\"summary_large_image\" \/>\n<meta name=\"twitter:label1\" content=\"Gesch\u00e4tzte Lesezeit\" \/>\n\t<meta name=\"twitter:data1\" content=\"5\u00a0Minuten\" \/>\n<script type=\"application\/ld+json\" class=\"yoast-schema-graph\">{\"@context\":\"https:\/\/schema.org\",\"@graph\":[{\"@type\":\"WebSite\",\"@id\":\"https:\/\/www.casinozocker.com\/ch\/#website\",\"url\":\"https:\/\/www.casinozocker.com\/ch\/\",\"name\":\"CasinoZocker Schweiz\",\"description\":\"Spielen in online Casinos\",\"potentialAction\":[{\"@type\":\"SearchAction\",\"target\":\"https:\/\/www.casinozocker.com\/ch\/?s={search_term_string}\",\"query-input\":\"required name=search_term_string\"}],\"inLanguage\":\"de\"},{\"@type\":\"WebPage\",\"@id\":\"https:\/\/www.casinozocker.com\/ch\/#webpage\",\"url\":\"https:\/\/www.casinozocker.com\/ch\/\",\"name\":\"Casino Erfahrungen und online Spielen in der Schweiz - CasinoZocker Schweiz\",\"isPartOf\":{\"@id\":\"https:\/\/www.casinozocker.com\/ch\/#website\"},\"datePublished\":\"2011-12-25T10:58:03+00:00\",\"dateModified\":\"2026-05-06T12:50:10+00:00\",\"breadcrumb\":{\"@id\":\"https:\/\/www.casinozocker.com\/ch\/#breadcrumb\"},\"inLanguage\":\"de\",\"potentialAction\":[{\"@type\":\"ReadAction\",\"target\":[\"https:\/\/www.casinozocker.com\/ch\/\"]}]},{\"@type\":\"BreadcrumbList\",\"@id\":\"https:\/\/www.casinozocker.com\/ch\/#breadcrumb\",\"itemListElement\":[{\"@type\":\"ListItem\",\"position\":1,\"item\":{\"@type\":\"WebPage\",\"@id\":\"https:\/\/www.casinozocker.com\/ch\/\",\"url\":\"https:\/\/www.casinozocker.com\/ch\/\",\"name\":\"Startseite\"}},{\"@type\":\"ListItem\",\"position\":2,\"item\":{\"@id\":\"https:\/\/www.casinozocker.com\/ch\/#webpage\"}}]}]}<\/script>\n<!-- \/ Yoast SEO plugin. -->","_links":{"self":[{"href":"https:\/\/www.casinozocker.com\/ch\/wp-json\/wp\/v2\/pages\/6"}],"collection":[{"href":"https:\/\/www.casinozocker.com\/ch\/wp-json\/wp\/v2\/pages"}],"about":[{"href":"https:\/\/www.casinozocker.com\/ch\/wp-json\/wp\/v2\/types\/page"}],"author":[{"embeddable":true,"href":"https:\/\/www.casinozocker.com\/ch\/wp-json\/wp\/v2\/users\/1"}],"replies":[{"embeddable":true,"href":"https:\/\/www.casinozocker.com\/ch\/wp-json\/wp\/v2\/comments?post=6"}],"version-history":[{"count":7,"href":"https:\/\/www.casinozocker.com\/ch\/wp-json\/wp\/v2\/pages\/6\/revisions"}],"predecessor-version":[{"id":1560,"href":"https:\/\/www.casinozocker.com\/ch\/wp-json\/wp\/v2\/pages\/6\/revisions\/1560"}],"wp:attachment":[{"href":"https:\/\/www.casinozocker.com\/ch\/wp-json\/wp\/v2\/media?parent=6"}],"curies":[{"name":"wp","href":"https:\/\/api.w.org\/{rel}","templated":true}]}}