{"id":574,"date":"2016-11-16T14:10:49","date_gmt":"2016-11-16T13:10:49","guid":{"rendered":"http:\/\/www.casinozocker.com\/?page_id=574"},"modified":"2016-11-21T19:56:00","modified_gmt":"2016-11-21T18:56:00","slug":"sms","status":"publish","type":"page","link":"https:\/\/www.casinozocker.com\/ch\/erfahrungen\/sms\/","title":{"rendered":"SMS mit online Casino Werbung von Casinos?"},"content":{"rendered":"<p>Die Texte lesen sich oft unspektakul\u00e4r und gehen in etwa so: &#8222;Hey, ich habe da ein geiles Casino gefunden wo du 1500\u20ac gratis bekommst. Probier es mal aus: bit.ly\/asdlihfsd&#8220;. Von wem stammt so eine SMS? Sicher nicht von einem Freund der dir einen Gefallen tun will und dessen Nummer du zuf\u00e4llig nicht mehr eingespeichert hast. Es handelt sich dabei um einfachen SMS Spam und meistens haben die online Casinos selbst gar nichts damit zu tun. Sie sind aber meist diejenigen bei denen man sich beschwert. Nat\u00fcrlich zurecht. Aber bevor du das machst, lies dir einfach kurz diesen Artikel durch:<\/p>\n<p>Verantwortlich f\u00fcr so einen SMS Spam sind sogenannte Affiliates, das sind Werbepartner von online Casinos. Sie empfehlen Casinos und erhalten dann eine Verg\u00fctung wenn sie einen Spieler geworben haben. Ungef\u00e4hr so wie die Freundschaftswerbung bei Sky, bei Handyvertr\u00e4gen oder wo auch immer. Diese Affiliates m\u00fcssen sich immer \u00fcberlegen wie sie an Spieler gelangen und einige von ihnen suchen dabei den bequemsten Weg: Sie spammen!<\/p>\n<p>Email Spam ist ein alter Hut. Da kauft man sich irgendwo eine Datenbank von Email Adressen und verschickt seine Empfehlung an sie. Zu 99% landen die Emails aber im Spamordner. Bei SMS ist das etwas anders. Da kann man zwar auch Nummern einkaufen die irgendwo durchgesickert sind, aber man kann auch einfach alle m\u00f6glichen Nummern durchprobieren und einfach schauen ob diese existiert. Wenn ja, wird eine SMS verschickt. Zum Gl\u00fcck sind heutige Provider recht ausgefuchst und erkennen schnell welche Nummer so einen Spam verschickt. Bei Whatsapp war dies anfangs eine gro\u00dfe Problematik was man inzwischen aber gut im Griff hat. <\/p>\n<p>Was du dagegen tun kannst? Nicht viel. Sie k\u00f6nnen <a href=\"https:\/\/app.bundesnetzagentur.de\/rnmportal\/\" target=\"_blank\">hier bei der Bundesnetzagentur Beschwerde einreichen<\/a>. Das ist aber deutlich aufw\u00e4ndiger als einfach zu l\u00f6schen und zu ignorieren. Oft ist es auch so dass der Versender l\u00e4ngst gesperrt ist bis eine solche Beschwerde bearbeitet wurde.<\/p>\n<p>Falls du die M\u00f6glichkeit hast irgendwelche Filter zu integrieren k\u00f6nnen wir dir folgende Schlagw\u00f6rter empfehlen: Bonus, Casino, 888, Jackpot, Bet365, Bwin, Partycasino, Spinpalace, Vegas, Bdwiss, bin\u00e4re Optionen.<\/p>\n<p>Damit kannst du sicherlich den Gro\u00dfteil der SMS ausschlie\u00dfen ohne wirklich zu riskieren echte SMS nicht mehr zu erhalten. Diese Filter lassen sich am einfachsten mit einer App wie <a href=\"https:\/\/play.google.com\/store\/apps\/details?id=com.vladlee.smsblacklist\" target=\"_blank\">dieser<\/a> realisieren.<\/p>\n<p>Aber nochmal: Bitte schimpfe nicht auf die jeweiligen Casinos. Es sind ihre unseri\u00f6sen Affiliates die so etwas machen. Das Casino selbst hat eigentlich kein Interesse damit in Verbindung gebracht zu werden und w\u00fcrde es im Vorfeld verhindern wenn es k\u00f6nnte.<\/p>\n","protected":false},"excerpt":{"rendered":"<p>Die Texte lesen sich oft unspektakul\u00e4r und gehen in etwa so: &#8222;Hey, ich habe da ein geiles Casino gefunden wo du 1500\u20ac gratis bekommst. Probier es mal aus: bit.ly\/asdlihfsd&#8220;. Von wem stammt so eine SMS? Sicher nicht von einem Freund der dir einen Gefallen tun will und dessen Nummer du zuf\u00e4llig nicht mehr eingespeichert hast. &hellip;<\/p>\n<p class=\"read-more\"> <a class=\"\" href=\"https:\/\/www.casinozocker.com\/ch\/erfahrungen\/sms\/\"> <span class=\"screen-reader-text\">SMS mit online Casino Werbung von Casinos?<\/span> Weiterlesen &raquo;<\/a><\/p>\n","protected":false},"author":1,"featured_media":0,"parent":48,"menu_order":0,"comment_status":"open","ping_status":"closed","template":"","meta":[],"yoast_head":"<!-- This site is optimized with the Yoast SEO plugin v16.4 - https:\/\/yoast.com\/wordpress\/plugins\/seo\/ -->\n<title>SMS mit online Casino Werbung von Casinos? - CasinoZocker Schweiz<\/title>\n<meta name=\"robots\" content=\"index, follow, max-snippet:-1, max-image-preview:large, max-video-preview:-1\" \/>\n<link rel=\"canonical\" href=\"https:\/\/www.casinozocker.com\/ch\/erfahrungen\/sms\/\" \/>\n<meta property=\"og:locale\" content=\"de_DE\" \/>\n<meta property=\"og:type\" content=\"article\" \/>\n<meta property=\"og:title\" content=\"SMS mit online Casino Werbung von Casinos? - CasinoZocker Schweiz\" \/>\n<meta property=\"og:description\" content=\"Die Texte lesen sich oft unspektakul\u00e4r und gehen in etwa so: &#8222;Hey, ich habe da ein geiles Casino gefunden wo du 1500\u20ac gratis bekommst. Probier es mal aus: bit.ly\/asdlihfsd&#8220;. Von wem stammt so eine SMS? Sicher nicht von einem Freund der dir einen Gefallen tun will und dessen Nummer du zuf\u00e4llig nicht mehr eingespeichert hast. &hellip; SMS mit online Casino Werbung von Casinos? Weiterlesen &raquo;\" \/>\n<meta property=\"og:url\" content=\"https:\/\/www.casinozocker.com\/ch\/erfahrungen\/sms\/\" \/>\n<meta property=\"og:site_name\" content=\"CasinoZocker Schweiz\" \/>\n<meta property=\"article:modified_time\" content=\"2016-11-21T18:56:00+00:00\" \/>\n<meta name=\"twitter:card\" content=\"summary_large_image\" \/>\n<meta name=\"twitter:label1\" content=\"Gesch\u00e4tzte Lesezeit\" \/>\n\t<meta name=\"twitter:data1\" content=\"2\u00a0Minuten\" \/>\n<script type=\"application\/ld+json\" class=\"yoast-schema-graph\">{\"@context\":\"https:\/\/schema.org\",\"@graph\":[{\"@type\":\"WebSite\",\"@id\":\"https:\/\/www.casinozocker.com\/ch\/#website\",\"url\":\"https:\/\/www.casinozocker.com\/ch\/\",\"name\":\"CasinoZocker Schweiz\",\"description\":\"Spielen in online Casinos\",\"potentialAction\":[{\"@type\":\"SearchAction\",\"target\":\"https:\/\/www.casinozocker.com\/ch\/?s={search_term_string}\",\"query-input\":\"required name=search_term_string\"}],\"inLanguage\":\"de\"},{\"@type\":\"WebPage\",\"@id\":\"https:\/\/www.casinozocker.com\/ch\/erfahrungen\/sms\/#webpage\",\"url\":\"https:\/\/www.casinozocker.com\/ch\/erfahrungen\/sms\/\",\"name\":\"SMS mit online Casino Werbung von Casinos? - CasinoZocker Schweiz\",\"isPartOf\":{\"@id\":\"https:\/\/www.casinozocker.com\/ch\/#website\"},\"datePublished\":\"2016-11-16T13:10:49+00:00\",\"dateModified\":\"2016-11-21T18:56:00+00:00\",\"breadcrumb\":{\"@id\":\"https:\/\/www.casinozocker.com\/ch\/erfahrungen\/sms\/#breadcrumb\"},\"inLanguage\":\"de\",\"potentialAction\":[{\"@type\":\"ReadAction\",\"target\":[\"https:\/\/www.casinozocker.com\/ch\/erfahrungen\/sms\/\"]}]},{\"@type\":\"BreadcrumbList\",\"@id\":\"https:\/\/www.casinozocker.com\/ch\/erfahrungen\/sms\/#breadcrumb\",\"itemListElement\":[{\"@type\":\"ListItem\",\"position\":1,\"item\":{\"@type\":\"WebPage\",\"@id\":\"https:\/\/www.casinozocker.com\/ch\/\",\"url\":\"https:\/\/www.casinozocker.com\/ch\/\",\"name\":\"Startseite\"}},{\"@type\":\"ListItem\",\"position\":2,\"item\":{\"@type\":\"WebPage\",\"@id\":\"https:\/\/www.casinozocker.com\/ch\/erfahrungen\/\",\"url\":\"https:\/\/www.casinozocker.com\/ch\/erfahrungen\/\",\"name\":\"Test, Vergleich und Erfahrungen: Bestes Casino\"}},{\"@type\":\"ListItem\",\"position\":3,\"item\":{\"@id\":\"https:\/\/www.casinozocker.com\/ch\/erfahrungen\/sms\/#webpage\"}}]}]}<\/script>\n<!-- \/ Yoast SEO plugin. -->","_links":{"self":[{"href":"https:\/\/www.casinozocker.com\/ch\/wp-json\/wp\/v2\/pages\/574"}],"collection":[{"href":"https:\/\/www.casinozocker.com\/ch\/wp-json\/wp\/v2\/pages"}],"about":[{"href":"https:\/\/www.casinozocker.com\/ch\/wp-json\/wp\/v2\/types\/page"}],"author":[{"embeddable":true,"href":"https:\/\/www.casinozocker.com\/ch\/wp-json\/wp\/v2\/users\/1"}],"replies":[{"embeddable":true,"href":"https:\/\/www.casinozocker.com\/ch\/wp-json\/wp\/v2\/comments?post=574"}],"version-history":[{"count":4,"href":"https:\/\/www.casinozocker.com\/ch\/wp-json\/wp\/v2\/pages\/574\/revisions"}],"predecessor-version":[{"id":579,"href":"https:\/\/www.casinozocker.com\/ch\/wp-json\/wp\/v2\/pages\/574\/revisions\/579"}],"up":[{"embeddable":true,"href":"https:\/\/www.casinozocker.com\/ch\/wp-json\/wp\/v2\/pages\/48"}],"wp:attachment":[{"href":"https:\/\/www.casinozocker.com\/ch\/wp-json\/wp\/v2\/media?parent=574"}],"curies":[{"name":"wp","href":"https:\/\/api.w.org\/{rel}","templated":true}]}}