{"id":48,"date":"2011-12-30T14:15:18","date_gmt":"2011-12-30T15:15:18","guid":{"rendered":"http:\/\/www.casinozocker.com\/?page_id=48"},"modified":"2016-11-21T19:55:59","modified_gmt":"2016-11-21T18:55:59","slug":"erfahrungen","status":"publish","type":"page","link":"https:\/\/www.casinozocker.com\/ch\/erfahrungen\/","title":{"rendered":"Test, Vergleich und Erfahrungen: Bestes Casino"},"content":{"rendered":"<p>Die besten Casinos aus unserem Test im Vergleich &#8211; das sind unsere Top 3 Casinos:<\/p>\n\n<table id=\"tablepress-1\" class=\"tablepress tablepress-id-1\">\n<thead>\n<tr class=\"row-1 odd\">\n\t<th class=\"column-1\">&nbsp;<\/th><th class=\"column-2\"><center>Casino<\/center><\/th><th class=\"column-3\"><center>Roulette<\/center><\/th><th class=\"column-4\"><center>Black Jack<\/center><\/th><th class=\"column-5\"><center>Slots<\/center><\/th><th class=\"column-6\"><center>Bonus<\/center><\/th><th class=\"column-7\"><center>Erfahrungen<\/center><\/th><th class=\"column-8\"><center>Jetzt spielen<\/center><\/th>\n<\/tr>\n<\/thead>\n<tbody>\n<tr class=\"row-2 even\">\n\t<td class=\"column-1\"><br\/>1.<\/td><td class=\"column-2\"><br\/><a href=\"https:\/\/www.casinozocker.com\/gehezu\/888casino\" rel=\"nofollow\"><img src=\"https:\/\/www.casinozocker.com\/wp-content\/uploads\/logo\/logo-888.png\" width=\"100\" height=\"30\"><\/a><\/td><td class=\"column-3\"><br\/><font color=\"green\"><center><strong>&radic;<\/strong><\/center><\/font><\/td><td class=\"column-4\"><br\/><font color=\"green\"><center><strong>&radic;<\/strong><\/center><\/font><\/td><td class=\"column-5\"><br\/><font color=\"green\"><center><strong>&radic;<\/strong><\/center><\/font><\/td><td class=\"column-6\"><br\/>88\u20ac ohne Einzahlung<\/td><td class=\"column-7\"><br\/><a href=\"https:\/\/www.casinozocker.com\/erfahrungen\/888-casino\/\">Erfahrungen<\/a><\/td><td class=\"column-8\"><br\/><a class=\"ctabutton\" title=\"Jetzt spielen\" href=\"https:\/\/www.casinozocker.com\/gehezu\/888casino\" rel=\"nofollow\">Jetzt zocken!<\/a><br \/>\n&nbsp;<\/td>\n<\/tr>\n<tr class=\"row-3 odd\">\n\t<td class=\"column-1\"><br\/>2.<\/td><td class=\"column-2\"><br\/><a href=\"https:\/\/www.casinozocker.com\/gehezu\/jackpotcity\" rel=\"nofollow\"><img src=\"https:\/\/www.casinozocker.com\/wp-content\/uploads\/logo\/logo-jackpotcity.png\" width=\"100\" height=\"30\"><\/a><\/td><td class=\"column-3\"><br\/><font color=\"green\"><center><strong>&radic;<\/strong><\/center><\/font><\/td><td class=\"column-4\"><br\/><font color=\"green\"><center><strong>&radic;<\/strong><\/center><\/font><\/td><td class=\"column-5\"><br\/><font color=\"green\"><center><strong>&radic;<\/strong><\/center><\/font><\/td><td class=\"column-6\"><br\/>1600\u20ac<\/td><td class=\"column-7\"><br\/><a href=\"https:\/\/www.casinozocker.com\/erfahrungen\/jackpotcity-casino\/\">Erfahrungen<\/a><\/td><td class=\"column-8\"><br\/><a class=\"ctabutton\" title=\"Jetzt spielen\" href=\"https:\/\/www.casinozocker.com\/gehezu\/jackpotcity\" rel=\"nofollow\">Jetzt zocken!<\/a><br \/>\n&nbsp;<\/td>\n<\/tr>\n<tr class=\"row-4 even\">\n\t<td class=\"column-1\"><br\/>3.<\/td><td class=\"column-2\"><br\/><a href=\"https:\/\/www.casinozocker.com\/gehezu\/leovegas\" rel=\"nofollow\"><img src=\"https:\/\/www.casinozocker.com\/wp-content\/uploads\/logo\/logo-leovegas.png\" width=\"100\" height=\"30\"><\/a><\/td><td class=\"column-3\"><br\/><font color=\"green\"><center><strong>&radic;<\/strong><\/center><\/font><\/td><td class=\"column-4\"><br\/><font color=\"green\"><center><strong>&radic;<\/strong><\/center><\/font><\/td><td class=\"column-5\"><br\/><font color=\"green\"><center><strong>&radic;<\/strong><\/center><\/font><\/td><td class=\"column-6\"><br\/>1200\u20ac<\/td><td class=\"column-7\"><br\/><a href=\"https:\/\/www.casinozocker.com\/erfahrungen\/leovegas\/\">Erfahrungen<\/a><\/td><td class=\"column-8\"><br\/><a class=\"ctabutton\" title=\"Jetzt spielen\" href=\"https:\/\/www.casinozocker.com\/gehezu\/leovegas\" rel=\"nofollow\">Jetzt zocken!<\/a><br \/>\n&nbsp;<\/td>\n<\/tr>\n<\/tbody>\n<\/table>\n\n<h2>Casino Erfahrungen<\/h2>\n<p>Jeder hat schon einmal in irgendeiner Form in einem Casino gespielt &#8211; egal ob live oder online. W\u00e4hrend man live nur selten eine M\u00f6glichkeit hat zu w\u00e4hlen, stehen einem online tausende von Casinos zur Verf\u00fcgung. Die einen sind gut und seri\u00f6s, und die anderen eher weniger. Schwierig wird es die guten von den schlechten Casinos zu unterscheiden und die besten der guten Casinos zu finden. Hierbei muss man sich vor allem auf Erfahrungen anderer Spieler verlassen. Das ist allerdings nicht das Einzige. Stell dir vor du m\u00f6chtest unbedingt Roulette spielen, das Casino bietet aber nur Amerikanisches Roulette mit schlechter Auszahlung f\u00fcr den Spieler. Dann kann es dir eigentlich egal sein dass es mit diesem Casino noch nie Probleme gab oder der Bonus besonders hoch ist. Du kannst damit einfach nichts anfangen und bist wohl in jedem anderen Casino besser aufgehoben. <\/p>\n<p>Das ist nat\u00fcrlich ein extremes Beispiel, denn jedes gute Casino sollte zumindest Europ\u00e4isches Roulette anbieten wo du auch langfristig gewinnen kannst. Das ist also eigentlich selten ein Thema. Aber es gibt durchaus noch andere Beispiele. Vielleicht m\u00f6chtest du gerne auch mal eine Partie online Poker spielen. Dann w\u00e4re nat\u00fcrlich ein Casino zu bevorzugen, das auch einen Pokerraum betreibt (wie das 888 Casino zum Beispiel) und nicht etwa eines ohne wie den Casino Club oder Eurogrand. Gespielt werden kann Poker nat\u00fcrlich auch einfach woanders, aber es ist nat\u00fcrlich praktisch alle Spiele in einem zu haben.<\/p>\n<p>Was f\u00fcr viele ein wichtiges Kriterium ist, ist das Spiele Angebot bei Slotmaschinen. Denn dabei z\u00e4hlt wirklich alles. Und es gibt nicht nur hunderte verschiedene Spielautomaten, sondern auch noch gro\u00dfe Unterschiede. Es kommt auch immer auf die Software an und nicht immer nur auf das Casino, denn manche Casinos bieten die gleichen Spielautomaten an. Das ist unter anderem dann hilfreich wenn man einen Jackpot gewinnen m\u00f6chte. Es nehmen dann n\u00e4mlich sehr viele Spieler teil und es k\u00f6nnen dabei locker tausend Euro, wenn nicht Millionen von Euro gewonnen werden! Und das bei nur wenig Einsatz. In dieser Hinsicht sind Spielautomaten wirklich toll, aber man muss auch ein Casino w\u00e4hlen, das bei der Auszahlung keine Probleme bereitet. Stell dir vor du gewinnst 100.000 Euro und kannst nicht auszahlen weil das Casino pleite ist. Man kann sich eigentlich nichts Schlimmeres vorstellen so viel Gl\u00fcck zu haben und dann doch alles zu verlieren. Dann kann man sich noch so oft in einem Forum ausheulen, dort noch so viele Beitr\u00e4ge verfassen und dem Geld hinterher laufen, wirklich Hilfe bekommt man in diesem Fall nicht mehr und das liegt daran, dass viele Casinos in weit entfernten L\u00e4ndern sitzen und man auch vor Gericht wenig M\u00f6glichkeiten hat einen Gewinn einzuklagen. Deswegen ist es umso wichtiger solche Spiele nur bei den gr\u00f6\u00dften und besten Casinos zu spielen wo auch andere Spieler gute Erfahrungen gemacht haben. Unseri\u00f6se Casinos machen einem die Einzahlung immer so einfach und es ist sofort Geld auf dem Konto nachdem man sich registriert hat. So kann man oft auch sch\u00f6n einen Bonus abgreifen, aber was bringt das wenn es gerade bei der Auszahlung von Gewinnen schwierig wird. Dann sollte man sich lieber die Zeit nehmen und in Ruhe ein seri\u00f6ses Casino ausw\u00e4hlen.<\/p>\n<p><a href=\"http:\/\/www.bmw-syndikat.de\/bmwsyndikatforum\/topic113889_Wart_ihr_schon_mal_im_Casino___Erfahrungen__Geplaudere.html\">Hier<\/a> noch ein interessanter Link zum Thema.<\/p>\n","protected":false},"excerpt":{"rendered":"<p>Die besten Casinos aus unserem Test im Vergleich &#8211; das sind unsere Top 3 Casinos: Casino Erfahrungen Jeder hat schon einmal in irgendeiner Form in einem Casino gespielt &#8211; egal ob live oder online. W\u00e4hrend man live nur selten eine M\u00f6glichkeit hat zu w\u00e4hlen, stehen einem online tausende von Casinos zur Verf\u00fcgung. Die einen sind &hellip;<\/p>\n<p class=\"read-more\"> <a class=\"\" href=\"https:\/\/www.casinozocker.com\/ch\/erfahrungen\/\"> <span class=\"screen-reader-text\">Test, Vergleich und Erfahrungen: Bestes Casino<\/span> Weiterlesen &raquo;<\/a><\/p>\n","protected":false},"author":1,"featured_media":0,"parent":0,"menu_order":0,"comment_status":"open","ping_status":"open","template":"template-fullwidth.php","meta":[],"yoast_head":"<!-- This site is optimized with the Yoast SEO plugin v16.4 - https:\/\/yoast.com\/wordpress\/plugins\/seo\/ -->\n<title>Test, Vergleich und Erfahrungen: Bestes Casino - CasinoZocker Schweiz<\/title>\n<meta name=\"robots\" content=\"index, follow, max-snippet:-1, max-image-preview:large, max-video-preview:-1\" \/>\n<link rel=\"canonical\" href=\"https:\/\/www.casinozocker.com\/ch\/erfahrungen\/\" \/>\n<meta property=\"og:locale\" content=\"de_DE\" \/>\n<meta property=\"og:type\" content=\"article\" \/>\n<meta property=\"og:title\" content=\"Test, Vergleich und Erfahrungen: Bestes Casino - CasinoZocker Schweiz\" \/>\n<meta property=\"og:description\" content=\"Die besten Casinos aus unserem Test im Vergleich &#8211; das sind unsere Top 3 Casinos: Casino Erfahrungen Jeder hat schon einmal in irgendeiner Form in einem Casino gespielt &#8211; egal ob live oder online. W\u00e4hrend man live nur selten eine M\u00f6glichkeit hat zu w\u00e4hlen, stehen einem online tausende von Casinos zur Verf\u00fcgung. Die einen sind &hellip; Test, Vergleich und Erfahrungen: Bestes Casino Weiterlesen &raquo;\" \/>\n<meta property=\"og:url\" content=\"https:\/\/www.casinozocker.com\/ch\/erfahrungen\/\" \/>\n<meta property=\"og:site_name\" content=\"CasinoZocker Schweiz\" \/>\n<meta property=\"article:modified_time\" content=\"2016-11-21T18:55:59+00:00\" \/>\n<meta name=\"twitter:card\" content=\"summary_large_image\" \/>\n<meta name=\"twitter:label1\" content=\"Gesch\u00e4tzte Lesezeit\" \/>\n\t<meta name=\"twitter:data1\" content=\"3\u00a0Minuten\" \/>\n<script type=\"application\/ld+json\" class=\"yoast-schema-graph\">{\"@context\":\"https:\/\/schema.org\",\"@graph\":[{\"@type\":\"WebSite\",\"@id\":\"https:\/\/www.casinozocker.com\/ch\/#website\",\"url\":\"https:\/\/www.casinozocker.com\/ch\/\",\"name\":\"CasinoZocker Schweiz\",\"description\":\"Spielen in online Casinos\",\"potentialAction\":[{\"@type\":\"SearchAction\",\"target\":\"https:\/\/www.casinozocker.com\/ch\/?s={search_term_string}\",\"query-input\":\"required name=search_term_string\"}],\"inLanguage\":\"de\"},{\"@type\":\"WebPage\",\"@id\":\"https:\/\/www.casinozocker.com\/ch\/erfahrungen\/#webpage\",\"url\":\"https:\/\/www.casinozocker.com\/ch\/erfahrungen\/\",\"name\":\"Test, Vergleich und Erfahrungen: Bestes Casino - CasinoZocker Schweiz\",\"isPartOf\":{\"@id\":\"https:\/\/www.casinozocker.com\/ch\/#website\"},\"datePublished\":\"2011-12-30T15:15:18+00:00\",\"dateModified\":\"2016-11-21T18:55:59+00:00\",\"breadcrumb\":{\"@id\":\"https:\/\/www.casinozocker.com\/ch\/erfahrungen\/#breadcrumb\"},\"inLanguage\":\"de\",\"potentialAction\":[{\"@type\":\"ReadAction\",\"target\":[\"https:\/\/www.casinozocker.com\/ch\/erfahrungen\/\"]}]},{\"@type\":\"BreadcrumbList\",\"@id\":\"https:\/\/www.casinozocker.com\/ch\/erfahrungen\/#breadcrumb\",\"itemListElement\":[{\"@type\":\"ListItem\",\"position\":1,\"item\":{\"@type\":\"WebPage\",\"@id\":\"https:\/\/www.casinozocker.com\/ch\/\",\"url\":\"https:\/\/www.casinozocker.com\/ch\/\",\"name\":\"Startseite\"}},{\"@type\":\"ListItem\",\"position\":2,\"item\":{\"@id\":\"https:\/\/www.casinozocker.com\/ch\/erfahrungen\/#webpage\"}}]}]}<\/script>\n<!-- \/ Yoast SEO plugin. -->","_links":{"self":[{"href":"https:\/\/www.casinozocker.com\/ch\/wp-json\/wp\/v2\/pages\/48"}],"collection":[{"href":"https:\/\/www.casinozocker.com\/ch\/wp-json\/wp\/v2\/pages"}],"about":[{"href":"https:\/\/www.casinozocker.com\/ch\/wp-json\/wp\/v2\/types\/page"}],"author":[{"embeddable":true,"href":"https:\/\/www.casinozocker.com\/ch\/wp-json\/wp\/v2\/users\/1"}],"replies":[{"embeddable":true,"href":"https:\/\/www.casinozocker.com\/ch\/wp-json\/wp\/v2\/comments?post=48"}],"version-history":[{"count":2,"href":"https:\/\/www.casinozocker.com\/ch\/wp-json\/wp\/v2\/pages\/48\/revisions"}],"predecessor-version":[{"id":430,"href":"https:\/\/www.casinozocker.com\/ch\/wp-json\/wp\/v2\/pages\/48\/revisions\/430"}],"wp:attachment":[{"href":"https:\/\/www.casinozocker.com\/ch\/wp-json\/wp\/v2\/media?parent=48"}],"curies":[{"name":"wp","href":"https:\/\/api.w.org\/{rel}","templated":true}]}}