{"id":478,"date":"2016-01-19T12:14:07","date_gmt":"2016-01-19T11:14:07","guid":{"rendered":"http:\/\/www.casinozocker.com\/?page_id=478"},"modified":"2016-11-21T19:55:59","modified_gmt":"2016-11-21T18:55:59","slug":"casinos","status":"publish","type":"page","link":"https:\/\/www.casinozocker.com\/ch\/mobile\/casinos\/","title":{"rendered":"Online Casinos und mobile Betriebssysteme im \u00dcberblick"},"content":{"rendered":"<p>Spielen ist menschlich und unsere Leidenschaft und heute er\u00f6ffnen sich mit den zahllosen Online Casinos praktisch Chancen rund um die Uhr. Dazu l\u00e4sst sich mittlerweile \u00fcber jedes Smartphone ein Zock wagen und f\u00fcr die Nutzer kommt es vor allem darauf an, welche Casinos zu welchem Betriebssystem passen und was f\u00fcr Besonderheiten beim Download oder eben beim Spiel im Browser zu beachten sind.<\/p>\n<h2>Die Verf\u00fcgbarkeit von Apps f\u00fcr Android und iOS<\/h2>\n<p>Apple Ger\u00e4te mit iOS und Phones beziehungsweise Tablets, die mit dem konkurrierenden Android \u2013 Betriebssystem laufen, decken heute den Gro\u00dfteil aller Devices ab. Das gilt auch f\u00fcr Casino Spiele, denn Apps werden in der Regel ausschlie\u00dflich f\u00fcr diese beiden Systeme entwickelt und wer andere Phones nutzt, kann Casino Spiele nur im Browser genie\u00dfen.<\/p>\n<p>Apps sind bekanntlich im iTunes Store f\u00fcr Apple erh\u00e4ltlich, w\u00e4hrend Google Play den Download von Programmen f\u00fcr Android erm\u00f6glicht. Letzteres ist f\u00fcr spontane Leute besser geeignet, weil Android als offenes System auch den Download direkt auf einer Casinoseite erlaubt. Apple mag das nicht und da es zugleich nicht selten an Alternativen bei iTunes mangelt, bleibt auch dem Nutzer von iPhone und Co oft nur der Browser. Es ist sinnvoll, die App Stores nach den Casino Applikationen gezielt zu durchforsten, da die Programmierer quasi t\u00e4glich Neues bieten und sich vielleicht schon eine L\u00f6sung findet, f\u00fcr die es bis vor Kurzem noch gar nicht das passende Problem gab.<\/p>\n<h2>Was sind native Apps und lohnen sich Web Apps ebenso?<\/h2>\n<p>Als native Apps werden Programme bezeichnet, die bei den erw\u00e4hnten iTunes wie Google Play erh\u00e4ltlich sind und die dort meist von den Online Casinos auch gezielt platziert werden. Allerdings sind bisher nur wenige Angebote vorhanden, vor allem Apple ist hier ziemlich sp\u00e4rlich best\u00fcckt, und so gelten Web Apps als sehr hilfreiche Alternative. Web Apps f\u00fchren nominell in die Irre, da sie eigentlich gar keine Apps darstellen, sondern vielmehr speziell f\u00fcr die Bed\u00fcrfnisse von mobilem Casino ausgerichtet sind. Der Vorteil: Die dazu geh\u00f6rigen Links sind auf der Website selbst zu finden, werden aber auch auf Anfrage versendet und sie eignen sich f\u00fcr wirklich alle Ger\u00e4te! Zugleich ist diese Art Browserzock jedoch nicht immer so sicher, wie man sich das w\u00fcnscht und deshalb ist auch hier ein Vergleich der Anbieter unbedingt erforderlich.<\/p>\n<h2>Spielgeld App oder doch lieber ein Zock um Echtgeld?<\/h2>\n<p>Manche Online Casinos lassen Apps entwickeln, die entweder Spielgeld oder aber echte Kohle erlauben. Eine Empfehlung l\u00e4sst sich dazu nicht abgeben, schlie\u00dflich zocken viele Leute just for fun, doch ist es immer von Vorteil, wenn eine App beide Systeme bedient. Damit ist es dann m\u00f6glich, zun\u00e4chst am Slot oder beim Roulette zu \u00fcben, bevor mit einer Einzahlung das richtige Risiko in Kauf genommen wird. Auch wenn sich im Internet die Casino Spiele dank Bonus und Pr\u00e4mien ziemlich simpel zocken lassen, ist eine Besch\u00e4ftigung mit dem Background und ein wenig Recherche immer noch am erfolgreichsten, wenn es um den ganz gro\u00dfen Gewinn geht. Das z\u00e4hlt dann schon fast zu den Casino Spiele Tricks und jeder sollte selbst herausfinden, welche Risikostruktur am geeignetsten erscheint.<\/p>\n","protected":false},"excerpt":{"rendered":"<p>Spielen ist menschlich und unsere Leidenschaft und heute er\u00f6ffnen sich mit den zahllosen Online Casinos praktisch Chancen rund um die Uhr. Dazu l\u00e4sst sich mittlerweile \u00fcber jedes Smartphone ein Zock wagen und f\u00fcr die Nutzer kommt es vor allem darauf an, welche Casinos zu welchem Betriebssystem passen und was f\u00fcr Besonderheiten beim Download oder eben &hellip;<\/p>\n<p class=\"read-more\"> <a class=\"\" href=\"https:\/\/www.casinozocker.com\/ch\/mobile\/casinos\/\"> <span class=\"screen-reader-text\">Online Casinos und mobile Betriebssysteme im \u00dcberblick<\/span> Weiterlesen &raquo;<\/a><\/p>\n","protected":false},"author":1,"featured_media":0,"parent":469,"menu_order":0,"comment_status":"open","ping_status":"closed","template":"","meta":[],"yoast_head":"<!-- This site is optimized with the Yoast SEO plugin v16.4 - https:\/\/yoast.com\/wordpress\/plugins\/seo\/ -->\n<title>Online Casinos und mobile Betriebssysteme im \u00dcberblick - CasinoZocker Schweiz<\/title>\n<meta name=\"robots\" content=\"index, follow, max-snippet:-1, max-image-preview:large, max-video-preview:-1\" \/>\n<link rel=\"canonical\" href=\"https:\/\/www.casinozocker.com\/ch\/mobile\/casinos\/\" \/>\n<meta property=\"og:locale\" content=\"de_DE\" \/>\n<meta property=\"og:type\" content=\"article\" \/>\n<meta property=\"og:title\" content=\"Online Casinos und mobile Betriebssysteme im \u00dcberblick - CasinoZocker Schweiz\" \/>\n<meta property=\"og:description\" content=\"Spielen ist menschlich und unsere Leidenschaft und heute er\u00f6ffnen sich mit den zahllosen Online Casinos praktisch Chancen rund um die Uhr. Dazu l\u00e4sst sich mittlerweile \u00fcber jedes Smartphone ein Zock wagen und f\u00fcr die Nutzer kommt es vor allem darauf an, welche Casinos zu welchem Betriebssystem passen und was f\u00fcr Besonderheiten beim Download oder eben &hellip; Online Casinos und mobile Betriebssysteme im \u00dcberblick Weiterlesen &raquo;\" \/>\n<meta property=\"og:url\" content=\"https:\/\/www.casinozocker.com\/ch\/mobile\/casinos\/\" \/>\n<meta property=\"og:site_name\" content=\"CasinoZocker Schweiz\" \/>\n<meta property=\"article:modified_time\" content=\"2016-11-21T18:55:59+00:00\" \/>\n<meta name=\"twitter:card\" content=\"summary_large_image\" \/>\n<meta name=\"twitter:label1\" content=\"Gesch\u00e4tzte Lesezeit\" \/>\n\t<meta name=\"twitter:data1\" content=\"3\u00a0Minuten\" \/>\n<script type=\"application\/ld+json\" class=\"yoast-schema-graph\">{\"@context\":\"https:\/\/schema.org\",\"@graph\":[{\"@type\":\"WebSite\",\"@id\":\"https:\/\/www.casinozocker.com\/ch\/#website\",\"url\":\"https:\/\/www.casinozocker.com\/ch\/\",\"name\":\"CasinoZocker Schweiz\",\"description\":\"Spielen in online Casinos\",\"potentialAction\":[{\"@type\":\"SearchAction\",\"target\":\"https:\/\/www.casinozocker.com\/ch\/?s={search_term_string}\",\"query-input\":\"required name=search_term_string\"}],\"inLanguage\":\"de\"},{\"@type\":\"WebPage\",\"@id\":\"https:\/\/www.casinozocker.com\/ch\/mobile\/casinos\/#webpage\",\"url\":\"https:\/\/www.casinozocker.com\/ch\/mobile\/casinos\/\",\"name\":\"Online Casinos und mobile Betriebssysteme im \\u00dcberblick - CasinoZocker Schweiz\",\"isPartOf\":{\"@id\":\"https:\/\/www.casinozocker.com\/ch\/#website\"},\"datePublished\":\"2016-01-19T11:14:07+00:00\",\"dateModified\":\"2016-11-21T18:55:59+00:00\",\"breadcrumb\":{\"@id\":\"https:\/\/www.casinozocker.com\/ch\/mobile\/casinos\/#breadcrumb\"},\"inLanguage\":\"de\",\"potentialAction\":[{\"@type\":\"ReadAction\",\"target\":[\"https:\/\/www.casinozocker.com\/ch\/mobile\/casinos\/\"]}]},{\"@type\":\"BreadcrumbList\",\"@id\":\"https:\/\/www.casinozocker.com\/ch\/mobile\/casinos\/#breadcrumb\",\"itemListElement\":[{\"@type\":\"ListItem\",\"position\":1,\"item\":{\"@type\":\"WebPage\",\"@id\":\"https:\/\/www.casinozocker.com\/ch\/\",\"url\":\"https:\/\/www.casinozocker.com\/ch\/\",\"name\":\"Startseite\"}},{\"@type\":\"ListItem\",\"position\":2,\"item\":{\"@type\":\"WebPage\",\"@id\":\"https:\/\/www.casinozocker.com\/ch\/mobile\/\",\"url\":\"https:\/\/www.casinozocker.com\/ch\/mobile\/\",\"name\":\"Mobile Echtgeld Casino Spiele f\\u00fcr das Handy: Betriebssysteme und Trends im \\u00dcberblick\"}},{\"@type\":\"ListItem\",\"position\":3,\"item\":{\"@id\":\"https:\/\/www.casinozocker.com\/ch\/mobile\/casinos\/#webpage\"}}]}]}<\/script>\n<!-- \/ Yoast SEO plugin. -->","_links":{"self":[{"href":"https:\/\/www.casinozocker.com\/ch\/wp-json\/wp\/v2\/pages\/478"}],"collection":[{"href":"https:\/\/www.casinozocker.com\/ch\/wp-json\/wp\/v2\/pages"}],"about":[{"href":"https:\/\/www.casinozocker.com\/ch\/wp-json\/wp\/v2\/types\/page"}],"author":[{"embeddable":true,"href":"https:\/\/www.casinozocker.com\/ch\/wp-json\/wp\/v2\/users\/1"}],"replies":[{"embeddable":true,"href":"https:\/\/www.casinozocker.com\/ch\/wp-json\/wp\/v2\/comments?post=478"}],"version-history":[{"count":1,"href":"https:\/\/www.casinozocker.com\/ch\/wp-json\/wp\/v2\/pages\/478\/revisions"}],"predecessor-version":[{"id":482,"href":"https:\/\/www.casinozocker.com\/ch\/wp-json\/wp\/v2\/pages\/478\/revisions\/482"}],"up":[{"embeddable":true,"href":"https:\/\/www.casinozocker.com\/ch\/wp-json\/wp\/v2\/pages\/469"}],"wp:attachment":[{"href":"https:\/\/www.casinozocker.com\/ch\/wp-json\/wp\/v2\/media?parent=478"}],"curies":[{"name":"wp","href":"https:\/\/api.w.org\/{rel}","templated":true}]}}