{"id":476,"date":"2016-01-19T12:11:47","date_gmt":"2016-01-19T11:11:47","guid":{"rendered":"http:\/\/www.casinozocker.com\/?page_id=476"},"modified":"2016-11-21T19:55:59","modified_gmt":"2016-11-21T18:55:59","slug":"windows-phone","status":"publish","type":"page","link":"https:\/\/www.casinozocker.com\/ch\/mobile\/windows-phone\/","title":{"rendered":"Echtgeld Spiele auf dem Windows Phone und die Betriebssysteme der Nischenhersteller"},"content":{"rendered":"<p>Wer gern ein Spielchen im Online Casino wagt, dem stehen heute mittels App und Browser vorz\u00fcgliche M\u00f6glichkeiten f\u00fcr das eigene Phone oder Tablet zur Verf\u00fcgung. Freilich erstreckt sich der Service f\u00fcr Casino Spiele nicht unbedingt so reichhaltig und flexibel auf alle mobilen Betriebssysteme und es gilt, die am besten passende Variante durch einen Vergleich und durch eine \u00dcberpr\u00fcfung der Angebote herauszufinden. Gerade Nutzer von Windows Phone und Blackberry bewegen sich geradezu in Nischen und auf den ersten Blick scheinen viele Casinos f\u00fcr diese Ger\u00e4te nicht oder nur auf gro\u00dfen Umwegen erreichbar. Wie also sind diese Ger\u00e4te zu betrachten und lohnt sich ein Zock von Slots, Roulette oder auch Blackjack mit den Nischenherstellern?<\/p>\n<div id=\"toc_container\" class=\"no_bullets\"><p class=\"toc_title\">Inhalt<\/p><ul class=\"toc_list\"><li><a href=\"#Das_Problem_mit_den_Apps\"><span class=\"toc_number toc_depth_1\">1<\/span> Das Problem mit den Apps<\/a><\/li><li><a href=\"#Wie_funktionieren_die_Echtgeld_Zocks_im_Browser\"><span class=\"toc_number toc_depth_1\">2<\/span> Wie funktionieren die Echtgeld Zocks im Browser?<\/a><\/li><li><a href=\"#Casino_Spiele_im_Ueberblick_Spielautomaten_Blackjack_und_Roulette_fuer_das_Phone\"><span class=\"toc_number toc_depth_1\">3<\/span> Casino Spiele im \u00dcberblick: Spielautomaten, Blackjack und Roulette f\u00fcr das Phone<\/a><\/li><li><a href=\"#Echtgeld_oder_Spielgeld_oder_beides\"><span class=\"toc_number toc_depth_1\">4<\/span> Echtgeld oder Spielgeld oder beides?<\/a><\/li><\/ul><\/div>\n<h2><span id=\"Das_Problem_mit_den_Apps\">Das Problem mit den Apps<\/span><\/h2>\n<p>Nutzer von Apple haben iTunes und f\u00fcr Android steht der Store Google Play zur Verf\u00fcgung. \u00c4hnliches gibt es auch f\u00fcr Blackberry und f\u00fcr das Windows Phone, doch der Teufel steckt hier im Detail und in der Verbreitung: W\u00e4hrend Android genauso wie iOS weltweit enorme Verbreitung finden, ist es mit den Nischen umgekehrt und wer meint, sich mit einem exotischen Hersteller positionieren zu wollen, schaut beim Online Casino meistens in die R\u00f6hre. Die Betreiber wie auch die eigentlichen Programmierer der Apps investieren verst\u00e4ndlicherweise f\u00fcr die Masse und eher selten f\u00fcr die Au\u00dfenseiter und so finden sich den zugeh\u00f6rigen App Shops wie etwa der Blackberry World nur sehr wenige Bez\u00fcge zu diesem oder jenem Online Casino. Manchmal gibt es vor allem f\u00fcr das Windows Phone Klone der offiziellen, nativen Apps, aber wer wirklich flexibel und umfassend zocken m\u00f6chte, muss auf andere M\u00f6glichkeiten zur\u00fcckgreifen.<\/p>\n<h2><span id=\"Wie_funktionieren_die_Echtgeld_Zocks_im_Browser\">Wie funktionieren die Echtgeld Zocks im Browser?<\/span><\/h2>\n<p>Da es so gut wie keine guten Apps f\u00fcr Blackberry und Windows Phone gibt, ist der Zock im Browser des Internetcasinos die einzige empfehlenswerte M\u00f6glichkeit. Das Ganze wird auch als Web \u2013 Applikation bezeichnet und meint die Nutzung direkt f\u00fcr mobiles Casino gestalteter Seiten. Diese Websites sind auf die Bildschirme der Smartphones abgestimmt und prinzipiell mit allen Ger\u00e4ten zu erreichen, da man einfach nur einen Internetzugang braucht. Oft findet sich beim Online Casino ein Link, manchmal wird dieser auch per SMS oder Mail an Interessierte versendet und auch die Testseiten zu Casino Spielen verweisen leicht verst\u00e4ndlich auf die betreffenden Angebote. Gerade weil dieser Weg so simpel ist, entwickeln die Softwareschmieden f\u00fcr Blackberry und Windows Phone erst gar keine Apps und auch wenn diese Weigerung etwas unfair erscheint, so hat das vor allem \u00f6konomische Gr\u00fcnde.<\/p>\n<p>Egal ob Slots oder Tischspiele \u2013 Das Gamblen im Browser hat einige Besonderheiten. Vor allem die Internetverbindung muss sowohl sicher wie auch stabil seyn, schlie\u00dflich werden sonst eventuell hohe Gewinnbetr\u00e4ge eingeb\u00fc\u00dft und eine Einforderung solcher Verlustbetr\u00e4ge ist auch beim verst\u00e4ndnisvollsten Online Casino sehr schwierig. Oft sind die Wifi \u2013 Angebote gerade im \u00f6ffentlichen Raum recht l\u00f6chrig und werden gezielt von Hackern angegriffen, was das Zocken um Echtgeld nat\u00fcrlich nicht sicherer macht! Man sollte als Nutzer exotischer Betriebssysteme deshalb vor allem zu Hause spielen, das Handy beziehungsweise Smartphone immer aufladen sowie auch den Datenspeicher checken, bekanntlich sind nicht alle Internetprovider mit der gleichen Menge an Speicherplatz unterwegs.<\/p>\n<h2><span id=\"Casino_Spiele_im_Ueberblick_Spielautomaten_Blackjack_und_Roulette_fuer_das_Phone\">Casino Spiele im \u00dcberblick: Spielautomaten, Blackjack und Roulette f\u00fcr das Phone<\/span><\/h2>\n<p>Mobiles Casino bedeutet heute schon eine riesige Auswahl und ein buntes Sortiment an Spielen, so dass wirklich jeder Gambler auch auf seine Kosten kommt. Nat\u00fcrlich ist die Palette im Vergleich zum gew\u00f6hnlichen Online Casino noch eingeschr\u00e4nkt und gerade bei den Tisch- wie Brettspielen herrscht Nachholbedarf. Freilich, das f\u00fcr Windows Phone User notwendige Spielen im Browser er\u00f6ffnet auch in der mobilen Variante viele Chancen und dabei sind die Klassiker des Gl\u00fccksspiels immer vorne mit dabei.<\/p>\n<p>Spielautomaten etwa sind nicht einfach nur wegen der simplen Aufmachung so beliebt! Vielmehr wird im Online Casino heute beim Spiel um Echtgeld ein ganzes Portfolio an M\u00f6glichkeiten auf den Walzen geboten und so finden sich bei den Slots jede Menge Extras und sogar progressiv anwachsende Jackpots. Die Themenvielfalt ist unendlich und reicht von superschn\u00f6den Fruchtgames \u00fcber animierte Automatenspiele bis hin zum innovativen Slot mit verkehrten Walzen! Hier gilt es auszuprobieren und wer in Ruhe testen und trainieren m\u00f6chte, kann dazu gern den nur im Internet erh\u00e4ltlichen Casinobonus in Anspruch nehmen.<\/p>\n<p>Auch Blackjack und Roulette als echte Klassiker sind f\u00fcr mobiles Casino vorhanden, stehen jedoch meist nur in wenigen Versionen bereit. Die Nutzer von Blackberry und Windows Phone entscheiden sich ganz bewusst f\u00fcr abseitige Betriebssysteme und wenn man dann auch noch unbedingt eine ausgefallene Version des Roulettes spielen m\u00f6chte, so kann das auf dem Handy zum Problem werden. Auch hier ist dennoch der Zock auf dem Browser ein Trost, denn im Gegensatz zu den Apps wird hier oft ein viel gr\u00f6\u00dferer Zuschnitt der Casino Spiele f\u00fcr den kleinen Bildschirm aufgefahren.<\/p>\n<h2><span id=\"Echtgeld_oder_Spielgeld_oder_beides\">Echtgeld oder Spielgeld oder beides?<\/span><\/h2>\n<p>Nicht jeder m\u00f6chte sofort um die ganz gro\u00dfe Kohle gamblen und f\u00fcr Casinogames bew\u00e4hrt sich ein wenig \u00dcbung immer. Solches erlaubt die Spielbank vor Ort, doch im Online Casino gibt es zu diesem Zweck nicht nur den auf Einzahlungen erh\u00e4ltlichen Bonus, auch die Spiele selbst sind entweder in Echtgeld Versionen oder als reine Spielgeld \u2013 Angebote verf\u00fcgbar. F\u00fcr die Nutzer von Windows Phone und Blackberry ist es dabei egal, wie sich eine App positioniert und so empfiehlt sich beim Spielchen im Browser die Sichtung der Betreiber selbst. Wenn diese den Slot auch mit Spielgeld erlauben, die \u00dcbung und das Training also akzeptieren, dann ist das von Vorteil, denn nicht immer ist der Casinobonus die allererste Wahl. Diese Pr\u00e4mien unterliegen bestimmten Konditionen und nicht jeder kann das so genau nachvollziehen, was dann zu Frust f\u00fchrt, wenn Gewinne pl\u00f6tzlich nicht als real gelten und eingestrichen werden d\u00fcrfen!<\/p>\n<p>Ist ein Slot hingegen sowohl gegen Echtgeld wie auch direkt im Browser ohne Anmeldung spielbar, so ist das definitiv ein Vorteil und spricht f\u00fcr den Anbieter. Schlussendlich entscheidet ohnehin nicht das Betriebssystem \u00fcber einen Gewinn, sondern Fortuna und die l\u00e4sst sich von allen Gamblern hervorlocken, die \u00dcbung und die Bereitschaft zum Risiko mutig im Online Casino verbinden.<\/p>\n","protected":false},"excerpt":{"rendered":"<p>Wer gern ein Spielchen im Online Casino wagt, dem stehen heute mittels App und Browser vorz\u00fcgliche M\u00f6glichkeiten f\u00fcr das eigene Phone oder Tablet zur Verf\u00fcgung. Freilich erstreckt sich der Service f\u00fcr Casino Spiele nicht unbedingt so reichhaltig und flexibel auf alle mobilen Betriebssysteme und es gilt, die am besten passende Variante durch einen Vergleich und &hellip;<\/p>\n<p class=\"read-more\"> <a class=\"\" href=\"https:\/\/www.casinozocker.com\/ch\/mobile\/windows-phone\/\"> <span class=\"screen-reader-text\">Echtgeld Spiele auf dem Windows Phone und die Betriebssysteme der Nischenhersteller<\/span> Weiterlesen &raquo;<\/a><\/p>\n","protected":false},"author":1,"featured_media":0,"parent":469,"menu_order":0,"comment_status":"open","ping_status":"closed","template":"","meta":[],"yoast_head":"<!-- This site is optimized with the Yoast SEO plugin v16.4 - https:\/\/yoast.com\/wordpress\/plugins\/seo\/ -->\n<title>Echtgeld Spiele auf dem Windows Phone und die Betriebssysteme der Nischenhersteller - CasinoZocker Schweiz<\/title>\n<meta name=\"robots\" content=\"index, follow, max-snippet:-1, max-image-preview:large, max-video-preview:-1\" \/>\n<link rel=\"canonical\" href=\"https:\/\/www.casinozocker.com\/ch\/mobile\/windows-phone\/\" \/>\n<meta property=\"og:locale\" content=\"de_DE\" \/>\n<meta property=\"og:type\" content=\"article\" \/>\n<meta property=\"og:title\" content=\"Echtgeld Spiele auf dem Windows Phone und die Betriebssysteme der Nischenhersteller - CasinoZocker Schweiz\" \/>\n<meta property=\"og:description\" content=\"Wer gern ein Spielchen im Online Casino wagt, dem stehen heute mittels App und Browser vorz\u00fcgliche M\u00f6glichkeiten f\u00fcr das eigene Phone oder Tablet zur Verf\u00fcgung. Freilich erstreckt sich der Service f\u00fcr Casino Spiele nicht unbedingt so reichhaltig und flexibel auf alle mobilen Betriebssysteme und es gilt, die am besten passende Variante durch einen Vergleich und &hellip; Echtgeld Spiele auf dem Windows Phone und die Betriebssysteme der Nischenhersteller Weiterlesen &raquo;\" \/>\n<meta property=\"og:url\" content=\"https:\/\/www.casinozocker.com\/ch\/mobile\/windows-phone\/\" \/>\n<meta property=\"og:site_name\" content=\"CasinoZocker Schweiz\" \/>\n<meta property=\"article:modified_time\" content=\"2016-11-21T18:55:59+00:00\" \/>\n<meta name=\"twitter:card\" content=\"summary_large_image\" \/>\n<meta name=\"twitter:label1\" content=\"Gesch\u00e4tzte Lesezeit\" \/>\n\t<meta name=\"twitter:data1\" content=\"5\u00a0Minuten\" \/>\n<script type=\"application\/ld+json\" class=\"yoast-schema-graph\">{\"@context\":\"https:\/\/schema.org\",\"@graph\":[{\"@type\":\"WebSite\",\"@id\":\"https:\/\/www.casinozocker.com\/ch\/#website\",\"url\":\"https:\/\/www.casinozocker.com\/ch\/\",\"name\":\"CasinoZocker Schweiz\",\"description\":\"Spielen in online Casinos\",\"potentialAction\":[{\"@type\":\"SearchAction\",\"target\":\"https:\/\/www.casinozocker.com\/ch\/?s={search_term_string}\",\"query-input\":\"required name=search_term_string\"}],\"inLanguage\":\"de\"},{\"@type\":\"WebPage\",\"@id\":\"https:\/\/www.casinozocker.com\/ch\/mobile\/windows-phone\/#webpage\",\"url\":\"https:\/\/www.casinozocker.com\/ch\/mobile\/windows-phone\/\",\"name\":\"Echtgeld Spiele auf dem Windows Phone und die Betriebssysteme der Nischenhersteller - CasinoZocker Schweiz\",\"isPartOf\":{\"@id\":\"https:\/\/www.casinozocker.com\/ch\/#website\"},\"datePublished\":\"2016-01-19T11:11:47+00:00\",\"dateModified\":\"2016-11-21T18:55:59+00:00\",\"breadcrumb\":{\"@id\":\"https:\/\/www.casinozocker.com\/ch\/mobile\/windows-phone\/#breadcrumb\"},\"inLanguage\":\"de\",\"potentialAction\":[{\"@type\":\"ReadAction\",\"target\":[\"https:\/\/www.casinozocker.com\/ch\/mobile\/windows-phone\/\"]}]},{\"@type\":\"BreadcrumbList\",\"@id\":\"https:\/\/www.casinozocker.com\/ch\/mobile\/windows-phone\/#breadcrumb\",\"itemListElement\":[{\"@type\":\"ListItem\",\"position\":1,\"item\":{\"@type\":\"WebPage\",\"@id\":\"https:\/\/www.casinozocker.com\/ch\/\",\"url\":\"https:\/\/www.casinozocker.com\/ch\/\",\"name\":\"Startseite\"}},{\"@type\":\"ListItem\",\"position\":2,\"item\":{\"@type\":\"WebPage\",\"@id\":\"https:\/\/www.casinozocker.com\/ch\/mobile\/\",\"url\":\"https:\/\/www.casinozocker.com\/ch\/mobile\/\",\"name\":\"Mobile Echtgeld Casino Spiele f\\u00fcr das Handy: Betriebssysteme und Trends im \\u00dcberblick\"}},{\"@type\":\"ListItem\",\"position\":3,\"item\":{\"@id\":\"https:\/\/www.casinozocker.com\/ch\/mobile\/windows-phone\/#webpage\"}}]}]}<\/script>\n<!-- \/ Yoast SEO plugin. -->","_links":{"self":[{"href":"https:\/\/www.casinozocker.com\/ch\/wp-json\/wp\/v2\/pages\/476"}],"collection":[{"href":"https:\/\/www.casinozocker.com\/ch\/wp-json\/wp\/v2\/pages"}],"about":[{"href":"https:\/\/www.casinozocker.com\/ch\/wp-json\/wp\/v2\/types\/page"}],"author":[{"embeddable":true,"href":"https:\/\/www.casinozocker.com\/ch\/wp-json\/wp\/v2\/users\/1"}],"replies":[{"embeddable":true,"href":"https:\/\/www.casinozocker.com\/ch\/wp-json\/wp\/v2\/comments?post=476"}],"version-history":[{"count":1,"href":"https:\/\/www.casinozocker.com\/ch\/wp-json\/wp\/v2\/pages\/476\/revisions"}],"predecessor-version":[{"id":477,"href":"https:\/\/www.casinozocker.com\/ch\/wp-json\/wp\/v2\/pages\/476\/revisions\/477"}],"up":[{"embeddable":true,"href":"https:\/\/www.casinozocker.com\/ch\/wp-json\/wp\/v2\/pages\/469"}],"wp:attachment":[{"href":"https:\/\/www.casinozocker.com\/ch\/wp-json\/wp\/v2\/media?parent=476"}],"curies":[{"name":"wp","href":"https:\/\/api.w.org\/{rel}","templated":true}]}}