{"id":474,"date":"2016-01-19T12:10:41","date_gmt":"2016-01-19T11:10:41","guid":{"rendered":"http:\/\/www.casinozocker.com\/?page_id=474"},"modified":"2016-11-21T19:55:59","modified_gmt":"2016-11-21T18:55:59","slug":"ios","status":"publish","type":"page","link":"https:\/\/www.casinozocker.com\/ch\/mobile\/ios\/","title":{"rendered":"Echtgeld Spiele f\u00fcr Apple: iPhone, iPad und iOS im Online Casino"},"content":{"rendered":"<p>Apple ist als Hersteller f\u00fcr innovative Technologie gerade im Mobilfunkbereich enorm popul\u00e4r und das hat direkten Einfluss auf den Zock im Online Casino. Heute spielt man gleich direkt auf dem iPhone oder iPad und mit Sicherheit wird auch die j\u00fcngst vorgestellte Smartwatch das Gamblen spannender Casinospiele m\u00f6glich machen. Trotz dieser Popularit\u00e4t ist iOS als das Betriebssystem von Apple keineswegs so offen und flexibel wie beispielsweise Android von Google und all die Spielautomaten im Internet sind mit den sonst so flexiblen Ger\u00e4ten des Herstellers nicht per se einfach so verf\u00fcgbar. <\/p>\n<div id=\"toc_container\" class=\"no_bullets\"><p class=\"toc_title\">Inhalt<\/p><ul class=\"toc_list\"><li><a href=\"#Wie_passen_Online_Casino_und_iOS_von_Apple_zusammen\"><span class=\"toc_number toc_depth_1\">1<\/span> Wie passen Online Casino und iOS von Apple zusammen?<\/a><\/li><li><a href=\"#Download_oder_Browser_Wo_liegen_die_Unterschiede_beim_Zocken\"><span class=\"toc_number toc_depth_1\">2<\/span> Download oder Browser: Wo liegen die Unterschiede beim Zocken?<\/a><\/li><li><a href=\"#Apple_iOS_und_Spielautomaten_auf_dem_Handy\"><span class=\"toc_number toc_depth_1\">3<\/span> Apple, iOS und Spielautomaten auf dem Handy<\/a><\/li><li><a href=\"#Blackjack_und_iPhone\"><span class=\"toc_number toc_depth_1\">4<\/span> Blackjack und iPhone<\/a><\/li><li><a href=\"#Und_wie_steht_es_um_mobiles_Roulette_auf_dem_Apple_Geraet\"><span class=\"toc_number toc_depth_1\">5<\/span> Und wie steht es um mobiles Roulette auf dem Apple \u2013 Ger\u00e4t?<\/a><\/li><li><a href=\"#Worauf_man_achten_sollte\"><span class=\"toc_number toc_depth_1\">6<\/span> Worauf man achten sollte<\/a><\/li><\/ul><\/div>\n<h2><span id=\"Wie_passen_Online_Casino_und_iOS_von_Apple_zusammen\">Wie passen Online Casino und iOS von Apple zusammen?<\/span><\/h2>\n<p>Mit ziemlicher Sicherheit verfolgte Apple unter Steve Jobs das Ziel, den weltweiten Markt f\u00fcr Apps und letztlich auch Ger\u00e4te auf Dauer zu kontrollieren und so ist das betriebseigene System iOS geschlossen und kaum flexibel. Wer auf die Suche nach einer App f\u00fcr Casino Spiele im Netz geht, der schaut zun\u00e4chst im App Store iTunes vorbei, wird dort aber l\u00e4ngst nicht immer f\u00fcndig. Der Hersteller hat vielleicht ein Problem mit Online Casino, vielleicht auch ganz generell mit Konkurrenz, und das Aufst\u00f6bern wirklich nativer Apps ist f\u00fcr Apple \u2013 User gar nicht so einfach.<\/p>\n<p>Viele Online Casinos scheuen die Zusammenarbeit und entwickeln lieber f\u00fcr Android, doch nat\u00fcrlich wachsen auch die Angebote f\u00fcr Apple mit der Zeit zu einer beachtlichen Auswahl. Ist jedoch bei iTunes keine Applikation f\u00fcr die betreffenden Casinospiele beziehungsweise f\u00fcr den Casinobetreiber vorhanden, dann sperrt sich iOS gegen\u00fcber einem Download direkt von der Seite und man muss dann den Zock direkt im Browser ausw\u00e4hlen. Das ist eigentlich kein Problem, schlie\u00dflich haben die Internetspielcasinos spezielle, f\u00fcr die mobile Nutzung gefertigte Seiten und alles l\u00e4sst sich auch auf dem kleinen Bildschirm des iPhones gut erkennen.<\/p>\n<h2><span id=\"Download_oder_Browser_Wo_liegen_die_Unterschiede_beim_Zocken\">Download oder Browser: Wo liegen die Unterschiede beim Zocken?<\/span><\/h2>\n<p>Manche Spieler schw\u00f6ren auf die Apps bei iTunes und heben hervor, dass diese kleinen Programmen vollkommen unabh\u00e4ngig machen und man selbst bei nur ungen\u00fcgender Internetleistung keinen Ausfall f\u00fcrchten muss. Ist die App installiert, dann l\u00e4uft sie in der Regel auch reibungslos und das betreffende iPad und all die anderen Apple Ger\u00e4te erm\u00f6glichen den unkomplizierten Gang ins Online Casino, egal wann und wo die Spieler darauf Lust versp\u00fcren.<\/p>\n<p>Andere wiederum bezeichnen die Apps f\u00fcr iOS als besonders unflexibel und verweisen dabei auf den Umstand, dass die Software nat\u00fcrlich auf jedem Ger\u00e4t installiert seyn muss! Wer beispielsweise sein iPhone vergisst und im Zug Lust auf eine Runde Spielautomaten hat, der kann sich nur ein Ger\u00e4t leihen, braucht dann aber einen erneuten Download der App und ob das selbst der beste Freund erlaubt? Aus diesem Grund ist der Zock im Browser auf dem iPhone recht weit verbreitet, wobei allerdings auch die schiere Weigerung des Herstellers, sich f\u00fcr Online Casinos und deren mobile Angebote zu \u00f6ffnen, ebenfalls zur Nutzung des Browsers f\u00fchrt. Rei\u00dft hier jedoch mal das Internet hat, so f\u00fchrt das mitunter zu schmerzhaften Erfahrungen und manchmal auch zu Einbu\u00dfen von gerade erzielten Gewinnen.<\/p>\n<h2><span id=\"Apple_iOS_und_Spielautomaten_auf_dem_Handy\">Apple, iOS und Spielautomaten auf dem Handy<\/span><\/h2>\n<p>Wie bei Android und anderen Systemen auch wird f\u00fcr Apple die gesamte Casinolandschaft offeriert, die sich im Internet findet und ganz folgerichtig sind hier vor allem die Automatenspiele pr\u00e4sent. Sie lassen sich einfach und schnell gamblen, erfordern wenig Wissen und k\u00f6nnen im Online Casino \u00fcber mobile Apps in breiter Auswahl genossen werden. Egal welchen Hersteller man mag \u2013 im Internet und schlie\u00dflich auf dem Handy finden sich immer mehr Spielautomaten, inklusive der tollen Extras und Features. Achten sollte man bei der Wahl vor allem auf die Kompatibilit\u00e4t. Eine App oder auch die Aufbereitung der Website f\u00fcr den Zock auf dem Handy sagen noch nichts \u00fcber die Qualit\u00e4t des Slots selbst und manchmal sind einige Spiele einfach viel zu \u00fcberladen und lohnen sich eher auf dem gr\u00f6\u00dferen iPad.<\/p>\n<h2><span id=\"Blackjack_und_iPhone\">Blackjack und iPhone<\/span><\/h2>\n<p>Das neben Poker garantiert ber\u00fchmteste Kartenspiel der Welt ist selbstverst\u00e4ndlich auch f\u00fcr Apple Devices und iOS Systeme erh\u00e4ltlich. Einziger Wermutstropfen: Die Online Casino bieten Blackjack meistens nur in der Basis \u2013 Version an, sind also zu faul oder schlichtweg unwillig, die vielen exotischen und unterschiedlichen Varianten dieses Games zu programmieren und man muss sich damit zumindest bis auf Weiteres begn\u00fcgen. Neben der klassischen Ausgabe ist Blackjack zudem auf dem Handy respektive iPhone im Live Dealer Casino spielbar, was die Spannung dank echten Dealern, Webcam und HD \u00dcbertragung zusammen mit dem Faktor Echtzeit noch einmal sp\u00fcrbar erh\u00f6ht. <\/p>\n<h2><span id=\"Und_wie_steht_es_um_mobiles_Roulette_auf_dem_Apple_Geraet\">Und wie steht es um mobiles Roulette auf dem Apple \u2013 Ger\u00e4t?<\/span><\/h2>\n<p>Auch wenn die mobilen Angebote der Casinos und die Ausstattung der Apps f\u00fcr iOS noch recht sp\u00e4rlich daherkommen, findet sich mit Roulette das Gl\u00fccksspiel per excellence in den allermeisten Internetcasinos. Zwar ist hier \u00e4hnlich wie beim Blackjack der Zock auf dem iPhone oder iPad auf die klassische europ\u00e4ische Version des Roulette beschr\u00e4nkt, aber auch hier lohnt sich deshalb ein Ausflug in das Live Dealer Casino. Dort drehen h\u00fcbschen Damen und adrette Herren in Realtime den Kessel und lassen die Kugel wandern, was den Spieleffekt im Netz entsprechend reizvoll macht. Zugleich ist es nur eine Frage der Zeit, bis auch beim Roulette endlich weitere Versionen dazukommen, schlie\u00dflich sind Zocker und gerade die Nutzer der Apple \u2013 Devices st\u00e4ndig an Weiterentwicklungen und Innovationen bei den Casino Spielen interessiert.<\/p>\n<h2><span id=\"Worauf_man_achten_sollte\">Worauf man achten sollte<\/span><\/h2>\n<p>Jeder Spieler sollte die eigenen Gewohnheiten ein wenig \u00fcberpr\u00fcfen und sich dann das passende Online Casino und die dazugeh\u00f6rige App f\u00fcr Apple heraussuchen. Ist keine vorhanden, dann zockt man eben im Browser, sollte dabei stets auf eine volle Batterie des iPhones und der anderen Ger\u00e4te achten. Zudem ist das Einw\u00e4hlen ins Internet \u00fcber die \u00f6ffentlichen Spots nicht sehr empfehlenswert, schlie\u00dflich setzt man bei Spielautomaten, Roulette und Blackjack oft eine Menge Geld um und wer kann schon f\u00fcr die Sicherheit beim WiFi aus irgendeiner beliebigen Quelle garantieren?<\/p>\n<p>Es l\u00e4sst sich schwer absch\u00e4tzen, ob Apple das wenig flexible, geschlossene iOS Betriebssystem in Zukunft \u00f6ffnen wird und ob sich dann die Casinos mit den entsprechenden Spielen dann auch h\u00e4ufiger im Store von iTunes einfinden werden. Von einem Ausbau der Sortimente ist aber immer auszugehen und so werden sich immer mehr Slots und andere Casino Spiele finden, schlie\u00dflich bestimmt auch im Online Casino die Nachfrage das Angebot.<\/p>\n","protected":false},"excerpt":{"rendered":"<p>Apple ist als Hersteller f\u00fcr innovative Technologie gerade im Mobilfunkbereich enorm popul\u00e4r und das hat direkten Einfluss auf den Zock im Online Casino. Heute spielt man gleich direkt auf dem iPhone oder iPad und mit Sicherheit wird auch die j\u00fcngst vorgestellte Smartwatch das Gamblen spannender Casinospiele m\u00f6glich machen. Trotz dieser Popularit\u00e4t ist iOS als das &hellip;<\/p>\n<p class=\"read-more\"> <a class=\"\" href=\"https:\/\/www.casinozocker.com\/ch\/mobile\/ios\/\"> <span class=\"screen-reader-text\">Echtgeld Spiele f\u00fcr Apple: iPhone, iPad und iOS im Online Casino<\/span> Weiterlesen &raquo;<\/a><\/p>\n","protected":false},"author":1,"featured_media":0,"parent":469,"menu_order":0,"comment_status":"open","ping_status":"closed","template":"","meta":[],"yoast_head":"<!-- This site is optimized with the Yoast SEO plugin v16.4 - https:\/\/yoast.com\/wordpress\/plugins\/seo\/ -->\n<title>Echtgeld Spiele f\u00fcr Apple: iPhone, iPad und iOS im Online Casino - CasinoZocker Schweiz<\/title>\n<meta name=\"robots\" content=\"index, follow, max-snippet:-1, max-image-preview:large, max-video-preview:-1\" \/>\n<link rel=\"canonical\" href=\"https:\/\/www.casinozocker.com\/ch\/mobile\/ios\/\" \/>\n<meta property=\"og:locale\" content=\"de_DE\" \/>\n<meta property=\"og:type\" content=\"article\" \/>\n<meta property=\"og:title\" content=\"Echtgeld Spiele f\u00fcr Apple: iPhone, iPad und iOS im Online Casino - CasinoZocker Schweiz\" \/>\n<meta property=\"og:description\" content=\"Apple ist als Hersteller f\u00fcr innovative Technologie gerade im Mobilfunkbereich enorm popul\u00e4r und das hat direkten Einfluss auf den Zock im Online Casino. Heute spielt man gleich direkt auf dem iPhone oder iPad und mit Sicherheit wird auch die j\u00fcngst vorgestellte Smartwatch das Gamblen spannender Casinospiele m\u00f6glich machen. Trotz dieser Popularit\u00e4t ist iOS als das &hellip; Echtgeld Spiele f\u00fcr Apple: iPhone, iPad und iOS im Online Casino Weiterlesen &raquo;\" \/>\n<meta property=\"og:url\" content=\"https:\/\/www.casinozocker.com\/ch\/mobile\/ios\/\" \/>\n<meta property=\"og:site_name\" content=\"CasinoZocker Schweiz\" \/>\n<meta property=\"article:modified_time\" content=\"2016-11-21T18:55:59+00:00\" \/>\n<meta name=\"twitter:card\" content=\"summary_large_image\" \/>\n<meta name=\"twitter:label1\" content=\"Gesch\u00e4tzte Lesezeit\" \/>\n\t<meta name=\"twitter:data1\" content=\"5\u00a0Minuten\" \/>\n<script type=\"application\/ld+json\" class=\"yoast-schema-graph\">{\"@context\":\"https:\/\/schema.org\",\"@graph\":[{\"@type\":\"WebSite\",\"@id\":\"https:\/\/www.casinozocker.com\/ch\/#website\",\"url\":\"https:\/\/www.casinozocker.com\/ch\/\",\"name\":\"CasinoZocker Schweiz\",\"description\":\"Spielen in online Casinos\",\"potentialAction\":[{\"@type\":\"SearchAction\",\"target\":\"https:\/\/www.casinozocker.com\/ch\/?s={search_term_string}\",\"query-input\":\"required name=search_term_string\"}],\"inLanguage\":\"de\"},{\"@type\":\"WebPage\",\"@id\":\"https:\/\/www.casinozocker.com\/ch\/mobile\/ios\/#webpage\",\"url\":\"https:\/\/www.casinozocker.com\/ch\/mobile\/ios\/\",\"name\":\"Echtgeld Spiele f\\u00fcr Apple: iPhone, iPad und iOS im Online Casino - CasinoZocker Schweiz\",\"isPartOf\":{\"@id\":\"https:\/\/www.casinozocker.com\/ch\/#website\"},\"datePublished\":\"2016-01-19T11:10:41+00:00\",\"dateModified\":\"2016-11-21T18:55:59+00:00\",\"breadcrumb\":{\"@id\":\"https:\/\/www.casinozocker.com\/ch\/mobile\/ios\/#breadcrumb\"},\"inLanguage\":\"de\",\"potentialAction\":[{\"@type\":\"ReadAction\",\"target\":[\"https:\/\/www.casinozocker.com\/ch\/mobile\/ios\/\"]}]},{\"@type\":\"BreadcrumbList\",\"@id\":\"https:\/\/www.casinozocker.com\/ch\/mobile\/ios\/#breadcrumb\",\"itemListElement\":[{\"@type\":\"ListItem\",\"position\":1,\"item\":{\"@type\":\"WebPage\",\"@id\":\"https:\/\/www.casinozocker.com\/ch\/\",\"url\":\"https:\/\/www.casinozocker.com\/ch\/\",\"name\":\"Startseite\"}},{\"@type\":\"ListItem\",\"position\":2,\"item\":{\"@type\":\"WebPage\",\"@id\":\"https:\/\/www.casinozocker.com\/ch\/mobile\/\",\"url\":\"https:\/\/www.casinozocker.com\/ch\/mobile\/\",\"name\":\"Mobile Echtgeld Casino Spiele f\\u00fcr das Handy: Betriebssysteme und Trends im \\u00dcberblick\"}},{\"@type\":\"ListItem\",\"position\":3,\"item\":{\"@id\":\"https:\/\/www.casinozocker.com\/ch\/mobile\/ios\/#webpage\"}}]}]}<\/script>\n<!-- \/ Yoast SEO plugin. -->","_links":{"self":[{"href":"https:\/\/www.casinozocker.com\/ch\/wp-json\/wp\/v2\/pages\/474"}],"collection":[{"href":"https:\/\/www.casinozocker.com\/ch\/wp-json\/wp\/v2\/pages"}],"about":[{"href":"https:\/\/www.casinozocker.com\/ch\/wp-json\/wp\/v2\/types\/page"}],"author":[{"embeddable":true,"href":"https:\/\/www.casinozocker.com\/ch\/wp-json\/wp\/v2\/users\/1"}],"replies":[{"embeddable":true,"href":"https:\/\/www.casinozocker.com\/ch\/wp-json\/wp\/v2\/comments?post=474"}],"version-history":[{"count":1,"href":"https:\/\/www.casinozocker.com\/ch\/wp-json\/wp\/v2\/pages\/474\/revisions"}],"predecessor-version":[{"id":475,"href":"https:\/\/www.casinozocker.com\/ch\/wp-json\/wp\/v2\/pages\/474\/revisions\/475"}],"up":[{"embeddable":true,"href":"https:\/\/www.casinozocker.com\/ch\/wp-json\/wp\/v2\/pages\/469"}],"wp:attachment":[{"href":"https:\/\/www.casinozocker.com\/ch\/wp-json\/wp\/v2\/media?parent=474"}],"curies":[{"name":"wp","href":"https:\/\/api.w.org\/{rel}","templated":true}]}}