{"id":472,"date":"2016-01-19T12:08:27","date_gmt":"2016-01-19T11:08:27","guid":{"rendered":"http:\/\/www.casinozocker.com\/?page_id=472"},"modified":"2016-11-21T19:55:59","modified_gmt":"2016-11-21T18:55:59","slug":"android","status":"publish","type":"page","link":"https:\/\/www.casinozocker.com\/ch\/mobile\/android\/","title":{"rendered":"Echtgeld Spiele f\u00fcr Android Smartphones und Tablets im Online Casino"},"content":{"rendered":"<p>Weltweit ist Android als Betriebssystem f\u00fcr Smartphones und andere mobile Ger\u00e4te am h\u00e4ufigsten verbreitet und ganz folgerichtig stellt sich die Frage, wie es eigentlich bei diesen Ger\u00e4ten um den Zugang in das Online Casino bestellt ist. Heute geht schlie\u00dflich kaum noch jemand in eine verlotterte Spielhalle, zumal im Netz nicht einfach nur Casino Spiele im \u00dcberma\u00df zur Verf\u00fcgung stehen, sondern auch jede Menge Pr\u00e4mien und Extras wie der enorm hilfreiche Casinobonus lassen sich f\u00fcr Spieler abr\u00e4umen. Mobiles Casino auf dem Android Handy ist eine flexible, ungemein spannende Angelegenheit, die sich f\u00fcr jedermann nutzen l\u00e4sst und auf diesen Trend haben sich die Anbieter von Spielautomaten und Co genauso eingestellt wie die Programmierer und Softwareschmieden.<\/p>\n<div id=\"toc_container\" class=\"no_bullets\"><p class=\"toc_title\">Inhalt<\/p><ul class=\"toc_list\"><li><a href=\"#Wie_funktioniert_Online_Casino_mit_einem_Android_Device\"><span class=\"toc_number toc_depth_1\">1<\/span> Wie funktioniert Online Casino mit einem Android \u2013 Device?<\/a><\/li><li><a href=\"#Android_per_App_oder_im_Browser_Was_ist_besser\"><span class=\"toc_number toc_depth_1\">2<\/span> Android per App oder im Browser \u2013 Was ist besser?<\/a><\/li><li><a href=\"#Android_Systeme_und_Spielautomaten_Die_Walzen_auf_dem_Handy\"><span class=\"toc_number toc_depth_1\">3<\/span> Android \u2013 Systeme und Spielautomaten: Die Walzen auf dem Handy<\/a><\/li><li><a href=\"#Android_Systeme_und_Blackjack_Karten_zaehlen_und_gewinnen\"><span class=\"toc_number toc_depth_1\">4<\/span> Android \u2013 Systeme und Blackjack: Karten z\u00e4hlen und gewinnen<\/a><\/li><li><a href=\"#Android_Systeme_und_Roulette_Wo_landet_die_Kugel\"><span class=\"toc_number toc_depth_1\">5<\/span> Android \u2013 Systeme und Roulette: Wo landet die Kugel?<\/a><\/li><li><a href=\"#Gibt_es_noch_andere_Casino_Spiele_und_worauf_sollten_Android_User_im_Allgemeinen_achten\"><span class=\"toc_number toc_depth_1\">6<\/span> Gibt es noch andere Casino Spiele und worauf sollten Android \u2013 User im Allgemeinen achten?<\/a><\/li><\/ul><\/div>\n<h2><span id=\"Wie_funktioniert_Online_Casino_mit_einem_Android_Device\">Wie funktioniert Online Casino mit einem Android \u2013 Device?<\/span><\/h2>\n<p>Um die gro\u00dfen Chancen und das offerierten Sortiment an Entertainment nutzen zu k\u00f6nnen, gibt es f\u00fcr das Android \u2013 Betriebssystem und die zugeh\u00f6rigen Ger\u00e4te zwei M\u00f6glichkeiten. Beide Varianten haben Vor- und Nachteile und je nach Passion und Spielverhalten sollte man die jeweiligen Optionen genau pr\u00fcfen.<br \/>\nEinmal lassen sich ganz bequem bei Google Play die entsprechenden Apps herunterladen, wobei allerdings neben diesem App Store auch ein Download direkt im betreffenden Online Casino angeboten wird. Dieser Service steht \u00fcbrigens ausschlie\u00dflich den Android Nutzern zur Verf\u00fcgung, w\u00e4hrend die Kunden von Apple, Windows Phone oder auch Blackberry ein solches offenes System leider nicht nutzen k\u00f6nnen. Beim Download auf der Casinoseite muss das Smartphone aktiviert seyn und die Installation von Programmen aus unbekannten Quellen freigeschaltet werden.<\/p>\n<p>Zum anderen ist aber auch die Nutzung des Browser selbst m\u00f6glich, im Fachjargon \u201eWeb-Applikation\u201c genannt. Hierbei greifen die Spieler auf speziell f\u00fcr mobiles Zocken angepasste Seiten der Online Casinos zu und in der Regel wird dazu ein entsprechender Link ausgewiesen. Manchmal braucht es eine SMS f\u00fcr diesen Link, diese l\u00e4sst sich v\u00f6llig unkompliziert bestellen.<\/p>\n<h2><span id=\"Android_per_App_oder_im_Browser_Was_ist_besser\">Android per App oder im Browser \u2013 Was ist besser?<\/span><\/h2>\n<p>Der Download einer speziellen Android App f\u00fcr Casinospiele hat den Vorteil, dass auch eine schwache Internetverbindung keine Schwierigkeiten verursacht und man quasi ohne jeden Aufwand und irgendwelches Klicken sofort mit dem Gamblen beginnen kann. Das hat Vorteile f\u00fcr die Sicherheit und Flexibilit\u00e4t, zugleich muss die App aber dann auch wirklich auf jedem Ger\u00e4t mit Android installiert werden! Im Umkehrschluss bedeutet das eine ausschlie\u00dfliche Nutzung des Smartphones, Tablets und so weiter, auf denen die kleinen Programmen vorhanden sind, ein anderes Ger\u00e4t hingegen, etwa von der Freundin, gew\u00e4hrt dann keinen Zugang zu Slots, Roulette und Co.<\/p>\n<p>Im Browser zocken bedeutet also mehr Spontanit\u00e4t und macht unabh\u00e4ngig, man braucht hier nur das richtige Online Casino und dann lediglich dessen Seiten aufrufen. Rei\u00dft beim Spiel im Browser jedoch mal das Internet ab, dann kann das zu gro\u00dfen Problemen f\u00fchren und da bei den Casino Games oft genug hohe Betr\u00e4ge im Spiel sind, ist ein Verlust aufgrund technischer Beschr\u00e4nkung besonders unsch\u00f6n.<\/p>\n<h2><span id=\"Android_Systeme_und_Spielautomaten_Die_Walzen_auf_dem_Handy\">Android \u2013 Systeme und Spielautomaten: Die Walzen auf dem Handy<\/span><\/h2>\n<p>Die Auswahl der Spiele f\u00fcr das Handy ist sehr gro\u00df und nat\u00fcrlich stehen Spielautomaten dabei in den Sortimenten an erster Stelle. Der Zock an den Walzen macht Laune, verlangt keine gro\u00dfe Vorbildung und ist zudem mit einer ganzen Reihe an Extras wie Freispielen, progressiven Jackpots oder auch Bonusgames versehen. Hersteller gibt es viele und jedes Unternehmen setzt eigene Akzente. Mobile Apps f\u00fcr Spielautomaten sind f\u00fcr das Android \u2013 Betriebssystem \u00fcberhaupt kein Problem und so l\u00e4sst sich mit etwas Gl\u00fcck mancher m\u00e4rchenhafte Betrag am Slot abr\u00e4umen, schnell und ohne Aufwand!<\/p>\n<h2><span id=\"Android_Systeme_und_Blackjack_Karten_zaehlen_und_gewinnen\">Android \u2013 Systeme und Blackjack: Karten z\u00e4hlen und gewinnen<\/span><\/h2>\n<p>Obwohl sich viele Online Casinos bei den mobilen Angeboten und Apps vor allem auf die Automatenspiele konzentrieren, braucht es auch ein paar Klassiker und unzweifelhaft ist das f\u00fcr Spieler so vorteilhafte Blackjack dabei mit am Start. Man sollte hier freilich nicht zu viel erwarten, da in der Regel nur die Basis Variante vorhanden ist, doch bem\u00fchen sich die Betreiber im Internetcasino seit einiger Zeit hier auch um Blackjack Multihand und vor allem die Angebote zum Live Dealer Casino sind in HD eine realistische, sehr spannende M\u00f6glichkeiten zum Gamblen des ber\u00fchmten Kartenspiels.<\/p>\n<h2><span id=\"Android_Systeme_und_Roulette_Wo_landet_die_Kugel\">Android \u2013 Systeme und Roulette: Wo landet die Kugel?<\/span><\/h2>\n<p>Neben Slots und Blackjack ist \u00fcber eine mobile App f\u00fcr Android nat\u00fcrlich auch Roulette verf\u00fcgbar. Auch hier bleibt das Angebot noch etwas beschr\u00e4nkt und man wird vor allem Europ\u00e4isches Roulette finden, was bekanntlich f\u00fcr die Regeln nicht ganz unwichtig ist. Live Roulette ist gleichfalls ein Knaller auf dem Handy und hier werden dann verschiedene Limits beziehungsweise Eins\u00e4tze gestattet, die au\u00dferhalb des Live Casinos in der Form nicht erlaubt sind. <\/p>\n<h2><span id=\"Gibt_es_noch_andere_Casino_Spiele_und_worauf_sollten_Android_User_im_Allgemeinen_achten\">Gibt es noch andere Casino Spiele und worauf sollten Android \u2013 User im Allgemeinen achten?<\/span><\/h2>\n<p>Es gibt mittlerweile ein paar Apps f\u00fcr Android, die etwa das beliebte Videopoker, Keno, Bingo und einige Varianten Poker im Programm haben. Da sich das st\u00e4ndig \u00e4ndert, empfiehlt sich ein Blick auf die Testseiten, dort werden die Online Casinos in dieser Hinsicht einzeln genau durchleuchtet und oft finden sich dabei auch gleich noch ein paar hilfreiche Casinoboni zum Abfassen.<\/p>\n<p>Der Zock auf dem Handy ist der ganz gro\u00dfe Trend f\u00fcr Casino Spiele im Internet und Android Nutzer sollten neben dem Download beziehungsweise dem Spielen im Browser noch ein paar andere Dinge beachten. Prinzipiell sollte die App weder Geldschneiderei noch nervige Updates bedeuten, das f\u00fchrt nur zu Frust und so empfiehlt sich eine Sichtung der Angebote im Detail. Nicht ganz wichtig ist zudem der Akku des Handys, das beim Gamblen nicht kurz vor der Abschaltung stehen sollte und auch das Datenlimit des Android Phones oder Tablet ist zu beachten. Passw\u00f6rter auf dem Ger\u00e4t zu speichern kann ebenso gef\u00e4hrlich seyn und wer mobil im Online Casino Geld einzahlen m\u00f6chte, w\u00e4hlt am besten die besonders sicheren 1-Klick \u00dcberweisungen, die in der Regel in Echtzeit sofort transferiert werden und f\u00fcr den Zock umgehend zur Verf\u00fcgung stehen.<\/p>\n","protected":false},"excerpt":{"rendered":"<p>Weltweit ist Android als Betriebssystem f\u00fcr Smartphones und andere mobile Ger\u00e4te am h\u00e4ufigsten verbreitet und ganz folgerichtig stellt sich die Frage, wie es eigentlich bei diesen Ger\u00e4ten um den Zugang in das Online Casino bestellt ist. Heute geht schlie\u00dflich kaum noch jemand in eine verlotterte Spielhalle, zumal im Netz nicht einfach nur Casino Spiele im &hellip;<\/p>\n<p class=\"read-more\"> <a class=\"\" href=\"https:\/\/www.casinozocker.com\/ch\/mobile\/android\/\"> <span class=\"screen-reader-text\">Echtgeld Spiele f\u00fcr Android Smartphones und Tablets im Online Casino<\/span> Weiterlesen &raquo;<\/a><\/p>\n","protected":false},"author":1,"featured_media":0,"parent":469,"menu_order":0,"comment_status":"open","ping_status":"closed","template":"","meta":[],"yoast_head":"<!-- This site is optimized with the Yoast SEO plugin v16.4 - https:\/\/yoast.com\/wordpress\/plugins\/seo\/ -->\n<title>Echtgeld Spiele f\u00fcr Android Smartphones und Tablets im Online Casino - CasinoZocker Schweiz<\/title>\n<meta name=\"robots\" content=\"index, follow, max-snippet:-1, max-image-preview:large, max-video-preview:-1\" \/>\n<link rel=\"canonical\" href=\"https:\/\/www.casinozocker.com\/ch\/mobile\/android\/\" \/>\n<meta property=\"og:locale\" content=\"de_DE\" \/>\n<meta property=\"og:type\" content=\"article\" \/>\n<meta property=\"og:title\" content=\"Echtgeld Spiele f\u00fcr Android Smartphones und Tablets im Online Casino - CasinoZocker Schweiz\" \/>\n<meta property=\"og:description\" content=\"Weltweit ist Android als Betriebssystem f\u00fcr Smartphones und andere mobile Ger\u00e4te am h\u00e4ufigsten verbreitet und ganz folgerichtig stellt sich die Frage, wie es eigentlich bei diesen Ger\u00e4ten um den Zugang in das Online Casino bestellt ist. Heute geht schlie\u00dflich kaum noch jemand in eine verlotterte Spielhalle, zumal im Netz nicht einfach nur Casino Spiele im &hellip; Echtgeld Spiele f\u00fcr Android Smartphones und Tablets im Online Casino Weiterlesen &raquo;\" \/>\n<meta property=\"og:url\" content=\"https:\/\/www.casinozocker.com\/ch\/mobile\/android\/\" \/>\n<meta property=\"og:site_name\" content=\"CasinoZocker Schweiz\" \/>\n<meta property=\"article:modified_time\" content=\"2016-11-21T18:55:59+00:00\" \/>\n<meta name=\"twitter:card\" content=\"summary_large_image\" \/>\n<meta name=\"twitter:label1\" content=\"Gesch\u00e4tzte Lesezeit\" \/>\n\t<meta name=\"twitter:data1\" content=\"5\u00a0Minuten\" \/>\n<script type=\"application\/ld+json\" class=\"yoast-schema-graph\">{\"@context\":\"https:\/\/schema.org\",\"@graph\":[{\"@type\":\"WebSite\",\"@id\":\"https:\/\/www.casinozocker.com\/ch\/#website\",\"url\":\"https:\/\/www.casinozocker.com\/ch\/\",\"name\":\"CasinoZocker Schweiz\",\"description\":\"Spielen in online Casinos\",\"potentialAction\":[{\"@type\":\"SearchAction\",\"target\":\"https:\/\/www.casinozocker.com\/ch\/?s={search_term_string}\",\"query-input\":\"required name=search_term_string\"}],\"inLanguage\":\"de\"},{\"@type\":\"WebPage\",\"@id\":\"https:\/\/www.casinozocker.com\/ch\/mobile\/android\/#webpage\",\"url\":\"https:\/\/www.casinozocker.com\/ch\/mobile\/android\/\",\"name\":\"Echtgeld Spiele f\\u00fcr Android Smartphones und Tablets im Online Casino - CasinoZocker Schweiz\",\"isPartOf\":{\"@id\":\"https:\/\/www.casinozocker.com\/ch\/#website\"},\"datePublished\":\"2016-01-19T11:08:27+00:00\",\"dateModified\":\"2016-11-21T18:55:59+00:00\",\"breadcrumb\":{\"@id\":\"https:\/\/www.casinozocker.com\/ch\/mobile\/android\/#breadcrumb\"},\"inLanguage\":\"de\",\"potentialAction\":[{\"@type\":\"ReadAction\",\"target\":[\"https:\/\/www.casinozocker.com\/ch\/mobile\/android\/\"]}]},{\"@type\":\"BreadcrumbList\",\"@id\":\"https:\/\/www.casinozocker.com\/ch\/mobile\/android\/#breadcrumb\",\"itemListElement\":[{\"@type\":\"ListItem\",\"position\":1,\"item\":{\"@type\":\"WebPage\",\"@id\":\"https:\/\/www.casinozocker.com\/ch\/\",\"url\":\"https:\/\/www.casinozocker.com\/ch\/\",\"name\":\"Startseite\"}},{\"@type\":\"ListItem\",\"position\":2,\"item\":{\"@type\":\"WebPage\",\"@id\":\"https:\/\/www.casinozocker.com\/ch\/mobile\/\",\"url\":\"https:\/\/www.casinozocker.com\/ch\/mobile\/\",\"name\":\"Mobile Echtgeld Casino Spiele f\\u00fcr das Handy: Betriebssysteme und Trends im \\u00dcberblick\"}},{\"@type\":\"ListItem\",\"position\":3,\"item\":{\"@id\":\"https:\/\/www.casinozocker.com\/ch\/mobile\/android\/#webpage\"}}]}]}<\/script>\n<!-- \/ Yoast SEO plugin. -->","_links":{"self":[{"href":"https:\/\/www.casinozocker.com\/ch\/wp-json\/wp\/v2\/pages\/472"}],"collection":[{"href":"https:\/\/www.casinozocker.com\/ch\/wp-json\/wp\/v2\/pages"}],"about":[{"href":"https:\/\/www.casinozocker.com\/ch\/wp-json\/wp\/v2\/types\/page"}],"author":[{"embeddable":true,"href":"https:\/\/www.casinozocker.com\/ch\/wp-json\/wp\/v2\/users\/1"}],"replies":[{"embeddable":true,"href":"https:\/\/www.casinozocker.com\/ch\/wp-json\/wp\/v2\/comments?post=472"}],"version-history":[{"count":1,"href":"https:\/\/www.casinozocker.com\/ch\/wp-json\/wp\/v2\/pages\/472\/revisions"}],"predecessor-version":[{"id":473,"href":"https:\/\/www.casinozocker.com\/ch\/wp-json\/wp\/v2\/pages\/472\/revisions\/473"}],"up":[{"embeddable":true,"href":"https:\/\/www.casinozocker.com\/ch\/wp-json\/wp\/v2\/pages\/469"}],"wp:attachment":[{"href":"https:\/\/www.casinozocker.com\/ch\/wp-json\/wp\/v2\/media?parent=472"}],"curies":[{"name":"wp","href":"https:\/\/api.w.org\/{rel}","templated":true}]}}