{"id":469,"date":"2016-01-19T12:06:47","date_gmt":"2016-01-19T11:06:47","guid":{"rendered":"http:\/\/www.casinozocker.com\/?page_id=469"},"modified":"2016-12-05T10:22:41","modified_gmt":"2016-12-05T09:22:41","slug":"mobile","status":"publish","type":"page","link":"https:\/\/www.casinozocker.com\/ch\/mobile\/","title":{"rendered":"Mobile Echtgeld Casino Spiele f\u00fcr das Handy: Betriebssysteme und Trends im \u00dcberblick"},"content":{"rendered":"<p>Mobiles Casino ist unzweifelhaft der ganz gro\u00dfe Trend dieser Tage und immer mehr Zocker nutzen Echtgeld Casino Spiele f\u00fcr das Handy, um sich flexibel und unkompliziert an Spielautomaten, beim Roulette und vielen anderen Games im Internet zu vergn\u00fcgen. Der Clou ist dabei nat\u00fcrlich die Unabh\u00e4ngigkeit, schlie\u00dflich \u00f6ffnet sich auf dem Smartphone oder Tablet das Online Casino rund um die Uhr und ist von \u00fcberall aus erreichbar! Niemand muss mehr weit fahren oder sich einem nervigen Dresscode unterwerfen und der Traum vom gro\u00dfen Gewinn zwischendurch wird jeden Tag aufs Neue f\u00fcr unz\u00e4hlige Gambler wahr. Doch wie steht es eigentlich um die Betriebssysteme der Handys und l\u00e4sst sich mobiles Casino auf allen Ger\u00e4ten und damit gleich gut \u00fcber iOS von Apple, Android oder auch auf dem Windows Phone und anderen Exoten zocken? <\/p>\n<p>Um ein wenig Licht ins virtuelle Casinodunkel zu bringen, listen wir im Folgenden die wichtigsten Fragen und Aspekte rund um mobiles Casino auf. Dabei geht es um die Apps selbst, um die Online Casinos und Programmierer und nat\u00fcrlich um die Casino Spiele Das Thema verlangt schon allein aufgrund der permanenten Weiterentwicklung der Technologie einiges an Aufmerksamkeit und es empfiehlt sich immer mal wieder, im Netz zu den neusten Trends und Angeboten ein wenig zu recherchieren.<\/p>\n<div id=\"toc_container\" class=\"no_bullets\"><p class=\"toc_title\">Inhalt<\/p><ul class=\"toc_list\"><li><a href=\"#Was_sind_Echtgeld_Casino_Apps_und_warum_lohnt_sich_das_Zocken_im_Netz\"><span class=\"toc_number toc_depth_1\">1<\/span> Was sind Echtgeld Casino Apps und warum lohnt sich das Zocken im Netz?<\/a><\/li><li><a href=\"#Wie_funktioniert_der_Download_bei_Apple_und_Android\"><span class=\"toc_number toc_depth_1\">2<\/span> Wie funktioniert der Download bei Apple und Android?<\/a><\/li><li><a href=\"#Was_ist_mit_alternativen_Betriebssystemen_und_wie_steht_es_um_das_Spielen_direkt_im_Browser\"><span class=\"toc_number toc_depth_1\">3<\/span> Was ist mit alternativen Betriebssystemen und wie steht es um das Spielen direkt im Browser?<\/a><\/li><li><a href=\"#Mobile_Echtgeld_Casino_Apps_Die_wichtigsten_Hersteller\"><span class=\"toc_number toc_depth_1\">4<\/span> Mobile Echtgeld Casino Apps: Die wichtigsten Hersteller<\/a><\/li><li><a href=\"#Welche_Echtgeld_Casino_Spiele_lassen_sich_mobil_gamblen\"><span class=\"toc_number toc_depth_1\">5<\/span> Welche Echtgeld Casino Spiele lassen sich mobil gamblen?<\/a><\/li><\/ul><\/div>\n<h2><span id=\"Was_sind_Echtgeld_Casino_Apps_und_warum_lohnt_sich_das_Zocken_im_Netz\">Was sind Echtgeld Casino Apps und warum lohnt sich das Zocken im Netz?<\/span><\/h2>\n<p>Um im Online Casino erfolgreich zu sein und dabei vor allem \u00fcber das Handy zu zocken, braucht es neben dem Verst\u00e4ndnis der Casino Spiele selbst immer auch die passende App und verl\u00e4ssliche Betriebssysteme, schlie\u00dflich geht es beim Gambling um jede Menge Kohle und Sicherheit ist unabdingbar. Prinzipiell handelt es sich bei den Echtgeld Casino Apps um eine dynamische, ma\u00dfgeschneiderte Software, die in App Stores und bei den Online Casinos erh\u00e4ltlich ist. Casino Apps werden mit einigem Aufwand von entsprechenden Computerfachleuten programmiert und bieten h\u00f6chste Datensicherheit, einen professionellen Zugang zu den Casino Spielen und gr\u00f6\u00dftm\u00f6gliche Flexibilit\u00e4t in der Anwendung. Neben den Echtgeld Casino Apps gibt es auch Programme f\u00fcr den Zock mit Spielgeld, aber wer m\u00f6chte schon am Spielautomaten einfach nur daddeln oder der Kugel beim Roulette ohne Aussicht auf richtige Gewinne zuschauen?<\/p>\n<h2><span id=\"Wie_funktioniert_der_Download_bei_Apple_und_Android\">Wie funktioniert der Download bei Apple und Android?<\/span><\/h2>\n<p>Das Spiel auf dem Handy ist in der allgemeinen Verf\u00fcgbarkeit abh\u00e4ngig vom jeweiligen Betriebssystem und das betrifft den Download von Echtgeld Casino Apps im Besonderen. Die Online Casinos bem\u00fchen sich nat\u00fcrlich um Vollst\u00e4ndigkeit, doch sind Hersteller von Smartphones wie vor allem Apple nicht immer sonderlich entgegenkommend. <\/p>\n<p>Wer ein <a href=\"https:\/\/www.casinozocker.com\/mobile\/ios\/\">iPhone, ipad<\/a> oder auch eine der neuen Smartwatches von Apple nutzt, der findet Echtgeld Applikationen f\u00fcr das Internetcasino im iTunes App Store. Die Firma mit dem angebissenen Apfel ist nicht sonderlich elastisch und wenn sich im hauseigenen Store keine App findet, m\u00fcssen die Spieler auf die gleich noch zu besprechenden Links zu einer Web-Applikation zur\u00fcckgreifen, manchmal gibt es aber auch von den Online Casino selbst angepasste Programme zum Herunterladen.<br \/>\nAuch <a href=\"https:\/\/www.casinozocker.com\/mobile\/android\/\">Android Betriebssysteme<\/a> erm\u00f6glichen den Besuch im App Store Google Play und zugleich bietet dieses System im Vergleich zu Apple eine offene Programmierung, so dass Echtgeld Casino Apps f\u00fcr Android auch direkt auf den Seiten der Online Casinos erh\u00e4ltlich sind. Ein Klick reicht aus und schon steht das Angebot der Casino Spiele zur Verf\u00fcgung.<\/p>\n<h2><span id=\"Was_ist_mit_alternativen_Betriebssystemen_und_wie_steht_es_um_das_Spielen_direkt_im_Browser\">Was ist mit alternativen Betriebssystemen und wie steht es um das Spielen direkt im Browser?<\/span><\/h2>\n<p><a href=\"https:\/\/www.casinozocker.com\/mobile\/windows-phone\/\">Windows Phone<\/a>, Blackberry und andere Exoten im Bereich der Smartphones haben zwar auch App Stores, aber diese spielen f\u00fcr das Gl\u00fccksspiel im Internet eine sehr geringe Rolle und so finden sich die entsprechenden Casino Programme nur sehr selten. Nutzern dieser Ger\u00e4te stehen aber auch Apps im Browser zur Verf\u00fcgung, ein Service, den die Betreiber \u00fcbrigens f\u00fcr alle Betriebssysteme offerieren. Die entsprechende Seite wurde gezielt f\u00fcr mobiles Casino angepasst, \u00f6ffnet sich in der Regel automatisch beim Besuch auf dem Handy oder aber es wird ein Link vom Anbieter an den Kunden per SMS beziehungsweise Email versandt. Der Zock im Browser ist sehr flexibel, kann aber vor allem bei einer schwachen Internetverbindung zum Problem werden. <\/p>\n<h2><span id=\"Mobile_Echtgeld_Casino_Apps_Die_wichtigsten_Hersteller\">Mobile Echtgeld Casino Apps: Die wichtigsten Hersteller<\/span><\/h2>\n<p>Online Casinos entwickeln die Apps nat\u00fcrlich nicht selbst, sondern geben diese bei Softwareunternehmen in Auftrag und das betrifft die Applikationen genauso wie die Aufbereitung des Desktops. In der Regel bezieht sich das Internetcasino dann mittels der angebotenen Software auch auf bestimmte Spiele, was besonders bei den Slots schnell deutlich wird.<\/p>\n<p>Sehr bekannt ist beispielsweise die NetEnt Touch Software, die schon seit einigen Jahren erh\u00e4ltlich ist und mit der sich mittlerweile fast 140 Spiele zocken lassen. Auch Greentube, ein zur \u00f6sterreichischen Firma Novoline geh\u00f6render Programmierer, entwickelt Apps und gerade im deutschsprachigen Raum sind die Novomatic Slots ein Renner. Microgaming, seines Zeichens einer der gr\u00f6\u00dften Hersteller von Gaming Software \u00fcberhaupt, bringt \u00fcber Spin3 sowohl native Apps im jeweiligen Store wie Web Applikationen f\u00fcr die Games. Ein weiterer bekannter Name ist iSoftBet, das heute mit seinen Programmen mehr als 200 Casino Spiele erfasst. F\u00fcr 3D Automatenspiele ber\u00fchmt ist BetsoftGaming, das gleichfalls hunderte Titel zu bieten hat, wobei sich dieses Unternehmen ganz besonders aktiv f\u00fcr mobiles Casino engagiert. Auch Playtech ist hier noch zu nennen, Sherriff Gaming und nat\u00fcrlich Play \u00b4N Go, das \u2013 nomen est omen \u2013 den Zock auf dem Handy quasi als Programm schon im Namen tr\u00e4gt.<\/p>\n<h2><span id=\"Welche_Echtgeld_Casino_Spiele_lassen_sich_mobil_gamblen\">Welche Echtgeld Casino Spiele lassen sich mobil gamblen?<\/span><\/h2>\n<p>Apps erm\u00f6glichen Zockern den st\u00e4ndigen Zugang zum Online Casino und hier sind neben klassischen Games auch immer wieder Neuerscheinungen verf\u00fcgbar. Den bis dato gr\u00f6\u00dften Anteil stellen hier die Slots, die sowohl in uriger Spielotheken-Manier wie auch als innovative Casino Spiele mit unz\u00e4hligen Extras, Features und sogar progressiven Jackpots gezockt werden k\u00f6nnen. <\/p>\n<p>Blackjack ist gleichfalls \u00fcber Apps und mobile Angebote erh\u00e4ltlich und hier empfiehlt sich besonders ein Vergleich der Online Casinos, da es verschiedene Versionen und beispielsweise auch Live Dealer f\u00fcr dieses Kartenspiel gibt. <\/p>\n<p>Und auch Roulette ist auf dem Handy \u00fcberhaupt kein Problem, allerdings ist die Auswahl bisher eher bescheiden und vor allem auf Europ\u00e4isches Roulette beschr\u00e4nkt. Die Limits an den Tischen sind gerade im Live Dealer Casino durchaus variabel und mitunter erlauben die Betreiber Eins\u00e4tze von tausenden Euro pro Runde!<br \/>\nDar\u00fcber hinaus gibt es Apps, die neben den genannten Echtgeld Casino Spielen auch noch diverse Games zum virtuellen W\u00fcrfeln anbieten, es gibt Poker, Keno, Bingo und sogar die dann freilich nicht um echtes Geld spielbaren Arcadegames. Diese Angebote werden jedoch bisher nur von sehr wenigen Apps erfasst, was sich jedoch angesichts der rasanten Entwicklung des mobilen Casinos schnell verbessern d\u00fcrfte.<\/p>\n","protected":false},"excerpt":{"rendered":"<p>Mobiles Casino ist unzweifelhaft der ganz gro\u00dfe Trend dieser Tage und immer mehr Zocker nutzen Echtgeld Casino Spiele f\u00fcr das Handy, um sich flexibel und unkompliziert an Spielautomaten, beim Roulette und vielen anderen Games im Internet zu vergn\u00fcgen. Der Clou ist dabei nat\u00fcrlich die Unabh\u00e4ngigkeit, schlie\u00dflich \u00f6ffnet sich auf dem Smartphone oder Tablet das Online &hellip;<\/p>\n<p class=\"read-more\"> <a class=\"\" href=\"https:\/\/www.casinozocker.com\/ch\/mobile\/\"> <span class=\"screen-reader-text\">Mobile Echtgeld Casino Spiele f\u00fcr das Handy: Betriebssysteme und Trends im \u00dcberblick<\/span> Weiterlesen &raquo;<\/a><\/p>\n","protected":false},"author":1,"featured_media":0,"parent":0,"menu_order":0,"comment_status":"open","ping_status":"closed","template":"","meta":[],"yoast_head":"<!-- This site is optimized with the Yoast SEO plugin v16.4 - https:\/\/yoast.com\/wordpress\/plugins\/seo\/ -->\n<title>Mobile Echtgeld Casino Spiele f\u00fcr das Handy: Betriebssysteme und Trends im \u00dcberblick - CasinoZocker Schweiz<\/title>\n<meta name=\"robots\" content=\"index, follow, max-snippet:-1, max-image-preview:large, max-video-preview:-1\" \/>\n<link rel=\"canonical\" href=\"https:\/\/www.casinozocker.com\/ch\/mobile\/\" \/>\n<meta property=\"og:locale\" content=\"de_DE\" \/>\n<meta property=\"og:type\" content=\"article\" \/>\n<meta property=\"og:title\" content=\"Mobile Echtgeld Casino Spiele f\u00fcr das Handy: Betriebssysteme und Trends im \u00dcberblick - CasinoZocker Schweiz\" \/>\n<meta property=\"og:description\" content=\"Mobiles Casino ist unzweifelhaft der ganz gro\u00dfe Trend dieser Tage und immer mehr Zocker nutzen Echtgeld Casino Spiele f\u00fcr das Handy, um sich flexibel und unkompliziert an Spielautomaten, beim Roulette und vielen anderen Games im Internet zu vergn\u00fcgen. Der Clou ist dabei nat\u00fcrlich die Unabh\u00e4ngigkeit, schlie\u00dflich \u00f6ffnet sich auf dem Smartphone oder Tablet das Online &hellip; Mobile Echtgeld Casino Spiele f\u00fcr das Handy: Betriebssysteme und Trends im \u00dcberblick Weiterlesen &raquo;\" \/>\n<meta property=\"og:url\" content=\"https:\/\/www.casinozocker.com\/ch\/mobile\/\" \/>\n<meta property=\"og:site_name\" content=\"CasinoZocker Schweiz\" \/>\n<meta property=\"article:modified_time\" content=\"2016-12-05T09:22:41+00:00\" \/>\n<meta name=\"twitter:card\" content=\"summary_large_image\" \/>\n<meta name=\"twitter:label1\" content=\"Gesch\u00e4tzte Lesezeit\" \/>\n\t<meta name=\"twitter:data1\" content=\"6\u00a0Minuten\" \/>\n<script type=\"application\/ld+json\" class=\"yoast-schema-graph\">{\"@context\":\"https:\/\/schema.org\",\"@graph\":[{\"@type\":\"WebSite\",\"@id\":\"https:\/\/www.casinozocker.com\/ch\/#website\",\"url\":\"https:\/\/www.casinozocker.com\/ch\/\",\"name\":\"CasinoZocker Schweiz\",\"description\":\"Spielen in online Casinos\",\"potentialAction\":[{\"@type\":\"SearchAction\",\"target\":\"https:\/\/www.casinozocker.com\/ch\/?s={search_term_string}\",\"query-input\":\"required name=search_term_string\"}],\"inLanguage\":\"de\"},{\"@type\":\"WebPage\",\"@id\":\"https:\/\/www.casinozocker.com\/ch\/mobile\/#webpage\",\"url\":\"https:\/\/www.casinozocker.com\/ch\/mobile\/\",\"name\":\"Mobile Echtgeld Casino Spiele f\\u00fcr das Handy: Betriebssysteme und Trends im \\u00dcberblick - CasinoZocker Schweiz\",\"isPartOf\":{\"@id\":\"https:\/\/www.casinozocker.com\/ch\/#website\"},\"datePublished\":\"2016-01-19T11:06:47+00:00\",\"dateModified\":\"2016-12-05T09:22:41+00:00\",\"breadcrumb\":{\"@id\":\"https:\/\/www.casinozocker.com\/ch\/mobile\/#breadcrumb\"},\"inLanguage\":\"de\",\"potentialAction\":[{\"@type\":\"ReadAction\",\"target\":[\"https:\/\/www.casinozocker.com\/ch\/mobile\/\"]}]},{\"@type\":\"BreadcrumbList\",\"@id\":\"https:\/\/www.casinozocker.com\/ch\/mobile\/#breadcrumb\",\"itemListElement\":[{\"@type\":\"ListItem\",\"position\":1,\"item\":{\"@type\":\"WebPage\",\"@id\":\"https:\/\/www.casinozocker.com\/ch\/\",\"url\":\"https:\/\/www.casinozocker.com\/ch\/\",\"name\":\"Startseite\"}},{\"@type\":\"ListItem\",\"position\":2,\"item\":{\"@id\":\"https:\/\/www.casinozocker.com\/ch\/mobile\/#webpage\"}}]}]}<\/script>\n<!-- \/ Yoast SEO plugin. -->","_links":{"self":[{"href":"https:\/\/www.casinozocker.com\/ch\/wp-json\/wp\/v2\/pages\/469"}],"collection":[{"href":"https:\/\/www.casinozocker.com\/ch\/wp-json\/wp\/v2\/pages"}],"about":[{"href":"https:\/\/www.casinozocker.com\/ch\/wp-json\/wp\/v2\/types\/page"}],"author":[{"embeddable":true,"href":"https:\/\/www.casinozocker.com\/ch\/wp-json\/wp\/v2\/users\/1"}],"replies":[{"embeddable":true,"href":"https:\/\/www.casinozocker.com\/ch\/wp-json\/wp\/v2\/comments?post=469"}],"version-history":[{"count":2,"href":"https:\/\/www.casinozocker.com\/ch\/wp-json\/wp\/v2\/pages\/469\/revisions"}],"predecessor-version":[{"id":638,"href":"https:\/\/www.casinozocker.com\/ch\/wp-json\/wp\/v2\/pages\/469\/revisions\/638"}],"wp:attachment":[{"href":"https:\/\/www.casinozocker.com\/ch\/wp-json\/wp\/v2\/media?parent=469"}],"curies":[{"name":"wp","href":"https:\/\/api.w.org\/{rel}","templated":true}]}}