{"id":461,"date":"2016-01-16T18:08:17","date_gmt":"2016-01-16T17:08:17","guid":{"rendered":"http:\/\/www.casinozocker.com\/?page_id=461"},"modified":"2020-12-30T13:22:38","modified_gmt":"2020-12-30T12:22:38","slug":"bonus","status":"publish","type":"page","link":"https:\/\/www.casinozocker.com\/ch\/spielautomaten\/bonus\/","title":{"rendered":"Der gro\u00dfe Spielautomaten Bonus Vergleich"},"content":{"rendered":"<p>Wir m\u00f6chten mit eurer Hilfe eine umfassende \u00dcbersicht zu den besten Spielautomaten Boni erstellen. Wir haben die letzten Wochen viel recherchiert und mit Spielern geredet und k\u00f6nnen bereits jetzt sagen welche Boni dieses Jahr wirklich empfehlenswert sind und welche eher nicht. Fakt ist: es gibt eine Menge neuer Casinos die den etablierten am Markt ordentlich Dampf machen. So ist zum Beispiel die Beliebtheit von <a href=\"https:\/\/www.casinozocker.com\/erfahrungen\/leovegas\/\">LeoVegas<\/a> nicht von der Hand zu weisen, die zwar erst seit 2012 online sind aber daf\u00fcr ein ausgezeichnetes Spielautomaten Angebot haben &#8211; gepaart mit einem wirklich guten Willkommenspaket und Boni auf die ersten vier Einzahlungen. W\u00e4hrend sich die etablierten teilweise mit den immer gleichen Boni versuchen, sind es genau diese Casinos die ihnen Dampf machen. Soviel k\u00f6nnen wir vorweg nehmen.<\/p>\n<h2>Bonus auf die Einzahlungen<\/h2>\n<p>Der Trend ist klar: es gibt nicht nur mehr einen Bonus auf die erste Einzahlung. Bei guten Casinos gibt es heute Boni auf die ersten drei oder gar vier Einzahlungen. Das freut jeden Spieler, denn er bekommt auch was geboten wenn er sich bei einem Casino anmeldet und anf\u00e4ngt zu spielen. In der Vergangenheit war es h\u00e4ufig so, dass man nach dem Ersteinzahlungsbonus wieder gewechselt hat &#8211; diese Zeiten sind mehr oder weniger vorbei.<\/p>\n<p>Auch ist festzustellen, dass die Boni ziemlich ausgeglichen sind. Es wird nur selten mit einem sehr attraktiven Bonus auf die erste Einzahlung gelockt und sp\u00e4ter muss man sich mit 25% bis zu 50\u20ac Boni zufrieden geben. Einen Fehler den man nicht machen darf ist nicht schon im Vorfeld zu kalkulieren wie viel man einzahlen m\u00f6chte. Zwar wei\u00df man nicht immer zu welchen Zeitpunkten, schlie\u00dflich kann niemand von uns vorhersehen ob er einen Lauf hat oder eben nicht. Aber man sollte sich vorher ein Limit setzen und die Einzahlungen entsprechend verteilen. Es bringt nichts bei einem Budget von 1000\u20ac alles in der erste Einzahlung zu verschwenden wenn der Bonus maximal 100\u20ac betr\u00e4gt. Aber genausowenig macht es Sinn beim ersten Mal sehr wenig einzuzahlen und beim zweiten Bonus viel wenn es nur 25% auf die Einzahlungssumme gibt zum Beispiel.<\/p>\n<h2>Freespins &#8211; Freispiele auf gut deutsch<\/h2>\n<p>Freespins gibt es mittlerweile nur noch selten ohne jede Einzahlung. Sie werden eher Aktionsweise oder zus\u00e4tzlich zum Einzahlungsbonus vergeben. Aktionsweise bedeutet man bekommt eine Mail vom Casino &#8222;hey, wir haben nen neuen Spielautomaten. Probier ihn doch mal aus mit 5 Freespins!&#8220;. Zum Einzahlungsbonus gibt es ihn oft in dieser Form: Zahle etwas ein, erhalte 150\u20ac als Bonus und 100 Freispiele f\u00fcr alle Automaten. Coole Sache. Aber Casinos sind eben nicht mehr scharf auf Spieler die nur Freespins und gratis Geld abgreifen wollen.<\/p>\n<h2>VIP Bonus<\/h2>\n<p>Ein VIP Bonus ist zugeschnitten auf Spieler, die hohe Einzahlungen im vierstelligen Bereich t\u00e4tigen. Nicht auf das ganze Jahr verteilt sondern auf lediglich eine Einzahlung. Wenn du zum erlesenen Kreis der VIPs geh\u00f6rst wirst du nat\u00fcrlich entsprechend bessere Angebote erhalten. Der Maximalbetrag liegt dann nicht bei 200-300\u20ac sondern eher bei 1000\u20ac. Die \u00dcberg\u00e4nge sind allerdings flie\u00dfend und es gibt keine klare Grenze zwischen &#8222;normalen&#8220; Spielern und VIPs. So werden die VIP Boni mancher Casinos schon so weit runtergesetzt, dass man sie sich auch als &#8222;normaler&#8220; Spieler locker leisten kann. Oft sollte man aber lieber die Finger davon lassen. Wenn man nur 300\u20ac Budget hat zum einzahlen, bringt ein 1000\u20ac Bonus ziemlich wenig weil man ihn nur selten freispielen kann.<\/p>\n","protected":false},"excerpt":{"rendered":"<p>Wir m\u00f6chten mit eurer Hilfe eine umfassende \u00dcbersicht zu den besten Spielautomaten Boni erstellen. Wir haben die letzten Wochen viel recherchiert und mit Spielern geredet und k\u00f6nnen bereits jetzt sagen welche Boni dieses Jahr wirklich empfehlenswert sind und welche eher nicht. Fakt ist: es gibt eine Menge neuer Casinos die den etablierten am Markt ordentlich &hellip;<\/p>\n<p class=\"read-more\"> <a class=\"\" href=\"https:\/\/www.casinozocker.com\/ch\/spielautomaten\/bonus\/\"> <span class=\"screen-reader-text\">Der gro\u00dfe Spielautomaten Bonus Vergleich<\/span> Weiterlesen &raquo;<\/a><\/p>\n","protected":false},"author":1,"featured_media":0,"parent":21,"menu_order":0,"comment_status":"open","ping_status":"closed","template":"","meta":[],"yoast_head":"<!-- This site is optimized with the Yoast SEO plugin v16.4 - https:\/\/yoast.com\/wordpress\/plugins\/seo\/ -->\n<title>Der gro\u00dfe Spielautomaten Bonus Vergleich - CasinoZocker Schweiz<\/title>\n<meta name=\"robots\" content=\"index, follow, max-snippet:-1, max-image-preview:large, max-video-preview:-1\" \/>\n<link rel=\"canonical\" href=\"https:\/\/www.casinozocker.com\/ch\/spielautomaten\/bonus\/\" \/>\n<meta property=\"og:locale\" content=\"de_DE\" \/>\n<meta property=\"og:type\" content=\"article\" \/>\n<meta property=\"og:title\" content=\"Der gro\u00dfe Spielautomaten Bonus Vergleich - CasinoZocker Schweiz\" \/>\n<meta property=\"og:description\" content=\"Wir m\u00f6chten mit eurer Hilfe eine umfassende \u00dcbersicht zu den besten Spielautomaten Boni erstellen. Wir haben die letzten Wochen viel recherchiert und mit Spielern geredet und k\u00f6nnen bereits jetzt sagen welche Boni dieses Jahr wirklich empfehlenswert sind und welche eher nicht. Fakt ist: es gibt eine Menge neuer Casinos die den etablierten am Markt ordentlich &hellip; Der gro\u00dfe Spielautomaten Bonus Vergleich Weiterlesen &raquo;\" \/>\n<meta property=\"og:url\" content=\"https:\/\/www.casinozocker.com\/ch\/spielautomaten\/bonus\/\" \/>\n<meta property=\"og:site_name\" content=\"CasinoZocker Schweiz\" \/>\n<meta property=\"article:modified_time\" content=\"2020-12-30T12:22:38+00:00\" \/>\n<meta name=\"twitter:card\" content=\"summary_large_image\" \/>\n<meta name=\"twitter:label1\" content=\"Gesch\u00e4tzte Lesezeit\" \/>\n\t<meta name=\"twitter:data1\" content=\"3\u00a0Minuten\" \/>\n<script type=\"application\/ld+json\" class=\"yoast-schema-graph\">{\"@context\":\"https:\/\/schema.org\",\"@graph\":[{\"@type\":\"WebSite\",\"@id\":\"https:\/\/www.casinozocker.com\/ch\/#website\",\"url\":\"https:\/\/www.casinozocker.com\/ch\/\",\"name\":\"CasinoZocker Schweiz\",\"description\":\"Spielen in online Casinos\",\"potentialAction\":[{\"@type\":\"SearchAction\",\"target\":\"https:\/\/www.casinozocker.com\/ch\/?s={search_term_string}\",\"query-input\":\"required name=search_term_string\"}],\"inLanguage\":\"de\"},{\"@type\":\"WebPage\",\"@id\":\"https:\/\/www.casinozocker.com\/ch\/spielautomaten\/bonus\/#webpage\",\"url\":\"https:\/\/www.casinozocker.com\/ch\/spielautomaten\/bonus\/\",\"name\":\"Der gro\\u00dfe Spielautomaten Bonus Vergleich - CasinoZocker Schweiz\",\"isPartOf\":{\"@id\":\"https:\/\/www.casinozocker.com\/ch\/#website\"},\"datePublished\":\"2016-01-16T17:08:17+00:00\",\"dateModified\":\"2020-12-30T12:22:38+00:00\",\"breadcrumb\":{\"@id\":\"https:\/\/www.casinozocker.com\/ch\/spielautomaten\/bonus\/#breadcrumb\"},\"inLanguage\":\"de\",\"potentialAction\":[{\"@type\":\"ReadAction\",\"target\":[\"https:\/\/www.casinozocker.com\/ch\/spielautomaten\/bonus\/\"]}]},{\"@type\":\"BreadcrumbList\",\"@id\":\"https:\/\/www.casinozocker.com\/ch\/spielautomaten\/bonus\/#breadcrumb\",\"itemListElement\":[{\"@type\":\"ListItem\",\"position\":1,\"item\":{\"@type\":\"WebPage\",\"@id\":\"https:\/\/www.casinozocker.com\/ch\/\",\"url\":\"https:\/\/www.casinozocker.com\/ch\/\",\"name\":\"Startseite\"}},{\"@type\":\"ListItem\",\"position\":2,\"item\":{\"@type\":\"WebPage\",\"@id\":\"https:\/\/www.casinozocker.com\/ch\/spielautomaten\/\",\"url\":\"https:\/\/www.casinozocker.com\/ch\/spielautomaten\/\",\"name\":\"Spielautomaten\"}},{\"@type\":\"ListItem\",\"position\":3,\"item\":{\"@id\":\"https:\/\/www.casinozocker.com\/ch\/spielautomaten\/bonus\/#webpage\"}}]}]}<\/script>\n<!-- \/ Yoast SEO plugin. -->","_links":{"self":[{"href":"https:\/\/www.casinozocker.com\/ch\/wp-json\/wp\/v2\/pages\/461"}],"collection":[{"href":"https:\/\/www.casinozocker.com\/ch\/wp-json\/wp\/v2\/pages"}],"about":[{"href":"https:\/\/www.casinozocker.com\/ch\/wp-json\/wp\/v2\/types\/page"}],"author":[{"embeddable":true,"href":"https:\/\/www.casinozocker.com\/ch\/wp-json\/wp\/v2\/users\/1"}],"replies":[{"embeddable":true,"href":"https:\/\/www.casinozocker.com\/ch\/wp-json\/wp\/v2\/comments?post=461"}],"version-history":[{"count":10,"href":"https:\/\/www.casinozocker.com\/ch\/wp-json\/wp\/v2\/pages\/461\/revisions"}],"predecessor-version":[{"id":1596,"href":"https:\/\/www.casinozocker.com\/ch\/wp-json\/wp\/v2\/pages\/461\/revisions\/1596"}],"up":[{"embeddable":true,"href":"https:\/\/www.casinozocker.com\/ch\/wp-json\/wp\/v2\/pages\/21"}],"wp:attachment":[{"href":"https:\/\/www.casinozocker.com\/ch\/wp-json\/wp\/v2\/media?parent=461"}],"curies":[{"name":"wp","href":"https:\/\/api.w.org\/{rel}","templated":true}]}}