{"id":41,"date":"2011-12-25T22:46:27","date_gmt":"2011-12-25T22:46:27","guid":{"rendered":"http:\/\/www.casinozocker.com\/?page_id=41"},"modified":"2017-01-15T11:57:42","modified_gmt":"2017-01-15T10:57:42","slug":"strategien","status":"publish","type":"page","link":"https:\/\/www.casinozocker.com\/ch\/roulette\/strategien\/","title":{"rendered":"Online Roulette Strategien und Systeme"},"content":{"rendered":"<p>Seit dem es Roulette gibt wird versucht mit diesem Spiel Geld zu gewinnen und das nicht nur an einem Abend, sondern langfristig Geld zu verdienen. Es liegt auf der Hand, dass viele die Vorstellung hegen mit einem solchen Spiel eine Einkommensquelle zu erschlie\u00dfen. Roulette hat aber einen ganz anderen Reiz, denn w\u00e4hrend die meisten Spieler realisieren, dass sie bei <a href=\"https:\/\/www.casinozocker.com\/spielautomaten\/\">Spielautomaten<\/a> keine M\u00f6glichkeit haben das Casino zu schlagen, glauben viele daran mit einer ausgekl\u00fcgelten Roulette Strategie dies tun zu k\u00f6nnen. Es gibt ein sehr bekanntes Zitat von Albert Einstein zu diesem Thema: &#8222;The only way to beat Roulette is to steal the money when the dealer's not looking&#8220; was so viel hei\u00dft wie &#8222;Roulette ist nur dann zu schlagen wenn man Chips stiehlt w\u00e4hrend der Croupier nicht hinsieht&#8220; (<a href=\"http:\/\/casinogambling.about.com\/od\/othergames\/a\/roulettesystem.htm\" target=\"_blank\">Quelle<\/a>).<\/p>\n<p>Dieser Artikel soll unter anderem folgende Fragen beantworten: Ist Roulette ein Spiel, das man schlagen kann? Welche verschiedenen Roulette Strategien gibt es? Welche Roulette Systeme gibt es und wie unterscheiden sie sich von den Strategien? Ist es sinnvoll sich an bestimmte Strategien zu halten?<\/p>\n<div id=\"toc_container\" class=\"no_bullets\"><p class=\"toc_title\">Inhalt<\/p><ul class=\"toc_list\"><li><a href=\"#Die_besten_Roulette_Strategien_im_Ueberblick\"><span class=\"toc_number toc_depth_1\">1<\/span> Die besten Roulette Strategien im \u00dcberblick<\/a><ul><li><a href=\"#Martingale\"><span class=\"toc_number toc_depth_2\">1.1<\/span> Martingale<\/a><\/li><li><a href=\"#Paroli\"><span class=\"toc_number toc_depth_2\">1.2<\/span> Paroli<\/a><\/li><\/ul><\/li><li><a href=\"#Laesst_sich_Roulette_schlagen\"><span class=\"toc_number toc_depth_1\">2<\/span> L\u00e4sst sich Roulette schlagen?<\/a><\/li><li><a href=\"#Die_besten_Roulette_Strategen_und_8222Profis8220\"><span class=\"toc_number toc_depth_1\">3<\/span> Die besten Roulette Strategen und &#8222;Profis&#8220;<\/a><\/li><li><a href=\"#Unterschied_System_und_Strategie\"><span class=\"toc_number toc_depth_1\">4<\/span> Unterschied System und Strategie<\/a><\/li><\/ul><\/div>\n<h2><span id=\"Die_besten_Roulette_Strategien_im_Ueberblick\">Die besten Roulette Strategien im \u00dcberblick<\/span><\/h2>\n<p>Im Folgenden sollen die bekanntesten Roulette Strategien einmal vorgestellt und bewertet werden. Vorsicht, wir behaupten nicht, dass diese Strategien Gewinne garantieren oder dass du damit Erfolg haben wirst. Es handelt sich lediglich um eine Zusammenfassung der besten und popul\u00e4rsten Strategien.<\/p>\n<h3><span id=\"Martingale\">Martingale<\/span><\/h3>\n<p>Die Martingale Strategie ist sicherlich die bekannteste Strategie \u00fcberhaupt und wenn du dich f\u00fcr Roulette interessierst, ist es zweifelhaft, dass du von dieser Strategie noch nichts geh\u00f6rt hast. Vielleicht sagt dir auch der Begriff Verdoppelungsstrategie etwas, denn das ist im Prinzip die Martingale Strategie. <\/p>\n<p>Bei dieser Strategie setzt man auf eine einfache Chance wie Schwarz oder Rot. Wenn man gewinnt, macht man einfach weiter und f\u00e4ngt von vorne an. Wenn man aber verliert, dann setzt man den doppelten Betrag einfach auf die gleiche einfache Chance noch einmal. Setzt man also urspr\u00fcnglich auf Schwarz und es kommt Rot, setzt man einfach das Doppelte auf Schwarz &#8211; so lange bis auch wirklich Schwarz kommt. Irgendwann wird Schwarz kommen und dann hat man seinen Einsatz wieder zur\u00fcck und ein kleines Plus gemacht.<\/p>\n<p>Diese Strategie h\u00f6rt sich nach einer ganz sicheren Sache an, denn niemand glaubt ernsthaft, dass unendlich oft eine einfache Chance kommt. Das ist auch nicht der Fall, aber Casinos sind ja nicht bl\u00f6d. Deswegen gibt es ein Tischlimit so dass man irgendwann eben nicht mehr verdoppeln kann. Man kann nur so viel setzen wie das Tischlimit erlaubt und nicht mehr. Wenn man also so oft verdoppeln muss, dass man ans Limit st\u00f6\u00dft, hat man ein gro\u00dfes Problem.<\/p>\n<p>Und genau das macht die Martingale Strategie zu einer weiteren Strategie, die langfristig keine Profite einbringen wird. Zwar wird man h\u00e4ufig mit kleinen Gewinnen nach Hause gehen, aber irgendwann wird der Tag kommen an dem man sein gesamtes Tischlimit setzen muss und verlieren kann.<\/p>\n<h3><span id=\"Paroli\">Paroli<\/span><\/h3>\n<p>Die Paroli Strategie ist das genaue Gegenteil der Martingale Strategie. Man beginnt dort auch mit einem Einsatz auf einfache Chancen, wenn man aber gewinnt, l\u00e4sst man den uspr\u00fcnglichen Einsatz und den Gewinn auf dem gleichen Feld und spielt damit noch einmal. Gewinnt man wieder, bel\u00e4sst man noch einmal den Einsatz und den Gewinn auf diesem Feld. Wenn man auch beim dritten Mal erfolgreich war kann man die Gewinne einstecken und eine neue Serie starten. Das w\u00e4re dann ein sogenannter <em>dreifacher Paroli<\/em>. Es gibt auch zweifache, vierfache, f\u00fcnffache usw. Je nach dem wie viel man riskieren m\u00f6chte. Je gr\u00f6\u00dfer der Paroli, desto gr\u00f6\u00dfer wird auch der Gewinn aber desto unwahrscheinlicher wird er auch.<\/p>\n<p>Die Paroli Strategie nutzt einfache Trends schamlos aus und erm\u00f6glicht es mit wenig Einsatz viel Geld zu gewinnen. Denn immerhin ben\u00f6tigt man nur den uspr\u00fcnglichen Einsatz und alles was dann passiert ist dem Zufall \u00fcberlassen. Diese Strategie ist empfehlenswert wenn man eine Menge Action haben m\u00f6chte und man gerne viel auf dem Spiel stehen hat.<\/p>\n<h2><span id=\"Laesst_sich_Roulette_schlagen\">L\u00e4sst sich Roulette schlagen?<\/span><\/h2>\n<p>Zun\u00e4chst einmal muss definiert werden was mit dem Begriff &#8222;Schlagen&#8220; \u00fcberhaupt gemeint ist. Es handelt sich dabei eher um eine umgangssprachliche Formulierung f\u00fcr den Begriff &#8222;Geld verdienen&#8220; oder die M\u00f6glichkeit Profit zu machen und das auf lange Frist. Sicherlich kann man bei jedem Casinospiel Geld verdienen indem man einfach kurz Gl\u00fcck hat. Die Frage, die man sich jedoch stellen muss ist, ob es m\u00f6glich ist beim Roulette auf lange Sicht zu gewinnen. Also nicht \u00fcber einzelne Sessions, sondern Tage, Wochen, Monate und Jahre. Am Ende eines Jahres muss man Bilanz ziehen und sagen k\u00f6nnen, ja, ich habe nach 10.000 gespielten Drehungen 12.000 Euro gewonnen. Das w\u00e4re dann ein relativ klares Zeichen, dass man das Spiel geschlagen hat. Aber ist das wirklich m\u00f6glich?<\/p>\n<p>Die einfache Antwort, die viele wahrscheinlich verwundert ist: Nein! Wie Einstein schon sagte ist es nicht m\u00f6glich bei Roulette auf lange Sicht zu gewinnen und Einstein hat viele Jahre seines Lebens damit verbracht herauszufinden ob er einen Vorteil gegen\u00fcber dem Casino haben kann. Und die Antwort ist nicht etwa, die die man h\u00e4ufig h\u00f6rt, n\u00e4mlich dass es sonst kein Casino anbieten w\u00fcrde, wenn es zu schlagen w\u00e4re. Sondern vielmehr, dass die Kugel kein Ged\u00e4chtnis hat und sich nicht darum k\u00fcmmert ob beim letzten Dreh Rot oder Schwarz gekommen ist. Und es gibt nunmal diese verflixte Null, die dem Casino immer einen Vorteil gew\u00e4hrt. Wenn man Roulette schlagen k\u00f6nnen will, braucht man eine Einsatzm\u00f6glichkeit mit positivem Erwartungswert. Das ist aber bei keiner Strategie der Fall auch wenn man vergangene Daten noch so sehr analysiert.<\/p>\n<p>Die einzige M\u00f6glichkeit er\u00f6ffnet sich wenn man den Spieltisch manipulieren kann, oder wie Einstein sagt Chips stehlen kann. Denn wenn es einem gelingt den Spieltisch in irgendeiner Form zu manipulieren, kann man auch das Ergebnis zu seinen Gunsten beeinflussen und eine positive Gewinnerwartung erzielen. Solange es dir aber nicht gelingt einen Kesselgucker zu bauen und erfolgreich in einem Casino einzusetzen, wird es dir auch nicht gelingen beim Roulette langfristig Geld zu verdienen.<\/p>\n<h2><span id=\"Die_besten_Roulette_Strategen_und_8222Profis8220\">Die besten Roulette Strategen und &#8222;Profis&#8220;<\/span><\/h2>\n<p>Wenn Roulette nicht zu schlagen ist, wie bisher recht deutlich wurde, warum gibt es dann so viele, die von sich behaupten sie h\u00e4tten eine passende Roulette Strategie gefunden von der sie auch leben k\u00f6nnen. Solche F\u00e4lle gibt es gen\u00fcgend und es ist sehr wichtig differenziert an die Sache heranzugehen. So findet man in diversen <a href=\"http:\/\/www.roulette-forum.de\/forum\/3-roulette-strategien\/\">Roulette Foren<\/a> Spieler, die sich \u00fcber ihre Strategien unterhalten. Hier muss man sich die Frage stellen ob man ihnen Glauben schenken kann oder nicht. <\/p>\n<p>Fakt ist, dass das Internet jedem die M\u00f6glichkeit gibt sich zur Schau zu stellen und das bequem und anonym. Ich kann auch in einem Forum schreiben, dass ich professioneller Kirschkernweitspucker bin und damit 5000 Euro im Monat verdiene. Genauso kann man behaupten, dass man professioneller Roulette Spieler ist. Das \u00e4ndert aber nichts an der Tatsache, dass es h\u00e4ufig einfach falsch ist. Wenn man sich dann die h\u00e4ufigen Beweise ansieht, dann f\u00e4llt einem meistens auf, dass die gew\u00e4hlten Zeitr\u00e4ume einfach viel zu kurz sind. Wenn ich in 10 Sessions in Folge mit einem ordentlichen Profit den Tisch verlasse, hei\u00dft das noch lange nichts. Gl\u00fcck, oder besser gesagt die Varianz kann verdammt hartn\u00e4ckig und lange sein (<a href=\"https:\/\/www.casinozocker.com\/roulette\/wahrscheinlichkeiten\/\">siehe auch Roulette Wahrscheinlichkeiten<\/a>). Beweisen, dass eine Strategie erfolgreich ist, kann man nur wenn man \u00fcber ausreichende Zeitr\u00e4ume deren Profitabilit\u00e4t bewiesen hat. Die Martingale Strategie ist ein sehr gutes Beispiel daf\u00fcr. Das ist eine Strategie mit extrem hoher Varianz, das hei\u00dft, dass man zum Beispiel in 8 von 9 F\u00e4llen mit einem kleinen Gewinn das Casino verl\u00e4sst, aber in dem einen von 9 F\u00e4llen als gro\u00dfer Verlierer nach Hause geht und seine ganze Bankroll dabei verliert. Nur wenn man 8 Mal etwas gewonnen hat, hei\u00dft das noch l\u00e4ngst nicht, dass man auch mit positivem Erwartungswert spielt und auf lange Sicht erfolgreich sein wird.<\/p>\n<h2><span id=\"Unterschied_System_und_Strategie\">Unterschied System und Strategie<\/span><\/h2>\n<p>Diese beiden Begriffe zu unterscheiden ist deshalb wichtig weil sie oft als synonym verwendet werden, aber eigentlich etwas anderes sind. Eine Strategie ist ein &#8222;vollst\u00e4ndiger Plan, wie sich der Spieler in jeder denkbaren Spielsituation verhalten wird&#8220; (<a href=\"http:\/\/de.wikipedia.org\/wiki\/Strategie_%28Spieltheorie%29\">siehe Wikipedia<\/a>). Das hei\u00dft, dass ich als Spieler einen Einsatz t\u00e4tige und dann je nach Ergebnis darauf reagiere. Bei der Martingale zum Beispiel sehe ich, dass Rot kommt und mein Einsatz verloren wurde, also setze ich den doppelten Einsatz wieder auf Schwarz.<\/p>\n<p>Ein System ist jedoch eine besondere Form der Strategie, das versucht so viele Informationen wie m\u00f6glich zu verarbeiten und als Entscheidungsgrundlage zu verwenden. Konkret bedeutet das, dass man vergangene Daten auswertet und sich daraus Gewinnwahrscheinlichkeiten ermittelt. Ein Beispiel ist zum Beispiel, dass man auf eine Software zur\u00fcck greift, die einen Roulette Tisch beobachtet und die Ergebnisse sammelt. Dann bekommt man Informationen wie h\u00e4ufig hintereinander Rot oder Schwarz gekommen ist. Die Theorie besagt, dass es Tische gibt, die solche Tendenzen vorweisen k\u00f6nnen, also zum Beispiel solche Serien haben wo h\u00e4ufig nur eine Farbe kommt. Das w\u00e4re dann ein Tisch, den man nicht f\u00fcr eine Martingale Strategie ausw\u00e4hlen sollte. Das System ist also Daten zu analysieren und daraus eine Strategie abzuleiten.<\/p>\n","protected":false},"excerpt":{"rendered":"<p>Seit dem es Roulette gibt wird versucht mit diesem Spiel Geld zu gewinnen und das nicht nur an einem Abend, sondern langfristig Geld zu verdienen. Es liegt auf der Hand, dass viele die Vorstellung hegen mit einem solchen Spiel eine Einkommensquelle zu erschlie\u00dfen. Roulette hat aber einen ganz anderen Reiz, denn w\u00e4hrend die meisten Spieler &hellip;<\/p>\n<p class=\"read-more\"> <a class=\"\" href=\"https:\/\/www.casinozocker.com\/ch\/roulette\/strategien\/\"> <span class=\"screen-reader-text\">Online Roulette Strategien und Systeme<\/span> Weiterlesen &raquo;<\/a><\/p>\n","protected":false},"author":1,"featured_media":0,"parent":19,"menu_order":0,"comment_status":"open","ping_status":"closed","template":"","meta":[],"yoast_head":"<!-- This site is optimized with the Yoast SEO plugin v16.4 - https:\/\/yoast.com\/wordpress\/plugins\/seo\/ -->\n<title>Online Roulette Strategien und Systeme - CasinoZocker Schweiz<\/title>\n<meta name=\"robots\" content=\"index, follow, max-snippet:-1, max-image-preview:large, max-video-preview:-1\" \/>\n<link rel=\"canonical\" href=\"https:\/\/www.casinozocker.com\/ch\/roulette\/strategien\/\" \/>\n<meta property=\"og:locale\" content=\"de_DE\" \/>\n<meta property=\"og:type\" content=\"article\" \/>\n<meta property=\"og:title\" content=\"Online Roulette Strategien und Systeme - CasinoZocker Schweiz\" \/>\n<meta property=\"og:description\" content=\"Seit dem es Roulette gibt wird versucht mit diesem Spiel Geld zu gewinnen und das nicht nur an einem Abend, sondern langfristig Geld zu verdienen. Es liegt auf der Hand, dass viele die Vorstellung hegen mit einem solchen Spiel eine Einkommensquelle zu erschlie\u00dfen. Roulette hat aber einen ganz anderen Reiz, denn w\u00e4hrend die meisten Spieler &hellip; Online Roulette Strategien und Systeme Weiterlesen &raquo;\" \/>\n<meta property=\"og:url\" content=\"https:\/\/www.casinozocker.com\/ch\/roulette\/strategien\/\" \/>\n<meta property=\"og:site_name\" content=\"CasinoZocker Schweiz\" \/>\n<meta property=\"article:modified_time\" content=\"2017-01-15T10:57:42+00:00\" \/>\n<meta name=\"twitter:card\" content=\"summary_large_image\" \/>\n<meta name=\"twitter:label1\" content=\"Gesch\u00e4tzte Lesezeit\" \/>\n\t<meta name=\"twitter:data1\" content=\"8\u00a0Minuten\" \/>\n<script type=\"application\/ld+json\" class=\"yoast-schema-graph\">{\"@context\":\"https:\/\/schema.org\",\"@graph\":[{\"@type\":\"WebSite\",\"@id\":\"https:\/\/www.casinozocker.com\/ch\/#website\",\"url\":\"https:\/\/www.casinozocker.com\/ch\/\",\"name\":\"CasinoZocker Schweiz\",\"description\":\"Spielen in online Casinos\",\"potentialAction\":[{\"@type\":\"SearchAction\",\"target\":\"https:\/\/www.casinozocker.com\/ch\/?s={search_term_string}\",\"query-input\":\"required name=search_term_string\"}],\"inLanguage\":\"de\"},{\"@type\":\"WebPage\",\"@id\":\"https:\/\/www.casinozocker.com\/ch\/roulette\/strategien\/#webpage\",\"url\":\"https:\/\/www.casinozocker.com\/ch\/roulette\/strategien\/\",\"name\":\"Online Roulette Strategien und Systeme - CasinoZocker Schweiz\",\"isPartOf\":{\"@id\":\"https:\/\/www.casinozocker.com\/ch\/#website\"},\"datePublished\":\"2011-12-25T22:46:27+00:00\",\"dateModified\":\"2017-01-15T10:57:42+00:00\",\"breadcrumb\":{\"@id\":\"https:\/\/www.casinozocker.com\/ch\/roulette\/strategien\/#breadcrumb\"},\"inLanguage\":\"de\",\"potentialAction\":[{\"@type\":\"ReadAction\",\"target\":[\"https:\/\/www.casinozocker.com\/ch\/roulette\/strategien\/\"]}]},{\"@type\":\"BreadcrumbList\",\"@id\":\"https:\/\/www.casinozocker.com\/ch\/roulette\/strategien\/#breadcrumb\",\"itemListElement\":[{\"@type\":\"ListItem\",\"position\":1,\"item\":{\"@type\":\"WebPage\",\"@id\":\"https:\/\/www.casinozocker.com\/ch\/\",\"url\":\"https:\/\/www.casinozocker.com\/ch\/\",\"name\":\"Startseite\"}},{\"@type\":\"ListItem\",\"position\":2,\"item\":{\"@type\":\"WebPage\",\"@id\":\"https:\/\/www.casinozocker.com\/ch\/roulette\/\",\"url\":\"https:\/\/www.casinozocker.com\/ch\/roulette\/\",\"name\":\"Roulette\"}},{\"@type\":\"ListItem\",\"position\":3,\"item\":{\"@id\":\"https:\/\/www.casinozocker.com\/ch\/roulette\/strategien\/#webpage\"}}]}]}<\/script>\n<!-- \/ Yoast SEO plugin. -->","_links":{"self":[{"href":"https:\/\/www.casinozocker.com\/ch\/wp-json\/wp\/v2\/pages\/41"}],"collection":[{"href":"https:\/\/www.casinozocker.com\/ch\/wp-json\/wp\/v2\/pages"}],"about":[{"href":"https:\/\/www.casinozocker.com\/ch\/wp-json\/wp\/v2\/types\/page"}],"author":[{"embeddable":true,"href":"https:\/\/www.casinozocker.com\/ch\/wp-json\/wp\/v2\/users\/1"}],"replies":[{"embeddable":true,"href":"https:\/\/www.casinozocker.com\/ch\/wp-json\/wp\/v2\/comments?post=41"}],"version-history":[{"count":6,"href":"https:\/\/www.casinozocker.com\/ch\/wp-json\/wp\/v2\/pages\/41\/revisions"}],"predecessor-version":[{"id":659,"href":"https:\/\/www.casinozocker.com\/ch\/wp-json\/wp\/v2\/pages\/41\/revisions\/659"}],"up":[{"embeddable":true,"href":"https:\/\/www.casinozocker.com\/ch\/wp-json\/wp\/v2\/pages\/19"}],"wp:attachment":[{"href":"https:\/\/www.casinozocker.com\/ch\/wp-json\/wp\/v2\/media?parent=41"}],"curies":[{"name":"wp","href":"https:\/\/api.w.org\/{rel}","templated":true}]}}