{"id":39,"date":"2011-12-25T22:46:10","date_gmt":"2011-12-25T22:46:10","guid":{"rendered":"http:\/\/www.casinozocker.com\/?page_id=39"},"modified":"2016-12-05T09:48:44","modified_gmt":"2016-12-05T08:48:44","slug":"systeme","status":"publish","type":"page","link":"https:\/\/www.casinozocker.com\/ch\/roulette\/systeme\/","title":{"rendered":"Roulette Systeme und Betrug"},"content":{"rendered":"<p>Systeme geh\u00f6ren schon immer zum Spiel &#8211; auch beim Roulette. Schon als dieses sch\u00f6ne Spiel Einzug in die Casinos dieser Welt erhalten hat, wurde versucht mit bestimmten Systemen zu gewinnen. Egal ob durch die Manipulation von Kesseln oder indem mit aufwendigem Material versucht wurde die Wahrscheinlichkeiten wo die Kugel landen wird vorher zu sagen. Seit es Roulette gibt, gibt es auch Spieler, die versuchen davon zu profitieren und dabei ist ihnen oft jedes Mittel recht. Mit dem Internet haben einfache Systeme aber auch Betrug beim Roulette eine neue Dimension erreicht und jetzt hei\u00dft es f\u00fcr Casinos und Spieler: aufpassen! Der folgende Artikel wird sich der Thematik annehmen. Auf Roulette Strategie wurde bereits <a href=\"https:\/\/www.casinozocker.com\/roulette\/strategien\/\">in diesem Artikel<\/a> eingeangen und auch gezeigt warum man beim Roulette nicht langfristig gewinnen und das Casino schlagen kann.<\/p>\n<p>Zun\u00e4chst einmal soll der Begriff Roulette System erkl\u00e4rt und gezeigt werden welche verschiedenen Systeme es gibt. Dabei wird vor allem auf live Roulette Systeme eingegangen. Danach widmen wir uns den online Systemen, die sicherlich ein Fass ohne Boden sind, da t\u00e4glich neue Systeme ans Tageslicht kommen und offenbar jedes System besser ist als das andere. Damit k\u00f6nnen wir auch gleich auf die Thematik des Roulette Betrugs eingehen, die unserer Meinung nach eine sehr bedeutende Rolle spielt. Geld zu verlieren beim Roulette spielen ist eine Sache, aber zu glauben dass man ein tod sicheres System hat mit dem man nur gewinnen kann und dann verliert, eine komplett andere Sache. Das m\u00f6chten wir verhindern und zeigen die modernen Methoden und Maschen.<\/p>\n<div id=\"toc_container\" class=\"no_bullets\"><p class=\"toc_title\">Inhalt<\/p><ul class=\"toc_list\"><li><a href=\"#Roulette_Systeme_beim_live_Roulette\"><span class=\"toc_number toc_depth_1\">1<\/span> Roulette Systeme beim live Roulette<\/a><ul><li><a href=\"#Kesselfehler\"><span class=\"toc_number toc_depth_2\">1.1<\/span> Kesselfehler<\/a><\/li><li><a href=\"#Kesselgucken\"><span class=\"toc_number toc_depth_2\">1.2<\/span> Kesselgucken<\/a><\/li><\/ul><\/li><li><a href=\"#Online_Roulette_Systeme\"><span class=\"toc_number toc_depth_1\">2<\/span> Online Roulette Systeme<\/a><\/li><li><a href=\"#Roulette_Betrug_im_Internet\"><span class=\"toc_number toc_depth_1\">3<\/span> Roulette Betrug im Internet<\/a><\/li><\/ul><\/div>\n<h2><span id=\"Roulette_Systeme_beim_live_Roulette\">Roulette Systeme beim live Roulette<\/span><\/h2>\n<p>Der folgende Abschnitt besch\u00e4ftigt sich mit dem Thema Systeme beim live Roulette. Es geht also nicht um das Spielen im Internet, sondern nur um die live Tische, die nat\u00fcrlich sehr viel mehr M\u00f6glichkeiten lassen um sich ein gutes System zurecht zu legen.<\/p>\n<h3><span id=\"Kesselfehler\">Kesselfehler<\/span><\/h3>\n<p>Ja, es ist nicht m\u00f6glich beim Roulette dauerhaft zu gewinnen. Es sei denn es gelingt Unregelm\u00e4\u00dfigkeiten bei Tischen auszunutzen oder den Kessel in irgendeiner Form zu manipulieren. Wenn man die M\u00f6glichkeit hat einen Roulettetisch lange Zeit auszuwerten und sehr viele Daten zu sammeln, dann kann man daraus die Wahrscheinlichkeiten anpassen. Das ist allerdings eine Wissenschaft f\u00fcr sich und man ben\u00f6tigt wirklich sehr viele Daten. Man kann sich wahrscheinlich eine Woche lang den ganzen Tag an einem Roulettetisch die Ergebnisse notieren und wenn man dann einmal die ersten 1000 Drehs notiert hat, bekommt man Hausverbot weil man sich auff\u00e4llig verh\u00e4lt und nicht selbst spielt, oder der Tisch wird gewechselt oder man findet \u00fcberhaupt keine Unregelm\u00e4\u00dfigkeiten am Tisch. Einen Kesselfehler (<a href=\"http:\/\/de.wikipedia.org\/wiki\/Roulette-Systeme\">siehe Wikipedia<\/a>) kann man lange suchen und selbst wenn man einen gefunden hat, ist es fraglich ob man damit auch Geld machen kann. Stell dir vor du findest heraus, dass an einem Tisch eine bestimmte Gruppe an Zahlen (benachbarte Zahlen auf dem Roulette Rad) um 1,5 % h\u00e4ufiger vorkommt als sie sollte, dann kannst du mit diesen 1,5% nicht einmal wirklich den Hausvorteil \u00fcberwinden und spielst im Prinzip immernoch ohne Vorteil. Fazit: Die Suche nach Kesselfehlern lohnt sich nicht.<\/p>\n<h3><span id=\"Kesselgucken\">Kesselgucken<\/span><\/h3>\n<p>Besser sind Methoden wie Kesselgucken. Auch das ist eine Wissenschaft f\u00fcr sich. Man versucht damit irgendwie Einblick ins Roulette Rad zu bekommen bevor der ber\u00fchmte Spruch &#8222;Rien ne va plus&#8220; erfolgt, man also noch Eins\u00e4tze bringen kann obwohl sich die Kugel schon dreht. Mit bestimmten Methoden kann man bereits sehr fr\u00fch erkennen in welchem Bereich die Kugel wahrscheinlich landen wird. Problematisch sind hier unter anderem die rautenf\u00f6rmigen Hindernisse im Lauf gest\u00f6rt wird, so dass es auch hier immer Abweichsungen gibt. Auch die Croupiers sind keine Roboter und werfen und drehen nicht immer gleich. Allerdings gibt es schon Tendenzen und Muster auf die man setzen kann. Deswegen ist das Kesselgucken auch eine sehr gute Methode &#8211; sofern man wirklich in den Kessel gucken kann, denn das ist das eigentliche Problem. Kein Casino erlaubt es eine aufwendige Laserapparatur aufzustellen.<\/p>\n<h2><span id=\"Online_Roulette_Systeme\">Online Roulette Systeme<\/span><\/h2>\n<p>Es ist eigentlich sehr am\u00fcsant zu lesen welche Systeme es so alles gibt und wie erfinderisch manche Leute mittlerweile geworden sind. Kein Zweifel, Roulette Systeme gibt es wie Sand am Meer und das liegt vor allem daran, dass es erstens ein Traum vieler Menschen ist, und zweitens Anbieter solcher Systeme viel Geld verdienen k\u00f6nnen.<\/p>\n<p>Jeder, der nicht davon tr\u00e4umt ohne viel Aufwand im Internet ein paar tausend Euro (mehr) zu verdienen l\u00fcgt denke ich. Zumindest wenn man wei\u00df wie hart es ist richtig zu arbeiten und t\u00e4glich um 6 Uhr in die Arbeit fahren zu m\u00fcssen. Sp\u00e4testens dann denkt man sich wie angenehm es doch w\u00e4re einfach online Geld zu verdienen. Und siehe da, es gibt die M\u00f6glichkeiten mit Roulette Geld zu verdienen. Behaupten zumindest manch andere.<\/p>\n<p>Die Methoden sind immer gleich: Dem Spieler werden Halbwahrheiten vermittelt und wei\u00df gemacht wie einfach es ist mit Roulette Geld zu gewinnen. Die einfachste Methode ist zum Beispiel indem einem die <a href=\"https:\/\/www.casinozocker.com\/roulette\/strategien\/\">Martingale Strategie<\/a> erkl\u00e4rt wird. Das ist eine Strategie bei der sich ein Ahnungsloser denkt, dass man damit eigentlich nur gewinnen kann. Irrtum! Auch mit dieser Strategie kann man auf lange Sicht kein Geld verdienen.<\/p>\n<h2><span id=\"Roulette_Betrug_im_Internet\">Roulette Betrug im Internet<\/span><\/h2>\n<p>Es ist immer eine heikle Sache von Betrug zu sprechen, aber es ist die wohl treffendste Bezeichnung f\u00fcr das, was man bei vielen Roulette Systemen vorfinden muss. Bevor man \u00fcber Betrug redet, sollte man sich einmal ansehen was das \u00fcberhaupt ist. \u00a7263 StGB: &#8222;Wer in der Absicht, sich oder einem Dritten einen rechtswidrigen Verm\u00f6gensvorteil zu verschaffen, das Verm\u00f6gen eines anderen dadurch besch\u00e4digt, da\u00df er durch Vorspiegelung falscher oder durch Entstellung oder Unterdr\u00fcckung wahrer Tatsachen einen Irrtum erregt oder unterh\u00e4lt, wird mit Freiheitsstrafe bis zu f\u00fcnf Jahren oder mit Geldstrafe bestraft.&#8220; (<a href=\"http:\/\/dejure.org\/gesetze\/StGB\/263.html\" target=\"_blank\">Quelle<\/a>). Eine interessante Diskussion zum Thema Betrug mit Roulette Systemen kannst du auch <a href=\"http:\/\/www.dc-campus.net\/showthread.php?t=1818\" target=\"_blank\">hier<\/a> finden.<\/p>\n<p>Doch was hei\u00dft das im Zusammenhang mit Roulette Systemen? Es geht vor allem um &#8222;Vorspiegelung falscher [&#8230;] Tatsachen&#8220; &#8211; denn das ist genau zutreffend f\u00fcr derartige Systeme. Deren Anbieter behaupten, dass man mit dieser Methode Geld verdienen kann obwohl sie genau wissen, dass es nicht m\u00f6glich ist. Sie verkaufen einfach ihr eBook oder verweisen auf online Casinos wo man das unschlagbare System ausprobieren kann. Dabei muss es nicht immer ein falsches Versprechen sein, sondern es ist auch oft einfach grenzwertig. Denn wer behauptet, dass er professioneller Roulette Spieler ist und bereits seit 8 Jahren spielt, den Lesern dann online Casinos empfiehlt und irgendwo schreibt, dass es nicht m\u00f6glich ist riesige Betr\u00e4ge zu gewinnen, sondern nur kleine, dann ist das im Grunde auch nichts anderes, zumindest jedoch unseri\u00f6s. Andere Beispiele gibt es, die klar behaupten 5000 Euro im Monat mit Roulette zu verdienen &#8211; nat\u00fcrlich ohne daf\u00fcr Beweise zu bringen.<\/p>\n<p>Auch wenn dir kein eBook verkauft wird kann der Anbieter solcher Systeme Geld verdienen und zwar indem er dich an ein online Casino empfiehlt und daf\u00fcr eine Provision bekommt. Das geht schneller als man denkt. Man ist begeistert von einem System, denkt sich &#8222;das muss einfach funktionieren!&#8220;, klickt auf den n\u00e4chsten Link zu einem online Casino, f\u00e4ngt dort an zu spielen und schon bekommt der Betreiber Geld. Das klingt nach einer einfachen M\u00f6glichkeit Geld zu machen und genau das ist es auch.<\/p>\n<p>Der beste Ratschlag, den man in Zusammenhang mit online Roulette Systemen geben kann ist der:<\/p>\n<p style=\"text-align: center;\"><strong>Behauptet jemand mit einem bestimmten System Geld zu verdienen und m\u00f6chte dich zu irgendeiner Handlung bewegen (z.B. Kauf eines eBooks, Software oder Spielen bei einem bestimmten online Casino) dr\u00fccke das rote Kreuz rechts oben!<\/strong><\/p>\n<p>&nbsp;<br \/>\n<strong>Das k\u00f6nnte Dich auch interessieren:<\/strong><\/p>\n<ul>\n<li><a href=\"https:\/\/www.casinozocker.com\/erfahrungen\/\">Die Erfahrungen unserer Zocker mit online Casinos<\/a> &#8211; Lass Dich nicht verarschen, vor allem nicht beim Zocken&#8230;<\/li>\n<li><a href=\"https:\/\/www.casinozocker.com\/roulette\/live\/\">Live Roulette<\/a> &#8211; Spielen mit echten Dealern von zuhause aus, oder sogar mit dem Smartphone<\/li>\n<li><a href=\"https:\/\/www.casinozocker.com\/roulette\/echtgeld\/\">Echtgeld Roulette<\/a> &#8211; oder doch lieber die Angsthasenvariante?<\/li>\n<\/ul>\n","protected":false},"excerpt":{"rendered":"<p>Systeme geh\u00f6ren schon immer zum Spiel &#8211; auch beim Roulette. Schon als dieses sch\u00f6ne Spiel Einzug in die Casinos dieser Welt erhalten hat, wurde versucht mit bestimmten Systemen zu gewinnen. Egal ob durch die Manipulation von Kesseln oder indem mit aufwendigem Material versucht wurde die Wahrscheinlichkeiten wo die Kugel landen wird vorher zu sagen. Seit &hellip;<\/p>\n<p class=\"read-more\"> <a class=\"\" href=\"https:\/\/www.casinozocker.com\/ch\/roulette\/systeme\/\"> <span class=\"screen-reader-text\">Roulette Systeme und Betrug<\/span> Weiterlesen &raquo;<\/a><\/p>\n","protected":false},"author":1,"featured_media":0,"parent":19,"menu_order":0,"comment_status":"open","ping_status":"closed","template":"","meta":[],"yoast_head":"<!-- This site is optimized with the Yoast SEO plugin v16.4 - https:\/\/yoast.com\/wordpress\/plugins\/seo\/ -->\n<title>Roulette Systeme und Betrug - CasinoZocker Schweiz<\/title>\n<meta name=\"robots\" content=\"index, follow, max-snippet:-1, max-image-preview:large, max-video-preview:-1\" \/>\n<link rel=\"canonical\" href=\"https:\/\/www.casinozocker.com\/ch\/roulette\/systeme\/\" \/>\n<meta property=\"og:locale\" content=\"de_DE\" \/>\n<meta property=\"og:type\" content=\"article\" \/>\n<meta property=\"og:title\" content=\"Roulette Systeme und Betrug - CasinoZocker Schweiz\" \/>\n<meta property=\"og:description\" content=\"Systeme geh\u00f6ren schon immer zum Spiel &#8211; auch beim Roulette. Schon als dieses sch\u00f6ne Spiel Einzug in die Casinos dieser Welt erhalten hat, wurde versucht mit bestimmten Systemen zu gewinnen. Egal ob durch die Manipulation von Kesseln oder indem mit aufwendigem Material versucht wurde die Wahrscheinlichkeiten wo die Kugel landen wird vorher zu sagen. Seit &hellip; Roulette Systeme und Betrug Weiterlesen &raquo;\" \/>\n<meta property=\"og:url\" content=\"https:\/\/www.casinozocker.com\/ch\/roulette\/systeme\/\" \/>\n<meta property=\"og:site_name\" content=\"CasinoZocker Schweiz\" \/>\n<meta property=\"article:modified_time\" content=\"2016-12-05T08:48:44+00:00\" \/>\n<meta name=\"twitter:card\" content=\"summary_large_image\" \/>\n<meta name=\"twitter:label1\" content=\"Gesch\u00e4tzte Lesezeit\" \/>\n\t<meta name=\"twitter:data1\" content=\"7\u00a0Minuten\" \/>\n<script type=\"application\/ld+json\" class=\"yoast-schema-graph\">{\"@context\":\"https:\/\/schema.org\",\"@graph\":[{\"@type\":\"WebSite\",\"@id\":\"https:\/\/www.casinozocker.com\/ch\/#website\",\"url\":\"https:\/\/www.casinozocker.com\/ch\/\",\"name\":\"CasinoZocker Schweiz\",\"description\":\"Spielen in online Casinos\",\"potentialAction\":[{\"@type\":\"SearchAction\",\"target\":\"https:\/\/www.casinozocker.com\/ch\/?s={search_term_string}\",\"query-input\":\"required name=search_term_string\"}],\"inLanguage\":\"de\"},{\"@type\":\"WebPage\",\"@id\":\"https:\/\/www.casinozocker.com\/ch\/roulette\/systeme\/#webpage\",\"url\":\"https:\/\/www.casinozocker.com\/ch\/roulette\/systeme\/\",\"name\":\"Roulette Systeme und Betrug - CasinoZocker Schweiz\",\"isPartOf\":{\"@id\":\"https:\/\/www.casinozocker.com\/ch\/#website\"},\"datePublished\":\"2011-12-25T22:46:10+00:00\",\"dateModified\":\"2016-12-05T08:48:44+00:00\",\"breadcrumb\":{\"@id\":\"https:\/\/www.casinozocker.com\/ch\/roulette\/systeme\/#breadcrumb\"},\"inLanguage\":\"de\",\"potentialAction\":[{\"@type\":\"ReadAction\",\"target\":[\"https:\/\/www.casinozocker.com\/ch\/roulette\/systeme\/\"]}]},{\"@type\":\"BreadcrumbList\",\"@id\":\"https:\/\/www.casinozocker.com\/ch\/roulette\/systeme\/#breadcrumb\",\"itemListElement\":[{\"@type\":\"ListItem\",\"position\":1,\"item\":{\"@type\":\"WebPage\",\"@id\":\"https:\/\/www.casinozocker.com\/ch\/\",\"url\":\"https:\/\/www.casinozocker.com\/ch\/\",\"name\":\"Startseite\"}},{\"@type\":\"ListItem\",\"position\":2,\"item\":{\"@type\":\"WebPage\",\"@id\":\"https:\/\/www.casinozocker.com\/ch\/roulette\/\",\"url\":\"https:\/\/www.casinozocker.com\/ch\/roulette\/\",\"name\":\"Roulette\"}},{\"@type\":\"ListItem\",\"position\":3,\"item\":{\"@id\":\"https:\/\/www.casinozocker.com\/ch\/roulette\/systeme\/#webpage\"}}]}]}<\/script>\n<!-- \/ Yoast SEO plugin. -->","_links":{"self":[{"href":"https:\/\/www.casinozocker.com\/ch\/wp-json\/wp\/v2\/pages\/39"}],"collection":[{"href":"https:\/\/www.casinozocker.com\/ch\/wp-json\/wp\/v2\/pages"}],"about":[{"href":"https:\/\/www.casinozocker.com\/ch\/wp-json\/wp\/v2\/types\/page"}],"author":[{"embeddable":true,"href":"https:\/\/www.casinozocker.com\/ch\/wp-json\/wp\/v2\/users\/1"}],"replies":[{"embeddable":true,"href":"https:\/\/www.casinozocker.com\/ch\/wp-json\/wp\/v2\/comments?post=39"}],"version-history":[{"count":2,"href":"https:\/\/www.casinozocker.com\/ch\/wp-json\/wp\/v2\/pages\/39\/revisions"}],"predecessor-version":[{"id":633,"href":"https:\/\/www.casinozocker.com\/ch\/wp-json\/wp\/v2\/pages\/39\/revisions\/633"}],"up":[{"embeddable":true,"href":"https:\/\/www.casinozocker.com\/ch\/wp-json\/wp\/v2\/pages\/19"}],"wp:attachment":[{"href":"https:\/\/www.casinozocker.com\/ch\/wp-json\/wp\/v2\/media?parent=39"}],"curies":[{"name":"wp","href":"https:\/\/api.w.org\/{rel}","templated":true}]}}