{"id":365,"date":"2017-12-27T15:40:39","date_gmt":"2017-12-27T14:40:39","guid":{"rendered":"http:\/\/www.casinozocker.com\/?page_id=365"},"modified":"2020-12-30T13:28:06","modified_gmt":"2020-12-30T12:28:06","slug":"bestes-casino","status":"publish","type":"page","link":"https:\/\/www.casinozocker.com\/ch\/bestes-casino\/","title":{"rendered":"Das beste online Casino f\u00fcr die Schweiz &#8211; CasinoZocker sind gefragt!"},"content":{"rendered":"\r\n<p>Was ist deiner Meinung nach das beste online Casino? Welches Casino \u00fcberzeugt dich am ehesten? Bei welchem Casino bist du dir sicher, dass es mit fairen Mitteln zugeht? Wo gibt es die besten Angebote? Fragen \u00fcber Fragen. Wir m\u00f6chten das alles mit euch beantworten. Wir ma\u00dfen uns nicht an selbst dar\u00fcber zu entscheiden, sondern wir m\u00f6chten, dass ihr dar\u00fcber entscheidet. Das Casino, das am besten abschneidet wird mit dem &#8222;CasinoZocker Award&#8220; ausgezeichnet.<\/p>\r\n\r\n\r\n\r\n<p>Unser Ziel ist es transparent und offen dasjenige Casino zu finden, das unseren CasinoZockern am ehesten zusagt. Denn davon profitieren letztendlich alle CasinoZocker und die, die es werden wollen.<br>Die unserer Meinung nach momentan besten Casinos sind die Folgenden:<\/p>\r\n\r\n\r\n\n<table id=\"tablepress-2\" class=\"tablepress tablepress-id-2\">\n<thead>\n<tr class=\"row-1 odd\">\n\t<th class=\"column-1\">&nbsp;<\/th><th class=\"column-2\"><center>Casino<\/center><\/th><th class=\"column-3\"><center>Bonus<\/center><\/th><th class=\"column-4\"><center>Erfahrungen<\/center><\/th><th class=\"column-5\"><center>Jetzt spielen<\/center><\/th>\n<\/tr>\n<\/thead>\n<tbody>\n<tr class=\"row-2 even\">\n\t<td class=\"column-1\"><br\/>1.<\/td><td class=\"column-2\"><br\/><a href=\"https:\/\/www.casinozocker.com\/gehezu\/888casino\" rel=\"nofollow\"><img src=\"https:\/\/www.casinozocker.com\/wp-content\/uploads\/logo\/logo-888.png\" width=\"100\" height=\"30\"><\/a><\/td><td class=\"column-3\"><br\/>88\u20ac no deposit<\/td><td class=\"column-4\"><br\/><a href=\"https:\/\/www.casinozocker.com\/erfahrungen\/888-casino\/\">Erfahrungen<\/a><\/td><td class=\"column-5\"><br\/><a class=\"ctabutton\" title=\"Jetzt spielen\" href=\"https:\/\/www.casinozocker.com\/gehezu\/888casino\" rel=\"nofollow\">Jetzt zocken!<\/a><br \/>\n&nbsp;<\/td>\n<\/tr>\n<tr class=\"row-3 odd\">\n\t<td class=\"column-1\"><br\/>2.<\/td><td class=\"column-2\"><br\/><a href=\"https:\/\/www.casinozocker.com\/gehezu\/jackpotcity\" rel=\"nofollow\"><img src=\"https:\/\/www.casinozocker.com\/wp-content\/uploads\/logo\/logo-jackpotcity.png\" width=\"100\" height=\"30\"><\/a><\/td><td class=\"column-3\"><br\/>1600\u20ac<\/td><td class=\"column-4\"><br\/><a href=\"https:\/\/www.casinozocker.com\/erfahrungen\/jackpotcity-casino\/\">Erfahrungen<\/a><\/td><td class=\"column-5\"><br\/><a class=\"ctabutton\" title=\"Jetzt spielen\" href=\"https:\/\/www.casinozocker.com\/gehezu\/jackpotcity\" rel=\"nofollow\">Jetzt zocken!<\/a><br \/>\n&nbsp;<\/td>\n<\/tr>\n<tr class=\"row-4 even\">\n\t<td class=\"column-1\"><br\/>3.<\/td><td class=\"column-2\"><br\/><a href=\"https:\/\/www.casinozocker.com\/gehezu\/leovegas\" rel=\"nofollow\"><img src=\"https:\/\/www.casinozocker.com\/wp-content\/uploads\/logo\/logo-leovegas.png\" width=\"100\" height=\"30\"><\/a><\/td><td class=\"column-3\"><br\/>1200\u20ac<\/td><td class=\"column-4\"><br\/><a href=\"https:\/\/www.casinozocker.com\/erfahrungen\/leovegas\/\">Erfahrungen<\/a><\/td><td class=\"column-5\"><br\/><a class=\"ctabutton\" title=\"Jetzt spielen\" href=\"https:\/\/www.casinozocker.com\/gehezu\/leovegas\" rel=\"nofollow\">Jetzt zocken!<\/a><br \/>\n&nbsp;<\/td>\n<\/tr>\n<\/tbody>\n<\/table>\n<!-- #tablepress-2 from cache -->\n\r\n\r\n\r\n<p>Ihr d\u00fcrft in den Kommentaren diskutieren wie ihr wollt. Ihr d\u00fcrft neue Casinos vorschlagen und ihr d\u00fcrft eure Meinung zu jedem Casino sagen. Aber es gibt auch ein paar Regeln: Wenn du irgendeine besondere Beziehung zu einem Casino hast, wie zum Beispiel, dass es deinem Schwager geh\u00f6rt oder du sonst wie voreingenommen bist, lasse das Abstimmen und Kommentieren sein. Au\u00dferdem: Mach keine Behauptungen oder Vorw\u00fcrfe, die du nicht beweisen kannst. &#8222;Ich habe das Gef\u00fchl, dass dort betrogen wird weil ich 100 Euro verloren habe&#8220; ist keine ehrliche Meinung sondern eher Verleumdung. Unterlasse solche Kommentare einfach.<\/p>\r\n\r\n\r\n\r\n<p>Ansonsten gilt: Fr\u00f6hliches Kommentieren und Abstimmen!<\/p>\r\n\r\n\r\n\r\n<p>PS: Hier findest Du eine <a href=\"https:\/\/www.casinozocker.com\/erfahrungen\/casino-bewertungen\/\">\u00dcbersicht mit allen von Usern auf CasinoZocker bewerteten Casinos<\/a>!<\/p>\r\n","protected":false},"excerpt":{"rendered":"<p>Was ist deiner Meinung nach das beste online Casino? Welches Casino \u00fcberzeugt dich am ehesten? Bei welchem Casino bist du dir sicher, dass es mit fairen Mitteln zugeht? Wo gibt es die besten Angebote? Fragen \u00fcber Fragen. Wir m\u00f6chten das alles mit euch beantworten. Wir ma\u00dfen uns nicht an selbst dar\u00fcber zu entscheiden, sondern wir &hellip;<\/p>\n<p class=\"read-more\"> <a class=\"\" href=\"https:\/\/www.casinozocker.com\/ch\/bestes-casino\/\"> <span class=\"screen-reader-text\">Das beste online Casino f\u00fcr die Schweiz &#8211; CasinoZocker sind gefragt!<\/span> Weiterlesen &raquo;<\/a><\/p>\n","protected":false},"author":1,"featured_media":0,"parent":0,"menu_order":0,"comment_status":"open","ping_status":"open","template":"","meta":[],"yoast_head":"<!-- This site is optimized with the Yoast SEO plugin v16.4 - https:\/\/yoast.com\/wordpress\/plugins\/seo\/ -->\n<title>Das beste online Casino f\u00fcr die Schweiz - CasinoZocker sind gefragt! - CasinoZocker Schweiz<\/title>\n<meta name=\"robots\" content=\"index, follow, max-snippet:-1, max-image-preview:large, max-video-preview:-1\" \/>\n<link rel=\"canonical\" href=\"https:\/\/www.casinozocker.com\/ch\/bestes-casino\/\" \/>\n<meta property=\"og:locale\" content=\"de_DE\" \/>\n<meta property=\"og:type\" content=\"article\" \/>\n<meta property=\"og:title\" content=\"Das beste online Casino f\u00fcr die Schweiz - CasinoZocker sind gefragt! - CasinoZocker Schweiz\" \/>\n<meta property=\"og:description\" content=\"Was ist deiner Meinung nach das beste online Casino? Welches Casino \u00fcberzeugt dich am ehesten? Bei welchem Casino bist du dir sicher, dass es mit fairen Mitteln zugeht? Wo gibt es die besten Angebote? Fragen \u00fcber Fragen. Wir m\u00f6chten das alles mit euch beantworten. Wir ma\u00dfen uns nicht an selbst dar\u00fcber zu entscheiden, sondern wir &hellip; Das beste online Casino f\u00fcr die Schweiz &#8211; CasinoZocker sind gefragt! Weiterlesen &raquo;\" \/>\n<meta property=\"og:url\" content=\"https:\/\/www.casinozocker.com\/ch\/bestes-casino\/\" \/>\n<meta property=\"og:site_name\" content=\"CasinoZocker Schweiz\" \/>\n<meta property=\"article:modified_time\" content=\"2020-12-30T12:28:06+00:00\" \/>\n<meta name=\"twitter:card\" content=\"summary_large_image\" \/>\n<meta name=\"twitter:label1\" content=\"Gesch\u00e4tzte Lesezeit\" \/>\n\t<meta name=\"twitter:data1\" content=\"1\u00a0Minute\" \/>\n<script type=\"application\/ld+json\" class=\"yoast-schema-graph\">{\"@context\":\"https:\/\/schema.org\",\"@graph\":[{\"@type\":\"WebSite\",\"@id\":\"https:\/\/www.casinozocker.com\/ch\/#website\",\"url\":\"https:\/\/www.casinozocker.com\/ch\/\",\"name\":\"CasinoZocker Schweiz\",\"description\":\"Spielen in online Casinos\",\"potentialAction\":[{\"@type\":\"SearchAction\",\"target\":\"https:\/\/www.casinozocker.com\/ch\/?s={search_term_string}\",\"query-input\":\"required name=search_term_string\"}],\"inLanguage\":\"de\"},{\"@type\":\"WebPage\",\"@id\":\"https:\/\/www.casinozocker.com\/ch\/bestes-casino\/#webpage\",\"url\":\"https:\/\/www.casinozocker.com\/ch\/bestes-casino\/\",\"name\":\"Das beste online Casino f\\u00fcr die Schweiz - CasinoZocker sind gefragt! - CasinoZocker Schweiz\",\"isPartOf\":{\"@id\":\"https:\/\/www.casinozocker.com\/ch\/#website\"},\"datePublished\":\"2017-12-27T14:40:39+00:00\",\"dateModified\":\"2020-12-30T12:28:06+00:00\",\"breadcrumb\":{\"@id\":\"https:\/\/www.casinozocker.com\/ch\/bestes-casino\/#breadcrumb\"},\"inLanguage\":\"de\",\"potentialAction\":[{\"@type\":\"ReadAction\",\"target\":[\"https:\/\/www.casinozocker.com\/ch\/bestes-casino\/\"]}]},{\"@type\":\"BreadcrumbList\",\"@id\":\"https:\/\/www.casinozocker.com\/ch\/bestes-casino\/#breadcrumb\",\"itemListElement\":[{\"@type\":\"ListItem\",\"position\":1,\"item\":{\"@type\":\"WebPage\",\"@id\":\"https:\/\/www.casinozocker.com\/ch\/\",\"url\":\"https:\/\/www.casinozocker.com\/ch\/\",\"name\":\"Startseite\"}},{\"@type\":\"ListItem\",\"position\":2,\"item\":{\"@id\":\"https:\/\/www.casinozocker.com\/ch\/bestes-casino\/#webpage\"}}]}]}<\/script>\n<!-- \/ Yoast SEO plugin. -->","_links":{"self":[{"href":"https:\/\/www.casinozocker.com\/ch\/wp-json\/wp\/v2\/pages\/365"}],"collection":[{"href":"https:\/\/www.casinozocker.com\/ch\/wp-json\/wp\/v2\/pages"}],"about":[{"href":"https:\/\/www.casinozocker.com\/ch\/wp-json\/wp\/v2\/types\/page"}],"author":[{"embeddable":true,"href":"https:\/\/www.casinozocker.com\/ch\/wp-json\/wp\/v2\/users\/1"}],"replies":[{"embeddable":true,"href":"https:\/\/www.casinozocker.com\/ch\/wp-json\/wp\/v2\/comments?post=365"}],"version-history":[{"count":8,"href":"https:\/\/www.casinozocker.com\/ch\/wp-json\/wp\/v2\/pages\/365\/revisions"}],"predecessor-version":[{"id":1597,"href":"https:\/\/www.casinozocker.com\/ch\/wp-json\/wp\/v2\/pages\/365\/revisions\/1597"}],"wp:attachment":[{"href":"https:\/\/www.casinozocker.com\/ch\/wp-json\/wp\/v2\/media?parent=365"}],"curies":[{"name":"wp","href":"https:\/\/api.w.org\/{rel}","templated":true}]}}