{"id":350,"date":"2014-09-11T23:11:41","date_gmt":"2014-09-11T21:11:41","guid":{"rendered":"http:\/\/www.casinozocker.com\/?page_id=350"},"modified":"2020-10-13T09:39:17","modified_gmt":"2020-10-13T07:39:17","slug":"live","status":"publish","type":"page","link":"https:\/\/www.casinozocker.com\/ch\/roulette\/live\/","title":{"rendered":"Live Dealer Roulette &#8211; Eigentlich eine geile Kombination!"},"content":{"rendered":"<p>Der Live Dealer Trend kam vor einigen Jahren auf und irgendwie wollte jeder, dass man es mal ausprobiert. Man konnte kein Forum besuchen oder sich \u00fcber online Casinos unterhalten ohne dass das Thema Live Dealer aufkam. Manche waren absolut begeistert, aber so wirklich nachvollziehen konnte ich den Trend nicht. Es wurde dann auch schnell wieder ruhig und man konnte auch wieder Unterhaltungen \u00fcber Boni, Jackpots und mobile Spiele f\u00fchren. Letzten Monat bin ich dann wieder mit live Roulette in Ber\u00fchrung gekommen und muss ganz ehrlich sagen, dass ich begeistert war. Die Software war anfangs noch nicht gut ausgereift, aber mittlerweile ist sie das definitiv. Aber genug geredet, schauen wir uns die Fakten an!<\/p>\n<p>Beim live Dealer Roulette setzt man sich virtuell an einen Tisch im Casino. Man hat den Croupier (meistens eine nett aussehende Dame) am Bildschirm und darunter sitzt man an einem virtuellen Roulette Tisch wie man ihn in jedem online Casino vorfindet. Dort t\u00e4tigt man seine Eins\u00e4tze. Die nette Dame dreht das Rad und gibt dann ein wo die Kugel gelandet ist. Heute wird es teilweise sogar eigenst\u00e4ndig erkannt, so dass sie gar nichts machen und weiter in die Kamera l\u00e4cheln kann. Und dann werden auch schon die Gewinne angezeigt wie man es halt gewohnt ist. Sehr viel komplizierter ist es nicht und jeder, der auch nur ein bisschen Erfahrung mit online Casinos mitbringt wird mit live Roulette auch keine Schwierigkeiten haben. <\/p>\n<p>Die Frage, die man sich eher stellen sollte ist ob live Roulette auch das Richtige f\u00fcr einen ist, oder ob man vielleicht nicht doch eher beim klassischen online Roulette bleiben sollte. Die Frage ist eigentlich ganz einfach zu beantworten. Am einfachsten ist es wenn man sich einfach mal bei einem live Casino anmeldet und sich die Sache anschaut. Das dauert auch nur ein paar Minuten und man kann eben sein eigenes Bild machen. Das finde ich pers\u00f6nlich immer besser als ewig zu googeln und Stunden lang Informationen zu sammeln.<\/p>\n<p>Eine gute M\u00f6glichkeit ist <strong><a href=\"https:\/\/www.casinozocker.com\/gehezu\/888casino\" rel=\"nofollow\">zum Beispiel ist zum Beispiel das 888 Casino<\/a><\/strong>, die schon von Anfang an auf live Dealer gesetzt haben. Und das zu einer Zeit wo es alles andere als sicher war ob der Trend halten wird oder nicht. <\/p>\n<p>Aber meine Meinung dazu m\u00f6chte ich schon noch loswerden: Live Dealer Casinos sind vor allem etwas f\u00fcr Spieler, die gepflegte Casino Unterhaltung sch\u00e4tzen und auch die n\u00f6tige Geduld mitbringen. Jemand, der kaum erwarten kann, dass er wieder am Spielautomaten drehen darf oder dass die Kugel im Feld gelandet ist, wird mit live Roulette sicherlich nicht viel Freude haben. Ja, es dauert halt einfach ein bisschen l\u00e4nger &#8211; die guten Damen sehen zwar gut aus, sind aber keine D-Z\u00fcge. <\/p>\n<p>Dann ist live Roulette eigentlich nur etwas f\u00fcr Leute, die die Atmosph\u00e4re eines richtigen Casinos zu sch\u00e4tzen wissen. Das k\u00f6nnen nicht mehr so viele, gerade diejenigen, die mit online Casinos gro\u00df geworden sind. Bei mir ist es auch so, dass ich vielleicht 20 mal in einem richtigen Casino war. Online habe ich daf\u00fcr schon hunderte male gespielt (wenn es reicht&#8230;). Es soll richtige online Zocker geben, die noch nie ein richtiges Casino von innen gesehen haben. Sie k\u00f6nnen das dann oft auch gar nicht richtig einsch\u00e4tzen. Ich denke nicht, dass sie viel Spa\u00df bei live Dealer Roulette h\u00e4tten um ehrlich zu sein. <\/p>\n<h2>Das richtige Casino<\/h2>\n<p>Durch den live Dealer Trend sind viele neue Casinos aus dem Boden geschossen und jeder hat von sich behauptet das beste live Casino der Welt zu sein. Sie haben alles angeboten, von Roulette \u00fcber Blackjack, Hold'em und Baccarat. Ich pers\u00f6nlich bin nie auf diesen Zug aufgesprungen und habe mir gedacht: Das Wichtigste bei online Casinos ist die Sicherheit, immerhin ist da wirklich auch Geld im Spiel und wenn ich gewinne, m\u00f6chte ich sicher sein auch ausbezahlt zu werden. Bei den gro\u00dfen und bekannten Casinos ist das sicherlich der Fall und dort hatte ich auch noch nie Probleme. Aber bei so ganz neuen Casinos? Da wei\u00df man es eigentlich nie sicher. Klar k\u00f6nnte es seri\u00f6s sein, aber es kann auch ganz anders laufen. Wenn ich heute nach &#8222;live Roulette&#8220; google, finde ich eher weniger Informationen sondern etliche online Casinos, die es auf diese Suchbegriffe abgesehen haben. Eben sowas wie <a href=\"http:\/\/www.casinosieger.com\/\" rel=\"nofollow noopener noreferrer\" target=\"_blank\">das hier<\/a>. Dieses Casino habe ich sonst noch nie gesehen, aber hier taucht es auf einmal auf. Dann wirkt die Seite einfach unprofessionell und es ist klar, dass der live Aspekt hervor gehoben werden soll. Also ich pers\u00f6nlich w\u00fcrde so einer Seite mein Geld nicht anvertrauen wollen. Das ist nat\u00fcrlich meine ganz eigene Meinung, aber sie ist eigentlich gut begr\u00fcndet.<\/p>\n","protected":false},"excerpt":{"rendered":"<p>Der Live Dealer Trend kam vor einigen Jahren auf und irgendwie wollte jeder, dass man es mal ausprobiert. Man konnte kein Forum besuchen oder sich \u00fcber online Casinos unterhalten ohne dass das Thema Live Dealer aufkam. Manche waren absolut begeistert, aber so wirklich nachvollziehen konnte ich den Trend nicht. Es wurde dann auch schnell wieder &hellip;<\/p>\n<p class=\"read-more\"> <a class=\"\" href=\"https:\/\/www.casinozocker.com\/ch\/roulette\/live\/\"> <span class=\"screen-reader-text\">Live Dealer Roulette &#8211; Eigentlich eine geile Kombination!<\/span> Weiterlesen &raquo;<\/a><\/p>\n","protected":false},"author":1,"featured_media":0,"parent":19,"menu_order":0,"comment_status":"open","ping_status":"closed","template":"","meta":[],"yoast_head":"<!-- This site is optimized with the Yoast SEO plugin v16.4 - https:\/\/yoast.com\/wordpress\/plugins\/seo\/ -->\n<title>Live Dealer Roulette - Eigentlich eine geile Kombination! - CasinoZocker Schweiz<\/title>\n<meta name=\"robots\" content=\"index, follow, max-snippet:-1, max-image-preview:large, max-video-preview:-1\" \/>\n<link rel=\"canonical\" href=\"https:\/\/www.casinozocker.com\/ch\/roulette\/live\/\" \/>\n<meta property=\"og:locale\" content=\"de_DE\" \/>\n<meta property=\"og:type\" content=\"article\" \/>\n<meta property=\"og:title\" content=\"Live Dealer Roulette - Eigentlich eine geile Kombination! - CasinoZocker Schweiz\" \/>\n<meta property=\"og:description\" content=\"Der Live Dealer Trend kam vor einigen Jahren auf und irgendwie wollte jeder, dass man es mal ausprobiert. Man konnte kein Forum besuchen oder sich \u00fcber online Casinos unterhalten ohne dass das Thema Live Dealer aufkam. Manche waren absolut begeistert, aber so wirklich nachvollziehen konnte ich den Trend nicht. Es wurde dann auch schnell wieder &hellip; Live Dealer Roulette &#8211; Eigentlich eine geile Kombination! Weiterlesen &raquo;\" \/>\n<meta property=\"og:url\" content=\"https:\/\/www.casinozocker.com\/ch\/roulette\/live\/\" \/>\n<meta property=\"og:site_name\" content=\"CasinoZocker Schweiz\" \/>\n<meta property=\"article:modified_time\" content=\"2020-10-13T07:39:17+00:00\" \/>\n<meta name=\"twitter:card\" content=\"summary_large_image\" \/>\n<meta name=\"twitter:label1\" content=\"Gesch\u00e4tzte Lesezeit\" \/>\n\t<meta name=\"twitter:data1\" content=\"4\u00a0Minuten\" \/>\n<script type=\"application\/ld+json\" class=\"yoast-schema-graph\">{\"@context\":\"https:\/\/schema.org\",\"@graph\":[{\"@type\":\"WebSite\",\"@id\":\"https:\/\/www.casinozocker.com\/ch\/#website\",\"url\":\"https:\/\/www.casinozocker.com\/ch\/\",\"name\":\"CasinoZocker Schweiz\",\"description\":\"Spielen in online Casinos\",\"potentialAction\":[{\"@type\":\"SearchAction\",\"target\":\"https:\/\/www.casinozocker.com\/ch\/?s={search_term_string}\",\"query-input\":\"required name=search_term_string\"}],\"inLanguage\":\"de\"},{\"@type\":\"WebPage\",\"@id\":\"https:\/\/www.casinozocker.com\/ch\/roulette\/live\/#webpage\",\"url\":\"https:\/\/www.casinozocker.com\/ch\/roulette\/live\/\",\"name\":\"Live Dealer Roulette - Eigentlich eine geile Kombination! - CasinoZocker Schweiz\",\"isPartOf\":{\"@id\":\"https:\/\/www.casinozocker.com\/ch\/#website\"},\"datePublished\":\"2014-09-11T21:11:41+00:00\",\"dateModified\":\"2020-10-13T07:39:17+00:00\",\"breadcrumb\":{\"@id\":\"https:\/\/www.casinozocker.com\/ch\/roulette\/live\/#breadcrumb\"},\"inLanguage\":\"de\",\"potentialAction\":[{\"@type\":\"ReadAction\",\"target\":[\"https:\/\/www.casinozocker.com\/ch\/roulette\/live\/\"]}]},{\"@type\":\"BreadcrumbList\",\"@id\":\"https:\/\/www.casinozocker.com\/ch\/roulette\/live\/#breadcrumb\",\"itemListElement\":[{\"@type\":\"ListItem\",\"position\":1,\"item\":{\"@type\":\"WebPage\",\"@id\":\"https:\/\/www.casinozocker.com\/ch\/\",\"url\":\"https:\/\/www.casinozocker.com\/ch\/\",\"name\":\"Startseite\"}},{\"@type\":\"ListItem\",\"position\":2,\"item\":{\"@type\":\"WebPage\",\"@id\":\"https:\/\/www.casinozocker.com\/ch\/roulette\/\",\"url\":\"https:\/\/www.casinozocker.com\/ch\/roulette\/\",\"name\":\"Roulette\"}},{\"@type\":\"ListItem\",\"position\":3,\"item\":{\"@id\":\"https:\/\/www.casinozocker.com\/ch\/roulette\/live\/#webpage\"}}]}]}<\/script>\n<!-- \/ Yoast SEO plugin. -->","_links":{"self":[{"href":"https:\/\/www.casinozocker.com\/ch\/wp-json\/wp\/v2\/pages\/350"}],"collection":[{"href":"https:\/\/www.casinozocker.com\/ch\/wp-json\/wp\/v2\/pages"}],"about":[{"href":"https:\/\/www.casinozocker.com\/ch\/wp-json\/wp\/v2\/types\/page"}],"author":[{"embeddable":true,"href":"https:\/\/www.casinozocker.com\/ch\/wp-json\/wp\/v2\/users\/1"}],"replies":[{"embeddable":true,"href":"https:\/\/www.casinozocker.com\/ch\/wp-json\/wp\/v2\/comments?post=350"}],"version-history":[{"count":5,"href":"https:\/\/www.casinozocker.com\/ch\/wp-json\/wp\/v2\/pages\/350\/revisions"}],"predecessor-version":[{"id":1563,"href":"https:\/\/www.casinozocker.com\/ch\/wp-json\/wp\/v2\/pages\/350\/revisions\/1563"}],"up":[{"embeddable":true,"href":"https:\/\/www.casinozocker.com\/ch\/wp-json\/wp\/v2\/pages\/19"}],"wp:attachment":[{"href":"https:\/\/www.casinozocker.com\/ch\/wp-json\/wp\/v2\/media?parent=350"}],"curies":[{"name":"wp","href":"https:\/\/api.w.org\/{rel}","templated":true}]}}