{"id":336,"date":"2013-11-25T10:57:39","date_gmt":"2013-11-25T09:57:39","guid":{"rendered":"http:\/\/www.casinozocker.com\/?page_id=336"},"modified":"2016-11-22T00:05:02","modified_gmt":"2016-11-21T23:05:02","slug":"online-zocken","status":"publish","type":"page","link":"https:\/\/www.casinozocker.com\/ch\/erfahrungen\/online-zocken\/","title":{"rendered":"Wo soll man bittesch\u00f6n heute online Zocken?"},"content":{"rendered":"<p>Eigentlich\u00a0sind es sch\u00f6ne Zeiten. Wer\u00a0h\u00e4tte\u00a0sich vor f\u00fcnf Jahren ausmalen k\u00f6nnen welche M\u00f6glichkeiten wir heute haben? Wer\u00a0h\u00e4tte\u00a0gedacht, dass wir uns heute mit dem Smartphone durch die Stadt navigieren, Emails verschicken oder dem <i>iPhone<\/i> sagen, dass wir heute um 19 Uhr noch ein Abendessen mit zwei Freunden geplant haben. Und das allerbeste: das ist erst der Anfang!\u00a0Aber\u00a0trotzdem\u00a0sind wir teilweise mit diesem Fortschritt\u00a0v\u00f6llig\u00a0\u00fcberfordert. Wir halten uns zwar auf dem Laufenden, versuchen\u00a0immer\u00a0die neusten Produkte zu besitzen,\u00a0aber\u00a0letztendlich\u00a0k\u00f6nnen wir nicht alles wissen, \u00a0nicht alles mitbekommen und nicht alles ausprobieren. Genauso ist es\u00a0auch\u00a0wenn man online zocken\u00a0m\u00f6chte. Zocken hei\u00dft nicht\u00a0nur\u00a0spielen. Zocken hei\u00dft Risiko einzugehen und richtig gewinnen zu k\u00f6nnen. Man\u00a0m\u00f6chte\u00a0Spannung und Thrill. Man\u00a0m\u00f6chte\u00a0keinen Lottoschein ausf\u00fcllen und paar Tage warten ob man gewonnen hat. Man\u00a0m\u00f6chte\u00a0sofort wissen ob es f\u00fcr den gro\u00dfen Gewinn gereicht hat oder nicht.\u00a0<b>So und nicht anders!<\/b><\/p>\n<h2>Die besten Casinos<\/h2>\n\n<table id=\"tablepress-2\" class=\"tablepress tablepress-id-2\">\n<thead>\n<tr class=\"row-1 odd\">\n\t<th class=\"column-1\">&nbsp;<\/th><th class=\"column-2\"><center>Casino<\/center><\/th><th class=\"column-3\"><center>Bonus<\/center><\/th><th class=\"column-4\"><center>Erfahrungen<\/center><\/th><th class=\"column-5\"><center>Jetzt spielen<\/center><\/th>\n<\/tr>\n<\/thead>\n<tbody>\n<tr class=\"row-2 even\">\n\t<td class=\"column-1\"><br\/>1.<\/td><td class=\"column-2\"><br\/><a href=\"https:\/\/www.casinozocker.com\/gehezu\/888casino\" rel=\"nofollow\"><img src=\"https:\/\/www.casinozocker.com\/wp-content\/uploads\/logo\/logo-888.png\" width=\"100\" height=\"30\"><\/a><\/td><td class=\"column-3\"><br\/>88\u20ac no deposit<\/td><td class=\"column-4\"><br\/><a href=\"https:\/\/www.casinozocker.com\/erfahrungen\/888-casino\/\">Erfahrungen<\/a><\/td><td class=\"column-5\"><br\/><a class=\"ctabutton\" title=\"Jetzt spielen\" href=\"https:\/\/www.casinozocker.com\/gehezu\/888casino\" rel=\"nofollow\">Jetzt zocken!<\/a><br \/>\n&nbsp;<\/td>\n<\/tr>\n<tr class=\"row-3 odd\">\n\t<td class=\"column-1\"><br\/>2.<\/td><td class=\"column-2\"><br\/><a href=\"https:\/\/www.casinozocker.com\/gehezu\/jackpotcity\" rel=\"nofollow\"><img src=\"https:\/\/www.casinozocker.com\/wp-content\/uploads\/logo\/logo-jackpotcity.png\" width=\"100\" height=\"30\"><\/a><\/td><td class=\"column-3\"><br\/>1600\u20ac<\/td><td class=\"column-4\"><br\/><a href=\"https:\/\/www.casinozocker.com\/erfahrungen\/jackpotcity-casino\/\">Erfahrungen<\/a><\/td><td class=\"column-5\"><br\/><a class=\"ctabutton\" title=\"Jetzt spielen\" href=\"https:\/\/www.casinozocker.com\/gehezu\/jackpotcity\" rel=\"nofollow\">Jetzt zocken!<\/a><br \/>\n&nbsp;<\/td>\n<\/tr>\n<tr class=\"row-4 even\">\n\t<td class=\"column-1\"><br\/>3.<\/td><td class=\"column-2\"><br\/><a href=\"https:\/\/www.casinozocker.com\/gehezu\/leovegas\" rel=\"nofollow\"><img src=\"https:\/\/www.casinozocker.com\/wp-content\/uploads\/logo\/logo-leovegas.png\" width=\"100\" height=\"30\"><\/a><\/td><td class=\"column-3\"><br\/>1200\u20ac<\/td><td class=\"column-4\"><br\/><a href=\"https:\/\/www.casinozocker.com\/erfahrungen\/leovegas\/\">Erfahrungen<\/a><\/td><td class=\"column-5\"><br\/><a class=\"ctabutton\" title=\"Jetzt spielen\" href=\"https:\/\/www.casinozocker.com\/gehezu\/leovegas\" rel=\"nofollow\">Jetzt zocken!<\/a><br \/>\n&nbsp;<\/td>\n<\/tr>\n<\/tbody>\n<\/table>\n<!-- #tablepress-2 from cache -->\n<p>Aber\u00a0zurecht muss man sich die Frage stellen wo man heutzutage online zocken kann. Daddeln und langweiliges Spielen ist\u00a0nat\u00fcrlich\u00a0\u00fcberall\u00a0m\u00f6glich.\u00a0Dazu\u00a0muss man sich\u00a0nur\u00a0mal\u00a0einen <b>Werbeblock auf Pro7<\/b> anschauen.\u00a0Denn\u00a0dort werden einem kurz und knapp die &#8222;tollsten&#8220; online Spiele wie <i>Goodgame Empire<\/i>, <i>MylittleFarm<\/i> und was es\u00a0sonst\u00a0noch\u00a0so\u00a0gibt pr\u00e4sentiert.\u00a0Aber\u00a0nennst du das zocken? Das ist\u00a0doch\u00a0eher ein Zeitvertreib oder eher ein <b>Zeitvernichter<\/b>. Man baut Stunden\/Tage\/Wochen an\u00a0etwas\u00a0und soll\u00a0dann\u00a0f\u00fcr irgendwelche Items bezahlen. Das ist das ganze Modell, das dahinter steckt. Das hat\u00a0aber\u00a0wenig mit Zocken zu tun,\u00a0denn\u00a0beim Zocken\u00a0m\u00f6chte\u00a0man nicht seine Zeit opfern. Man\u00a0m\u00f6chte\u00a0schnell Ergebnisse sehen und man\u00a0m\u00f6chte\u00a0in kurzer Zeit\u00a0m\u00f6glichst\u00a0viel Spa\u00df haben.\u00a0Auch\u00a0das ist kein Problem mehr heutzutage, zumindest wenn man wei\u00df wo und wie.<\/p>\n<h2>Warum online zocken?<\/h2>\n<p>Wenn du nicht nur spielen, sondern gescheit zocken willst brauchst du nat\u00fcrlich die passende Umgebung. Diese bieten dir eben keine Denkspiele, Strategie Spiele und auch nur wenige Actionspiele. Wenn du schon einmal in einem Casino warst und dort Gas gegeben hast sollte dir aufgefallen sein, dass das der Inbegriff von Zocken ist. Zwar spricht man auch von Casino Spielen, aber Zocken trifft es dann doch am besten. Nirgendwo sonst kann man in so kurzer Zeit so viel Geld gewinnen. Nirgendwo sonst kann man aus 50 Cent Millionen machen! Nat\u00fcrlich wird man nicht immer gewinnen und nat\u00fcrlich gibt es keinerlei Garantien. Aber Fakt ist, dass es die einzige M\u00f6glichkeit ist wirklich abzur\u00e4umen und den Thrill zu erleben. Wei\u00dft du wie es ist 10 Cent in einen Spielautomaten zu stecken und alles blinken zu sehen? Du merkst sofort, dass irgendwas passiert ist, aber du wei\u00dft nicht was. Du schaust auf die Symbole und deren Reihenfolge ob sie dir etwas sagt. Und irgendwann schweift dein Blick Richtung \u201eEinsatz und Auszahlung\u201c und dann steht dort 1827 Euro \u2013 herzlichen Gl\u00fcckwunsch! Also f\u00fcr mich gibt es nur wenige Gef\u00fchle, die da mithalten k\u00f6nnen. Ok, beim Sex sieht es \u00e4hnlich aus, aber das ist nicht vergleichbar. Aus 10 Cent 1800 Euro zu machen nur indem man einen Knopf gedr\u00fcckt hat ist schon ein verdammt geiles Gef\u00fchl! Das ist auch der Grund <b>warum ich gerne online zocke<\/b>! Welche Gr\u00fcnde brauchst du noch?<\/p>\n<h2>Wo online zocken?<\/h2>\n<p>Aber es gibt noch ein Gef\u00fchl, das dieses in den Schatten stellen kann. Und viele Spieler denken \u00fcberhaupt nicht daran. Das kann zu einem gro\u00dfen Problem werden und sollte daher unbedingt vermieden werden. Denn was gibt es schlimmeres als Geld zu verlieren (was in einem Casino nicht un\u00fcblich ist)? Genau: Geld zu gewinnen und es nicht zu bekommen! Eine absolute Katastrophe, die man keinem W\u00fcnschen m\u00f6chte. Kennen Sie den Fall des Schweizers, der in einem \u00d6sterreichischen Casino mehrere Millionen gewonnen hat? Casino Austria verweigerte die Auszahlung weil es angeblich einen Softwarefehler gab. Klar, das kann theoretisch passieren, aber wer kann das im Nachhinein wirklich sagen? Ist es nur eine Ausrede gewesen? Hat der Schweizer geschummelt? Das sind alles Fragen, die w\u00e4hrend eines langen Prozesses beantwortet werden sollten. Am Ende hat man sich doch finanziell einigen k\u00f6nnen.<\/p>\n<p><b>Fazit<\/b>: Es kann eine Menge schief gehen. Nicht nur in richtigen Casinos, sondern auch in einem online Casino! Zu verhindern ist das ganz einfach dadurch indem man nur in seri\u00f6sen und verl\u00e4sslichen Casinos spielt. F\u00fcr uns von Casinozocker.com ist es unm\u00f6glich den gesamten Markt zu \u00fcberblicken. Deswegen sollte sich jeder Spieler selbst im Vorfeld informieren. Hierzu gibt es einige gro\u00dfartige Seiten oder richtige &#8222;Wachseiten&#8220; \u00e0 la <a href=\"http:\/\/www.casinomeister.com\/\" target=\"_blank\">Casinomeister<\/a>.<\/p>\n","protected":false},"excerpt":{"rendered":"<p>Eigentlich\u00a0sind es sch\u00f6ne Zeiten. Wer\u00a0h\u00e4tte\u00a0sich vor f\u00fcnf Jahren ausmalen k\u00f6nnen welche M\u00f6glichkeiten wir heute haben? Wer\u00a0h\u00e4tte\u00a0gedacht, dass wir uns heute mit dem Smartphone durch die Stadt navigieren, Emails verschicken oder dem iPhone sagen, dass wir heute um 19 Uhr noch ein Abendessen mit zwei Freunden geplant haben. Und das allerbeste: das ist erst der Anfang!\u00a0Aber\u00a0trotzdem\u00a0sind &hellip;<\/p>\n<p class=\"read-more\"> <a class=\"\" href=\"https:\/\/www.casinozocker.com\/ch\/erfahrungen\/online-zocken\/\"> <span class=\"screen-reader-text\">Wo soll man bittesch\u00f6n heute online Zocken?<\/span> Weiterlesen &raquo;<\/a><\/p>\n","protected":false},"author":1,"featured_media":0,"parent":48,"menu_order":0,"comment_status":"open","ping_status":"closed","template":"","meta":[],"yoast_head":"<!-- This site is optimized with the Yoast SEO plugin v16.4 - https:\/\/yoast.com\/wordpress\/plugins\/seo\/ -->\n<title>Wo soll man bittesch\u00f6n heute online Zocken? - CasinoZocker Schweiz<\/title>\n<meta name=\"robots\" content=\"index, follow, max-snippet:-1, max-image-preview:large, max-video-preview:-1\" \/>\n<link rel=\"canonical\" href=\"https:\/\/www.casinozocker.com\/ch\/erfahrungen\/online-zocken\/\" \/>\n<meta property=\"og:locale\" content=\"de_DE\" \/>\n<meta property=\"og:type\" content=\"article\" \/>\n<meta property=\"og:title\" content=\"Wo soll man bittesch\u00f6n heute online Zocken? - CasinoZocker Schweiz\" \/>\n<meta property=\"og:description\" content=\"Eigentlich\u00a0sind es sch\u00f6ne Zeiten. Wer\u00a0h\u00e4tte\u00a0sich vor f\u00fcnf Jahren ausmalen k\u00f6nnen welche M\u00f6glichkeiten wir heute haben? Wer\u00a0h\u00e4tte\u00a0gedacht, dass wir uns heute mit dem Smartphone durch die Stadt navigieren, Emails verschicken oder dem iPhone sagen, dass wir heute um 19 Uhr noch ein Abendessen mit zwei Freunden geplant haben. Und das allerbeste: das ist erst der Anfang!\u00a0Aber\u00a0trotzdem\u00a0sind &hellip; Wo soll man bittesch\u00f6n heute online Zocken? Weiterlesen &raquo;\" \/>\n<meta property=\"og:url\" content=\"https:\/\/www.casinozocker.com\/ch\/erfahrungen\/online-zocken\/\" \/>\n<meta property=\"og:site_name\" content=\"CasinoZocker Schweiz\" \/>\n<meta property=\"article:modified_time\" content=\"2016-11-21T23:05:02+00:00\" \/>\n<meta name=\"twitter:card\" content=\"summary_large_image\" \/>\n<meta name=\"twitter:label1\" content=\"Gesch\u00e4tzte Lesezeit\" \/>\n\t<meta name=\"twitter:data1\" content=\"4\u00a0Minuten\" \/>\n<script type=\"application\/ld+json\" class=\"yoast-schema-graph\">{\"@context\":\"https:\/\/schema.org\",\"@graph\":[{\"@type\":\"WebSite\",\"@id\":\"https:\/\/www.casinozocker.com\/ch\/#website\",\"url\":\"https:\/\/www.casinozocker.com\/ch\/\",\"name\":\"CasinoZocker Schweiz\",\"description\":\"Spielen in online Casinos\",\"potentialAction\":[{\"@type\":\"SearchAction\",\"target\":\"https:\/\/www.casinozocker.com\/ch\/?s={search_term_string}\",\"query-input\":\"required name=search_term_string\"}],\"inLanguage\":\"de\"},{\"@type\":\"WebPage\",\"@id\":\"https:\/\/www.casinozocker.com\/ch\/erfahrungen\/online-zocken\/#webpage\",\"url\":\"https:\/\/www.casinozocker.com\/ch\/erfahrungen\/online-zocken\/\",\"name\":\"Wo soll man bittesch\\u00f6n heute online Zocken? - CasinoZocker Schweiz\",\"isPartOf\":{\"@id\":\"https:\/\/www.casinozocker.com\/ch\/#website\"},\"datePublished\":\"2013-11-25T09:57:39+00:00\",\"dateModified\":\"2016-11-21T23:05:02+00:00\",\"breadcrumb\":{\"@id\":\"https:\/\/www.casinozocker.com\/ch\/erfahrungen\/online-zocken\/#breadcrumb\"},\"inLanguage\":\"de\",\"potentialAction\":[{\"@type\":\"ReadAction\",\"target\":[\"https:\/\/www.casinozocker.com\/ch\/erfahrungen\/online-zocken\/\"]}]},{\"@type\":\"BreadcrumbList\",\"@id\":\"https:\/\/www.casinozocker.com\/ch\/erfahrungen\/online-zocken\/#breadcrumb\",\"itemListElement\":[{\"@type\":\"ListItem\",\"position\":1,\"item\":{\"@type\":\"WebPage\",\"@id\":\"https:\/\/www.casinozocker.com\/ch\/\",\"url\":\"https:\/\/www.casinozocker.com\/ch\/\",\"name\":\"Startseite\"}},{\"@type\":\"ListItem\",\"position\":2,\"item\":{\"@type\":\"WebPage\",\"@id\":\"https:\/\/www.casinozocker.com\/ch\/erfahrungen\/\",\"url\":\"https:\/\/www.casinozocker.com\/ch\/erfahrungen\/\",\"name\":\"Test, Vergleich und Erfahrungen: Bestes Casino\"}},{\"@type\":\"ListItem\",\"position\":3,\"item\":{\"@id\":\"https:\/\/www.casinozocker.com\/ch\/erfahrungen\/online-zocken\/#webpage\"}}]}]}<\/script>\n<!-- \/ Yoast SEO plugin. -->","_links":{"self":[{"href":"https:\/\/www.casinozocker.com\/ch\/wp-json\/wp\/v2\/pages\/336"}],"collection":[{"href":"https:\/\/www.casinozocker.com\/ch\/wp-json\/wp\/v2\/pages"}],"about":[{"href":"https:\/\/www.casinozocker.com\/ch\/wp-json\/wp\/v2\/types\/page"}],"author":[{"embeddable":true,"href":"https:\/\/www.casinozocker.com\/ch\/wp-json\/wp\/v2\/users\/1"}],"replies":[{"embeddable":true,"href":"https:\/\/www.casinozocker.com\/ch\/wp-json\/wp\/v2\/comments?post=336"}],"version-history":[{"count":3,"href":"https:\/\/www.casinozocker.com\/ch\/wp-json\/wp\/v2\/pages\/336\/revisions"}],"predecessor-version":[{"id":617,"href":"https:\/\/www.casinozocker.com\/ch\/wp-json\/wp\/v2\/pages\/336\/revisions\/617"}],"up":[{"embeddable":true,"href":"https:\/\/www.casinozocker.com\/ch\/wp-json\/wp\/v2\/pages\/48"}],"wp:attachment":[{"href":"https:\/\/www.casinozocker.com\/ch\/wp-json\/wp\/v2\/media?parent=336"}],"curies":[{"name":"wp","href":"https:\/\/api.w.org\/{rel}","templated":true}]}}