{"id":330,"date":"2013-09-25T13:48:13","date_gmt":"2013-09-25T11:48:13","guid":{"rendered":"http:\/\/www.casinozocker.com\/?page_id=330"},"modified":"2016-11-21T19:56:00","modified_gmt":"2016-11-21T18:56:00","slug":"echtgeld","status":"publish","type":"page","link":"https:\/\/www.casinozocker.com\/ch\/erfahrungen\/echtgeld\/","title":{"rendered":"Echtgeld Casinos und Casino Spiele"},"content":{"rendered":"<p>Es ist nicht unbedingt eine leichte Entscheidung in einem Casino mit Echtgeld zu spielen, schlie\u00dflich entscheidet man sich dann daf\u00fcr echtes Geld zu setzen und damit auch zu riskieren. Viele Spieler schrecken dann davor zur\u00fcck, aber eigentlich ist das nicht n\u00f6tig, denn in einem Casino zu spielen macht eigentlich nur dann Sinn wenn man auch die M\u00f6glichkeit hat dabei etwas zu gewinnen. Und das geht nun mal nur wenn man bereit ist ein Risiko einzugehen.<\/p>\n<p>Hinzukommt, dass man nur so die Vorteile eines Casinos nutzen kann. Kostenlos zu spielen mag zwar oft attraktiv erscheinen weil es einfach gratis ist und man dabei eben nichts verlieren kann. Aber der Spa\u00df bleibt dabei einfach auf der Strecke und darum sollte es schlie\u00dflich gehen.<\/p>\n<p>F\u00fcr mich pers\u00f6nlich bleibt es dabei sich lieber Gedanken zu machen in welchem Casino man mit Echtgeld spielen soll oder kann. So einfach ist diese Frage nicht zu beantworten, denn zum einen ist das Angebot an Casinos sehr gro\u00df und au\u00dferdem sind die Bed\u00fcrfnisse der Spieler sehr verschieden. <\/p>\n<p>Meiner Meinung nach ist es sinnvoller in einem Casino zu spielen auf das man sich verlassen kann und das zu 100% seri\u00f6s ist. Auch wenn das vielleicht bedeutet dass manche Spiele dort \u201eschlechter\u201c sind oder das Bonus Angebot nicht so attraktiv erscheint. Deswegen kommen vor allem die gro\u00dfen Namen der Branche wie das 888 Casino, William Hill, Casino Club, Europa Casino, etc. in Frage. Das sind n\u00e4mlich alles Casinos gro\u00dfer Unternehmen, die auch an der B\u00f6rse gelistet sind und bei denen die Beschwerden und Probleme so niedrig wie nirgendwo sonst sind.<\/p>\n<p>M\u00f6chte man jetzt zum Beispiel unbedingt an Merkur oder Novoline Slots spielen hat man nat\u00fcrlich das Problem, dass diese in diesen Casinos nicht angeboten werden. Oder wenn man unbedingt einen bestimmten Bonus nutzen m\u00f6chte. Das hei\u00dft nicht, dass die Boni bei den genannten Casinos schlecht sind, sondern nur, dass es wom\u00f6glich bessere gibt. Aber wenn man dabei Abstriche bei der Sicherheit und beim Vertrauen machen muss ist es das eigentlich nur in den seltensten F\u00e4llen wert.<\/p>\n<p>&nbsp;<br \/>\n<center><a class=\"ctabutton\" title=\"Jetzt vergleichen!\" href=\"https:\/\/www.casinozocker.com\/erfahrungen\/\" >Hier findest Du die besten Casinos >><\/a><\/center><br \/>\n&nbsp;<\/p>\n<p>Allerdings muss auch jeder f\u00fcr sich selbst entscheiden k\u00f6nnen. Es gibt definitiv das eine oder andere KO Kriterium, zum Beispiel wenn man nebenbei auch noch Poker spielen m\u00f6chte braucht man ein Casino mit Pokerraum. Oder als Roulette Fan m\u00f6chte man auch einen guten Bonus haben, der auch an diesen Tischen freigespielt werden kann. Und wenn man live Black Jack spielen m\u00f6chte fallen auch die einen oder anderen Anbieter raus. Es ist daher auch unm\u00f6glich zu sagen welches Casino am besten geeignet ist. Die Anforderungen sind einfach zu verschieden. Verschaffen Sie sich gleich einmal einen \u00dcberblick in unserem gro\u00dfen online Casino Vergleich.<\/p>\n","protected":false},"excerpt":{"rendered":"<p>Es ist nicht unbedingt eine leichte Entscheidung in einem Casino mit Echtgeld zu spielen, schlie\u00dflich entscheidet man sich dann daf\u00fcr echtes Geld zu setzen und damit auch zu riskieren. Viele Spieler schrecken dann davor zur\u00fcck, aber eigentlich ist das nicht n\u00f6tig, denn in einem Casino zu spielen macht eigentlich nur dann Sinn wenn man auch &hellip;<\/p>\n<p class=\"read-more\"> <a class=\"\" href=\"https:\/\/www.casinozocker.com\/ch\/erfahrungen\/echtgeld\/\"> <span class=\"screen-reader-text\">Echtgeld Casinos und Casino Spiele<\/span> Weiterlesen &raquo;<\/a><\/p>\n","protected":false},"author":1,"featured_media":0,"parent":48,"menu_order":0,"comment_status":"open","ping_status":"closed","template":"","meta":[],"yoast_head":"<!-- This site is optimized with the Yoast SEO plugin v16.4 - https:\/\/yoast.com\/wordpress\/plugins\/seo\/ -->\n<title>Echtgeld Casinos und Casino Spiele - CasinoZocker Schweiz<\/title>\n<meta name=\"robots\" content=\"index, follow, max-snippet:-1, max-image-preview:large, max-video-preview:-1\" \/>\n<link rel=\"canonical\" href=\"https:\/\/www.casinozocker.com\/ch\/erfahrungen\/echtgeld\/\" \/>\n<meta property=\"og:locale\" content=\"de_DE\" \/>\n<meta property=\"og:type\" content=\"article\" \/>\n<meta property=\"og:title\" content=\"Echtgeld Casinos und Casino Spiele - CasinoZocker Schweiz\" \/>\n<meta property=\"og:description\" content=\"Es ist nicht unbedingt eine leichte Entscheidung in einem Casino mit Echtgeld zu spielen, schlie\u00dflich entscheidet man sich dann daf\u00fcr echtes Geld zu setzen und damit auch zu riskieren. Viele Spieler schrecken dann davor zur\u00fcck, aber eigentlich ist das nicht n\u00f6tig, denn in einem Casino zu spielen macht eigentlich nur dann Sinn wenn man auch &hellip; Echtgeld Casinos und Casino Spiele Weiterlesen &raquo;\" \/>\n<meta property=\"og:url\" content=\"https:\/\/www.casinozocker.com\/ch\/erfahrungen\/echtgeld\/\" \/>\n<meta property=\"og:site_name\" content=\"CasinoZocker Schweiz\" \/>\n<meta property=\"article:modified_time\" content=\"2016-11-21T18:56:00+00:00\" \/>\n<meta name=\"twitter:card\" content=\"summary_large_image\" \/>\n<meta name=\"twitter:label1\" content=\"Gesch\u00e4tzte Lesezeit\" \/>\n\t<meta name=\"twitter:data1\" content=\"2\u00a0Minuten\" \/>\n<script type=\"application\/ld+json\" class=\"yoast-schema-graph\">{\"@context\":\"https:\/\/schema.org\",\"@graph\":[{\"@type\":\"WebSite\",\"@id\":\"https:\/\/www.casinozocker.com\/ch\/#website\",\"url\":\"https:\/\/www.casinozocker.com\/ch\/\",\"name\":\"CasinoZocker Schweiz\",\"description\":\"Spielen in online Casinos\",\"potentialAction\":[{\"@type\":\"SearchAction\",\"target\":\"https:\/\/www.casinozocker.com\/ch\/?s={search_term_string}\",\"query-input\":\"required name=search_term_string\"}],\"inLanguage\":\"de\"},{\"@type\":\"WebPage\",\"@id\":\"https:\/\/www.casinozocker.com\/ch\/erfahrungen\/echtgeld\/#webpage\",\"url\":\"https:\/\/www.casinozocker.com\/ch\/erfahrungen\/echtgeld\/\",\"name\":\"Echtgeld Casinos und Casino Spiele - CasinoZocker Schweiz\",\"isPartOf\":{\"@id\":\"https:\/\/www.casinozocker.com\/ch\/#website\"},\"datePublished\":\"2013-09-25T11:48:13+00:00\",\"dateModified\":\"2016-11-21T18:56:00+00:00\",\"breadcrumb\":{\"@id\":\"https:\/\/www.casinozocker.com\/ch\/erfahrungen\/echtgeld\/#breadcrumb\"},\"inLanguage\":\"de\",\"potentialAction\":[{\"@type\":\"ReadAction\",\"target\":[\"https:\/\/www.casinozocker.com\/ch\/erfahrungen\/echtgeld\/\"]}]},{\"@type\":\"BreadcrumbList\",\"@id\":\"https:\/\/www.casinozocker.com\/ch\/erfahrungen\/echtgeld\/#breadcrumb\",\"itemListElement\":[{\"@type\":\"ListItem\",\"position\":1,\"item\":{\"@type\":\"WebPage\",\"@id\":\"https:\/\/www.casinozocker.com\/ch\/\",\"url\":\"https:\/\/www.casinozocker.com\/ch\/\",\"name\":\"Startseite\"}},{\"@type\":\"ListItem\",\"position\":2,\"item\":{\"@type\":\"WebPage\",\"@id\":\"https:\/\/www.casinozocker.com\/ch\/erfahrungen\/\",\"url\":\"https:\/\/www.casinozocker.com\/ch\/erfahrungen\/\",\"name\":\"Test, Vergleich und Erfahrungen: Bestes Casino\"}},{\"@type\":\"ListItem\",\"position\":3,\"item\":{\"@id\":\"https:\/\/www.casinozocker.com\/ch\/erfahrungen\/echtgeld\/#webpage\"}}]}]}<\/script>\n<!-- \/ Yoast SEO plugin. -->","_links":{"self":[{"href":"https:\/\/www.casinozocker.com\/ch\/wp-json\/wp\/v2\/pages\/330"}],"collection":[{"href":"https:\/\/www.casinozocker.com\/ch\/wp-json\/wp\/v2\/pages"}],"about":[{"href":"https:\/\/www.casinozocker.com\/ch\/wp-json\/wp\/v2\/types\/page"}],"author":[{"embeddable":true,"href":"https:\/\/www.casinozocker.com\/ch\/wp-json\/wp\/v2\/users\/1"}],"replies":[{"embeddable":true,"href":"https:\/\/www.casinozocker.com\/ch\/wp-json\/wp\/v2\/comments?post=330"}],"version-history":[{"count":1,"href":"https:\/\/www.casinozocker.com\/ch\/wp-json\/wp\/v2\/pages\/330\/revisions"}],"predecessor-version":[{"id":446,"href":"https:\/\/www.casinozocker.com\/ch\/wp-json\/wp\/v2\/pages\/330\/revisions\/446"}],"up":[{"embeddable":true,"href":"https:\/\/www.casinozocker.com\/ch\/wp-json\/wp\/v2\/pages\/48"}],"wp:attachment":[{"href":"https:\/\/www.casinozocker.com\/ch\/wp-json\/wp\/v2\/media?parent=330"}],"curies":[{"name":"wp","href":"https:\/\/api.w.org\/{rel}","templated":true}]}}