{"id":313,"date":"2013-08-15T12:20:49","date_gmt":"2013-08-15T10:20:49","guid":{"rendered":"http:\/\/www.casinozocker.com\/?page_id=313"},"modified":"2016-11-21T19:55:59","modified_gmt":"2016-11-21T18:55:59","slug":"echtgeld","status":"publish","type":"page","link":"https:\/\/www.casinozocker.com\/ch\/roulette\/echtgeld\/","title":{"rendered":"Roulette um Echtgeld online spielen"},"content":{"rendered":"<p>Roulette ist mit Abstand das bekannteste Casino-Spiel. Jeder von uns hat es schon gespielt, oder weiss zumindest, worum es dabei geht. Schliesslich kommt Roulette auch in vielen Filmen vor, wie z.B. bei den Oceans Filmen mit George Clooney. Doch lohnt es sich, Roulette zu spielen, und dabei um Echtgeld zu zocken?<\/p>\n<p>Unsere Antwort dazu ist klar: Nein, es lohnt sich nicht, um Echtgeld Roulette zu spielen. Ganz einfach weil die Regeln so ausgelegt sind, dass man auf lange Sicht mit diesem Spiel verlieren wird. Wir stellen nochmals klar: Es gibt kein Roulette-System, mit dem man die Bank langfristig schlagen kann. Allenfalls gibt es Strategien, mit denen man m\u00f6glichst lange spielen kann. Deswegen solltest Du nur mit richtigen Eins\u00e4tzen spielen, das Du problemlos auch verlieren kannst, wenn Du nicht nur mit Spielgeld zocken willst.<\/p>\n<p>Das Problem bei Casinospielen ist, dass der Einsatz von \u201erichtigem\u201c Geld eben gerade auch den Reiz daran ausmacht. Das ist bei anderen Spielen wie Blackjack oder Slots auch nicht anders: nur wenn man Cash gewinnen kann, ist das Spiel \u00fcberhaupt spannend.<\/p>\n<p>Was also tun? Eben, spielen an sich ist kein Problem, solange es nicht zur Sucht verkommt und solange Du nur Geld verlierst, welches du nicht f\u00fcr Deinen Lebensunterhalt ben\u00f6tigst.<\/p>\n<h2>Wo spielen?<\/h2>\n<p>Am einfachsten ist es nat\u00fcrlich, in einem online-Casino um Echtgeld zu spielen. Im Gegensatz zu einer Spielbank kannst Du das bequem von zu Hause aus machen, ebenso viel Spass dabei haben und dabei einige finanzielle Vorteile geniessen. Dazu geh\u00f6rt, dass Du Dir gleich bei der Anmeldung kostenloses Echtgeld oder zumindest einen hohen Bonus sichern kannst, etwas, was es in Spielbanken nicht gibt. Zudem kannst Du online auch gratis um Spielgeld spielen und damit ohne Risiko neue Strategien ausprobieren oder mit den Regeln eines neuen Spiels \u00fcben, bevor es ums eigene Ersparte geht.<\/p>\n<p>Wir empfehlen, dass Du Dich bei einem seri\u00f6sen online Casino anmeldest, wenn Du die Chance haben willst zu gewinnen. Der Download der Software dauert nur wenige Sekunden und das Programm ist kurze Zeit danach installiert und es ist \u2013 auch wenn viele Anbieter ihren Sitz ausserhalb von Deutschland haben \u2013 bei allen grossen Seiten auch auf Deutsch erh\u00e4ltlich. Du musst Dich also nicht durch Roulette Spiele qu\u00e4len, die auf Englisch gespielt werden.<\/p>\n<p>Was \u00fcbrigens viele nicht wissen ist, dass es auch sogenannte Live Roulette Spiele gibt, welche der Atomsph\u00e4re in einer richtigen Spielbank am n\u00e4chsten kommen. Dort sind tats\u00e4chlich echte Croupiers beim Roulette am Werk, welche Du via Webcam bei der Arbeit beobachten kannst. Es ist dabei sogar m\u00f6glich, im Falle eines Gewinns der h\u00fcbschen Frau ein Trinkgeld zu geben!<\/p>\n<p>Auch wenn Roulette nicht f\u00fcr alle Spieler einen Reiz hat (u.a. weil man eben im Gegensatz zu einem Geschicklichkeitsspiel wie Poker langfristig nicht verdienen kann), so ist das Zocken von Roulette in einem live online Casino schon sehr reizvoll: die Abwechslung und die Auswahl an Games ist einfach umwerfend und ansteckend. So gibt es viele, die sich bei Roulette nach einer Weile langweilen, und deswegen dann noch ein paar Runden Blackjack spielen oder aufs Knacken des Jackpots an einem Spielautomaten hoffen.<\/p>\n<p>Und \u00fcbrigens ist es kein Problem, f\u00fcr Roulette oder andere Casinospiele etwas einzuzahlen \u2013 und sich die eventuell in einer Gl\u00fccksstr\u00e4hne erspielten Gewinne wieder auszahlen zu lassen. Die meisten Casinos unterst\u00fctzen eine Vielzahl von Einzahlungsmethoden. Wer keine Kreditkarte hat oder nicht ewig auf eine Bank\u00fcberweisung warten will, kann auch zu online Zahlungsmitteln wie Paypal, Skrill oder die Paysafecard greifen, um im Internet zu zocken. Dort ist auch jeder Euro sicher und kommt gut in online-Casinos an. Au\u00dferdem gibt es oft noch einen zus\u00e4tzlichen Bonus wenn man mit einer bestimmten Zahlungsmethode eine Einzahlung macht.<\/p>\n","protected":false},"excerpt":{"rendered":"<p>Roulette ist mit Abstand das bekannteste Casino-Spiel. Jeder von uns hat es schon gespielt, oder weiss zumindest, worum es dabei geht. Schliesslich kommt Roulette auch in vielen Filmen vor, wie z.B. bei den Oceans Filmen mit George Clooney. Doch lohnt es sich, Roulette zu spielen, und dabei um Echtgeld zu zocken? Unsere Antwort dazu ist &hellip;<\/p>\n<p class=\"read-more\"> <a class=\"\" href=\"https:\/\/www.casinozocker.com\/ch\/roulette\/echtgeld\/\"> <span class=\"screen-reader-text\">Roulette um Echtgeld online spielen<\/span> Weiterlesen &raquo;<\/a><\/p>\n","protected":false},"author":1,"featured_media":0,"parent":19,"menu_order":0,"comment_status":"open","ping_status":"closed","template":"","meta":[],"yoast_head":"<!-- This site is optimized with the Yoast SEO plugin v16.4 - https:\/\/yoast.com\/wordpress\/plugins\/seo\/ -->\n<title>Roulette um Echtgeld online spielen - CasinoZocker Schweiz<\/title>\n<meta name=\"robots\" content=\"index, follow, max-snippet:-1, max-image-preview:large, max-video-preview:-1\" \/>\n<link rel=\"canonical\" href=\"https:\/\/www.casinozocker.com\/ch\/roulette\/echtgeld\/\" \/>\n<meta property=\"og:locale\" content=\"de_DE\" \/>\n<meta property=\"og:type\" content=\"article\" \/>\n<meta property=\"og:title\" content=\"Roulette um Echtgeld online spielen - CasinoZocker Schweiz\" \/>\n<meta property=\"og:description\" content=\"Roulette ist mit Abstand das bekannteste Casino-Spiel. Jeder von uns hat es schon gespielt, oder weiss zumindest, worum es dabei geht. Schliesslich kommt Roulette auch in vielen Filmen vor, wie z.B. bei den Oceans Filmen mit George Clooney. Doch lohnt es sich, Roulette zu spielen, und dabei um Echtgeld zu zocken? Unsere Antwort dazu ist &hellip; Roulette um Echtgeld online spielen Weiterlesen &raquo;\" \/>\n<meta property=\"og:url\" content=\"https:\/\/www.casinozocker.com\/ch\/roulette\/echtgeld\/\" \/>\n<meta property=\"og:site_name\" content=\"CasinoZocker Schweiz\" \/>\n<meta property=\"article:modified_time\" content=\"2016-11-21T18:55:59+00:00\" \/>\n<meta name=\"twitter:card\" content=\"summary_large_image\" \/>\n<meta name=\"twitter:label1\" content=\"Gesch\u00e4tzte Lesezeit\" \/>\n\t<meta name=\"twitter:data1\" content=\"3\u00a0Minuten\" \/>\n<script type=\"application\/ld+json\" class=\"yoast-schema-graph\">{\"@context\":\"https:\/\/schema.org\",\"@graph\":[{\"@type\":\"WebSite\",\"@id\":\"https:\/\/www.casinozocker.com\/ch\/#website\",\"url\":\"https:\/\/www.casinozocker.com\/ch\/\",\"name\":\"CasinoZocker Schweiz\",\"description\":\"Spielen in online Casinos\",\"potentialAction\":[{\"@type\":\"SearchAction\",\"target\":\"https:\/\/www.casinozocker.com\/ch\/?s={search_term_string}\",\"query-input\":\"required name=search_term_string\"}],\"inLanguage\":\"de\"},{\"@type\":\"WebPage\",\"@id\":\"https:\/\/www.casinozocker.com\/ch\/roulette\/echtgeld\/#webpage\",\"url\":\"https:\/\/www.casinozocker.com\/ch\/roulette\/echtgeld\/\",\"name\":\"Roulette um Echtgeld online spielen - CasinoZocker Schweiz\",\"isPartOf\":{\"@id\":\"https:\/\/www.casinozocker.com\/ch\/#website\"},\"datePublished\":\"2013-08-15T10:20:49+00:00\",\"dateModified\":\"2016-11-21T18:55:59+00:00\",\"breadcrumb\":{\"@id\":\"https:\/\/www.casinozocker.com\/ch\/roulette\/echtgeld\/#breadcrumb\"},\"inLanguage\":\"de\",\"potentialAction\":[{\"@type\":\"ReadAction\",\"target\":[\"https:\/\/www.casinozocker.com\/ch\/roulette\/echtgeld\/\"]}]},{\"@type\":\"BreadcrumbList\",\"@id\":\"https:\/\/www.casinozocker.com\/ch\/roulette\/echtgeld\/#breadcrumb\",\"itemListElement\":[{\"@type\":\"ListItem\",\"position\":1,\"item\":{\"@type\":\"WebPage\",\"@id\":\"https:\/\/www.casinozocker.com\/ch\/\",\"url\":\"https:\/\/www.casinozocker.com\/ch\/\",\"name\":\"Startseite\"}},{\"@type\":\"ListItem\",\"position\":2,\"item\":{\"@type\":\"WebPage\",\"@id\":\"https:\/\/www.casinozocker.com\/ch\/roulette\/\",\"url\":\"https:\/\/www.casinozocker.com\/ch\/roulette\/\",\"name\":\"Roulette\"}},{\"@type\":\"ListItem\",\"position\":3,\"item\":{\"@id\":\"https:\/\/www.casinozocker.com\/ch\/roulette\/echtgeld\/#webpage\"}}]}]}<\/script>\n<!-- \/ Yoast SEO plugin. -->","_links":{"self":[{"href":"https:\/\/www.casinozocker.com\/ch\/wp-json\/wp\/v2\/pages\/313"}],"collection":[{"href":"https:\/\/www.casinozocker.com\/ch\/wp-json\/wp\/v2\/pages"}],"about":[{"href":"https:\/\/www.casinozocker.com\/ch\/wp-json\/wp\/v2\/types\/page"}],"author":[{"embeddable":true,"href":"https:\/\/www.casinozocker.com\/ch\/wp-json\/wp\/v2\/users\/1"}],"replies":[{"embeddable":true,"href":"https:\/\/www.casinozocker.com\/ch\/wp-json\/wp\/v2\/comments?post=313"}],"version-history":[{"count":1,"href":"https:\/\/www.casinozocker.com\/ch\/wp-json\/wp\/v2\/pages\/313\/revisions"}],"predecessor-version":[{"id":598,"href":"https:\/\/www.casinozocker.com\/ch\/wp-json\/wp\/v2\/pages\/313\/revisions\/598"}],"up":[{"embeddable":true,"href":"https:\/\/www.casinozocker.com\/ch\/wp-json\/wp\/v2\/pages\/19"}],"wp:attachment":[{"href":"https:\/\/www.casinozocker.com\/ch\/wp-json\/wp\/v2\/media?parent=313"}],"curies":[{"name":"wp","href":"https:\/\/api.w.org\/{rel}","templated":true}]}}