{"id":309,"date":"2013-08-15T09:15:40","date_gmt":"2013-08-15T10:15:40","guid":{"rendered":"http:\/\/www.casinozocker.com\/?page_id=309"},"modified":"2016-11-21T19:55:58","modified_gmt":"2016-11-21T18:55:58","slug":"echtgeld","status":"publish","type":"page","link":"https:\/\/www.casinozocker.com\/ch\/blackjack\/echtgeld\/","title":{"rendered":"Online Blackjack um Echtgeld spielen"},"content":{"rendered":"<p>Blackjack ist das Lieblingsspiel von vielen Casino Besuchern. Das Ergebnis ist nicht rein vom Gl\u00fcck abh\u00e4ngig, und es ist schneller und vermittelt mehr Spass als ein Geschicklichkeitsspiel wie Poker. Die Spielregeln sind schnell gelernt und mit der optimalen Blackjack Strategie schafft man es, den Vorteil der Bank auf ein Minimum zu reduzieren, sodass man sehr viel Spass haben kann und viele Sessions mit Gewinn abschliessen kann.<\/p>\n<p>Nat\u00fcrlich kannst Du Blackjack auch in einem online Casino spielen. Dazu musst Du Dir zuerst \u00fcberlegen, ob Du lieber es lieber am Computer mit einer normalen Software spielst, oder ob Du lieber ein richtiges Casinofeeling erleben willst. Bei letzteren empfehle ich Dir, Dich nach einem Anbieter umzusehen, welcher auch sogenannte \u201eLive\u201c Black Jack Tische anbietet. Dazu musst Du lange suchen, denn die allermeisten Seiten sind auf diesen Trend aufgesprungen und bieten solche Live Tische an. Dort filmt eine Kamera einen echten Dealer und Du spielst somit von zu Hause aus gegen eine richtige Person, welche die Bank vertritt.<\/p>\n<p>Wir empfehlen Dir, eines der Casinos zu w\u00e4hlen, welches hier auf Casinozocker gute Bewertungen erhalten hat, gerade im Bereich Blackjack. Und bevor Du einzahlst, solltest Du Blackjack zuerst gratis um Spielgeld spielen. So machst Du Dich mit der Software vertraut. Es spielt \u00fcbrigens heute keine Rolle mehr, ob es sich um ein Programm handelt, welche Du zuerst via Download auf Deinem Computer installieren musst oder ob Du direkt im Browser spielst. Die Nutzererfahrung ist bei beiden Varianten hochwertig.<\/p>\n<p>&nbsp;<\/p>\n<h2>Einzahlung von Echtgeld<\/h2>\n<p>Viele Spieler schrecken davor zur\u00fcck, um richtiges Geld zu spielen, weil sie bef\u00fcrchten, dass das Kasino wenig seri\u00f6s mit ihrem Geld umgeht. Wir sehen das anders. Die grossen Unternehmen selbst sind schon seri\u00f6s, aber es ist halt einfach eine Tatsache, dass die Spieler auf lange Sicht mehr Geld verlieren, als sie gewinnen. Sonst g\u00e4be es ja bald keine Spielbanken im Internet mehr.<\/p>\n<p>Trotzdem musst Du Dich nat\u00fcrlich an die wichtigste Regel bei Gl\u00fccksspielen \u00fcberhaupt halten: Spiele nur mit Geld, das Du problemlos verlieren kannst! Und wenn es Dir nicht ums Geld geht, dann ist es besser, kostenlos um Spielgeld zu zocken, als Deine hart verdienten Euros zu verlieren. Das gilt nicht nur f\u00fcr Blackjack sondern auch f\u00fcr andere Casinospiele.<\/p>\n<p>Betreffend Einzahlungsm\u00f6glichkeiten ist die Vielfalt in online Casinos fast so gross wie die Anzahl der angebotenen Spiele. Selbst ohne Kreditkarte ist es m\u00f6glich, dort um Echtgeld zu spielen. Beliebte andere, und von den meisten Anbietern akzeptierte Zahlungsmethoden, sind: \u00dcberweisung via Bank (das dauert halt ein paar Tage), ClickandBuy, EntroPay (virtuelle Visa-Kreditkarte), PayPal (z.B. beim 888Casino), Skrill (ehemals Moneybookers), Neteller, WebMoney. Bei diesen M\u00f6glichkeiten sind in der Regel sowohl Einzahlungen wie Auszahlungen m\u00f6glich.<\/p>\n<p>Achte darauf, dass Du bevor Du zum ersten Mal echtes Geld einzahlst, Du Dich \u00fcber die verschiedenen Boni schlau machst. Mit einem Bonus wollen die Casinosspieler zu hohen Einzahlungen verleiten. Aber zumindest solange der Bonus noch l\u00e4uft hat man einen gewissen Schutz gegen Verluste. Denn die Bonus-Angebote sind attraktiv. Es lohnt sich aber, sich zuerst alle notwendigen Information dazu zu beschaffen. So ist gibt es gewisse Bedingungen, die eingehalten werden m\u00fcssen, wie etwa eine Mindestanzahl an Eins\u00e4tzen, welche bei unterschiedlichen Spielen (wie Slots oder eben Blackjack) variieren kann.<\/p>\n<p>&nbsp;<\/p>\n<h2>Blackjack spielen<\/h2>\n<p>Im Folgenden geben wir Dir noch ein paar Tipps, wie Du am besten beim Blackjack mit richtigem Geld im online Casino spielst.<\/p>\n<p>Mach Dich zuerst mit den Blackjack Spiel Regeln vertraut. Viele Anf\u00e4nger wissen z.B. nicht, dass man Eins\u00e4tze \u201everdoppeln\u201c oder \u201esplitten\u201c kann und dass man in bestimmten Situationen eine \u201eVersicherung\u201c abschliessen kann.<\/p>\n<p>Als n\u00e4chstes solltest Du Dich mit der optimalen Blackjack-Strategie befassen, siehe mehr dazu <a href=\"https:\/\/www.casinozocker.com\/blackjack\/strategie\/\">in unserem Artikel<\/a> oder ausf\u00fchrlich in <a href=\"http:\/\/de.wikipedia.org\/wiki\/Black_Jack#Strategie\">diesem Wikipedia-Artikel<\/a>. Grunds\u00e4tzlich geht es darum, zu verstehen, dass die offen auf den Tisch gelegte Karte des Dealers einen Einfluss auf Deine Strategien \u2013 abh\u00e4ngig von Deinen beiden Karten \u2013 hat. So lohnt es sich beispielsweise nicht immer, weitere Karten zu ziehen, bis man 17 oder mehr Punkte hat.<\/p>\n<p>Vielen mag das jetzt zu kompliziert sein, was verst\u00e4ndlich ist \u2013 schliesslich wollen sie einfach etwas Nervenkitzel erleben und Spass haben. Deswegen sollte zwingend wenigstens der n\u00e4chste Tipp beachtet werden: Spiele nur mit Eins\u00e4tzen, die gering sind im Verh\u00e4ltnis zu dem, was Du eingezahlt hast. Dies ist n\u00e4mlich der grosse Fehler der Meisten. Sie zahlen einen Betrag ein, z.B. 100 Euro, und dann setzen sie sich an einen Blackjack Tisch, wo der Standardeinsatz 10 Euro betr\u00e4gt. Wenn sie 10x verloren haben, ist das Geld bereits weg. Besser ist es, um Eins\u00e4tze zu spielen, welche nur 1%, h\u00f6chstens aber 2-5% der eingezahlten Summe betragen. So ist selbst bei sehr viel Pech sichergestellt, dass man lange Zeit um Echtgeld spielen kann, bevor die n\u00e4chste Einzahlung f\u00e4llig wird\u00a0&#8211; oder man sich wieder an die Spielgeld-Tische setzen muss.<\/p>\n","protected":false},"excerpt":{"rendered":"<p>Blackjack ist das Lieblingsspiel von vielen Casino Besuchern. Das Ergebnis ist nicht rein vom Gl\u00fcck abh\u00e4ngig, und es ist schneller und vermittelt mehr Spass als ein Geschicklichkeitsspiel wie Poker. Die Spielregeln sind schnell gelernt und mit der optimalen Blackjack Strategie schafft man es, den Vorteil der Bank auf ein Minimum zu reduzieren, sodass man sehr &hellip;<\/p>\n<p class=\"read-more\"> <a class=\"\" href=\"https:\/\/www.casinozocker.com\/ch\/blackjack\/echtgeld\/\"> <span class=\"screen-reader-text\">Online Blackjack um Echtgeld spielen<\/span> Weiterlesen &raquo;<\/a><\/p>\n","protected":false},"author":1,"featured_media":0,"parent":24,"menu_order":0,"comment_status":"open","ping_status":"closed","template":"","meta":[],"yoast_head":"<!-- This site is optimized with the Yoast SEO plugin v16.4 - https:\/\/yoast.com\/wordpress\/plugins\/seo\/ -->\n<title>Online Blackjack um Echtgeld spielen - CasinoZocker Schweiz<\/title>\n<meta name=\"robots\" content=\"index, follow, max-snippet:-1, max-image-preview:large, max-video-preview:-1\" \/>\n<link rel=\"canonical\" href=\"https:\/\/www.casinozocker.com\/ch\/blackjack\/echtgeld\/\" \/>\n<meta property=\"og:locale\" content=\"de_DE\" \/>\n<meta property=\"og:type\" content=\"article\" \/>\n<meta property=\"og:title\" content=\"Online Blackjack um Echtgeld spielen - CasinoZocker Schweiz\" \/>\n<meta property=\"og:description\" content=\"Blackjack ist das Lieblingsspiel von vielen Casino Besuchern. Das Ergebnis ist nicht rein vom Gl\u00fcck abh\u00e4ngig, und es ist schneller und vermittelt mehr Spass als ein Geschicklichkeitsspiel wie Poker. Die Spielregeln sind schnell gelernt und mit der optimalen Blackjack Strategie schafft man es, den Vorteil der Bank auf ein Minimum zu reduzieren, sodass man sehr &hellip; Online Blackjack um Echtgeld spielen Weiterlesen &raquo;\" \/>\n<meta property=\"og:url\" content=\"https:\/\/www.casinozocker.com\/ch\/blackjack\/echtgeld\/\" \/>\n<meta property=\"og:site_name\" content=\"CasinoZocker Schweiz\" \/>\n<meta property=\"article:modified_time\" content=\"2016-11-21T18:55:58+00:00\" \/>\n<meta name=\"twitter:card\" content=\"summary_large_image\" \/>\n<meta name=\"twitter:label1\" content=\"Gesch\u00e4tzte Lesezeit\" \/>\n\t<meta name=\"twitter:data1\" content=\"4\u00a0Minuten\" \/>\n<script type=\"application\/ld+json\" class=\"yoast-schema-graph\">{\"@context\":\"https:\/\/schema.org\",\"@graph\":[{\"@type\":\"WebSite\",\"@id\":\"https:\/\/www.casinozocker.com\/ch\/#website\",\"url\":\"https:\/\/www.casinozocker.com\/ch\/\",\"name\":\"CasinoZocker Schweiz\",\"description\":\"Spielen in online Casinos\",\"potentialAction\":[{\"@type\":\"SearchAction\",\"target\":\"https:\/\/www.casinozocker.com\/ch\/?s={search_term_string}\",\"query-input\":\"required name=search_term_string\"}],\"inLanguage\":\"de\"},{\"@type\":\"WebPage\",\"@id\":\"https:\/\/www.casinozocker.com\/ch\/blackjack\/echtgeld\/#webpage\",\"url\":\"https:\/\/www.casinozocker.com\/ch\/blackjack\/echtgeld\/\",\"name\":\"Online Blackjack um Echtgeld spielen - CasinoZocker Schweiz\",\"isPartOf\":{\"@id\":\"https:\/\/www.casinozocker.com\/ch\/#website\"},\"datePublished\":\"2013-08-15T10:15:40+00:00\",\"dateModified\":\"2016-11-21T18:55:58+00:00\",\"breadcrumb\":{\"@id\":\"https:\/\/www.casinozocker.com\/ch\/blackjack\/echtgeld\/#breadcrumb\"},\"inLanguage\":\"de\",\"potentialAction\":[{\"@type\":\"ReadAction\",\"target\":[\"https:\/\/www.casinozocker.com\/ch\/blackjack\/echtgeld\/\"]}]},{\"@type\":\"BreadcrumbList\",\"@id\":\"https:\/\/www.casinozocker.com\/ch\/blackjack\/echtgeld\/#breadcrumb\",\"itemListElement\":[{\"@type\":\"ListItem\",\"position\":1,\"item\":{\"@type\":\"WebPage\",\"@id\":\"https:\/\/www.casinozocker.com\/ch\/\",\"url\":\"https:\/\/www.casinozocker.com\/ch\/\",\"name\":\"Startseite\"}},{\"@type\":\"ListItem\",\"position\":2,\"item\":{\"@type\":\"WebPage\",\"@id\":\"https:\/\/www.casinozocker.com\/ch\/blackjack\/\",\"url\":\"https:\/\/www.casinozocker.com\/ch\/blackjack\/\",\"name\":\"Blackjack\"}},{\"@type\":\"ListItem\",\"position\":3,\"item\":{\"@id\":\"https:\/\/www.casinozocker.com\/ch\/blackjack\/echtgeld\/#webpage\"}}]}]}<\/script>\n<!-- \/ Yoast SEO plugin. -->","_links":{"self":[{"href":"https:\/\/www.casinozocker.com\/ch\/wp-json\/wp\/v2\/pages\/309"}],"collection":[{"href":"https:\/\/www.casinozocker.com\/ch\/wp-json\/wp\/v2\/pages"}],"about":[{"href":"https:\/\/www.casinozocker.com\/ch\/wp-json\/wp\/v2\/types\/page"}],"author":[{"embeddable":true,"href":"https:\/\/www.casinozocker.com\/ch\/wp-json\/wp\/v2\/users\/1"}],"replies":[{"embeddable":true,"href":"https:\/\/www.casinozocker.com\/ch\/wp-json\/wp\/v2\/comments?post=309"}],"version-history":[{"count":1,"href":"https:\/\/www.casinozocker.com\/ch\/wp-json\/wp\/v2\/pages\/309\/revisions"}],"predecessor-version":[{"id":592,"href":"https:\/\/www.casinozocker.com\/ch\/wp-json\/wp\/v2\/pages\/309\/revisions\/592"}],"up":[{"embeddable":true,"href":"https:\/\/www.casinozocker.com\/ch\/wp-json\/wp\/v2\/pages\/24"}],"wp:attachment":[{"href":"https:\/\/www.casinozocker.com\/ch\/wp-json\/wp\/v2\/media?parent=309"}],"curies":[{"name":"wp","href":"https:\/\/api.w.org\/{rel}","templated":true}]}}