{"id":28,"date":"2011-12-25T20:44:08","date_gmt":"2011-12-25T20:44:08","guid":{"rendered":"http:\/\/www.casinozocker.com\/?page_id=28"},"modified":"2016-12-05T10:26:40","modified_gmt":"2016-12-05T09:26:40","slug":"weitere-spiele","status":"publish","type":"page","link":"https:\/\/www.casinozocker.com\/ch\/weitere-spiele\/","title":{"rendered":"Weitere Spiele"},"content":{"rendered":"<p>Abgesehen von den weltweit bekannten Spielen gibt es noch eine ganze Menge Casino Spiele, die man gar nicht genau kennt, aber die dennoch sehr zu empfehlen sind. Manchmal lohnt es sich eben auch etwas Neues auszuprobieren und sich nicht nur auf die alt bekannten Casino Spiele zu beschr\u00e4nken. Manche machen einfach den Fehler immer nur Spielautomaten zu spielen ohne eine Chance herauszufinden, dass es vielleicht noch ganz andere interessante Spiele geben k\u00f6nnte. Die beliebten Spiele sind eben nicht immer die besten und machen nicht automatisch am meisten Spa\u00df. Auch wenn die Welt der Slots zum Beispiel sehr vielf\u00e4ltig ist und es einem dort nie wirklich langweilig wird, gibt es viele andere Spiele, die einmal Abwechslung bringen k\u00f6nnen. F\u00fcr Zocker von Spielautomaten sind das auch mal <a href=\"https:\/\/www.casinozocker.com\/video-poker\/\">Video Poker<\/a> Automaten und f\u00fcr Roulettespieler eine Partie Craps oder Baccarat. Als Black Jack Spieler kann man sich normalerweise auch mit Poker anfreunden und hier haben die meisten Kasinos bzw. Pokerseiten eine Menge verschiedener Varianten zu bieten. Ein Fehler, den viele Slot Spieler machen ist der, dass sie sich nur auf die gro\u00dfen Marken der Industrie, n\u00e4mlich Novoline oder Merkur Slots konzentrieren. Sie spielen dann nur Book of Ra oder Triple Gold ohne zu bemerken, dass es noch sehr viele andere gute Slot Games gibt, vielleicht mit viel h\u00f6herem Jackpot und einem besseren Bonus. W\u00e4hrend man bei einem Novoline Spiel vielleicht 50 Euro auf die Einzahlung bekommt, k\u00f6nnen es an einem anderen Automaten 500 Euro sein oder auch ein gratis Bonus sein. Du musst dir immer denken, dass ein Automatenspiel wie Book of Ra auch nur ein Spiel ist und es noch hunderte andere gibt, die mindestens genauso viel Spa\u00df machen.<\/p>\n","protected":false},"excerpt":{"rendered":"<p>Abgesehen von den weltweit bekannten Spielen gibt es noch eine ganze Menge Casino Spiele, die man gar nicht genau kennt, aber die dennoch sehr zu empfehlen sind. Manchmal lohnt es sich eben auch etwas Neues auszuprobieren und sich nicht nur auf die alt bekannten Casino Spiele zu beschr\u00e4nken. Manche machen einfach den Fehler immer nur &hellip;<\/p>\n<p class=\"read-more\"> <a class=\"\" href=\"https:\/\/www.casinozocker.com\/ch\/weitere-spiele\/\"> <span class=\"screen-reader-text\">Weitere Spiele<\/span> Weiterlesen &raquo;<\/a><\/p>\n","protected":false},"author":1,"featured_media":0,"parent":0,"menu_order":0,"comment_status":"open","ping_status":"closed","template":"","meta":[],"yoast_head":"<!-- This site is optimized with the Yoast SEO plugin v16.4 - https:\/\/yoast.com\/wordpress\/plugins\/seo\/ -->\n<title>Weitere Spiele - CasinoZocker Schweiz<\/title>\n<meta name=\"robots\" content=\"index, follow, max-snippet:-1, max-image-preview:large, max-video-preview:-1\" \/>\n<link rel=\"canonical\" href=\"https:\/\/www.casinozocker.com\/ch\/weitere-spiele\/\" \/>\n<meta property=\"og:locale\" content=\"de_DE\" \/>\n<meta property=\"og:type\" content=\"article\" \/>\n<meta property=\"og:title\" content=\"Weitere Spiele - CasinoZocker Schweiz\" \/>\n<meta property=\"og:description\" content=\"Abgesehen von den weltweit bekannten Spielen gibt es noch eine ganze Menge Casino Spiele, die man gar nicht genau kennt, aber die dennoch sehr zu empfehlen sind. Manchmal lohnt es sich eben auch etwas Neues auszuprobieren und sich nicht nur auf die alt bekannten Casino Spiele zu beschr\u00e4nken. Manche machen einfach den Fehler immer nur &hellip; Weitere Spiele Weiterlesen &raquo;\" \/>\n<meta property=\"og:url\" content=\"https:\/\/www.casinozocker.com\/ch\/weitere-spiele\/\" \/>\n<meta property=\"og:site_name\" content=\"CasinoZocker Schweiz\" \/>\n<meta property=\"article:modified_time\" content=\"2016-12-05T09:26:40+00:00\" \/>\n<meta name=\"twitter:card\" content=\"summary_large_image\" \/>\n<meta name=\"twitter:label1\" content=\"Gesch\u00e4tzte Lesezeit\" \/>\n\t<meta name=\"twitter:data1\" content=\"1\u00a0Minute\" \/>\n<script type=\"application\/ld+json\" class=\"yoast-schema-graph\">{\"@context\":\"https:\/\/schema.org\",\"@graph\":[{\"@type\":\"WebSite\",\"@id\":\"https:\/\/www.casinozocker.com\/ch\/#website\",\"url\":\"https:\/\/www.casinozocker.com\/ch\/\",\"name\":\"CasinoZocker Schweiz\",\"description\":\"Spielen in online Casinos\",\"potentialAction\":[{\"@type\":\"SearchAction\",\"target\":\"https:\/\/www.casinozocker.com\/ch\/?s={search_term_string}\",\"query-input\":\"required name=search_term_string\"}],\"inLanguage\":\"de\"},{\"@type\":\"WebPage\",\"@id\":\"https:\/\/www.casinozocker.com\/ch\/weitere-spiele\/#webpage\",\"url\":\"https:\/\/www.casinozocker.com\/ch\/weitere-spiele\/\",\"name\":\"Weitere Spiele - CasinoZocker Schweiz\",\"isPartOf\":{\"@id\":\"https:\/\/www.casinozocker.com\/ch\/#website\"},\"datePublished\":\"2011-12-25T20:44:08+00:00\",\"dateModified\":\"2016-12-05T09:26:40+00:00\",\"breadcrumb\":{\"@id\":\"https:\/\/www.casinozocker.com\/ch\/weitere-spiele\/#breadcrumb\"},\"inLanguage\":\"de\",\"potentialAction\":[{\"@type\":\"ReadAction\",\"target\":[\"https:\/\/www.casinozocker.com\/ch\/weitere-spiele\/\"]}]},{\"@type\":\"BreadcrumbList\",\"@id\":\"https:\/\/www.casinozocker.com\/ch\/weitere-spiele\/#breadcrumb\",\"itemListElement\":[{\"@type\":\"ListItem\",\"position\":1,\"item\":{\"@type\":\"WebPage\",\"@id\":\"https:\/\/www.casinozocker.com\/ch\/\",\"url\":\"https:\/\/www.casinozocker.com\/ch\/\",\"name\":\"Startseite\"}},{\"@type\":\"ListItem\",\"position\":2,\"item\":{\"@id\":\"https:\/\/www.casinozocker.com\/ch\/weitere-spiele\/#webpage\"}}]}]}<\/script>\n<!-- \/ Yoast SEO plugin. -->","_links":{"self":[{"href":"https:\/\/www.casinozocker.com\/ch\/wp-json\/wp\/v2\/pages\/28"}],"collection":[{"href":"https:\/\/www.casinozocker.com\/ch\/wp-json\/wp\/v2\/pages"}],"about":[{"href":"https:\/\/www.casinozocker.com\/ch\/wp-json\/wp\/v2\/types\/page"}],"author":[{"embeddable":true,"href":"https:\/\/www.casinozocker.com\/ch\/wp-json\/wp\/v2\/users\/1"}],"replies":[{"embeddable":true,"href":"https:\/\/www.casinozocker.com\/ch\/wp-json\/wp\/v2\/comments?post=28"}],"version-history":[{"count":2,"href":"https:\/\/www.casinozocker.com\/ch\/wp-json\/wp\/v2\/pages\/28\/revisions"}],"predecessor-version":[{"id":640,"href":"https:\/\/www.casinozocker.com\/ch\/wp-json\/wp\/v2\/pages\/28\/revisions\/640"}],"wp:attachment":[{"href":"https:\/\/www.casinozocker.com\/ch\/wp-json\/wp\/v2\/media?parent=28"}],"curies":[{"name":"wp","href":"https:\/\/api.w.org\/{rel}","templated":true}]}}