{"id":273,"date":"2012-06-25T12:53:42","date_gmt":"2012-06-25T13:53:42","guid":{"rendered":"http:\/\/www.casinozocker.com\/?page_id=273"},"modified":"2016-11-21T19:56:00","modified_gmt":"2016-11-21T18:56:00","slug":"strategien","status":"publish","type":"page","link":"https:\/\/www.casinozocker.com\/ch\/video-poker\/strategien\/","title":{"rendered":"Video Poker Strategien"},"content":{"rendered":"<p>Wenn man beim Video Poker gewinnen m\u00f6chte, dann h\u00e4ngt das von der Strategie ab, die ein Spieler verfolgt. F\u00e4lschlicherweise nehmen immer noch eine Reihe Spieler an, dass Video Poker auf reinem Gl\u00fcck basiert, denn das Spiel \u00e4hnelt in seinem Aufbau sehr stark der beliebten Slotmaschine. Beim Video Poker kann man mit der richtigen Taktik und nat\u00fcrlich mit einem Qu\u00e4ntchen Gl\u00fcck eine Auszahlung von 100 % oder mehr erreichen. Das Positive beim Video Poker ist die Tatsache, dass man im Gegensatz zum richtigen Poker am Spieltisch kein Experte sein muss. Es reicht aus, wenn man einige Tipps beherzigt und nat\u00fcrlich die Werte der Karten sowie die Pokerh\u00e4nde kennt.<\/p>\n<p>Die wichtigste aller Strategien ist die richtige Wahl des Spiels. Sogar die beste Strategie hat wenig Wert, wenn der Automat eine schlechte Auszahlungsrate bietet. Daher sollte sich jeder Spieler im Vorfeld die Auszahlungsraten des gew\u00e4hlten Automaten anschauen. Anschlie\u00dfend ist es gut, wenn man das Spiel erst einmal im Fun Modus testet, um sich auch gut in das Spiel einfinden zu k\u00f6nnen. Es ist schade, wenn man durch Bedienungsfehler seine Chancen auf einen guten Gewinn verpasst. Wichtig bei der Wahl des passenden Spiels sind die Faktoren Payouts, Struktur und bestimmte Sonderregeln.<\/p>\n<p>Dann braucht man Zeit und jede Menge \u00dcbung, um die Kombinationen zu erkennen und das Spiel entsprechend anzupassen. Beim Video Poker kommt es n\u00e4mlich darauf an, die Chancen ganz bestimmter Karten optimal zu nutzen.<\/p>\n<p>Wer zu den passionierten Pokerspielern geh\u00f6rt, der wei\u00df, dass es manchmal n\u00f6tig ist, hohe Bl\u00e4tter abzuwerfen, wenn nur noch eine Karte f\u00fcr einen Royal Flush oder eine Stra\u00dfe fehlt. Beim Video Poker ist das keine gute Idee. Viel besser ist es da, ein Paar zu behalten, denn damit ist man auf der sicheren Seite. Einen Royal Flush zu vervollst\u00e4ndigen, ist da viel schwieriger.<\/p>\n<p>Manchmal sind die Startkarten wirklich sehr schlecht. Am besten ist es dann zu versuchen, jenes Gewinnblatt zu spielen, das die besten M\u00f6glichkeiten auf einen Gewinn verspricht. Wenn dann nur noch eine Karte f\u00fcr einen Royal Flush fehlt, dann sollte der Spieler ruhig sein Gl\u00fcck versuchen, denn verloren ist das Spiel sowieso. Ansonsten ist es eher ratsam, ein niedriges Paar zu spielen. Es bringt zwar so nichts ein, aber aus einem Paar kann ein Drilling, ein Vierling oder sogar ein Full House werden. Wenn gar keine Karte geeignet scheint, eine gewinnbringende Kombination zu erreichen, dann kann man auch alle f\u00fcnf Karten abwerfen und darauf hoffen, mit den neuen Karten eine gute Hand zu erhalten.<\/p>\n<p>Der Spieler, der gerne an den progressiven Video Poker Automaten sein Gl\u00fcck versucht, muss immer den h\u00f6chsten M\u00fcnzwert setzen, denn nur dann hat man auch die Chance auf den ganz gro\u00dfen Jackpot. Es w\u00e4re wirklich sehr schade, wenn man die gewinnbringende Kombination vor sich sieht, aber den Jackpot nicht erhalten kann, weil der h\u00f6chstm\u00f6gliche Betrag nicht gesetzt wurde. <\/p>\n","protected":false},"excerpt":{"rendered":"<p>Wenn man beim Video Poker gewinnen m\u00f6chte, dann h\u00e4ngt das von der Strategie ab, die ein Spieler verfolgt. F\u00e4lschlicherweise nehmen immer noch eine Reihe Spieler an, dass Video Poker auf reinem Gl\u00fcck basiert, denn das Spiel \u00e4hnelt in seinem Aufbau sehr stark der beliebten Slotmaschine. Beim Video Poker kann man mit der richtigen Taktik und &hellip;<\/p>\n<p class=\"read-more\"> <a class=\"\" href=\"https:\/\/www.casinozocker.com\/ch\/video-poker\/strategien\/\"> <span class=\"screen-reader-text\">Video Poker Strategien<\/span> Weiterlesen &raquo;<\/a><\/p>\n","protected":false},"author":1,"featured_media":0,"parent":26,"menu_order":0,"comment_status":"open","ping_status":"open","template":"","meta":[],"yoast_head":"<!-- This site is optimized with the Yoast SEO plugin v16.4 - https:\/\/yoast.com\/wordpress\/plugins\/seo\/ -->\n<title>Video Poker Strategien - CasinoZocker Schweiz<\/title>\n<meta name=\"robots\" content=\"index, follow, max-snippet:-1, max-image-preview:large, max-video-preview:-1\" \/>\n<link rel=\"canonical\" href=\"https:\/\/www.casinozocker.com\/ch\/video-poker\/strategien\/\" \/>\n<meta property=\"og:locale\" content=\"de_DE\" \/>\n<meta property=\"og:type\" content=\"article\" \/>\n<meta property=\"og:title\" content=\"Video Poker Strategien - CasinoZocker Schweiz\" \/>\n<meta property=\"og:description\" content=\"Wenn man beim Video Poker gewinnen m\u00f6chte, dann h\u00e4ngt das von der Strategie ab, die ein Spieler verfolgt. F\u00e4lschlicherweise nehmen immer noch eine Reihe Spieler an, dass Video Poker auf reinem Gl\u00fcck basiert, denn das Spiel \u00e4hnelt in seinem Aufbau sehr stark der beliebten Slotmaschine. Beim Video Poker kann man mit der richtigen Taktik und &hellip; Video Poker Strategien Weiterlesen &raquo;\" \/>\n<meta property=\"og:url\" content=\"https:\/\/www.casinozocker.com\/ch\/video-poker\/strategien\/\" \/>\n<meta property=\"og:site_name\" content=\"CasinoZocker Schweiz\" \/>\n<meta property=\"article:modified_time\" content=\"2016-11-21T18:56:00+00:00\" \/>\n<meta name=\"twitter:card\" content=\"summary_large_image\" \/>\n<meta name=\"twitter:label1\" content=\"Gesch\u00e4tzte Lesezeit\" \/>\n\t<meta name=\"twitter:data1\" content=\"2\u00a0Minuten\" \/>\n<script type=\"application\/ld+json\" class=\"yoast-schema-graph\">{\"@context\":\"https:\/\/schema.org\",\"@graph\":[{\"@type\":\"WebSite\",\"@id\":\"https:\/\/www.casinozocker.com\/ch\/#website\",\"url\":\"https:\/\/www.casinozocker.com\/ch\/\",\"name\":\"CasinoZocker Schweiz\",\"description\":\"Spielen in online Casinos\",\"potentialAction\":[{\"@type\":\"SearchAction\",\"target\":\"https:\/\/www.casinozocker.com\/ch\/?s={search_term_string}\",\"query-input\":\"required name=search_term_string\"}],\"inLanguage\":\"de\"},{\"@type\":\"WebPage\",\"@id\":\"https:\/\/www.casinozocker.com\/ch\/video-poker\/strategien\/#webpage\",\"url\":\"https:\/\/www.casinozocker.com\/ch\/video-poker\/strategien\/\",\"name\":\"Video Poker Strategien - CasinoZocker Schweiz\",\"isPartOf\":{\"@id\":\"https:\/\/www.casinozocker.com\/ch\/#website\"},\"datePublished\":\"2012-06-25T13:53:42+00:00\",\"dateModified\":\"2016-11-21T18:56:00+00:00\",\"breadcrumb\":{\"@id\":\"https:\/\/www.casinozocker.com\/ch\/video-poker\/strategien\/#breadcrumb\"},\"inLanguage\":\"de\",\"potentialAction\":[{\"@type\":\"ReadAction\",\"target\":[\"https:\/\/www.casinozocker.com\/ch\/video-poker\/strategien\/\"]}]},{\"@type\":\"BreadcrumbList\",\"@id\":\"https:\/\/www.casinozocker.com\/ch\/video-poker\/strategien\/#breadcrumb\",\"itemListElement\":[{\"@type\":\"ListItem\",\"position\":1,\"item\":{\"@type\":\"WebPage\",\"@id\":\"https:\/\/www.casinozocker.com\/ch\/\",\"url\":\"https:\/\/www.casinozocker.com\/ch\/\",\"name\":\"Startseite\"}},{\"@type\":\"ListItem\",\"position\":2,\"item\":{\"@type\":\"WebPage\",\"@id\":\"https:\/\/www.casinozocker.com\/ch\/video-poker\/\",\"url\":\"https:\/\/www.casinozocker.com\/ch\/video-poker\/\",\"name\":\"Video Poker\"}},{\"@type\":\"ListItem\",\"position\":3,\"item\":{\"@id\":\"https:\/\/www.casinozocker.com\/ch\/video-poker\/strategien\/#webpage\"}}]}]}<\/script>\n<!-- \/ Yoast SEO plugin. -->","_links":{"self":[{"href":"https:\/\/www.casinozocker.com\/ch\/wp-json\/wp\/v2\/pages\/273"}],"collection":[{"href":"https:\/\/www.casinozocker.com\/ch\/wp-json\/wp\/v2\/pages"}],"about":[{"href":"https:\/\/www.casinozocker.com\/ch\/wp-json\/wp\/v2\/types\/page"}],"author":[{"embeddable":true,"href":"https:\/\/www.casinozocker.com\/ch\/wp-json\/wp\/v2\/users\/1"}],"replies":[{"embeddable":true,"href":"https:\/\/www.casinozocker.com\/ch\/wp-json\/wp\/v2\/comments?post=273"}],"version-history":[{"count":1,"href":"https:\/\/www.casinozocker.com\/ch\/wp-json\/wp\/v2\/pages\/273\/revisions"}],"predecessor-version":[{"id":614,"href":"https:\/\/www.casinozocker.com\/ch\/wp-json\/wp\/v2\/pages\/273\/revisions\/614"}],"up":[{"embeddable":true,"href":"https:\/\/www.casinozocker.com\/ch\/wp-json\/wp\/v2\/pages\/26"}],"wp:attachment":[{"href":"https:\/\/www.casinozocker.com\/ch\/wp-json\/wp\/v2\/media?parent=273"}],"curies":[{"name":"wp","href":"https:\/\/api.w.org\/{rel}","templated":true}]}}