{"id":270,"date":"2012-06-22T05:56:58","date_gmt":"2012-06-22T06:56:58","guid":{"rendered":"http:\/\/www.casinozocker.com\/?page_id=270"},"modified":"2016-11-21T19:56:00","modified_gmt":"2016-11-21T18:56:00","slug":"regeln","status":"publish","type":"page","link":"https:\/\/www.casinozocker.com\/ch\/video-poker\/regeln\/","title":{"rendered":"Video Poker Regeln"},"content":{"rendered":"<p>Poker ist ein interessantes und spannendes Spiel, bei dem strategisches Geschick ben\u00f6tigt wird, w\u00e4hrend die Slotmaschinen den Spieler mit sehr hohen Gewinne sowie tollen Animationen und Bonusrunden unterhalten. Video Poker ist eine interessante Kombination beider Spiele. Um Poker zu spielen, braucht man gute Nerven und Strategie; Slotmaschine basieren jedoch einzig und allein auf Gl\u00fcck. Video Poker bietet ein wenig mehr Herausforderung als Slots, aber ohne den Stress, dem man am Pokertisch ausgesetzt ist.<\/p>\n<h2>Video Poker spielen<\/h2>\n<p>In den landbasierten Casinos und in den virtuellen Spielhallen findet der Freund dieses faszinierenden Spiels heute \u00fcber 100 verschiedene Varianten. Aber bei allen Video Poker Varianten tritt der Spieler allein gegen die Maschine an und alle Versionen basieren auf der F\u00fcnf-Karten-Hand. Daher ist es sehr wichtig, sich vor dem Spielen an der Video Poker Maschine mit den Werten der Karten auseinanderzusetzen. Aber alles andere, was man \u00fcber Poker zu wissen glaubt, sollte man vergessen.<\/p>\n<p>Das Ziel des Spiels ist es, eine gewinnbringende Kombination der Karten zu erreichen. Die Auszahlung, die die jeweilige Kombination erbringt, entnimmt man der Auszahlungstabelle. Aber zuerst macht man seinen Einsatz. Anschlie\u00dfend werden per Zufallsgenerator f\u00fcnf Karten ausgeteilt. \u00dcbrigens ist es sicher interessant zu erfahren, dass 2.598.960 Kartenh\u00e4nde produziert werden k\u00f6nnen.<\/p>\n<h2>Die Wahl der richtigen Karten<\/h2>\n<p>Nachdem die f\u00fcnf Karten ausgeteilt worden sind, beginnt der eigentlich interessante Teil des Spiels, denn es gilt nun, die richtige Wahl zu treffen. Der Spieler kann Karten behalten oder abwerfen, um an ihrer Stelle neue zu erhalten. Grenzen gibt es nicht, man kann alle Karten abwerfen oder auch alle behalten.<\/p>\n<p>Unter den Karten befindet sich jeweils ein \u201eHold\u201c-Button, der bet\u00e4tigt wird, wenn man die Karte behalten will. Wenn man seine Wahl getroffen hat, dann wird \u201eDeal\u201c gedr\u00fcckt und man erh\u00e4lt neue Karten anstelle derjenigen, die man abgeworfen hat. Der Tabelle kann man dann entnehmen, ob man einen Gewinn erzielt hat oder nicht.<\/p>\n<h2>Worauf es beim Video Poker ankommt<\/h2>\n<p>Beim Video Poker ist es am wichtigsten, die Karten zu erkennen und diese vorteilhaft auszuspielen. Weil dieses Spiel so einfach ist, ist es \u00e4u\u00dferst beliebt in der Spielergemeinschaft. Attraktiv ist auch, dass ein geschickter Spieler dem Automaten eine Quote von bis zu 100 % entlocken kann. Hilfreich beim Spielen ist die Auszahlungstabelle, damit man schnell die jeweilige Kartenhand erkennen kann.<\/p>\n<p>Da es viele verschiedene Varianten gibt, unterscheiden sich nat\u00fcrlich auch die Auszahlungstabellen. F\u00fcr den Spieler bedeutet dies, dass es sehr klug w\u00e4re, vor dem Spiel die Tabelle genau zu studieren. Es ist auch nicht vorteilhaft, eine unbekannte Variante zu spielen. Die popul\u00e4rsten Video Poker Spiele sind Jacks or Better, Deuces Wild und Joker Poker. Der kluge Spieler konzentriert sich auf einige wenige Spiele, deren Features und Regeln er genau kennt. Um die beste Version auszumachen, empfiehlt es sich, die Spiele erst im Spielgeld-Modus zu testen, bevor man echtes Geld investiert. Wenn man besonnen und konzentriert spielt, ist es durchaus m\u00f6glich, dem Spielautomaten eine respektable Summe zu entlocken. <\/p>\n","protected":false},"excerpt":{"rendered":"<p>Poker ist ein interessantes und spannendes Spiel, bei dem strategisches Geschick ben\u00f6tigt wird, w\u00e4hrend die Slotmaschinen den Spieler mit sehr hohen Gewinne sowie tollen Animationen und Bonusrunden unterhalten. Video Poker ist eine interessante Kombination beider Spiele. Um Poker zu spielen, braucht man gute Nerven und Strategie; Slotmaschine basieren jedoch einzig und allein auf Gl\u00fcck. Video &hellip;<\/p>\n<p class=\"read-more\"> <a class=\"\" href=\"https:\/\/www.casinozocker.com\/ch\/video-poker\/regeln\/\"> <span class=\"screen-reader-text\">Video Poker Regeln<\/span> Weiterlesen &raquo;<\/a><\/p>\n","protected":false},"author":1,"featured_media":0,"parent":26,"menu_order":0,"comment_status":"open","ping_status":"open","template":"","meta":[],"yoast_head":"<!-- This site is optimized with the Yoast SEO plugin v16.4 - https:\/\/yoast.com\/wordpress\/plugins\/seo\/ -->\n<title>Video Poker Regeln - CasinoZocker Schweiz<\/title>\n<meta name=\"robots\" content=\"index, follow, max-snippet:-1, max-image-preview:large, max-video-preview:-1\" \/>\n<link rel=\"canonical\" href=\"https:\/\/www.casinozocker.com\/ch\/video-poker\/regeln\/\" \/>\n<meta property=\"og:locale\" content=\"de_DE\" \/>\n<meta property=\"og:type\" content=\"article\" \/>\n<meta property=\"og:title\" content=\"Video Poker Regeln - CasinoZocker Schweiz\" \/>\n<meta property=\"og:description\" content=\"Poker ist ein interessantes und spannendes Spiel, bei dem strategisches Geschick ben\u00f6tigt wird, w\u00e4hrend die Slotmaschinen den Spieler mit sehr hohen Gewinne sowie tollen Animationen und Bonusrunden unterhalten. Video Poker ist eine interessante Kombination beider Spiele. Um Poker zu spielen, braucht man gute Nerven und Strategie; Slotmaschine basieren jedoch einzig und allein auf Gl\u00fcck. Video &hellip; Video Poker Regeln Weiterlesen &raquo;\" \/>\n<meta property=\"og:url\" content=\"https:\/\/www.casinozocker.com\/ch\/video-poker\/regeln\/\" \/>\n<meta property=\"og:site_name\" content=\"CasinoZocker Schweiz\" \/>\n<meta property=\"article:modified_time\" content=\"2016-11-21T18:56:00+00:00\" \/>\n<meta name=\"twitter:card\" content=\"summary_large_image\" \/>\n<meta name=\"twitter:label1\" content=\"Gesch\u00e4tzte Lesezeit\" \/>\n\t<meta name=\"twitter:data1\" content=\"2\u00a0Minuten\" \/>\n<script type=\"application\/ld+json\" class=\"yoast-schema-graph\">{\"@context\":\"https:\/\/schema.org\",\"@graph\":[{\"@type\":\"WebSite\",\"@id\":\"https:\/\/www.casinozocker.com\/ch\/#website\",\"url\":\"https:\/\/www.casinozocker.com\/ch\/\",\"name\":\"CasinoZocker Schweiz\",\"description\":\"Spielen in online Casinos\",\"potentialAction\":[{\"@type\":\"SearchAction\",\"target\":\"https:\/\/www.casinozocker.com\/ch\/?s={search_term_string}\",\"query-input\":\"required name=search_term_string\"}],\"inLanguage\":\"de\"},{\"@type\":\"WebPage\",\"@id\":\"https:\/\/www.casinozocker.com\/ch\/video-poker\/regeln\/#webpage\",\"url\":\"https:\/\/www.casinozocker.com\/ch\/video-poker\/regeln\/\",\"name\":\"Video Poker Regeln - CasinoZocker Schweiz\",\"isPartOf\":{\"@id\":\"https:\/\/www.casinozocker.com\/ch\/#website\"},\"datePublished\":\"2012-06-22T06:56:58+00:00\",\"dateModified\":\"2016-11-21T18:56:00+00:00\",\"breadcrumb\":{\"@id\":\"https:\/\/www.casinozocker.com\/ch\/video-poker\/regeln\/#breadcrumb\"},\"inLanguage\":\"de\",\"potentialAction\":[{\"@type\":\"ReadAction\",\"target\":[\"https:\/\/www.casinozocker.com\/ch\/video-poker\/regeln\/\"]}]},{\"@type\":\"BreadcrumbList\",\"@id\":\"https:\/\/www.casinozocker.com\/ch\/video-poker\/regeln\/#breadcrumb\",\"itemListElement\":[{\"@type\":\"ListItem\",\"position\":1,\"item\":{\"@type\":\"WebPage\",\"@id\":\"https:\/\/www.casinozocker.com\/ch\/\",\"url\":\"https:\/\/www.casinozocker.com\/ch\/\",\"name\":\"Startseite\"}},{\"@type\":\"ListItem\",\"position\":2,\"item\":{\"@type\":\"WebPage\",\"@id\":\"https:\/\/www.casinozocker.com\/ch\/video-poker\/\",\"url\":\"https:\/\/www.casinozocker.com\/ch\/video-poker\/\",\"name\":\"Video Poker\"}},{\"@type\":\"ListItem\",\"position\":3,\"item\":{\"@id\":\"https:\/\/www.casinozocker.com\/ch\/video-poker\/regeln\/#webpage\"}}]}]}<\/script>\n<!-- \/ Yoast SEO plugin. -->","_links":{"self":[{"href":"https:\/\/www.casinozocker.com\/ch\/wp-json\/wp\/v2\/pages\/270"}],"collection":[{"href":"https:\/\/www.casinozocker.com\/ch\/wp-json\/wp\/v2\/pages"}],"about":[{"href":"https:\/\/www.casinozocker.com\/ch\/wp-json\/wp\/v2\/types\/page"}],"author":[{"embeddable":true,"href":"https:\/\/www.casinozocker.com\/ch\/wp-json\/wp\/v2\/users\/1"}],"replies":[{"embeddable":true,"href":"https:\/\/www.casinozocker.com\/ch\/wp-json\/wp\/v2\/comments?post=270"}],"version-history":[{"count":1,"href":"https:\/\/www.casinozocker.com\/ch\/wp-json\/wp\/v2\/pages\/270\/revisions"}],"predecessor-version":[{"id":613,"href":"https:\/\/www.casinozocker.com\/ch\/wp-json\/wp\/v2\/pages\/270\/revisions\/613"}],"up":[{"embeddable":true,"href":"https:\/\/www.casinozocker.com\/ch\/wp-json\/wp\/v2\/pages\/26"}],"wp:attachment":[{"href":"https:\/\/www.casinozocker.com\/ch\/wp-json\/wp\/v2\/media?parent=270"}],"curies":[{"name":"wp","href":"https:\/\/api.w.org\/{rel}","templated":true}]}}