{"id":266,"date":"2012-06-13T13:22:59","date_gmt":"2012-06-13T14:22:59","guid":{"rendered":"http:\/\/www.casinozocker.com\/?page_id=266"},"modified":"2016-11-21T19:55:58","modified_gmt":"2016-11-21T18:55:58","slug":"strategie","status":"publish","type":"page","link":"https:\/\/www.casinozocker.com\/ch\/blackjack\/strategie\/","title":{"rendered":"Blackjack Strategie"},"content":{"rendered":"<h2>Black Jack &#8211; mit Strategie gegen die Bank?<\/h2>\n<p>Jeder Spieler wei\u00df, dass Black Jack nicht vollkommen grundlos zu den beliebtesten Kartenspielen der Welt geh\u00f6rt. Nat\u00fcrlich ist da der Reiz, der mit jedem Gl\u00fccksspiel einhergeht. Jedoch ist Black Jack nicht ausschlie\u00dflich durch Gl\u00fcck beeinflussbar und weist somit eine geh\u00f6rige Portion \u201eMacht\u201c und \u201eEinfluss\u201c vor \u2013 wenn auch nur in eingeschr\u00e4nkten Bahnen. Zeitgleich ist da aber auch die verh\u00e4ltnism\u00e4\u00dfig leichte Spielart. Und: Immerhin gewinnt man in einem nahezu \u201esagenhaften\u201c Verh\u00e4ltnis von 3 zu 2 \u2013 und das, obwohl der Einsatz oft verh\u00e4ltnism\u00e4\u00dfig klein und verkraftbar ist. Sollte man gewinnen, versteht sich. Denn, auch wenn die Chancen oft gutstehen, gibt es selbstverst\u00e4ndlich auch hier keine Gewinngarantien. Oder gibt es diese doch?<\/p>\n<p>Diese Frage geh\u00f6rt zu den h\u00e4ufig gestellten Fragen, wenn es um den Zauber des Black Jack Tisches geht. Denn nur die wenigsten Spieler wollen sich hier rein auf ihr Gl\u00fcck verlassen. Viel vielversprechender scheinen Strategien wie das sagenumwobene \u201eKarten z\u00e4hlen\u201c oder auch das \u201eSplitten\u201c, das \u201eWerfen\u201c, das \u201eWetten\u201c und nicht zuletzt auch das \u201eVerdoppeln\u201c. Aber halten diese auch wirklich, was sie versprechen?<\/p>\n<h3>Eine Sache des Gl\u00fccks der der Taktik?<\/h3>\n<p>Hier scheiden sich die Geister. Das Kartenz\u00e4hlen mag durch eine sehr hohe Erfolgsquote f\u00fcr sich sprechen \u2013 wird aber zum einen nicht von allen beherrscht und ist zum anderen auch in fast jedem angesehenen Casino dieser Welt verboten. Erfunden wurde das Kartenz\u00e4hlen \u00fcbrigens in den 60er Jahren von Edward O. Thorps. Der verschrieb sich, mit Unterst\u00fctzung der damals \u201emodernen\u201c Computertechnik, der These, dass man seine eigenen Gewinnchancen besser einsch\u00e4tzen konnte, wenn man die bereits ausgelegten Karten im Auge beh\u00e4lt. Eine sinnvolle These. Denn schlie\u00dflich fallen oder sinken mit jeder ausgelegten Karte die eigenen Gewinnchancen oder die des Dealers. Das Problem ist aber, dass man sich hierf\u00fcr sehr genau konzentrieren muss. Au\u00dferdem sollte man gut im Kopfrechnen sein, denn nur eine falsch kalkulierte Karte k\u00f6nnte den Sieg dahinschwinden lassen.<\/p>\n<p>Fakt ist aber auch &#8211; und das, obwohl sich vor allem Neulinge schnell vom Z\u00e4hlen abschrecken lassen-, dass man sich mit etwas Fachwissen, Erfahrung und Know-how, schnell ein automatisches System aneignen kann. \u00dcbt man also eine Zeit lang exzessiv das Z\u00e4hlen, eignet man es sich praktisch an. Sprich: Man z\u00e4hlt irgendwann automatisch mit. Kalkuliert und beobachtet man jedoch nichts stets alle Schritte, bringt auch das nicht den gew\u00fcnschten Erfolg.<\/p>\n<h3>Strategien zum Erfolg: Wie wirkungsvoll sind diese?<\/h3>\n<p>Etwas weniger umstrittene Strategien sind die \u00fcblichen und daher auch popul\u00e4ren Wettstrategien des Black Jacks. Zu diesen z\u00e4hlen vor allem das \u201eWerfen\u201c, das \u201eWetten\u201c, das \u201eVerdoppeln\u201c und das \u201eSplitten\u201c. Hierbei ist zu sagen, dass jede Strategie ihre ganz eigenen Vor- und Nachteil vorzuweisen hat. Die einen sind grundlegend weniger riskant, daf\u00fcr aber auch weniger reizvoll. Andere sind nur in bestimmten Spielsituationen und \u2013Systemen empfehlenswert und sinnvoll. Bevor man sich beispielsweise mit speziellen Strategien besch\u00e4ftigt, sollte man einen Blick in die gesamte Strategientabelle des Black Jacks \u201ewerfen\u201c \u2013 der \u00dcbersicht wegen. Denn hier finden sich alle erw\u00e4hnenswerten Strategien, die bisher entdeckt und gelistet wurden. So helfen sie dabei schnell und gezielt einsch\u00e4tzen zu k\u00f6nnen, wie hoch die Chancen zu \u201e\u00fcber-\u201c oder \u201eunterkaufen\u201c beim aktuellen Spielverlauf sind.<\/p>\n<p>Beim \u201eWetten\u201c, dreht sich hingegen alles um die M\u00f6glichkeit zu verlieren. Man fragt sich also weniger was man gewinnen will, sondern was man bereit ist zu verlieren. Genau hiernach richtet man sich und riskiert sozusagen alles, was man riskieren will \u2013 mit der Option auf den Gewinn. Der Vorteil beim \u201eSplitten\u201c besteht darin, dass man f\u00fcr jede Hand beliebig viele Karten erh\u00e4lt. Die Strategie muss aber nicht unbedingt aufgehen. Vor allem dann nicht, wenn man zwei Asse auf der Hand h\u00e4lt \u2013 denn diese verlieren durch das Splitten ihren Status als \u201eBlack Jack\u201c. Deshalb sollten Zehner und Bilder niemals gesplittet werden. Durch das \u201eVerdoppeln\u201c kann man auf kurze Sicht schnell punkten \u2013 indem man seinen Einsatz schlicht und einfach verdoppelt. Der \u201eNachteil\u201c\u201c: Man erh\u00e4lt in Folge nur noch eine Karte. Aber, keine Strategie verspricht einen eindeutigen Erfolg. Auf kurze oder lange Sicht bleibt dennoch stets die Bank der Sieger. Durch die richtige Strategie kann man aber den Verlust und Gewinn stets recht gut in der Waage halten\u2026 und vielleicht hier und da mal einen deutlichen Sieg einheimsen. <\/p>\n","protected":false},"excerpt":{"rendered":"<p>Black Jack &#8211; mit Strategie gegen die Bank? Jeder Spieler wei\u00df, dass Black Jack nicht vollkommen grundlos zu den beliebtesten Kartenspielen der Welt geh\u00f6rt. Nat\u00fcrlich ist da der Reiz, der mit jedem Gl\u00fccksspiel einhergeht. Jedoch ist Black Jack nicht ausschlie\u00dflich durch Gl\u00fcck beeinflussbar und weist somit eine geh\u00f6rige Portion \u201eMacht\u201c und \u201eEinfluss\u201c vor \u2013 wenn &hellip;<\/p>\n<p class=\"read-more\"> <a class=\"\" href=\"https:\/\/www.casinozocker.com\/ch\/blackjack\/strategie\/\"> <span class=\"screen-reader-text\">Blackjack Strategie<\/span> Weiterlesen &raquo;<\/a><\/p>\n","protected":false},"author":1,"featured_media":0,"parent":24,"menu_order":0,"comment_status":"open","ping_status":"closed","template":"","meta":[],"yoast_head":"<!-- This site is optimized with the Yoast SEO plugin v16.4 - https:\/\/yoast.com\/wordpress\/plugins\/seo\/ -->\n<title>Blackjack Strategie - CasinoZocker Schweiz<\/title>\n<meta name=\"robots\" content=\"index, follow, max-snippet:-1, max-image-preview:large, max-video-preview:-1\" \/>\n<link rel=\"canonical\" href=\"https:\/\/www.casinozocker.com\/ch\/blackjack\/strategie\/\" \/>\n<meta property=\"og:locale\" content=\"de_DE\" \/>\n<meta property=\"og:type\" content=\"article\" \/>\n<meta property=\"og:title\" content=\"Blackjack Strategie - CasinoZocker Schweiz\" \/>\n<meta property=\"og:description\" content=\"Black Jack &#8211; mit Strategie gegen die Bank? Jeder Spieler wei\u00df, dass Black Jack nicht vollkommen grundlos zu den beliebtesten Kartenspielen der Welt geh\u00f6rt. Nat\u00fcrlich ist da der Reiz, der mit jedem Gl\u00fccksspiel einhergeht. Jedoch ist Black Jack nicht ausschlie\u00dflich durch Gl\u00fcck beeinflussbar und weist somit eine geh\u00f6rige Portion \u201eMacht\u201c und \u201eEinfluss\u201c vor \u2013 wenn &hellip; Blackjack Strategie Weiterlesen &raquo;\" \/>\n<meta property=\"og:url\" content=\"https:\/\/www.casinozocker.com\/ch\/blackjack\/strategie\/\" \/>\n<meta property=\"og:site_name\" content=\"CasinoZocker Schweiz\" \/>\n<meta property=\"article:modified_time\" content=\"2016-11-21T18:55:58+00:00\" \/>\n<meta name=\"twitter:card\" content=\"summary_large_image\" \/>\n<meta name=\"twitter:label1\" content=\"Gesch\u00e4tzte Lesezeit\" \/>\n\t<meta name=\"twitter:data1\" content=\"4\u00a0Minuten\" \/>\n<script type=\"application\/ld+json\" class=\"yoast-schema-graph\">{\"@context\":\"https:\/\/schema.org\",\"@graph\":[{\"@type\":\"WebSite\",\"@id\":\"https:\/\/www.casinozocker.com\/ch\/#website\",\"url\":\"https:\/\/www.casinozocker.com\/ch\/\",\"name\":\"CasinoZocker Schweiz\",\"description\":\"Spielen in online Casinos\",\"potentialAction\":[{\"@type\":\"SearchAction\",\"target\":\"https:\/\/www.casinozocker.com\/ch\/?s={search_term_string}\",\"query-input\":\"required name=search_term_string\"}],\"inLanguage\":\"de\"},{\"@type\":\"WebPage\",\"@id\":\"https:\/\/www.casinozocker.com\/ch\/blackjack\/strategie\/#webpage\",\"url\":\"https:\/\/www.casinozocker.com\/ch\/blackjack\/strategie\/\",\"name\":\"Blackjack Strategie - CasinoZocker Schweiz\",\"isPartOf\":{\"@id\":\"https:\/\/www.casinozocker.com\/ch\/#website\"},\"datePublished\":\"2012-06-13T14:22:59+00:00\",\"dateModified\":\"2016-11-21T18:55:58+00:00\",\"breadcrumb\":{\"@id\":\"https:\/\/www.casinozocker.com\/ch\/blackjack\/strategie\/#breadcrumb\"},\"inLanguage\":\"de\",\"potentialAction\":[{\"@type\":\"ReadAction\",\"target\":[\"https:\/\/www.casinozocker.com\/ch\/blackjack\/strategie\/\"]}]},{\"@type\":\"BreadcrumbList\",\"@id\":\"https:\/\/www.casinozocker.com\/ch\/blackjack\/strategie\/#breadcrumb\",\"itemListElement\":[{\"@type\":\"ListItem\",\"position\":1,\"item\":{\"@type\":\"WebPage\",\"@id\":\"https:\/\/www.casinozocker.com\/ch\/\",\"url\":\"https:\/\/www.casinozocker.com\/ch\/\",\"name\":\"Startseite\"}},{\"@type\":\"ListItem\",\"position\":2,\"item\":{\"@type\":\"WebPage\",\"@id\":\"https:\/\/www.casinozocker.com\/ch\/blackjack\/\",\"url\":\"https:\/\/www.casinozocker.com\/ch\/blackjack\/\",\"name\":\"Blackjack\"}},{\"@type\":\"ListItem\",\"position\":3,\"item\":{\"@id\":\"https:\/\/www.casinozocker.com\/ch\/blackjack\/strategie\/#webpage\"}}]}]}<\/script>\n<!-- \/ Yoast SEO plugin. -->","_links":{"self":[{"href":"https:\/\/www.casinozocker.com\/ch\/wp-json\/wp\/v2\/pages\/266"}],"collection":[{"href":"https:\/\/www.casinozocker.com\/ch\/wp-json\/wp\/v2\/pages"}],"about":[{"href":"https:\/\/www.casinozocker.com\/ch\/wp-json\/wp\/v2\/types\/page"}],"author":[{"embeddable":true,"href":"https:\/\/www.casinozocker.com\/ch\/wp-json\/wp\/v2\/users\/1"}],"replies":[{"embeddable":true,"href":"https:\/\/www.casinozocker.com\/ch\/wp-json\/wp\/v2\/comments?post=266"}],"version-history":[{"count":1,"href":"https:\/\/www.casinozocker.com\/ch\/wp-json\/wp\/v2\/pages\/266\/revisions"}],"predecessor-version":[{"id":591,"href":"https:\/\/www.casinozocker.com\/ch\/wp-json\/wp\/v2\/pages\/266\/revisions\/591"}],"up":[{"embeddable":true,"href":"https:\/\/www.casinozocker.com\/ch\/wp-json\/wp\/v2\/pages\/24"}],"wp:attachment":[{"href":"https:\/\/www.casinozocker.com\/ch\/wp-json\/wp\/v2\/media?parent=266"}],"curies":[{"name":"wp","href":"https:\/\/api.w.org\/{rel}","templated":true}]}}