{"id":261,"date":"2012-05-24T18:34:42","date_gmt":"2012-05-24T19:34:42","guid":{"rendered":"http:\/\/www.casinozocker.com\/?page_id=261"},"modified":"2016-11-21T19:55:58","modified_gmt":"2016-11-21T18:55:58","slug":"regeln","status":"publish","type":"page","link":"https:\/\/www.casinozocker.com\/ch\/blackjack\/regeln\/","title":{"rendered":"Blackjack Regeln"},"content":{"rendered":"<p>Blackjack ist mittlerweile das meistgespielte Karten-Gl\u00fcckspiel, das in Spielbanken angeboten wird. Vorteil der Blackjack Regeln ist definitiv, dass diese in weiten L\u00e4ndern f\u00f6rmlich gleich sind. Somit sind folgende Ausf\u00fchrungen auch weitl\u00e4ufig g\u00fcltig.<\/p>\n<h2>Grunds\u00e4tzliche Informationen<\/h2>\n<p>Die zu erreichende Zielpunktzahl des Spiels ist 21. Diese Zahl ist unbedingt im Auge zu behalten, da die \u00dcberschreitung dieses Wertes beim Blackjack unbedingt zu vermeiden ist. Grunds\u00e4tzlich wird dieses Spiel an einem Tisch der die Form eines Halbkreises hat, gespielt. An diesem sitzen der Croupier, auch Dealer oder Bankhalter genannt und gegen\u00fcber maximal sieben Spieler, genannt Pointeure. Benutzt werden 52 franz\u00f6sischer Spielkarten. Insgesamt werden sechs Kartenstapel benutzt, zusammengefasst wird Blackjack also mit 312 Karten gespielt. Bei den verschiedenen Kartenwerten gibt es einiges zu beachten:<br \/>\nAsse bewegen sich in einer Punktspanne von ein oder elf Punkten. Dieser Wert kann immer erst dann festgesetzt werden, wenn der betreffende Spieler keine weitere Karte erwirbt, denn dann kann der Croupier dieses so z\u00e4hlen, wie es f\u00fcr den Mitspieler am sinnvollsten ist. Dar\u00fcber hinaus gibt es noch Buben, Damen, K\u00f6nige, die so genannten Bildkarten. Diese z\u00e4hlen zehn Punkte, Zweier und Zehner werden nach der Zahl ihrer Augen bewertet.<\/p>\n<h2>Wie wird gespielt \u2013 Der Ablauf des Spieles<\/h2>\n<p>Zu Spielbeginn werden die Eins\u00e4tze aller, die am Spiel teilnehmen, auf speziellen Feldern am Tisch, den so genannten Boxes angeordnet. Ist man kein Spieler, m\u00f6chte aber trotzdem in das Spiel einsteigen, ist dies kein Problem. Solch ein Mitspieler kann seinen Einsatz zu den Boxen \u201emit hinein\u201c setzen. In diesem Fall ist zu beachten, dass jedes Casino immer ein Limit festlegt, das nicht \u00fcberschritten werden darf und dieser Mitspieler kein eigenes Entscheidungsrecht hat. Konkret hei\u00dft dies, dass ein Einsatz dieses Mitspielers nur dann m\u00f6glich ist, wenn nicht der Spieler selbst bereits den Maximaleinsatz auf \u201eseine\u201c Box gesetzt hat. Nach Abschluss dieser \u201eVorbereitungen\u201c geschieht das Austeilen der Spielkarten. Je eine Karte, welche am Tisch aufgedeckt f\u00fcr alle sichtbar liegen bleibt, erhalten zun\u00e4chst der Croupier und der Spieler. Im Anschluss an diesen Schritt bekommt jeder Spieler eine weitere Karte die ebenfalls aufgedeckt bleibt ausgeh\u00e4ndigt. Wieviele Karten ein Spieler m\u00f6chte, bestimmt er selbst. Hierbei muss dieser allerdings versuchen, die Punktzahl von 21 so nah wie m\u00f6glich zu erreichen und keinesfalls zu \u00fcberschreiten. Wenn er diese Entscheidung getroffen hat, tut er dies mit den Worten \u201ekeine Karte mehr\u201c kund. Der Spielverlauf beginnt dabei beim Croupier und verl\u00e4uft im Uhrzeigersinn. Ein weiterer wichtiger Begriff der an dieser Stelle noch zu kl\u00e4ren w\u00e4re, ist die Bezeichnung \u201ebust\u201c. Dieses Wort wir f\u00fcr Spieler gebraucht, die mit ihren Karten den Wert von 21 \u00fcberschritten haben und somit sofort vom Spiel ausscheiden. Sofern alle Spieler Karten erhalten haben, ist es auch dem Croupier gestattet eine zweite weitere Karte zu nehmen. Sofern der Zahlenwert der Karte 16 oder weniger betr\u00e4gt, ist der Croupier verpflichtet, eine weitere Karte vom Stapel zu nehmen. Alles \u00fcber diese Zahl hinaus, d.h. alles \u00fcber 17, bedarf keiner Reaktion. Bei diesem Spielzug gilt die Regel, dass der Croupier ein Ass in jedem Falle mit elf Punkten z\u00e4hlen muss, sofern er damit nicht den Endwert von 21 \u00fcberschreiten w\u00fcrde. Grunds\u00e4tzlich ist es spieltechnisch m\u00f6glich, dass auch der Croupier 21 Punkte \u00fcberschreitet, und somit den Gewinn aller anderen Teilnehmer veranlasst. Ansonsten ist ein Gewinn nur f\u00fcr Spieler, deren Zahlen n\u00e4her an 21 heranreichen als die Zahlen des Croupiers, m\u00f6glich. F\u00fcr den Fall, dass ein Spieler gleich viele Punkte wie der Croupier haben sollte, ist das Spiel remis und wird beendet. Bei solch einem Spiel ist kein Gewinn f\u00fcr den Spieler m\u00f6glich. Nichtsdestotrotz ist hierbei positiv, dass der Spieler vice versa auch nichts verliert. Sollte ein Spieler das Spiel gewinnen, so erh\u00e4lt er den Geldgewinn in H\u00f6he seines Einsatzes. Erh\u00f6hte Gewinne werden beim Blackjack (die 21 Punkte bestehen aus Ass und Bild bzw. Ass und Zehn) oder beim Siebener Drilling (die 21 Punkte werden mit nur drei Karten \u00e0 7 Punkte erreicht) ausgezahlt.<\/p>\n","protected":false},"excerpt":{"rendered":"<p>Blackjack ist mittlerweile das meistgespielte Karten-Gl\u00fcckspiel, das in Spielbanken angeboten wird. Vorteil der Blackjack Regeln ist definitiv, dass diese in weiten L\u00e4ndern f\u00f6rmlich gleich sind. Somit sind folgende Ausf\u00fchrungen auch weitl\u00e4ufig g\u00fcltig. Grunds\u00e4tzliche Informationen Die zu erreichende Zielpunktzahl des Spiels ist 21. Diese Zahl ist unbedingt im Auge zu behalten, da die \u00dcberschreitung dieses Wertes &hellip;<\/p>\n<p class=\"read-more\"> <a class=\"\" href=\"https:\/\/www.casinozocker.com\/ch\/blackjack\/regeln\/\"> <span class=\"screen-reader-text\">Blackjack Regeln<\/span> Weiterlesen &raquo;<\/a><\/p>\n","protected":false},"author":1,"featured_media":0,"parent":24,"menu_order":0,"comment_status":"open","ping_status":"closed","template":"","meta":[],"yoast_head":"<!-- This site is optimized with the Yoast SEO plugin v16.4 - https:\/\/yoast.com\/wordpress\/plugins\/seo\/ -->\n<title>Blackjack Regeln - CasinoZocker Schweiz<\/title>\n<meta name=\"robots\" content=\"index, follow, max-snippet:-1, max-image-preview:large, max-video-preview:-1\" \/>\n<link rel=\"canonical\" href=\"https:\/\/www.casinozocker.com\/ch\/blackjack\/regeln\/\" \/>\n<meta property=\"og:locale\" content=\"de_DE\" \/>\n<meta property=\"og:type\" content=\"article\" \/>\n<meta property=\"og:title\" content=\"Blackjack Regeln - CasinoZocker Schweiz\" \/>\n<meta property=\"og:description\" content=\"Blackjack ist mittlerweile das meistgespielte Karten-Gl\u00fcckspiel, das in Spielbanken angeboten wird. Vorteil der Blackjack Regeln ist definitiv, dass diese in weiten L\u00e4ndern f\u00f6rmlich gleich sind. Somit sind folgende Ausf\u00fchrungen auch weitl\u00e4ufig g\u00fcltig. Grunds\u00e4tzliche Informationen Die zu erreichende Zielpunktzahl des Spiels ist 21. Diese Zahl ist unbedingt im Auge zu behalten, da die \u00dcberschreitung dieses Wertes &hellip; Blackjack Regeln Weiterlesen &raquo;\" \/>\n<meta property=\"og:url\" content=\"https:\/\/www.casinozocker.com\/ch\/blackjack\/regeln\/\" \/>\n<meta property=\"og:site_name\" content=\"CasinoZocker Schweiz\" \/>\n<meta property=\"article:modified_time\" content=\"2016-11-21T18:55:58+00:00\" \/>\n<meta name=\"twitter:card\" content=\"summary_large_image\" \/>\n<meta name=\"twitter:label1\" content=\"Gesch\u00e4tzte Lesezeit\" \/>\n\t<meta name=\"twitter:data1\" content=\"3\u00a0Minuten\" \/>\n<script type=\"application\/ld+json\" class=\"yoast-schema-graph\">{\"@context\":\"https:\/\/schema.org\",\"@graph\":[{\"@type\":\"WebSite\",\"@id\":\"https:\/\/www.casinozocker.com\/ch\/#website\",\"url\":\"https:\/\/www.casinozocker.com\/ch\/\",\"name\":\"CasinoZocker Schweiz\",\"description\":\"Spielen in online Casinos\",\"potentialAction\":[{\"@type\":\"SearchAction\",\"target\":\"https:\/\/www.casinozocker.com\/ch\/?s={search_term_string}\",\"query-input\":\"required name=search_term_string\"}],\"inLanguage\":\"de\"},{\"@type\":\"WebPage\",\"@id\":\"https:\/\/www.casinozocker.com\/ch\/blackjack\/regeln\/#webpage\",\"url\":\"https:\/\/www.casinozocker.com\/ch\/blackjack\/regeln\/\",\"name\":\"Blackjack Regeln - CasinoZocker Schweiz\",\"isPartOf\":{\"@id\":\"https:\/\/www.casinozocker.com\/ch\/#website\"},\"datePublished\":\"2012-05-24T19:34:42+00:00\",\"dateModified\":\"2016-11-21T18:55:58+00:00\",\"breadcrumb\":{\"@id\":\"https:\/\/www.casinozocker.com\/ch\/blackjack\/regeln\/#breadcrumb\"},\"inLanguage\":\"de\",\"potentialAction\":[{\"@type\":\"ReadAction\",\"target\":[\"https:\/\/www.casinozocker.com\/ch\/blackjack\/regeln\/\"]}]},{\"@type\":\"BreadcrumbList\",\"@id\":\"https:\/\/www.casinozocker.com\/ch\/blackjack\/regeln\/#breadcrumb\",\"itemListElement\":[{\"@type\":\"ListItem\",\"position\":1,\"item\":{\"@type\":\"WebPage\",\"@id\":\"https:\/\/www.casinozocker.com\/ch\/\",\"url\":\"https:\/\/www.casinozocker.com\/ch\/\",\"name\":\"Startseite\"}},{\"@type\":\"ListItem\",\"position\":2,\"item\":{\"@type\":\"WebPage\",\"@id\":\"https:\/\/www.casinozocker.com\/ch\/blackjack\/\",\"url\":\"https:\/\/www.casinozocker.com\/ch\/blackjack\/\",\"name\":\"Blackjack\"}},{\"@type\":\"ListItem\",\"position\":3,\"item\":{\"@id\":\"https:\/\/www.casinozocker.com\/ch\/blackjack\/regeln\/#webpage\"}}]}]}<\/script>\n<!-- \/ Yoast SEO plugin. -->","_links":{"self":[{"href":"https:\/\/www.casinozocker.com\/ch\/wp-json\/wp\/v2\/pages\/261"}],"collection":[{"href":"https:\/\/www.casinozocker.com\/ch\/wp-json\/wp\/v2\/pages"}],"about":[{"href":"https:\/\/www.casinozocker.com\/ch\/wp-json\/wp\/v2\/types\/page"}],"author":[{"embeddable":true,"href":"https:\/\/www.casinozocker.com\/ch\/wp-json\/wp\/v2\/users\/1"}],"replies":[{"embeddable":true,"href":"https:\/\/www.casinozocker.com\/ch\/wp-json\/wp\/v2\/comments?post=261"}],"version-history":[{"count":1,"href":"https:\/\/www.casinozocker.com\/ch\/wp-json\/wp\/v2\/pages\/261\/revisions"}],"predecessor-version":[{"id":590,"href":"https:\/\/www.casinozocker.com\/ch\/wp-json\/wp\/v2\/pages\/261\/revisions\/590"}],"up":[{"embeddable":true,"href":"https:\/\/www.casinozocker.com\/ch\/wp-json\/wp\/v2\/pages\/24"}],"wp:attachment":[{"href":"https:\/\/www.casinozocker.com\/ch\/wp-json\/wp\/v2\/media?parent=261"}],"curies":[{"name":"wp","href":"https:\/\/api.w.org\/{rel}","templated":true}]}}