{"id":26,"date":"2011-12-25T20:43:55","date_gmt":"2011-12-25T20:43:55","guid":{"rendered":"http:\/\/www.casinozocker.com\/?page_id=26"},"modified":"2016-12-05T10:42:00","modified_gmt":"2016-12-05T09:42:00","slug":"video-poker","status":"publish","type":"page","link":"https:\/\/www.casinozocker.com\/ch\/video-poker\/","title":{"rendered":"Video Poker"},"content":{"rendered":"<p>Poker ist ein absoluter Klassiker unter den Gl\u00fccksspielen und der einzige Nachteil von diesem sch\u00f6nen Spiel ist, dass man es nicht alleine spielen kann. Auch zu zweit macht es wenig Spa\u00df und wird im Casino nicht angeboten. Es m\u00fcssen schon mehrere Spieler an einer Partie teilnehmen, damit es sinnvoll ist zu spielen. Deswegen haben sich schlaue Casinoentwickler vor einiger Zeit gedacht, dass man Poker auch alleine am Automaten spielen k\u00f6nnen muss. Das Ergebnis war Video Poker. Video Poker hat sich im Laufe der Zeit stark entwickelt, \u00e4hnlich wie klassische <a href=\"https:\/\/www.casinozocker.com\/spielautomaten\/\">Spielautomaten<\/a>. Video Poker selbst kann man jedoch nicht mit Spielautomaten vergleichen, denn beim Video Poker hat man immerhin die Chance das Spiel zu beeinflussen mit seiner Entscheidung. Man bekommt f\u00fcnf Karten ausgeteilt und muss entscheiden welche man beh\u00e4lt und welche man austauschen soll. Nach einem einzigen Tausch muss man eine Hand vorweisen k\u00f6nnen, die im Ranking m\u00f6glichst weit oben steht. Nur dann bekommt man auch seinen Einsatz zur\u00fcck bzw. kann ihn vermehren. Die detaillierteren Regeln sind <a href=\"https:\/\/www.casinozocker.com\/video-poker\/regeln\/\">hier beschrieben<\/a>.<\/p>\n<h2>Video Poker Strategie<\/h2>\n<p>W\u00e4hrend man also bei Spielautomaten keine M\u00f6glichkeit hat seine Gewinnchancen zu steigern, ist dies beim Video Poker sehr wohl m\u00f6glich. Wichtig ist jedoch zu wissen, dass man zwar immer die optimale Entscheidung treffen kann, aber auch nicht auf lange Sicht gewinnen kann. Trotzdem ist Video Poker eines der fairsten Spiele \u00fcberhaupt und macht noch dazu eine Menge Spa\u00df. Mit der richtigen Strategie kann man den Hausvorteil des Casinos auf ein Minimum reduzieren und unter den richtigen Voraussetzungen sogar f\u00fcr kurze Zeit mit positivem Erwartungswert spielen. Das ist wirklich einmalig und f\u00fcr alle, die auf lange Sicht m\u00f6glichst wenig verlieren m\u00f6chten ist Video Poker damit sehr viel besser geeignet als Spielautomaten oder auch <a href=\"https:\/\/www.casinozocker.com\/roulette\/\">Roulette<\/a>. Mehr Strategien <a href=\"https:\/\/www.casinozocker.com\/video-poker\/strategien\/\">sind hier ver\u00f6ffentlicht<\/a>.<\/p>\n","protected":false},"excerpt":{"rendered":"<p>Poker ist ein absoluter Klassiker unter den Gl\u00fccksspielen und der einzige Nachteil von diesem sch\u00f6nen Spiel ist, dass man es nicht alleine spielen kann. Auch zu zweit macht es wenig Spa\u00df und wird im Casino nicht angeboten. Es m\u00fcssen schon mehrere Spieler an einer Partie teilnehmen, damit es sinnvoll ist zu spielen. Deswegen haben sich &hellip;<\/p>\n<p class=\"read-more\"> <a class=\"\" href=\"https:\/\/www.casinozocker.com\/ch\/video-poker\/\"> <span class=\"screen-reader-text\">Video Poker<\/span> Weiterlesen &raquo;<\/a><\/p>\n","protected":false},"author":1,"featured_media":0,"parent":0,"menu_order":0,"comment_status":"open","ping_status":"closed","template":"","meta":[],"yoast_head":"<!-- This site is optimized with the Yoast SEO plugin v16.4 - https:\/\/yoast.com\/wordpress\/plugins\/seo\/ -->\n<title>Video Poker - CasinoZocker Schweiz<\/title>\n<meta name=\"robots\" content=\"index, follow, max-snippet:-1, max-image-preview:large, max-video-preview:-1\" \/>\n<link rel=\"canonical\" href=\"https:\/\/www.casinozocker.com\/ch\/video-poker\/\" \/>\n<meta property=\"og:locale\" content=\"de_DE\" \/>\n<meta property=\"og:type\" content=\"article\" \/>\n<meta property=\"og:title\" content=\"Video Poker - CasinoZocker Schweiz\" \/>\n<meta property=\"og:description\" content=\"Poker ist ein absoluter Klassiker unter den Gl\u00fccksspielen und der einzige Nachteil von diesem sch\u00f6nen Spiel ist, dass man es nicht alleine spielen kann. Auch zu zweit macht es wenig Spa\u00df und wird im Casino nicht angeboten. Es m\u00fcssen schon mehrere Spieler an einer Partie teilnehmen, damit es sinnvoll ist zu spielen. Deswegen haben sich &hellip; Video Poker Weiterlesen &raquo;\" \/>\n<meta property=\"og:url\" content=\"https:\/\/www.casinozocker.com\/ch\/video-poker\/\" \/>\n<meta property=\"og:site_name\" content=\"CasinoZocker Schweiz\" \/>\n<meta property=\"article:modified_time\" content=\"2016-12-05T09:42:00+00:00\" \/>\n<meta name=\"twitter:card\" content=\"summary_large_image\" \/>\n<meta name=\"twitter:label1\" content=\"Gesch\u00e4tzte Lesezeit\" \/>\n\t<meta name=\"twitter:data1\" content=\"2\u00a0Minuten\" \/>\n<script type=\"application\/ld+json\" class=\"yoast-schema-graph\">{\"@context\":\"https:\/\/schema.org\",\"@graph\":[{\"@type\":\"WebSite\",\"@id\":\"https:\/\/www.casinozocker.com\/ch\/#website\",\"url\":\"https:\/\/www.casinozocker.com\/ch\/\",\"name\":\"CasinoZocker Schweiz\",\"description\":\"Spielen in online Casinos\",\"potentialAction\":[{\"@type\":\"SearchAction\",\"target\":\"https:\/\/www.casinozocker.com\/ch\/?s={search_term_string}\",\"query-input\":\"required name=search_term_string\"}],\"inLanguage\":\"de\"},{\"@type\":\"WebPage\",\"@id\":\"https:\/\/www.casinozocker.com\/ch\/video-poker\/#webpage\",\"url\":\"https:\/\/www.casinozocker.com\/ch\/video-poker\/\",\"name\":\"Video Poker - CasinoZocker Schweiz\",\"isPartOf\":{\"@id\":\"https:\/\/www.casinozocker.com\/ch\/#website\"},\"datePublished\":\"2011-12-25T20:43:55+00:00\",\"dateModified\":\"2016-12-05T09:42:00+00:00\",\"breadcrumb\":{\"@id\":\"https:\/\/www.casinozocker.com\/ch\/video-poker\/#breadcrumb\"},\"inLanguage\":\"de\",\"potentialAction\":[{\"@type\":\"ReadAction\",\"target\":[\"https:\/\/www.casinozocker.com\/ch\/video-poker\/\"]}]},{\"@type\":\"BreadcrumbList\",\"@id\":\"https:\/\/www.casinozocker.com\/ch\/video-poker\/#breadcrumb\",\"itemListElement\":[{\"@type\":\"ListItem\",\"position\":1,\"item\":{\"@type\":\"WebPage\",\"@id\":\"https:\/\/www.casinozocker.com\/ch\/\",\"url\":\"https:\/\/www.casinozocker.com\/ch\/\",\"name\":\"Startseite\"}},{\"@type\":\"ListItem\",\"position\":2,\"item\":{\"@id\":\"https:\/\/www.casinozocker.com\/ch\/video-poker\/#webpage\"}}]}]}<\/script>\n<!-- \/ Yoast SEO plugin. -->","_links":{"self":[{"href":"https:\/\/www.casinozocker.com\/ch\/wp-json\/wp\/v2\/pages\/26"}],"collection":[{"href":"https:\/\/www.casinozocker.com\/ch\/wp-json\/wp\/v2\/pages"}],"about":[{"href":"https:\/\/www.casinozocker.com\/ch\/wp-json\/wp\/v2\/types\/page"}],"author":[{"embeddable":true,"href":"https:\/\/www.casinozocker.com\/ch\/wp-json\/wp\/v2\/users\/1"}],"replies":[{"embeddable":true,"href":"https:\/\/www.casinozocker.com\/ch\/wp-json\/wp\/v2\/comments?post=26"}],"version-history":[{"count":3,"href":"https:\/\/www.casinozocker.com\/ch\/wp-json\/wp\/v2\/pages\/26\/revisions"}],"predecessor-version":[{"id":642,"href":"https:\/\/www.casinozocker.com\/ch\/wp-json\/wp\/v2\/pages\/26\/revisions\/642"}],"wp:attachment":[{"href":"https:\/\/www.casinozocker.com\/ch\/wp-json\/wp\/v2\/media?parent=26"}],"curies":[{"name":"wp","href":"https:\/\/api.w.org\/{rel}","templated":true}]}}