{"id":24,"date":"2011-12-25T20:43:40","date_gmt":"2011-12-25T20:43:40","guid":{"rendered":"http:\/\/www.casinozocker.com\/?page_id=24"},"modified":"2016-11-21T19:55:58","modified_gmt":"2016-11-21T18:55:58","slug":"blackjack","status":"publish","type":"page","link":"https:\/\/www.casinozocker.com\/ch\/blackjack\/","title":{"rendered":"Blackjack"},"content":{"rendered":"<p>Blackjack, oder auch als 21 bezeichnet ist neben Roulette sicherlich eines der beliebtesten Casino Spiele und neben Poker auf alle F\u00e4lle das beliebteste Kartenspiel. Schon immer hat Blackjack Mathematiker und Zocker angelockt und zwar vor allem deswegen weil es tats\u00e4chlich m\u00f6glich war bzw. ist beim live Blackjack das Haus zu schlagen und damit langfristig Geld zu verdienen. Das klingt absurd, aber jeder, der den <a href=\"http:\/\/de.wikipedia.org\/wiki\/21_%28Film%29\" target=\"_blank\">Film 21<\/a> angeschaut hat wei\u00df was Sache ist. Denn durch sogenanntes Kartenz\u00e4hlen ist es tats\u00e4chlich m\u00f6glich sich einen entscheidenden Vorteil zu erschleichen und das Casino auszunehmen. Das haben auch schon sehr viele versucht und das mit Erfolg! Aber Casinos sind auch nicht bl\u00f6d und haben inzwischen viele M\u00f6glichkeiten gegen sogenannte Kartenz\u00e4hler vorzugehen. Dabei m\u00fcssen sie h\u00e4ufig zu unlauteren Mitteln greifen, die Spieler genau beobachten und bei Verdacht sogar aus dem Casino werfen. Nat\u00fcrlich erwischt es t\u00e4glich auch Spieler, die gar keine Absichten hatten Karten zu z\u00e4hlen, aber das ist leider unvermeidbar. Betrug ist Kartenz\u00e4hlen in dem Sinne nicht, denn man optimiert damit einfach seine Strategie auf legalem Wege, aber Casinos k\u00f6nnen nat\u00fcrlich selbst entscheiden wen sie in ihrem Haus haben m\u00f6chten und Kartenz\u00e4hler geh\u00f6ren da normalerweise nicht dazu.<\/p>\n<h2>Blackjack Strategie<\/h2>\n<p>Blackjack ist ein Spiel bei dem man wirklich sehr viele Optionen hat und das ist immer eine gute Sache, auch wenn es Anfangs etwas verwirrend sein mag. Aber durch die Vielzahl an Optionen kommt man der optimalen Entscheidung sehr viel n\u00e4her und hat mehr Spielraum. Man wird f\u00fcr schlechte Entscheidungen bestraft und f\u00fcr gute belohnt, das hei\u00dft, dass man bei optimalen Entscheidungen den Hausvorteil sehr, sehr gering halten kann. Besteht sogar die M\u00f6glichkeiten vorhandene Karten mit in die Entscheidung einflie\u00dfen zu lassen ist es sogar m\u00f6glich langfristig zu gewinnen. H\u00e4ufig braucht man dazu Mitspieler, die das Spiel mit beeinflussen. Online sind solche Techniken nicht m\u00f6glich, so dass du mit den optimalen Entscheidungen keinen positiven Erwartungswert erzielen kannst. Aber das muss man auch nicht um Spa\u00df am Spiel haben zu k\u00f6nnen.<\/p>\n<p>Es gibt ein einfaches Rezept, das einem sagt wann man wie spielen sollte. So kann man sich eine Tabelle herunterladen, die praktisch f\u00fcr jeden Fall den richtigen Zug vorgibt. Man schaut welche zwei Karten man hat und welche Karte beim Dealer angezeigt wird und trifft basierend auf diesen Informationen seine Entscheidung. Besser ist es jedoch selbst zu begreifen warum und weshalb man in bestimmten Situationen so spielen soll. Denn nur so kann man das Spiel wirklich verstehen und lernen wie man die richtigen Entscheidungen trifft.<\/p>\n","protected":false},"excerpt":{"rendered":"<p>Blackjack, oder auch als 21 bezeichnet ist neben Roulette sicherlich eines der beliebtesten Casino Spiele und neben Poker auf alle F\u00e4lle das beliebteste Kartenspiel. Schon immer hat Blackjack Mathematiker und Zocker angelockt und zwar vor allem deswegen weil es tats\u00e4chlich m\u00f6glich war bzw. ist beim live Blackjack das Haus zu schlagen und damit langfristig Geld &hellip;<\/p>\n<p class=\"read-more\"> <a class=\"\" href=\"https:\/\/www.casinozocker.com\/ch\/blackjack\/\"> <span class=\"screen-reader-text\">Blackjack<\/span> Weiterlesen &raquo;<\/a><\/p>\n","protected":false},"author":1,"featured_media":0,"parent":0,"menu_order":0,"comment_status":"open","ping_status":"closed","template":"","meta":[],"yoast_head":"<!-- This site is optimized with the Yoast SEO plugin v16.4 - https:\/\/yoast.com\/wordpress\/plugins\/seo\/ -->\n<title>Blackjack - CasinoZocker Schweiz<\/title>\n<meta name=\"robots\" content=\"index, follow, max-snippet:-1, max-image-preview:large, max-video-preview:-1\" \/>\n<link rel=\"canonical\" href=\"https:\/\/www.casinozocker.com\/ch\/blackjack\/\" \/>\n<meta property=\"og:locale\" content=\"de_DE\" \/>\n<meta property=\"og:type\" content=\"article\" \/>\n<meta property=\"og:title\" content=\"Blackjack - CasinoZocker Schweiz\" \/>\n<meta property=\"og:description\" content=\"Blackjack, oder auch als 21 bezeichnet ist neben Roulette sicherlich eines der beliebtesten Casino Spiele und neben Poker auf alle F\u00e4lle das beliebteste Kartenspiel. Schon immer hat Blackjack Mathematiker und Zocker angelockt und zwar vor allem deswegen weil es tats\u00e4chlich m\u00f6glich war bzw. ist beim live Blackjack das Haus zu schlagen und damit langfristig Geld &hellip; Blackjack Weiterlesen &raquo;\" \/>\n<meta property=\"og:url\" content=\"https:\/\/www.casinozocker.com\/ch\/blackjack\/\" \/>\n<meta property=\"og:site_name\" content=\"CasinoZocker Schweiz\" \/>\n<meta property=\"article:modified_time\" content=\"2016-11-21T18:55:58+00:00\" \/>\n<meta name=\"twitter:card\" content=\"summary_large_image\" \/>\n<meta name=\"twitter:label1\" content=\"Gesch\u00e4tzte Lesezeit\" \/>\n\t<meta name=\"twitter:data1\" content=\"2\u00a0Minuten\" \/>\n<script type=\"application\/ld+json\" class=\"yoast-schema-graph\">{\"@context\":\"https:\/\/schema.org\",\"@graph\":[{\"@type\":\"WebSite\",\"@id\":\"https:\/\/www.casinozocker.com\/ch\/#website\",\"url\":\"https:\/\/www.casinozocker.com\/ch\/\",\"name\":\"CasinoZocker Schweiz\",\"description\":\"Spielen in online Casinos\",\"potentialAction\":[{\"@type\":\"SearchAction\",\"target\":\"https:\/\/www.casinozocker.com\/ch\/?s={search_term_string}\",\"query-input\":\"required name=search_term_string\"}],\"inLanguage\":\"de\"},{\"@type\":\"WebPage\",\"@id\":\"https:\/\/www.casinozocker.com\/ch\/blackjack\/#webpage\",\"url\":\"https:\/\/www.casinozocker.com\/ch\/blackjack\/\",\"name\":\"Blackjack - CasinoZocker Schweiz\",\"isPartOf\":{\"@id\":\"https:\/\/www.casinozocker.com\/ch\/#website\"},\"datePublished\":\"2011-12-25T20:43:40+00:00\",\"dateModified\":\"2016-11-21T18:55:58+00:00\",\"breadcrumb\":{\"@id\":\"https:\/\/www.casinozocker.com\/ch\/blackjack\/#breadcrumb\"},\"inLanguage\":\"de\",\"potentialAction\":[{\"@type\":\"ReadAction\",\"target\":[\"https:\/\/www.casinozocker.com\/ch\/blackjack\/\"]}]},{\"@type\":\"BreadcrumbList\",\"@id\":\"https:\/\/www.casinozocker.com\/ch\/blackjack\/#breadcrumb\",\"itemListElement\":[{\"@type\":\"ListItem\",\"position\":1,\"item\":{\"@type\":\"WebPage\",\"@id\":\"https:\/\/www.casinozocker.com\/ch\/\",\"url\":\"https:\/\/www.casinozocker.com\/ch\/\",\"name\":\"Startseite\"}},{\"@type\":\"ListItem\",\"position\":2,\"item\":{\"@id\":\"https:\/\/www.casinozocker.com\/ch\/blackjack\/#webpage\"}}]}]}<\/script>\n<!-- \/ Yoast SEO plugin. -->","_links":{"self":[{"href":"https:\/\/www.casinozocker.com\/ch\/wp-json\/wp\/v2\/pages\/24"}],"collection":[{"href":"https:\/\/www.casinozocker.com\/ch\/wp-json\/wp\/v2\/pages"}],"about":[{"href":"https:\/\/www.casinozocker.com\/ch\/wp-json\/wp\/v2\/types\/page"}],"author":[{"embeddable":true,"href":"https:\/\/www.casinozocker.com\/ch\/wp-json\/wp\/v2\/users\/1"}],"replies":[{"embeddable":true,"href":"https:\/\/www.casinozocker.com\/ch\/wp-json\/wp\/v2\/comments?post=24"}],"version-history":[{"count":1,"href":"https:\/\/www.casinozocker.com\/ch\/wp-json\/wp\/v2\/pages\/24\/revisions"}],"predecessor-version":[{"id":545,"href":"https:\/\/www.casinozocker.com\/ch\/wp-json\/wp\/v2\/pages\/24\/revisions\/545"}],"wp:attachment":[{"href":"https:\/\/www.casinozocker.com\/ch\/wp-json\/wp\/v2\/media?parent=24"}],"curies":[{"name":"wp","href":"https:\/\/api.w.org\/{rel}","templated":true}]}}