{"id":21,"date":"2011-12-25T20:43:26","date_gmt":"2011-12-25T20:43:26","guid":{"rendered":"http:\/\/www.casinozocker.com\/?page_id=21"},"modified":"2016-12-05T09:41:29","modified_gmt":"2016-12-05T08:41:29","slug":"spielautomaten","status":"publish","type":"page","link":"https:\/\/www.casinozocker.com\/ch\/spielautomaten\/","title":{"rendered":"Spielautomaten"},"content":{"rendered":"<p>Spielautomaten sind eigentlich eine Faszination. Als ich das erste Mal in einem Casino war und so viele Leute vor Spielautomaten gesehen habe, dachte ich mir was das soll. Man wirft eine M\u00fcnze rein, dr\u00fcckt einen Knopf oder bet\u00e4tigt einen Hebel und wartet dann darauf was dabei rauskommt. Spannendes Spielen sieht eigentlich anders aus, aber das ist ja das Tolle an Spielautomaten: sie sind so einfach zu bedienen und man hat die M\u00f6glichkeit mit wenig Einsatz sehr viel Geld zu gewinnen &#8211; zumindest wenn man an den richtigen Spielautomaten spielt. Es gibt sogar <a href=\"https:\/\/www.casinozocker.com\/spielautomaten\/jackpots\/\">progressive Jackpots<\/a>, die in die Millionen gehen und das kennt man eigentlich nur vom Lotto. Es ist also kein Wunder warum t\u00e4glich so viele Menschen an Spielautomaten spielen und auf den gro\u00dfen Jackpot hoffen. Und so komisch es auch klingen mag, aber Spielautomaten geh\u00f6ren mittlerweile auch f\u00fcr mich pers\u00f6nlich zu den besten Casino Spielen!<\/p>\n<h2>Was sind Spielautomaten?<\/h2>\n<p>Die Definition von Spielautomaten ist durchaus unscharf. Wikipedia sagt, dass es sich dabei um ein &#8222;elektronisches Ger\u00e4t handelt, das einen Spielverlauf bietet, der durch Zufall und\/oder Bet\u00e4tigungen des [&#8230;] Mitspielers bestimmt wird.&#8220; (<a href=\"http:\/\/de.wikipedia.org\/wiki\/Spielautomat\" target=\"_blank\">siehe Wikipedia<\/a>). Darunter fallen also eigentlich auch alle Video Poker Automaten zum Beispiel, denn auch sie bestimmen den Ausgang des Spiels durch das Zufallsprinzip. Im Allgemeinen meint man mit Spielautomaten jedoch die Slotmaschinen, oder auch kurz Slots genannt. Diese werden dadurch charakterisiert, dass keine Interaktion mehr mit dem Automaten stattfindet wenn das Spiel gestartet wurde. Beim <a href=\"https:\/\/www.casinozocker.com\/video-poker\/\">Video Poker<\/a> und \u00e4hnlichen Ger\u00e4ten hat man noch die M\u00f6glichkeit Entscheidungen zu treffen, zum Beispiel welche Karten man behalten und welche aussortieren m\u00f6chte. Bei einer Slotmaschine ist das schon nicht mehr m\u00f6glich, denn sobald einmal der Einsatz get\u00e4tigt und die Gewinnlinien festgelegt sind, gibt es kein Zur\u00fcck mehr und der Spieler kann nur noch auf das Ergebnis warten. Dass diese Definition nicht in Stein gemei\u00dfelt ist, steht au\u00dfer Frage, jedoch macht es viel Sinn Spielautomaten als Slotmaschinen zu bezeichnen, denn genau das stellt sich der gemeine CasinoZocker auch darunter vor.<\/p>\n<h2>Jackpots<\/h2>\n<p>Das Thema der Jackpots wurde bereits angesprochen. Es handelt sich dabei um Auszahlungen, die den urspr\u00fcnglichen Einsatz um L\u00e4ngen \u00fcbersteigt. Eigentlich kommt der Begriff Jackpot aus dem Pokerspiel und wurde dann auf weitere Gl\u00fccksspiele ausgedehnt (Quelle: <a href=\"http:\/\/de.wikipedia.org\/wiki\/Jackpot\" target=\"_blank\">Wikipedia<\/a>). Deswegen spricht man auch bei Spielautomaten von Jackpot und auch wenn man fr\u00fcher damit keine Millionenbetr\u00e4ge meinte, l\u00e4sst man den Jackpotbegriff bei kleineren Gewinnen weg. Niemand spricht von Jackpot wenn man beim Blackjack 21 hat oder beim Roulette mit einer Zahl richtig liegt. Im letzteren Fall bekommt man &#8222;nur&#8220; das 35 fache seines Einsatzes, knackt man jedoch einen Jackpot so kann man schon einmal das 1000 oder 250000 fache gewinnen &#8211; je nachdem um welchen Jackpot es sich handelt.<\/p>\n","protected":false},"excerpt":{"rendered":"<p>Spielautomaten sind eigentlich eine Faszination. Als ich das erste Mal in einem Casino war und so viele Leute vor Spielautomaten gesehen habe, dachte ich mir was das soll. Man wirft eine M\u00fcnze rein, dr\u00fcckt einen Knopf oder bet\u00e4tigt einen Hebel und wartet dann darauf was dabei rauskommt. Spannendes Spielen sieht eigentlich anders aus, aber das &hellip;<\/p>\n<p class=\"read-more\"> <a class=\"\" href=\"https:\/\/www.casinozocker.com\/ch\/spielautomaten\/\"> <span class=\"screen-reader-text\">Spielautomaten<\/span> Weiterlesen &raquo;<\/a><\/p>\n","protected":false},"author":1,"featured_media":0,"parent":0,"menu_order":0,"comment_status":"open","ping_status":"closed","template":"","meta":[],"yoast_head":"<!-- This site is optimized with the Yoast SEO plugin v16.4 - https:\/\/yoast.com\/wordpress\/plugins\/seo\/ -->\n<title>Spielautomaten - CasinoZocker Schweiz<\/title>\n<meta name=\"robots\" content=\"index, follow, max-snippet:-1, max-image-preview:large, max-video-preview:-1\" \/>\n<link rel=\"canonical\" href=\"https:\/\/www.casinozocker.com\/ch\/spielautomaten\/\" \/>\n<meta property=\"og:locale\" content=\"de_DE\" \/>\n<meta property=\"og:type\" content=\"article\" \/>\n<meta property=\"og:title\" content=\"Spielautomaten - CasinoZocker Schweiz\" \/>\n<meta property=\"og:description\" content=\"Spielautomaten sind eigentlich eine Faszination. Als ich das erste Mal in einem Casino war und so viele Leute vor Spielautomaten gesehen habe, dachte ich mir was das soll. Man wirft eine M\u00fcnze rein, dr\u00fcckt einen Knopf oder bet\u00e4tigt einen Hebel und wartet dann darauf was dabei rauskommt. Spannendes Spielen sieht eigentlich anders aus, aber das &hellip; Spielautomaten Weiterlesen &raquo;\" \/>\n<meta property=\"og:url\" content=\"https:\/\/www.casinozocker.com\/ch\/spielautomaten\/\" \/>\n<meta property=\"og:site_name\" content=\"CasinoZocker Schweiz\" \/>\n<meta property=\"article:modified_time\" content=\"2016-12-05T08:41:29+00:00\" \/>\n<meta name=\"twitter:card\" content=\"summary_large_image\" \/>\n<meta name=\"twitter:label1\" content=\"Gesch\u00e4tzte Lesezeit\" \/>\n\t<meta name=\"twitter:data1\" content=\"2\u00a0Minuten\" \/>\n<script type=\"application\/ld+json\" class=\"yoast-schema-graph\">{\"@context\":\"https:\/\/schema.org\",\"@graph\":[{\"@type\":\"WebSite\",\"@id\":\"https:\/\/www.casinozocker.com\/ch\/#website\",\"url\":\"https:\/\/www.casinozocker.com\/ch\/\",\"name\":\"CasinoZocker Schweiz\",\"description\":\"Spielen in online Casinos\",\"potentialAction\":[{\"@type\":\"SearchAction\",\"target\":\"https:\/\/www.casinozocker.com\/ch\/?s={search_term_string}\",\"query-input\":\"required name=search_term_string\"}],\"inLanguage\":\"de\"},{\"@type\":\"WebPage\",\"@id\":\"https:\/\/www.casinozocker.com\/ch\/spielautomaten\/#webpage\",\"url\":\"https:\/\/www.casinozocker.com\/ch\/spielautomaten\/\",\"name\":\"Spielautomaten - CasinoZocker Schweiz\",\"isPartOf\":{\"@id\":\"https:\/\/www.casinozocker.com\/ch\/#website\"},\"datePublished\":\"2011-12-25T20:43:26+00:00\",\"dateModified\":\"2016-12-05T08:41:29+00:00\",\"breadcrumb\":{\"@id\":\"https:\/\/www.casinozocker.com\/ch\/spielautomaten\/#breadcrumb\"},\"inLanguage\":\"de\",\"potentialAction\":[{\"@type\":\"ReadAction\",\"target\":[\"https:\/\/www.casinozocker.com\/ch\/spielautomaten\/\"]}]},{\"@type\":\"BreadcrumbList\",\"@id\":\"https:\/\/www.casinozocker.com\/ch\/spielautomaten\/#breadcrumb\",\"itemListElement\":[{\"@type\":\"ListItem\",\"position\":1,\"item\":{\"@type\":\"WebPage\",\"@id\":\"https:\/\/www.casinozocker.com\/ch\/\",\"url\":\"https:\/\/www.casinozocker.com\/ch\/\",\"name\":\"Startseite\"}},{\"@type\":\"ListItem\",\"position\":2,\"item\":{\"@id\":\"https:\/\/www.casinozocker.com\/ch\/spielautomaten\/#webpage\"}}]}]}<\/script>\n<!-- \/ Yoast SEO plugin. -->","_links":{"self":[{"href":"https:\/\/www.casinozocker.com\/ch\/wp-json\/wp\/v2\/pages\/21"}],"collection":[{"href":"https:\/\/www.casinozocker.com\/ch\/wp-json\/wp\/v2\/pages"}],"about":[{"href":"https:\/\/www.casinozocker.com\/ch\/wp-json\/wp\/v2\/types\/page"}],"author":[{"embeddable":true,"href":"https:\/\/www.casinozocker.com\/ch\/wp-json\/wp\/v2\/users\/1"}],"replies":[{"embeddable":true,"href":"https:\/\/www.casinozocker.com\/ch\/wp-json\/wp\/v2\/comments?post=21"}],"version-history":[{"count":2,"href":"https:\/\/www.casinozocker.com\/ch\/wp-json\/wp\/v2\/pages\/21\/revisions"}],"predecessor-version":[{"id":632,"href":"https:\/\/www.casinozocker.com\/ch\/wp-json\/wp\/v2\/pages\/21\/revisions\/632"}],"wp:attachment":[{"href":"https:\/\/www.casinozocker.com\/ch\/wp-json\/wp\/v2\/media?parent=21"}],"curies":[{"name":"wp","href":"https:\/\/api.w.org\/{rel}","templated":true}]}}