{"id":19,"date":"2011-12-25T20:43:14","date_gmt":"2011-12-25T20:43:14","guid":{"rendered":"http:\/\/www.casinozocker.com\/?page_id=19"},"modified":"2020-08-14T15:44:27","modified_gmt":"2020-08-14T13:44:27","slug":"roulette","status":"publish","type":"page","link":"https:\/\/www.casinozocker.com\/ch\/roulette\/","title":{"rendered":"Roulette"},"content":{"rendered":"<p>Roulette ist sicherlich das bekannteste Casino Spiel und das aus vielen guten Gr\u00fcnden. Es gibt wohl kaum ein Spiel an dem l\u00e4nger \u00fcber m\u00f6gliche Gewinnstrategien diskutiert wurde. Diese Diskussionen gab es schon von Anfang an und gerade jetzt im Zeitalter von Internet Roulette hat sich daran nichts ge\u00e4ndert. Im Gegenteil: Die Strategien sind sogar noch seri\u00f6ser geworden und viele Spieler glauben einen langfristigen Vorteil zu haben indem sie die M\u00f6glichkeiten von online Roulette nutzen. Denn beim online Roulette gibt es keine Croupiers, die einem zuschauen und Kameras, die einen bewachen. Du kannst das Rad auch 100 Mal drehen bevor du auch nur einen Euro setzt. Auch das ist in einem richtigen Casino kaum m\u00f6glich und gerade deswegen versuchen immer mehr sich den entscheidenden Vorteil zu verschaffen &#8211; ohne Erfolg.<\/p>\n<p>Was man bei Roulette sofort einsehen muss ist die Tatsache, dass es zwar <a href=\"https:\/\/www.casinozocker.com\/roulette\/strategien\/\">Strategien<\/a> und <a href=\"https:\/\/www.casinozocker.com\/roulette\/systeme\/\">Systeme<\/a> gibt, sie jedoch das Haus auf lange Sicht nicht schlagen k\u00f6nnen. Wenn man das verstanden hat, stehen die Chancen gut, dass man sich auch gut am\u00fcsieren wird beim Roulette spielen.<\/p>\n<h2>Strategien und Wahrscheinlichkeiten<\/h2>\n<p>Wenn du auf der Suche nach den besten und effektivsten Strategien bist, kannst du dich einmal <a href=\"https:\/\/www.casinozocker.com\/roulette\/strategien\/\">hier umsehen<\/a>. Im Gegensatz zu vielen anderen Internetseiten behaupten wir nicht, dass du mit diesen Strategien beim Roulette gewinnen wirst, das ist einfach nicht m\u00f6glich. Was jedoch m\u00f6glich ist, ist den Hausvorteil auf ein Minimum zu reduzieren um maximales Vergn\u00fcgen zu haben und um lange von seinem Geld leben zu k\u00f6nnen. Dazu ist es unbedingt notwendig, dass man sich mit den <a href=\"http:\/\/de.wikipedia.org\/wiki\/Wahrscheinlichkeit\">Wahrscheinlichkeiten<\/a> auskennt. Es ist sicherlich nicht jeder im Stande dazu, aber wer erfolgreich an den Roulette Tischen arbeiten m\u00f6chte, der kommt um diese trockene Materie nicht herum. Fakt ist aber auch, dass es kein einfaches Rezept gibt und jeder f\u00fcr sich entscheiden muss welche Strategie er w\u00e4hlt und wie er diese verfolgt. F\u00fcr alle, die von der Mathematik beim Roulette gar nicht genug bekommen k\u00f6nnen haben wir diesen Artikel online gestellt: <a href=\"https:\/\/www.casinozocker.com\/roulette\/simulation\/\">Roulette Simulation<\/a>.<\/p>\n<h2>Roulette im Internet vs. live<\/h2>\n<p>Live Roulette ist nat\u00fcrlich der Klassiker und jeder, der schon einmal in einem echten Casino gespielt hat wird auch bemerkt haben, dass live Roulette etwas ganz besonderes ist. Zwar gibt es inzwischen Innovationen wie live Dealer Roulette, das dem richtigen Roulette schon recht nahe kommt, aber die Stimmung in einem richtigen Casino kann dadurch nicht wirklich vermittelt werden &#8211; zumindest sehen das so die Hardcore Spieler, die lieber im Casino spielen als online. Aber auch online Roulette hat seine Vorz\u00fcge und die sind nicht ohne. Es gibt Spieler, die Zweifel daran haben, dass es beim online Roulette mit rechten Dingen zugeht, aber diese Sorge sollte man wirklich nicht haben, zumindest nicht wenn man in einem seri\u00f6sen Casino spielt. Denn dort wird ein RNG verwendet, der auf lange Sicht sogar bessere Ergebnisse liefert als ein richtiger Roulette Kessel, der nat\u00fcrlich immer mal leicht schief sein und dadurch verf\u00e4lschte Ergebnisse hervor bringen kann.<\/p>\n","protected":false},"excerpt":{"rendered":"<p>Roulette ist sicherlich das bekannteste Casino Spiel und das aus vielen guten Gr\u00fcnden. Es gibt wohl kaum ein Spiel an dem l\u00e4nger \u00fcber m\u00f6gliche Gewinnstrategien diskutiert wurde. Diese Diskussionen gab es schon von Anfang an und gerade jetzt im Zeitalter von Internet Roulette hat sich daran nichts ge\u00e4ndert. Im Gegenteil: Die Strategien sind sogar noch &hellip;<\/p>\n<p class=\"read-more\"> <a class=\"\" href=\"https:\/\/www.casinozocker.com\/ch\/roulette\/\"> <span class=\"screen-reader-text\">Roulette<\/span> Weiterlesen &raquo;<\/a><\/p>\n","protected":false},"author":1,"featured_media":0,"parent":0,"menu_order":0,"comment_status":"open","ping_status":"closed","template":"","meta":[],"yoast_head":"<!-- This site is optimized with the Yoast SEO plugin v16.4 - https:\/\/yoast.com\/wordpress\/plugins\/seo\/ -->\n<title>Roulette - CasinoZocker Schweiz<\/title>\n<meta name=\"robots\" content=\"index, follow, max-snippet:-1, max-image-preview:large, max-video-preview:-1\" \/>\n<link rel=\"canonical\" href=\"https:\/\/www.casinozocker.com\/ch\/roulette\/\" \/>\n<meta property=\"og:locale\" content=\"de_DE\" \/>\n<meta property=\"og:type\" content=\"article\" \/>\n<meta property=\"og:title\" content=\"Roulette - CasinoZocker Schweiz\" \/>\n<meta property=\"og:description\" content=\"Roulette ist sicherlich das bekannteste Casino Spiel und das aus vielen guten Gr\u00fcnden. Es gibt wohl kaum ein Spiel an dem l\u00e4nger \u00fcber m\u00f6gliche Gewinnstrategien diskutiert wurde. Diese Diskussionen gab es schon von Anfang an und gerade jetzt im Zeitalter von Internet Roulette hat sich daran nichts ge\u00e4ndert. Im Gegenteil: Die Strategien sind sogar noch &hellip; Roulette Weiterlesen &raquo;\" \/>\n<meta property=\"og:url\" content=\"https:\/\/www.casinozocker.com\/ch\/roulette\/\" \/>\n<meta property=\"og:site_name\" content=\"CasinoZocker Schweiz\" \/>\n<meta property=\"article:modified_time\" content=\"2020-08-14T13:44:27+00:00\" \/>\n<meta name=\"twitter:card\" content=\"summary_large_image\" \/>\n<meta name=\"twitter:label1\" content=\"Gesch\u00e4tzte Lesezeit\" \/>\n\t<meta name=\"twitter:data1\" content=\"3\u00a0Minuten\" \/>\n<script type=\"application\/ld+json\" class=\"yoast-schema-graph\">{\"@context\":\"https:\/\/schema.org\",\"@graph\":[{\"@type\":\"WebSite\",\"@id\":\"https:\/\/www.casinozocker.com\/ch\/#website\",\"url\":\"https:\/\/www.casinozocker.com\/ch\/\",\"name\":\"CasinoZocker Schweiz\",\"description\":\"Spielen in online Casinos\",\"potentialAction\":[{\"@type\":\"SearchAction\",\"target\":\"https:\/\/www.casinozocker.com\/ch\/?s={search_term_string}\",\"query-input\":\"required name=search_term_string\"}],\"inLanguage\":\"de\"},{\"@type\":\"WebPage\",\"@id\":\"https:\/\/www.casinozocker.com\/ch\/roulette\/#webpage\",\"url\":\"https:\/\/www.casinozocker.com\/ch\/roulette\/\",\"name\":\"Roulette - CasinoZocker Schweiz\",\"isPartOf\":{\"@id\":\"https:\/\/www.casinozocker.com\/ch\/#website\"},\"datePublished\":\"2011-12-25T20:43:14+00:00\",\"dateModified\":\"2020-08-14T13:44:27+00:00\",\"breadcrumb\":{\"@id\":\"https:\/\/www.casinozocker.com\/ch\/roulette\/#breadcrumb\"},\"inLanguage\":\"de\",\"potentialAction\":[{\"@type\":\"ReadAction\",\"target\":[\"https:\/\/www.casinozocker.com\/ch\/roulette\/\"]}]},{\"@type\":\"BreadcrumbList\",\"@id\":\"https:\/\/www.casinozocker.com\/ch\/roulette\/#breadcrumb\",\"itemListElement\":[{\"@type\":\"ListItem\",\"position\":1,\"item\":{\"@type\":\"WebPage\",\"@id\":\"https:\/\/www.casinozocker.com\/ch\/\",\"url\":\"https:\/\/www.casinozocker.com\/ch\/\",\"name\":\"Startseite\"}},{\"@type\":\"ListItem\",\"position\":2,\"item\":{\"@id\":\"https:\/\/www.casinozocker.com\/ch\/roulette\/#webpage\"}}]}]}<\/script>\n<!-- \/ Yoast SEO plugin. -->","_links":{"self":[{"href":"https:\/\/www.casinozocker.com\/ch\/wp-json\/wp\/v2\/pages\/19"}],"collection":[{"href":"https:\/\/www.casinozocker.com\/ch\/wp-json\/wp\/v2\/pages"}],"about":[{"href":"https:\/\/www.casinozocker.com\/ch\/wp-json\/wp\/v2\/types\/page"}],"author":[{"embeddable":true,"href":"https:\/\/www.casinozocker.com\/ch\/wp-json\/wp\/v2\/users\/1"}],"replies":[{"embeddable":true,"href":"https:\/\/www.casinozocker.com\/ch\/wp-json\/wp\/v2\/comments?post=19"}],"version-history":[{"count":3,"href":"https:\/\/www.casinozocker.com\/ch\/wp-json\/wp\/v2\/pages\/19\/revisions"}],"predecessor-version":[{"id":1561,"href":"https:\/\/www.casinozocker.com\/ch\/wp-json\/wp\/v2\/pages\/19\/revisions\/1561"}],"wp:attachment":[{"href":"https:\/\/www.casinozocker.com\/ch\/wp-json\/wp\/v2\/media?parent=19"}],"curies":[{"name":"wp","href":"https:\/\/api.w.org\/{rel}","templated":true}]}}