{"id":163,"date":"2012-01-26T17:21:30","date_gmt":"2012-01-26T18:21:30","guid":{"rendered":"http:\/\/www.casinozocker.com\/?page_id=163"},"modified":"2020-12-30T13:23:22","modified_gmt":"2020-12-30T12:23:22","slug":"beste","status":"publish","type":"page","link":"https:\/\/www.casinozocker.com\/ch\/spielautomaten\/beste\/","title":{"rendered":"Die besten online Spielautomaten 2020"},"content":{"rendered":"<p>Eine Wahl zum besten Spielautomaten ist nat\u00fcrlich immer subjektiv. Es besteht kein Zweifel, dass es nicht m\u00f6glich ist so etwas wie &#8222;<strong>den besten Spielautomaten<\/strong>&#8220; zu k\u00fcren. Dennoch gibt es objektive Ma\u00dfst\u00e4be, die man anlegen kann um die Qualit\u00e4t eines Spielautomaten auszudr\u00fccken. Diese Ma\u00dfst\u00e4be sind dann ziemlich objektiv, denn so Dinge wie Auszahlungsquote oder Jackpoth\u00f6he ist nunmal festgelegt und nicht subjektiv. Daf\u00fcr ist die Gewichtung dieser Ma\u00dfst\u00e4be sehr unterschiedlich von Spieler zu Spieler. W\u00e4hrend der eine unbedingt einen gro\u00dfen <a href=\"https:\/\/www.casinozocker.com\/spielautomaten\/jackpots\/\">progressiven Jackpot<\/a> haben m\u00f6chte, kann ein anderer Spieler eher auf die Auszahlungsquote aus sein. In diesem Artikel m\u00f6chten wir einige dieser Ma\u00dfst\u00e4be aufzeigen um herauszufinden welcher Spielautomat wahrscheinlich der beste ist.<\/p>\n<div id=\"toc_container\" class=\"no_bullets\"><p class=\"toc_title\">Inhalt<\/p><ul class=\"toc_list\"><li><a href=\"#Unser_Vorschlag_fuer_die_besten_Spielautomaten_2020\"><span class=\"toc_number toc_depth_1\">1<\/span> Unser Vorschlag f\u00fcr die besten Spielautomaten 2020<\/a><\/li><li><a href=\"#Auszahlungsquote\"><span class=\"toc_number toc_depth_1\">2<\/span> Auszahlungsquote<\/a><\/li><li><a href=\"#Trends_und_Beliebtheit\"><span class=\"toc_number toc_depth_1\">3<\/span> Trends und Beliebtheit<\/a><\/li><li><a href=\"#Angebotene_Spielcasinos\"><span class=\"toc_number toc_depth_1\">4<\/span> Angebotene Spielcasinos<\/a><\/li><li><a href=\"#Funktionen_im_Spiel_Wild-_und_Scattersymbole_und_Bonus-Spiel\"><span class=\"toc_number toc_depth_1\">5<\/span> Funktionen im Spiel: Wild- und Scattersymbole und Bonus-Spiel<\/a><\/li><li><a href=\"#Jackpots\"><span class=\"toc_number toc_depth_1\">6<\/span> Jackpots<\/a><\/li><\/ul><\/div>\n<h3><span id=\"Unser_Vorschlag_fuer_die_besten_Spielautomaten_2020\">Unser Vorschlag f\u00fcr die besten Spielautomaten 2020<\/span><\/h3>\n<p><strong>Nummer 1: Guns N&#8216; Roses<\/strong> &#8211; Nicht ohne Grund wurde dieser Automat in Fachgremien zur besten Neuerscheinung 2016 gew\u00e4hlt. Daher geh\u00f6rt er f\u00fcr dieses Jahr unbedingt weit oben auf die Liste. Dieser Spielautomat hat so viel zu bieten dass man ihn sich am besten einfach mal selbst anschaut. Verschiedene Bonusspiele sorgen zudem f\u00fcr jede Menge Abwechslung. Netent hat hier wieder richtig einen rausgehauen!<\/p>\n<p><strong>Nummer 2: Lost Vegas<\/strong> &#8211; Aber auch Microgaming sollte man nicht abschreiben. Mit diesem Automaten treffen sie vor allem bei den Walking Dead und Zombie Fans voll ins Schwarze. Gespielt werden kann sowohl im Zombie als auch im \u00dcberlebenden Modus. F\u00fcr \u00dcberraschungen wird selbst im Basisspiel gesorgt. Man kann Microgaming nur begl\u00fcckw\u00fcnschen endlich wieder einen richtigen guten Slot herausgebracht zu haben.<\/p>\n<p><strong>Nummer 3: Big Bad Wolf <\/strong>&#8211; Quickspin mag bei uns noch nicht jedem ein Begriff sein aber die Spielautomaten k\u00f6nnen sich wirklich sehen lassen. Das M\u00e4rchen mit dem b\u00f6sen Wolf kennt sicherlich jeder. Und ich wette dass sich fast jeder mit den kleinen Schweinchen identifieren kann die versuchen das Haus vor ihm zu sch\u00fctzen. Aber im Bonusspiel ist das gar nicht so einfach. Am besten einfach einmal selbst herausfinden was dieser Spielautomat so alles kann und warum er es in die top 3 geschafft hat!<\/p>\n<p><strong>Nummer 4: Warlords &#8211; Crystals of Power<\/strong> &#8211; Ja, schon wieder Netent aber was will man machen? Sie haben es einfach drauf. Warlords ist ein unglaublich vielseitiger Spielautomat mit verschiedenen Versionen des Bonusspiels in dem die drei verfeindeten V\u00f6lker gegeneinander antreten. F\u00fcr alle Game of Thrones, Herr der Ringe etc. Fans wird das der absolut beste Automat sein den man zurzeit spielen kann. Sagenhaft gut gemacht von Netent!<\/p>\n<p><strong>Nummer 5: Taco Brothers<\/strong> &#8211; Den Hersteller kennt wahrscheinlich nicht jeder. Es handelt sich dabei um Elk Studios, ein recht junger aber sehr talentierter Spielautomatenhersteller mit vielen innovativen Konzepten und Ideen. Taco Brothers ist einfach insgesamt sehr stimmig und macht eine Menge Spa\u00df. Man sollte ihn unbedingt mal getestet haben.<\/p>\n<h3><span id=\"Auszahlungsquote\">Auszahlungsquote<\/span><\/h3>\n<p>Diese Eigenschaft kann man nicht hoch genug einordnen, denn sie bestimmt den Hausvorteil des Casinos und hat gro\u00dfen Einfluss auf den langfristigen Verlust eines Spielers. Je h\u00f6her die Auszahlungsquote, desto besser ist es f\u00fcr den Spieler. W\u00e4hrend man an offline Spielautomaten in der Regel nur eine sehr schlechte Auszahlungsquote hat, ist der Vorteil bei online Spielautomaten, dass sie relativ hoch ist. Denn ein online Casino muss keine Ger\u00e4te kaufen, aufstellen und bewachen wie das in einer <a href=\"http:\/\/de.wikipedia.org\/wiki\/Spielhalle\">Spielhalle<\/a> oder einem Casino der Fall ist. Online ist alles wesentlich einfacher und ein zus\u00e4tzlicher Spielautomat kostet das Casino praktisch nichts. Deswegen kann mit sehr hohen Auszahlungsquoten bis zu 99% gearbeitet werden. Wenn du also einen x-beliebigen Spielautomaten ausw\u00e4hlst, dann bewegt sich seine Auszahlungsquote wahrscheinlich so zwischen 95 und 99%.<\/p>\n<p>Nun gibt es jedoch schon erste Schwierigkeiten. Denn nur weil die Auszahlungsquote eines Automaten niedrig ist, hei\u00dft das noch lange nicht, dass dieser Automat unterm Strich schlecht ist. Automaten mit progressivem Jackpot zum Beispiel haben nat\u00fcrlich eine schlechte Auszahlungsquote (irgendwie muss ja ein Teil des Geldes in den Jackpot flie\u00dfen und wird nicht ausgesch\u00fcttet wenn man diesen nicht knackt). Aber ein Spielautomat mit sehr hohem Jackpot kann sogar eine Auszahlungsquote \u00fcber 100% erreichen. Denn wenn man die Chance auf den Jackpot mit einberechnet liegt das sogar auf der Hand.<\/p>\n<p>Bei der Auszahlungsquote hei\u00dft das also, dass sie nicht alleines Merkmal sein kann, sondern auch der Jackpot mit ber\u00fccksichtigt werden muss. Anders sieht es aus wenn man zwei Spielautomaten vergleicht, die keinen Jackpot haben oder einen \u00e4hnlich gro\u00dfen. Dann sollte man nat\u00fcrlich den Spielautomaten mit der h\u00f6chsten Auszahlungsquote bevorzugen.<\/p>\n<h3><span id=\"Trends_und_Beliebtheit\">Trends und Beliebtheit<\/span><\/h3>\n<p>Das ist ein schwieriges Thema wobei die Annahme dahinter sehr einfach ist. Man geht davon aus, dass ein Spielautomat umso besser ist, je beliebter er ist. Das ist nat\u00fcrlich kein perfektes Argument, denn man kann sehr viel Werbung f\u00fcr einen Spielautomaten machen, der eigentlich total schlecht ist (schwache Auszahlungsquote, kein Jackpot, wenig Casinos, keine Bonusspiele, usw.) und schon wird er besser bewertet als der Rest.<\/p>\n<p>Das ist ziemlich eindeutig bei Book of Ra, dem wohl bekanntesten Spielautomaten \u00fcberhaupt. Das wird auch direkt ersichtlich wenn man ihn mit anderen Spielautomaten wie zum Beispiel Mega Moolah <a href=\"http:\/\/www.google.de\/trends\/\">bei Google Trends<\/a> vergleicht:<\/p>\n<p><img loading=\"lazy\" src=\"https:\/\/www.casinozocker.com\/wp-content\/uploads\/sites\/2\/2012\/01\/Trend-Book-of-Ra-300x89.png\" alt=\"\" title=\"Trend Book of Ra\" width=\"300\" height=\"89\" class=\"aligncenter size-medium wp-image-189\" srcset=\"https:\/\/www.casinozocker.com\/ch\/wp-content\/uploads\/sites\/2\/2012\/01\/Trend-Book-of-Ra-300x89.png 300w, https:\/\/www.casinozocker.com\/ch\/wp-content\/uploads\/sites\/2\/2012\/01\/Trend-Book-of-Ra.png 550w\" sizes=\"(max-width: 300px) 100vw, 300px\" \/><\/p>\n<p>Hier sieht man eindeutig wie extrem sich das Suchvolumen nach Book of Ra vom Rest unterscheidet. Dennoch ist es sehr umstritten und kann nach weiteren Ma\u00dfst\u00e4ben kaum als der eindeutig beste Spielautomat bezeichnet werden. Deswegen muss die Beliebtheit mit sehr viel Vorsicht genossen werden, andernfalls l\u00e4uft man nur der Masse hinterher und verbringt seine Zeit mit Spielautomaten, die einem eigentlich gar keinen Spa\u00df machen.<\/p>\n<h3><span id=\"Angebotene_Spielcasinos\">Angebotene Spielcasinos<\/span><\/h3>\n<p>Nat\u00fcrlich ist auch die Anzahl und die Qualit\u00e4t der Casinos entscheidend, die einen Spielautomaten anbieten. Wenn man einen super tollen Spielautomaten hat, der aber nur von einem einzigen und sehr schlechten Casino angeboten wird, ist das sicherlich nicht die beste Wahl. Je mehr Casinos einen Spielautomaten anbieten und je besser diese sind, desto h\u00f6her ist auch die Qualit\u00e4t eines Spielautomaten einzustufen. Ein gutes Beispiel ist Microgaming. Diese Spielautomaten werden von dutzenden Casinos angeboten und es ist wirklich kein Problem ein gutes darunter zu finden und zu wechseln wenn man bei einem den Bonus abgegriffen hat oder einfach nicht mehr zufrieden ist.<\/p>\n<h3><span id=\"Funktionen_im_Spiel_Wild-_und_Scattersymbole_und_Bonus-Spiel\">Funktionen im Spiel: Wild- und Scattersymbole und Bonus-Spiel<\/span><\/h3>\n<p>Was die Symbole und Bonus-Spiele angeht hat zwar jeder seine eigene Meinung, aber es gibt schon Tendenzen, die eine klare Richtung vorgeben. Soll hei\u00dfen, dass eigentlich Wildsymbole und auch Scattersymbole immer gerne gesehen werden. Genauso spielt man gerne an einem Bonusspiel. In der Regel zumindest, denn das muss nicht unbedingt der Fall sein. So gibt es Spieler, die ihre Action nicht durch so ein Bonusspiel unterbrechen m\u00f6chten und das ist auch irgendwo verst\u00e4ndlich.<\/p>\n<h3><span id=\"Jackpots\">Jackpots<\/span><\/h3>\n<p>Die Thematik mit den Jackpots wurde bereits <a href=\"https:\/\/www.casinozocker.com\/spielautomaten\/jackpots\/\">hier angesprochen<\/a>. Letztendlich h\u00f6ren sich Jackpots immer sehr gut an, aber sie sind doch auch irgendwie subjektiv. Denn je gr\u00f6\u00dfer der Jackpot, desto verlockender f\u00fcr den Spieler. Jedoch bedeutet ein hoher Jackpot meist auch einen gr\u00f6\u00dferen Hausvorteil. Wenn du also den Jackpot nicht gewinnst, wovon auszugehen ist, dann wirst du unterm Strich mehr ans Casino zahlen als ohne Jackpot.<\/p>\n<p>Es kommt darauf an welche Risikoeinstellung der Spieler hat. Steht er eher auf hohe Schwankungen, also hohe Gewinne und h\u00e4ufige Verluste, dann ist er mit einem guten Jackpot gut bedient. M\u00f6chte er jedoch eher stetige Gewinne und wenig Schwankung, dann sollt er sich von gro\u00dfen progressiven Jackpots gleich fern halten und einen Spielautomaten mit hoher Auszahlungsquote w\u00e4hlen. F\u00fcr weitere Informationen zur Auszahlungsquote <a href=\"http:\/\/www.roulette-forum.de\/topic\/11255-definition-auszahlungsquote\/\">siehe hier<\/a>.<\/p>\n","protected":false},"excerpt":{"rendered":"<p>Eine Wahl zum besten Spielautomaten ist nat\u00fcrlich immer subjektiv. Es besteht kein Zweifel, dass es nicht m\u00f6glich ist so etwas wie &#8222;den besten Spielautomaten&#8220; zu k\u00fcren. Dennoch gibt es objektive Ma\u00dfst\u00e4be, die man anlegen kann um die Qualit\u00e4t eines Spielautomaten auszudr\u00fccken. Diese Ma\u00dfst\u00e4be sind dann ziemlich objektiv, denn so Dinge wie Auszahlungsquote oder Jackpoth\u00f6he ist &hellip;<\/p>\n<p class=\"read-more\"> <a class=\"\" href=\"https:\/\/www.casinozocker.com\/ch\/spielautomaten\/beste\/\"> <span class=\"screen-reader-text\">Die besten online Spielautomaten 2020<\/span> Weiterlesen &raquo;<\/a><\/p>\n","protected":false},"author":1,"featured_media":0,"parent":21,"menu_order":0,"comment_status":"open","ping_status":"closed","template":"","meta":[],"yoast_head":"<!-- This site is optimized with the Yoast SEO plugin v16.4 - https:\/\/yoast.com\/wordpress\/plugins\/seo\/ -->\n<title>Die besten online Spielautomaten 2020 - CasinoZocker Schweiz<\/title>\n<meta name=\"robots\" content=\"index, follow, max-snippet:-1, max-image-preview:large, max-video-preview:-1\" \/>\n<link rel=\"canonical\" href=\"https:\/\/www.casinozocker.com\/ch\/spielautomaten\/beste\/\" \/>\n<meta property=\"og:locale\" content=\"de_DE\" \/>\n<meta property=\"og:type\" content=\"article\" \/>\n<meta property=\"og:title\" content=\"Die besten online Spielautomaten 2020 - CasinoZocker Schweiz\" \/>\n<meta property=\"og:description\" content=\"Eine Wahl zum besten Spielautomaten ist nat\u00fcrlich immer subjektiv. Es besteht kein Zweifel, dass es nicht m\u00f6glich ist so etwas wie &#8222;den besten Spielautomaten&#8220; zu k\u00fcren. Dennoch gibt es objektive Ma\u00dfst\u00e4be, die man anlegen kann um die Qualit\u00e4t eines Spielautomaten auszudr\u00fccken. Diese Ma\u00dfst\u00e4be sind dann ziemlich objektiv, denn so Dinge wie Auszahlungsquote oder Jackpoth\u00f6he ist &hellip; Die besten online Spielautomaten 2020 Weiterlesen &raquo;\" \/>\n<meta property=\"og:url\" content=\"https:\/\/www.casinozocker.com\/ch\/spielautomaten\/beste\/\" \/>\n<meta property=\"og:site_name\" content=\"CasinoZocker Schweiz\" \/>\n<meta property=\"article:modified_time\" content=\"2020-12-30T12:23:22+00:00\" \/>\n<meta property=\"og:image\" content=\"https:\/\/www.casinozocker.com\/wp-content\/uploads\/sites\/2\/2012\/01\/Trend-Book-of-Ra-300x89.png\" \/>\n<meta name=\"twitter:card\" content=\"summary_large_image\" \/>\n<meta name=\"twitter:label1\" content=\"Gesch\u00e4tzte Lesezeit\" \/>\n\t<meta name=\"twitter:data1\" content=\"6\u00a0Minuten\" \/>\n<script type=\"application\/ld+json\" class=\"yoast-schema-graph\">{\"@context\":\"https:\/\/schema.org\",\"@graph\":[{\"@type\":\"WebSite\",\"@id\":\"https:\/\/www.casinozocker.com\/ch\/#website\",\"url\":\"https:\/\/www.casinozocker.com\/ch\/\",\"name\":\"CasinoZocker Schweiz\",\"description\":\"Spielen in online Casinos\",\"potentialAction\":[{\"@type\":\"SearchAction\",\"target\":\"https:\/\/www.casinozocker.com\/ch\/?s={search_term_string}\",\"query-input\":\"required name=search_term_string\"}],\"inLanguage\":\"de\"},{\"@type\":\"ImageObject\",\"@id\":\"https:\/\/www.casinozocker.com\/ch\/spielautomaten\/beste\/#primaryimage\",\"inLanguage\":\"de\",\"url\":\"https:\/\/www.casinozocker.com\/wp-content\/uploads\/sites\/2\/2012\/01\/Trend-Book-of-Ra-300x89.png\",\"contentUrl\":\"https:\/\/www.casinozocker.com\/wp-content\/uploads\/sites\/2\/2012\/01\/Trend-Book-of-Ra-300x89.png\"},{\"@type\":\"WebPage\",\"@id\":\"https:\/\/www.casinozocker.com\/ch\/spielautomaten\/beste\/#webpage\",\"url\":\"https:\/\/www.casinozocker.com\/ch\/spielautomaten\/beste\/\",\"name\":\"Die besten online Spielautomaten 2020 - CasinoZocker Schweiz\",\"isPartOf\":{\"@id\":\"https:\/\/www.casinozocker.com\/ch\/#website\"},\"primaryImageOfPage\":{\"@id\":\"https:\/\/www.casinozocker.com\/ch\/spielautomaten\/beste\/#primaryimage\"},\"datePublished\":\"2012-01-26T18:21:30+00:00\",\"dateModified\":\"2020-12-30T12:23:22+00:00\",\"breadcrumb\":{\"@id\":\"https:\/\/www.casinozocker.com\/ch\/spielautomaten\/beste\/#breadcrumb\"},\"inLanguage\":\"de\",\"potentialAction\":[{\"@type\":\"ReadAction\",\"target\":[\"https:\/\/www.casinozocker.com\/ch\/spielautomaten\/beste\/\"]}]},{\"@type\":\"BreadcrumbList\",\"@id\":\"https:\/\/www.casinozocker.com\/ch\/spielautomaten\/beste\/#breadcrumb\",\"itemListElement\":[{\"@type\":\"ListItem\",\"position\":1,\"item\":{\"@type\":\"WebPage\",\"@id\":\"https:\/\/www.casinozocker.com\/ch\/\",\"url\":\"https:\/\/www.casinozocker.com\/ch\/\",\"name\":\"Startseite\"}},{\"@type\":\"ListItem\",\"position\":2,\"item\":{\"@type\":\"WebPage\",\"@id\":\"https:\/\/www.casinozocker.com\/ch\/spielautomaten\/\",\"url\":\"https:\/\/www.casinozocker.com\/ch\/spielautomaten\/\",\"name\":\"Spielautomaten\"}},{\"@type\":\"ListItem\",\"position\":3,\"item\":{\"@id\":\"https:\/\/www.casinozocker.com\/ch\/spielautomaten\/beste\/#webpage\"}}]}]}<\/script>\n<!-- \/ Yoast SEO plugin. -->","_links":{"self":[{"href":"https:\/\/www.casinozocker.com\/ch\/wp-json\/wp\/v2\/pages\/163"}],"collection":[{"href":"https:\/\/www.casinozocker.com\/ch\/wp-json\/wp\/v2\/pages"}],"about":[{"href":"https:\/\/www.casinozocker.com\/ch\/wp-json\/wp\/v2\/types\/page"}],"author":[{"embeddable":true,"href":"https:\/\/www.casinozocker.com\/ch\/wp-json\/wp\/v2\/users\/1"}],"replies":[{"embeddable":true,"href":"https:\/\/www.casinozocker.com\/ch\/wp-json\/wp\/v2\/comments?post=163"}],"version-history":[{"count":8,"href":"https:\/\/www.casinozocker.com\/ch\/wp-json\/wp\/v2\/pages\/163\/revisions"}],"predecessor-version":[{"id":1494,"href":"https:\/\/www.casinozocker.com\/ch\/wp-json\/wp\/v2\/pages\/163\/revisions\/1494"}],"up":[{"embeddable":true,"href":"https:\/\/www.casinozocker.com\/ch\/wp-json\/wp\/v2\/pages\/21"}],"wp:attachment":[{"href":"https:\/\/www.casinozocker.com\/ch\/wp-json\/wp\/v2\/media?parent=163"}],"curies":[{"name":"wp","href":"https:\/\/api.w.org\/{rel}","templated":true}]}}