{"id":162,"date":"2012-01-26T17:20:55","date_gmt":"2012-01-26T18:20:55","guid":{"rendered":"http:\/\/www.casinozocker.com\/?page_id=162"},"modified":"2016-12-05T09:24:34","modified_gmt":"2016-12-05T08:24:34","slug":"download","status":"publish","type":"page","link":"https:\/\/www.casinozocker.com\/ch\/spielautomaten\/download\/","title":{"rendered":"Spielautomaten mit oder ohne Download"},"content":{"rendered":"<p>Wenn man bereits aktiv an Spielautomaten spielt, stellt man sich fr\u00fcher oder sp\u00e4ter die Frage, ob es nicht angebracht w\u00e4re einmal etwas Neues auszuprobieren. So kann es gut sein, dass man normalerweise an seinem Rechner die Software seines Stamm-Casinos installiert hat, aber gerade bei einem Bekannten spielen m\u00f6chte. Dann muss man sich<img loading=\"lazy\" class=\"alignright size-medium wp-image-171\" title=\"888casinodownload\" src=\"https:\/\/www.casinozocker.com\/wp-content\/uploads\/sites\/2\/2012\/01\/888casinodownload-300x137.png\" alt=\"\" width=\"300\" height=\"137\" srcset=\"https:\/\/www.casinozocker.com\/ch\/wp-content\/uploads\/sites\/2\/2012\/01\/888casinodownload-300x137.png 300w, https:\/\/www.casinozocker.com\/ch\/wp-content\/uploads\/sites\/2\/2012\/01\/888casinodownload.png 440w\" sizes=\"(max-width: 300px) 100vw, 300px\" \/> zwangsl\u00e4ufig \u00fcberlegen wie man es anstellt. Man kann entweder den Bekannten um Erlaubnis fragen eine Casino Software zu installieren &#8211; meistens wird er das nicht wollen wenn er selbst kein Spieler ist &#8211; oder man startet einfach die Version ohne Download. Die muss n\u00e4mlich nicht installiert werden und kann gleich im Browser gespielt werden. Die Vorteile liegen auf der Hand, werden aber im weiteren Verlauf dieses Artikels noch erl\u00e4utert. Genauso werden die Vorteile der Download Version aufgezeigt. Besitzer von Mac und Linux PCs sind leider etwas eingeschr\u00e4nkt was Casino Software angeht, doch auch f\u00fcr diese speziellen Spieler wird eine L\u00f6sung vorgestellt.<\/p>\n<div id=\"toc_container\" class=\"no_bullets\"><p class=\"toc_title\">Inhalt<\/p><ul class=\"toc_list\"><li><a href=\"#Spielautomaten_mit_Download\"><span class=\"toc_number toc_depth_1\">1<\/span> Spielautomaten mit Download<\/a><ul><li><a href=\"#Vorteile_der_Download-Version\"><span class=\"toc_number toc_depth_2\">1.1<\/span> Vorteile der Download-Version<\/a><\/li><li><a href=\"#Geschichte_des_Downloads\"><span class=\"toc_number toc_depth_2\">1.2<\/span> Geschichte des Downloads<\/a><\/li><li><a href=\"#Download_fuer_Mac_und_Linux\"><span class=\"toc_number toc_depth_2\">1.3<\/span> Download f\u00fcr Mac und Linux<\/a><\/li><\/ul><\/li><li><a href=\"#Der_neue_Trend_Spielen_ohne_Download_im_Browser\"><span class=\"toc_number toc_depth_1\">2<\/span> Der neue Trend: Spielen ohne Download im Browser<\/a><ul><li><a href=\"#Die_Vor-_und_Nachteile\"><span class=\"toc_number toc_depth_2\">2.1<\/span> Die Vor- und Nachteile<\/a><\/li><li><a href=\"#Spielautomaten_fuer_Mac_und_Linux\"><span class=\"toc_number toc_depth_2\">2.2<\/span> Spielautomaten f\u00fcr Mac und Linux<\/a><\/li><\/ul><\/li><\/ul><\/div>\n<h2><span id=\"Spielautomaten_mit_Download\">Spielautomaten mit Download<\/span><\/h2>\n<p>Zun\u00e4chst einmal soll der nach wie vor beliebte Download von Spielautomaten angesprochen werden. &#8222;Nach wie vor&#8220; hei\u00dft so viel, dass die Versionen ohne Download neuer und innovativer sind und damit die Download Versionen eigentlich zum alten Eisen geh\u00f6ren. Sie werden dennoch h\u00e4ufig genutzt auch im Jahr 2012 und wahrscheinlich auch noch dar\u00fcber hinaus.<\/p>\n<h3><span id=\"Vorteile_der_Download-Version\">Vorteile der Download-Version<\/span><\/h3>\n<p>Die Vorteile eines Spielautomaten Downloads liegen auf der Hand: Wenn die Software einmal installiert ist, kann man sie jedes mal mit einem einzigen Doppelklick starten und wird dann sofort mit dem Server des online Casinos verbunden. Das war's. Man kann sofort zu spielen beginnen. Au\u00dferdem bietet die Download Version in den meisten F\u00e4llen auch wirklich alle Spiele an. Gerade bei Spielautomaten ist das kritisch, denn es gibt h\u00e4ufig einige dutzend. Bei der Download Version kann man all diese Spielautomaten mit verpacken und anbieten, w\u00e4hrend man bei der Version ohne Download h\u00e4ufig nur die wichtigsten und beliebtesten Spielautomaten mit anbieten kann (oder m\u00f6chte um Bandbreite zu sparen). Es ist also keinesfalls so, dass sich die Download Version nicht von der Ohne-Download Version unterscheidet. Sicher ist aber, dass man mehr Vorteile genie\u00dfen kann, wenn man auf einen Download von Spielautomaten zur\u00fcck greift.<\/p>\n<h3><span id=\"Geschichte_des_Downloads\">Geschichte des Downloads<\/span><\/h3>\n<p><a href=\"http:\/\/www.chip.de\/Downloads_13649224.html\" target=\"_blank\"><img loading=\"lazy\" class=\"alignright size-full wp-image-183\" title=\"Download\" src=\"https:\/\/www.casinozocker.com\/wp-content\/uploads\/sites\/2\/2012\/01\/Download.png\" alt=\"\" width=\"216\" height=\"141\" \/><\/a>Die Geschichte der Software Entwicklung ist durchaus interessant und sehr schnelllebig. Heute wird Software ganz anders gemacht als noch vor 10 Jahren, auch wenn sich das Hauptbetriebssystem, n\u00e4mlich Windows nur geringf\u00fcgig ge\u00e4ndert hat. Zum Gl\u00fcck sagen viele Software Entwickler. Denn sie haben Angst davor, dass es einen gro\u00dfen Paradigmenwechsel geben k\u00f6nnte und Windows von heute auf morgen ersetzt wird. Wenn es zum Beispiel drei verschiedene Betriebssysteme mit \u00e4hnlichen Marktanteilen g\u00e4be, m\u00fcsste man f\u00fcr alle drei die Software entwickeln. Das hei\u00dft gr\u00f6\u00dfere Ausgaben f\u00fcr die Entwicklung, schlechtere Margen f\u00fcr die Anbieter und dann ist es fraglich ob man im Casino nach wie vor mit einem fairen Hausvorteil spielen kann.<\/p>\n<p>So eine Entwicklung sieht man zurzeit am mobilen Markt. W\u00e4hrend man dort fr\u00fcher mit einer iPhone App den Gro\u00dfteil aller Smartphone Nutzer erreichen konnte, ist es jetzt schon notwendig eine iPhone, Android und Windows Mobile 7 App entwickeln zu lassen. Das ist nat\u00fcrlich mit einem enormen Aufwand verbunden.<\/p>\n<p>Aber zur\u00fcck zum eigentlichen Thema, der Geschichte des Spielautomaten Downloads. Die online Casinos kamen zu einer Zeit ans Tageslicht als das Internet noch in den Kinderschuhen steckte. Die Leute waren vor allem mit Internet Explorer unterwegs (der praktischerweise mit Windows bereits installiert war) und hatten relativ \u00e4hnliche Surfgewohnheiten. Als Anbieter konnte man einfache Software verkaufen, die man auf seiner Festplatte installieren konnte. Diese Anwendungen kennt jeder und auch noch heute baut jeder PC darauf auf. Der Browser, den du gerade zum Lesen verwendest wurde schlie\u00dflich auch normal installiert.<\/p>\n<p>Die Zeiten haben sich aber ge\u00e4ndert und das vor allem durch das Internet. Theoretisch braucht man f\u00fcr eine solche Software kein Internet, man kann sich auch eine CD kaufen und Anfangs waren auch online Casinos in diesem Bereich noch aktiv und verteilten CDs, damit man das online Casino bequem installieren konnte. Jetzt findet das Arbeiten mit dem PC fast ausschlie\u00dflich im Internet statt. <img loading=\"lazy\" class=\"alignleft size-full wp-image-174\" title=\"Facebook\" src=\"https:\/\/www.casinozocker.com\/wp-content\/uploads\/sites\/2\/2012\/01\/Facebook.png\" alt=\"\" width=\"191\" height=\"59\" \/>Sei es jetzt <a href=\"http:\/\/www.facebook.com\" target=\"_blank\">Facebook<\/a> oder <a href=\"http:\/\/www.google.de\/\" target=\"_blank\">Google<\/a>. Wenn man heute spielen will, geht das bei Facebook zum Beispiel nur \u00fcber sogenannte Apps. Hier wird rein gar nichts heruntergeladen. Theoretisch kann man auch ein online Casino als Facebook App heraus bringen &#8211; wenn es denn erlaubt w\u00e4re. Durch Innovationen wie Java konnten komplexe Abbildungen direkt im Browser dargestellt werden. Es ist darauf aufbauend auch m\u00f6glich Spiele damit laufen zu lassen und genau das erlebt man heute mit online Casinos im Browser.<\/p>\n<p>Der Download ist nicht tot und er wird auch noch lange Bestand haben. Allerdings muss man als online Casino immer auf der Hut sein und die Spielergewohnheiten beobachten. Gut m\u00f6glich, dass man bald nur noch \u00fcber Apps im Browser spielt (gibt es bereits) oder zum Beispiel auf Facebook.<\/p>\n<h3><span id=\"Download_fuer_Mac_und_Linux\">Download f\u00fcr Mac und Linux<\/span><\/h3>\n<p>Wenn man einen Mac oder Linux-PC hat, zieht man in Sachen Casinos h\u00e4ufig den K\u00fcrzeren. F\u00fcr viele ist das unverst\u00e4ndlich, schlie\u00dflich gibt es sehr viele Mac Benutzer und auch Linux ist l\u00e4ngst keine Randerscheinung mehr und von vielen ein bevorzugtes Betriebssystem geworden. Trotzdem gibt es (noch) kein einziges online Casino, das eine Download Version f\u00fcr Mac oder Linux anbietet. Der Grund hierf\u00fcr ist aber relativ einfach: Die Entwicklung einer speziellen Version f\u00fcr eines dieser Betriebssyste w\u00fcrde das online Casino sehr viel Geld kosten. Das steht in keinem guten Verh\u00e4ltnis zum Nutzen, denn auch als Mac oder Linux Spieler kann man an online Spielautomaten spielen und zwar \u00fcber die Version ohne Download. Weitere Informationen findest du weiter unten im Artikel unter der \u00dcberschrift <em>Spielautomaten f\u00fcr Mac und Linux<\/em>.<\/p>\n<h2><span id=\"Der_neue_Trend_Spielen_ohne_Download_im_Browser\">Der neue Trend: Spielen ohne Download im Browser<\/span><\/h2>\n<p>Neuer Trend ist eigentlich aus zwei Gr\u00fcnden \u00fcbertrieben. Zum einen ist es kein wirklicher Trend, denn das w\u00fcrde bedeuten, dass immer mehr Leute ohne Download spielen w\u00fcrden. Es m\u00f6gen zwar immer mehr sein, aber ein rasanter Anstieg ist nicht zu erkennen. Und &#8222;neu&#8220; ist auch etwas \u00fcbetrieben, denn Spielautomaten ohne Download gibt es schon seit geraumer Zeit. Es soll aber keine Zeit f\u00fcr Begrifflichkeiten verschwendet werden. Interessant ist das Thema des Trends aber alle Mal und du kannst <a href=\"http:\/\/de.wikipedia.org\/wiki\/Trend_%28Soziologie%29\" target=\"_blank\">hier auf Wikipedia<\/a> mehr dar\u00fcber lesen.<\/p>\n<p><img loading=\"lazy\" class=\"alignleft size-full wp-image-176\" title=\"Netent\" src=\"https:\/\/www.casinozocker.com\/wp-content\/uploads\/sites\/2\/2012\/01\/Netent.png\" alt=\"\" width=\"134\" height=\"59\" \/>Fakt ist aber auch, dass es inzwischen schon Casino Software Anbieter gibt, die nur auf eine Version ohne Download setzen wie zum Beispiel <a href=\"http:\/\/www.netent.com\/\" target=\"_blank\">Net Entertainment<\/a>. Ob sich dieses Modell durchsetzen wird, bleibt allerdings abzuwarten.<\/p>\n<h3><span id=\"Die_Vor-_und_Nachteile\">Die Vor- und Nachteile<\/span><\/h3>\n<p>Die Vorteile der Version ohne Download sind schnell erz\u00e4hlt: Der Vorteil ist vor allem der, dass man keinen Download t\u00e4tigen und dessen Nachteile in Kauf nehmen muss. Die Nachteile sind:<\/p>\n<ol>\n<li>Der Download kann mehrere Minuten in Anspruch nehmen<\/li>\n<li>Die Installation kann ebenfalls einige Minuten dauern<\/li>\n<li>Die heruntergeladene Software beansprucht kostbaren Speicherplatz<\/li>\n<\/ol>\n<p>Aber das ist noch l\u00e4ngst nicht alles, denn die Version ohne Download hat auch einige Vorteile, die nicht vernachl\u00e4ssigt werden d\u00fcrfen. Zum einen k\u00f6nnen die ohne Download Spielautomaten an jedem PC gespielt werden ohne dass die Software heruntergeladen oder installiert werden muss. Damit kommen wir wieder auf das eingangs erw\u00e4hnte Thema zur\u00fcck: was macht man wenn man eben eine kurze Partie auf einem anderen PC spielen m\u00f6chte? Die L\u00f6sung ist einfach ohne Download zu spielen. Zwar dauert es immer etwas bis die Anwendung geladen ist, aber dann kann sofort gespielt werden. Ein Nachteil der Browser-Version ist, dass meistens unvollst\u00e4ndige Versionen angeboten werden, was gerade bei Spielautomaten \u00e4rgerlich sein kann. Sie gibt es meist in vielen Ausf\u00fchrungen und h\u00e4ufig kann man eben nicht auf jeden einzelnen Spielautomaten zur\u00fcck greifen. Dennoch werden bei der Browser Version aber die zumindest die beliebtesten Spielautomaten mit ber\u00fccksichtigt, so dass man auch in diesem Fall gen\u00fcgend Auswahl haben sollte.<\/p>\n<h3><span id=\"Spielautomaten_fuer_Mac_und_Linux\">Spielautomaten f\u00fcr Mac und Linux<\/span><\/h3>\n<p><img loading=\"lazy\" class=\"size-medium wp-image-180 alignright\" title=\"Linux-Inside\" src=\"https:\/\/www.casinozocker.com\/wp-content\/uploads\/sites\/2\/2012\/01\/Linux-Inside-300x300.png\" alt=\"\" width=\"300\" height=\"300\" srcset=\"https:\/\/www.casinozocker.com\/ch\/wp-content\/uploads\/sites\/2\/2012\/01\/Linux-Inside-300x300.png 300w, https:\/\/www.casinozocker.com\/ch\/wp-content\/uploads\/sites\/2\/2012\/01\/Linux-Inside-150x150.png 150w, https:\/\/www.casinozocker.com\/ch\/wp-content\/uploads\/sites\/2\/2012\/01\/Linux-Inside.png 320w\" sizes=\"(max-width: 300px) 100vw, 300px\" \/>Wie bereits angesprochen ist es bei Spielautomaten ohne Download m\u00f6glich direkt im Browser zu spielen und da die meisten Browser auch mit allen Betriebssystemen kompatibel sind, hat man keine Probleme mit Mac und Linux auf diese Versionen zur\u00fcck zu greifen. Auch mit dem normalerweise etwas sperrigen Safari Browser ist es m\u00f6glich in einem Casino ohne Download zu spielen. Das ist eigentlich auch die einzige M\u00f6glichkeit wie man als Linux- oder Mac Spieler an Spielautomaten spielen kann, denn eine Download Version ist zurzeit nicht existent und wird es vermutlich auch in naher Zukunft nicht geben.<\/p>\n","protected":false},"excerpt":{"rendered":"<p>Wenn man bereits aktiv an Spielautomaten spielt, stellt man sich fr\u00fcher oder sp\u00e4ter die Frage, ob es nicht angebracht w\u00e4re einmal etwas Neues auszuprobieren. So kann es gut sein, dass man normalerweise an seinem Rechner die Software seines Stamm-Casinos installiert hat, aber gerade bei einem Bekannten spielen m\u00f6chte. Dann muss man sich zwangsl\u00e4ufig \u00fcberlegen wie &hellip;<\/p>\n<p class=\"read-more\"> <a class=\"\" href=\"https:\/\/www.casinozocker.com\/ch\/spielautomaten\/download\/\"> <span class=\"screen-reader-text\">Spielautomaten mit oder ohne Download<\/span> Weiterlesen &raquo;<\/a><\/p>\n","protected":false},"author":1,"featured_media":0,"parent":21,"menu_order":0,"comment_status":"open","ping_status":"closed","template":"","meta":[],"yoast_head":"<!-- This site is optimized with the Yoast SEO plugin v16.4 - https:\/\/yoast.com\/wordpress\/plugins\/seo\/ -->\n<title>Spielautomaten mit oder ohne Download - CasinoZocker Schweiz<\/title>\n<meta name=\"robots\" content=\"index, follow, max-snippet:-1, max-image-preview:large, max-video-preview:-1\" \/>\n<link rel=\"canonical\" href=\"https:\/\/www.casinozocker.com\/ch\/spielautomaten\/download\/\" \/>\n<meta property=\"og:locale\" content=\"de_DE\" \/>\n<meta property=\"og:type\" content=\"article\" \/>\n<meta property=\"og:title\" content=\"Spielautomaten mit oder ohne Download - CasinoZocker Schweiz\" \/>\n<meta property=\"og:description\" content=\"Wenn man bereits aktiv an Spielautomaten spielt, stellt man sich fr\u00fcher oder sp\u00e4ter die Frage, ob es nicht angebracht w\u00e4re einmal etwas Neues auszuprobieren. So kann es gut sein, dass man normalerweise an seinem Rechner die Software seines Stamm-Casinos installiert hat, aber gerade bei einem Bekannten spielen m\u00f6chte. Dann muss man sich zwangsl\u00e4ufig \u00fcberlegen wie &hellip; Spielautomaten mit oder ohne Download Weiterlesen &raquo;\" \/>\n<meta property=\"og:url\" content=\"https:\/\/www.casinozocker.com\/ch\/spielautomaten\/download\/\" \/>\n<meta property=\"og:site_name\" content=\"CasinoZocker Schweiz\" \/>\n<meta property=\"article:modified_time\" content=\"2016-12-05T08:24:34+00:00\" \/>\n<meta property=\"og:image\" content=\"https:\/\/www.casinozocker.com\/wp-content\/uploads\/sites\/2\/2012\/01\/888casinodownload-300x137.png\" \/>\n<meta name=\"twitter:card\" content=\"summary_large_image\" \/>\n<meta name=\"twitter:label1\" content=\"Gesch\u00e4tzte Lesezeit\" \/>\n\t<meta name=\"twitter:data1\" content=\"7\u00a0Minuten\" \/>\n<script type=\"application\/ld+json\" class=\"yoast-schema-graph\">{\"@context\":\"https:\/\/schema.org\",\"@graph\":[{\"@type\":\"WebSite\",\"@id\":\"https:\/\/www.casinozocker.com\/ch\/#website\",\"url\":\"https:\/\/www.casinozocker.com\/ch\/\",\"name\":\"CasinoZocker Schweiz\",\"description\":\"Spielen in online Casinos\",\"potentialAction\":[{\"@type\":\"SearchAction\",\"target\":\"https:\/\/www.casinozocker.com\/ch\/?s={search_term_string}\",\"query-input\":\"required name=search_term_string\"}],\"inLanguage\":\"de\"},{\"@type\":\"ImageObject\",\"@id\":\"https:\/\/www.casinozocker.com\/ch\/spielautomaten\/download\/#primaryimage\",\"inLanguage\":\"de\",\"url\":\"https:\/\/www.casinozocker.com\/wp-content\/uploads\/sites\/2\/2012\/01\/888casinodownload-300x137.png\",\"contentUrl\":\"https:\/\/www.casinozocker.com\/wp-content\/uploads\/sites\/2\/2012\/01\/888casinodownload-300x137.png\"},{\"@type\":\"WebPage\",\"@id\":\"https:\/\/www.casinozocker.com\/ch\/spielautomaten\/download\/#webpage\",\"url\":\"https:\/\/www.casinozocker.com\/ch\/spielautomaten\/download\/\",\"name\":\"Spielautomaten mit oder ohne Download - CasinoZocker Schweiz\",\"isPartOf\":{\"@id\":\"https:\/\/www.casinozocker.com\/ch\/#website\"},\"primaryImageOfPage\":{\"@id\":\"https:\/\/www.casinozocker.com\/ch\/spielautomaten\/download\/#primaryimage\"},\"datePublished\":\"2012-01-26T18:20:55+00:00\",\"dateModified\":\"2016-12-05T08:24:34+00:00\",\"breadcrumb\":{\"@id\":\"https:\/\/www.casinozocker.com\/ch\/spielautomaten\/download\/#breadcrumb\"},\"inLanguage\":\"de\",\"potentialAction\":[{\"@type\":\"ReadAction\",\"target\":[\"https:\/\/www.casinozocker.com\/ch\/spielautomaten\/download\/\"]}]},{\"@type\":\"BreadcrumbList\",\"@id\":\"https:\/\/www.casinozocker.com\/ch\/spielautomaten\/download\/#breadcrumb\",\"itemListElement\":[{\"@type\":\"ListItem\",\"position\":1,\"item\":{\"@type\":\"WebPage\",\"@id\":\"https:\/\/www.casinozocker.com\/ch\/\",\"url\":\"https:\/\/www.casinozocker.com\/ch\/\",\"name\":\"Startseite\"}},{\"@type\":\"ListItem\",\"position\":2,\"item\":{\"@type\":\"WebPage\",\"@id\":\"https:\/\/www.casinozocker.com\/ch\/spielautomaten\/\",\"url\":\"https:\/\/www.casinozocker.com\/ch\/spielautomaten\/\",\"name\":\"Spielautomaten\"}},{\"@type\":\"ListItem\",\"position\":3,\"item\":{\"@id\":\"https:\/\/www.casinozocker.com\/ch\/spielautomaten\/download\/#webpage\"}}]}]}<\/script>\n<!-- \/ Yoast SEO plugin. -->","_links":{"self":[{"href":"https:\/\/www.casinozocker.com\/ch\/wp-json\/wp\/v2\/pages\/162"}],"collection":[{"href":"https:\/\/www.casinozocker.com\/ch\/wp-json\/wp\/v2\/pages"}],"about":[{"href":"https:\/\/www.casinozocker.com\/ch\/wp-json\/wp\/v2\/types\/page"}],"author":[{"embeddable":true,"href":"https:\/\/www.casinozocker.com\/ch\/wp-json\/wp\/v2\/users\/1"}],"replies":[{"embeddable":true,"href":"https:\/\/www.casinozocker.com\/ch\/wp-json\/wp\/v2\/comments?post=162"}],"version-history":[{"count":2,"href":"https:\/\/www.casinozocker.com\/ch\/wp-json\/wp\/v2\/pages\/162\/revisions"}],"predecessor-version":[{"id":631,"href":"https:\/\/www.casinozocker.com\/ch\/wp-json\/wp\/v2\/pages\/162\/revisions\/631"}],"up":[{"embeddable":true,"href":"https:\/\/www.casinozocker.com\/ch\/wp-json\/wp\/v2\/pages\/21"}],"wp:attachment":[{"href":"https:\/\/www.casinozocker.com\/ch\/wp-json\/wp\/v2\/media?parent=162"}],"curies":[{"name":"wp","href":"https:\/\/api.w.org\/{rel}","templated":true}]}}