{"id":158,"date":"2012-01-26T17:19:28","date_gmt":"2012-01-26T18:19:28","guid":{"rendered":"http:\/\/www.casinozocker.com\/?page_id=158"},"modified":"2016-12-05T08:56:09","modified_gmt":"2016-12-05T07:56:09","slug":"jackpots","status":"publish","type":"page","link":"https:\/\/www.casinozocker.com\/ch\/spielautomaten\/jackpots\/","title":{"rendered":"Jackpot! Progressive Jackpots an Spielautomaten"},"content":{"rendered":"<p>Es gibt wohl niemanden, der nicht davon tr\u00e4umt einen richtig gro\u00dfen Jackpot zu gewinnen und das aus gutem Grund: denn ein richtiger Jackpot-Gewinn kann einen nicht nur einige tausend Euro einbringen, sondern vielleicht sogar zum Million\u00e4r machen. Das passiert sogar relativ regelm\u00e4\u00dfig und es gibt schon hunderte Spieler, die zu Multimillion\u00e4ren geworden sind. Jackpots sind auch der Hauptgrund warum Spielautomaten so interessant geworden sind. Denn sie haben das Potential ein Leben zu ver\u00e4ndern. Wenn man hingegen <a href=\"https:\/\/www.casinozocker.com\/roulette\/\">Roulette<\/a> spielt, kann man &#8222;nur&#8220; das 35-fache gewinnen. Das kann einen nur zum Million\u00e4r machen wenn man mehrere tausend Euro einsetzt, und das machen wirklich nur die Wenigsten. Denn was die Strategie und die Spielm\u00f6glichkeiten angeht sind Spielautomaten normalerweise nicht ganz oben auf der Beliebtheitsskala zu finden. Aber wenn man die Chance hat aus wenigen Euro Einsatz oder sogar nur mit Freespins Millionen zu machen, dann kann diesen Ger\u00e4ten eigentlich niemand widerstehen!<\/p>\n<div id=\"toc_container\" class=\"no_bullets\"><p class=\"toc_title\">Inhalt<\/p><ul class=\"toc_list\"><li><a href=\"#Progressive_Jackpots_der_Netzwerke\"><span class=\"toc_number toc_depth_1\">1<\/span> Progressive Jackpots der Netzwerke<\/a><ul><li><a href=\"#Microgaming\"><span class=\"toc_number toc_depth_2\">1.1<\/span> Microgaming<\/a><\/li><li><a href=\"#Boss_Media\"><span class=\"toc_number toc_depth_2\">1.2<\/span> Boss Media<\/a><\/li><li><a href=\"#Playtech\"><span class=\"toc_number toc_depth_2\">1.3<\/span> Playtech<\/a><\/li><\/ul><\/li><li><a href=\"#Wodurch_zeichnet_sich_ein_guter_Jackpot_aus\"><span class=\"toc_number toc_depth_1\">2<\/span> Wodurch zeichnet sich ein guter Jackpot aus?<\/a><\/li><\/ul><\/div>\n<h2><span id=\"Progressive_Jackpots_der_Netzwerke\">Progressive Jackpots der Netzwerke<\/span><\/h2>\n<p>Ein progressiver Jackpot lebt davon, dass viele Spieler gleichzeitig etwas beisteuern. Wenn du nur selbst etwas beisteuerst kannst du nat\u00fcrlich nur das gewinnen was du eingezahlt hast &#8211; langweilig. Wenn aber tausende Spieler gleichzeitig bei jedem Spin einen kleinen Teil in den Jackpot einzahlen, entsteht daraus bald ein richtig gro\u00dfer Pott &#8211; und das macht progressive Jackpots so interessant!<\/p>\n<p>Aus diesem Grund sind die Jackpots von Netzwerken die besten, also von Spielautomaten bei denen viele Spieler gleichzeitig etwas beisteuern. Es ist also egal ob du im PartyCasino, 888 Casino oder sonst wo spielst, wenn du einen Spielautomaten hast, den diese Casinos anbieten, besteht gleichzeitig ein gro\u00dfer Pool an Spielern, die etwas beisteuern k\u00f6nnen. Werfen wir also einmal einen Blick auf die einzelnen Netzwerke und ihre progressiven Jackpots:<\/p>\n<h3><span id=\"Microgaming\">Microgaming<\/span><\/h3>\n<p>Jedes Netzwerk hat seinen Flaggschiff Spielautomaten, also einen Automaten mit dem gr\u00f6\u00dften Spieleraufkommen. Und das sind meistens auch Spielautomaten mit einem hohen progressiven Jackpot. Hier tritt ein <a href=\"http:\/\/de.wikipedia.org\/wiki\/Netzwerkeffekt\" target=\"_blank\">Netzwerkeffekt<\/a> auf. Je mehr Spieler an einem Automaten spielen, desto gr\u00f6\u00dfer wird der Jackpot und je gr\u00f6\u00dfer der Jackpot, desto attraktiver wird der Spielautomat f\u00fcr die Spieler. Deswegen haben sich auch nur wenige herauskristallisiert, die f\u00fcr das meiste Spielaufkommen verantwortlich sind.<\/p>\n<p>Bei <a href=\"http:\/\/www.microgaming.com\/\" target=\"_blank\">Microgaming<\/a> ist das zum Beispiel <strong>Mega Moolah<\/strong>, ein Spielautomat, der schon viele zu Million\u00e4ren gemacht hat. Dort steigt der progressive Jackpot schon fr\u00fch sehr schnell an und wird auch in regelm\u00e4\u00dfigen Abst\u00e4nden (etwa 1 &#8211; 2 Wochen) geknackt. Genau so soll auch ein Jackpot aussehen. Er darf nicht zu h\u00e4ufig, aber auch nicht zu selten geknackt werden (dazu sp\u00e4ter mehr). Die bezahlten Summen liegen in der Regeln zwischen 500.000 Euro und 3 Millionen Euro, wobei es hier nat\u00fcrlich auch noch Abweichungen gibt.<\/p>\n<p>Neben Mega Moolah gibt es noch weitere Jackpots wie zum Beispiel <strong>King Cashalot<\/strong> oder <strong>Major Millions<\/strong>. Beide sind ebenfalls von ordentlicher Gr\u00f6\u00dfe, k\u00f6nnen aber nicht ganz an Mega Moolah heran reichen. Die gewonnen Betr\u00e4ge liegen meist zwischen 100.000 und 600.000 Euro und sie werden etwas h\u00e4ufiger geknackt als der Mega Moolah Jackpot.<\/p>\n<h3><span id=\"Boss_Media\">Boss Media<\/span><\/h3>\n<p>Boss Media ist f\u00fcr manche Spielautomaten-Spieler nicht die erste Wahl und zwar deswegen weil die Auswahl an Spielautomaten nicht so gro\u00df ist wie von vielen gew\u00fcnscht. Eigentlich ist diese Sorge jedoch unbegr\u00fcndet, immerhin sind die Boss Media Spielautomaten daf\u00fcr von sehr hoher Qualit\u00e4t und sie entwickeln sich stets weiter. Wer einen gro\u00dfen Bogen um ein Boss Media Casino macht weil ihm das Angebot an Spielautomaten zu d\u00fcrftig ist, macht einen schweren Fehler. Denn gerade auch was die progressiven Jackpots betrifft ist Boss Media absolut f\u00fchrend. Und auch das liegt daran, dass sich vor allem auf sehr wenige Spielautomaten konzentriert wird. <\/p>\n<p>Vor allem erw\u00e4hnenswert ist <strong>Aladdins Lamp<\/strong> mit einem unglaublichen progressiven Jackpot, der auch gerne mal in Richtung 5 Millionen Euro geht! Es gibt kaum einen Jackpot, der mit &#8222;nur&#8220; 6-stelligen Betr\u00e4gen das Casino verl\u00e4sst. Nat\u00fcrlich wird der Aladdins Lamp Jackpot etwas seltener vergeben, so dass man nicht alle paar Tage in den Genuss kommen kann einen solch hohen Jackpot f\u00fcr sich zu beanspruchen.<\/p>\n<p>Neben Aladdins Lamp ist auch noch Super 7 Super und Formula X Grand zu erw\u00e4hnen. Beide bieten ordentliche progressive Jackpots und gerade Super 7 Super ist ein Spielautomat, der seines Gleichen sucht.<\/p>\n<h3><span id=\"Playtech\">Playtech<\/span><\/h3>\n<p>Playtech ist ebenfalls ganz weit oben einzuordnen und sehr viele Casinos bieten Spielautomaten mit dieser Software an. Aus diesem Grund nehmen auch sehr viele an den progressiven Jackpots teil und sorgen f\u00fcr ordentliche Summen.<\/p>\n<p>Das Flaggschiff von <a href=\"http:\/\/www.playtech.com\" target=\"_blank\">Playtech<\/a> ist der <strong>Beach Life<\/strong> Spielautomat. Hier werden regelm\u00e4\u00dfig Millionenbetr\u00e4ge ausgesch\u00fcttet, auch wenn diese nicht ganz so hoch sein m\u00f6gen wie zum Beispiel bei Aladdins Lamp. Daf\u00fcr werden sie aber auch h\u00e4ufiger gewonnen, denn das Spielaufkommen bei diesem Spielautomaten ist durchaus vergleichbar. Ebenfalls gute Spielautomaten um progressive Jackpots bei Playtech zu gewinnen sind Gold Rally 8 Lines und Jackpot Darts.<\/p>\n<h2><span id=\"Wodurch_zeichnet_sich_ein_guter_Jackpot_aus\">Wodurch zeichnet sich ein guter Jackpot aus?<\/span><\/h2>\n<p>Es ist nicht nur die H\u00f6he die einen guten Jackpot ausmacht. Und das ist eigentlich auch intuitiv verst\u00e4ndlich, denn erstens kann man sich fragen wie h\u00e4ufig diese hohe Summe ausbezahlt wird. Wenn der progressive Jackpot einmal 10 Millionen betrug, sonst aber immer nur 200.000 Euro dann ist das keinesfalls ein super Jackpot auch wenn einmal eine extrem hohe Zahlung dabei war. Zweitens muss man sich fragen wie regelm\u00e4\u00dfig der Jackpot ausbezahlt wird. Je h\u00e4ufiger, desto besser &#8211; zumindest wenn dabei auch die Summen stimmen. Wenn t\u00e4glich ein 2.000 Euro Jackpot ausbezahlt wird, ist das sicherlich nicht zufriedenstellend &#8211; zumindest nicht f\u00fcr diejenigen, die richtig hohe Gewinne einfahren m\u00f6chten. Drittens muss man seinen <a href=\"http:\/\/de.wikipedia.org\/wiki\/Erwartungswert\" target=\"_blank\">Erwartungswert<\/a> ber\u00fccksichtigen. Eine Auszahlungsquote von 85% ist einfach so schlecht, dass einen der beste Jackpot der Welt nichts n\u00fctzt. Im Idealfall hat man einen hohen progressiven Jackpot, der h\u00e4ufig ausbezahlt wird und das mit einem Spielautomaten, der eine hohe Auszahlungsquote (ohne Ber\u00fccksichtigung des Jackpots) hat. In der Realit\u00e4t ist ein solcher Spielautomat nicht zu finden und daher muss man Kompromisse eingehen. Je risikofreudiger man ist, desto mehr darf man dazu tendieren einen besonders hohen Jackpot zu w\u00e4hlen und eine schlechte Auszahlungsquote in Kauf nehmen. Je weniger Risiko man eingehen sollte, desto besser soll die Auszahlungsquote sein, desto niedriger der Jackpot und desto h\u00e4ufiger soll er ausbezahlt werden. Damit maximiert man seine Chance \u00fcberhaupt etwas zu gewinnen, auch wenn es keine 12 Millionen Euro sind&#8230;<\/p>\n","protected":false},"excerpt":{"rendered":"<p>Es gibt wohl niemanden, der nicht davon tr\u00e4umt einen richtig gro\u00dfen Jackpot zu gewinnen und das aus gutem Grund: denn ein richtiger Jackpot-Gewinn kann einen nicht nur einige tausend Euro einbringen, sondern vielleicht sogar zum Million\u00e4r machen. Das passiert sogar relativ regelm\u00e4\u00dfig und es gibt schon hunderte Spieler, die zu Multimillion\u00e4ren geworden sind. Jackpots sind &hellip;<\/p>\n<p class=\"read-more\"> <a class=\"\" href=\"https:\/\/www.casinozocker.com\/ch\/spielautomaten\/jackpots\/\"> <span class=\"screen-reader-text\">Jackpot! Progressive Jackpots an Spielautomaten<\/span> Weiterlesen &raquo;<\/a><\/p>\n","protected":false},"author":1,"featured_media":0,"parent":21,"menu_order":0,"comment_status":"open","ping_status":"closed","template":"","meta":[],"yoast_head":"<!-- This site is optimized with the Yoast SEO plugin v16.4 - https:\/\/yoast.com\/wordpress\/plugins\/seo\/ -->\n<title>Jackpot! Progressive Jackpots an Spielautomaten - CasinoZocker Schweiz<\/title>\n<meta name=\"robots\" content=\"index, follow, max-snippet:-1, max-image-preview:large, max-video-preview:-1\" \/>\n<link rel=\"canonical\" href=\"https:\/\/www.casinozocker.com\/ch\/spielautomaten\/jackpots\/\" \/>\n<meta property=\"og:locale\" content=\"de_DE\" \/>\n<meta property=\"og:type\" content=\"article\" \/>\n<meta property=\"og:title\" content=\"Jackpot! Progressive Jackpots an Spielautomaten - CasinoZocker Schweiz\" \/>\n<meta property=\"og:description\" content=\"Es gibt wohl niemanden, der nicht davon tr\u00e4umt einen richtig gro\u00dfen Jackpot zu gewinnen und das aus gutem Grund: denn ein richtiger Jackpot-Gewinn kann einen nicht nur einige tausend Euro einbringen, sondern vielleicht sogar zum Million\u00e4r machen. Das passiert sogar relativ regelm\u00e4\u00dfig und es gibt schon hunderte Spieler, die zu Multimillion\u00e4ren geworden sind. Jackpots sind &hellip; Jackpot! Progressive Jackpots an Spielautomaten Weiterlesen &raquo;\" \/>\n<meta property=\"og:url\" content=\"https:\/\/www.casinozocker.com\/ch\/spielautomaten\/jackpots\/\" \/>\n<meta property=\"og:site_name\" content=\"CasinoZocker Schweiz\" \/>\n<meta property=\"article:modified_time\" content=\"2016-12-05T07:56:09+00:00\" \/>\n<meta name=\"twitter:card\" content=\"summary_large_image\" \/>\n<meta name=\"twitter:label1\" content=\"Gesch\u00e4tzte Lesezeit\" \/>\n\t<meta name=\"twitter:data1\" content=\"5\u00a0Minuten\" \/>\n<script type=\"application\/ld+json\" class=\"yoast-schema-graph\">{\"@context\":\"https:\/\/schema.org\",\"@graph\":[{\"@type\":\"WebSite\",\"@id\":\"https:\/\/www.casinozocker.com\/ch\/#website\",\"url\":\"https:\/\/www.casinozocker.com\/ch\/\",\"name\":\"CasinoZocker Schweiz\",\"description\":\"Spielen in online Casinos\",\"potentialAction\":[{\"@type\":\"SearchAction\",\"target\":\"https:\/\/www.casinozocker.com\/ch\/?s={search_term_string}\",\"query-input\":\"required name=search_term_string\"}],\"inLanguage\":\"de\"},{\"@type\":\"WebPage\",\"@id\":\"https:\/\/www.casinozocker.com\/ch\/spielautomaten\/jackpots\/#webpage\",\"url\":\"https:\/\/www.casinozocker.com\/ch\/spielautomaten\/jackpots\/\",\"name\":\"Jackpot! Progressive Jackpots an Spielautomaten - CasinoZocker Schweiz\",\"isPartOf\":{\"@id\":\"https:\/\/www.casinozocker.com\/ch\/#website\"},\"datePublished\":\"2012-01-26T18:19:28+00:00\",\"dateModified\":\"2016-12-05T07:56:09+00:00\",\"breadcrumb\":{\"@id\":\"https:\/\/www.casinozocker.com\/ch\/spielautomaten\/jackpots\/#breadcrumb\"},\"inLanguage\":\"de\",\"potentialAction\":[{\"@type\":\"ReadAction\",\"target\":[\"https:\/\/www.casinozocker.com\/ch\/spielautomaten\/jackpots\/\"]}]},{\"@type\":\"BreadcrumbList\",\"@id\":\"https:\/\/www.casinozocker.com\/ch\/spielautomaten\/jackpots\/#breadcrumb\",\"itemListElement\":[{\"@type\":\"ListItem\",\"position\":1,\"item\":{\"@type\":\"WebPage\",\"@id\":\"https:\/\/www.casinozocker.com\/ch\/\",\"url\":\"https:\/\/www.casinozocker.com\/ch\/\",\"name\":\"Startseite\"}},{\"@type\":\"ListItem\",\"position\":2,\"item\":{\"@type\":\"WebPage\",\"@id\":\"https:\/\/www.casinozocker.com\/ch\/spielautomaten\/\",\"url\":\"https:\/\/www.casinozocker.com\/ch\/spielautomaten\/\",\"name\":\"Spielautomaten\"}},{\"@type\":\"ListItem\",\"position\":3,\"item\":{\"@id\":\"https:\/\/www.casinozocker.com\/ch\/spielautomaten\/jackpots\/#webpage\"}}]}]}<\/script>\n<!-- \/ Yoast SEO plugin. -->","_links":{"self":[{"href":"https:\/\/www.casinozocker.com\/ch\/wp-json\/wp\/v2\/pages\/158"}],"collection":[{"href":"https:\/\/www.casinozocker.com\/ch\/wp-json\/wp\/v2\/pages"}],"about":[{"href":"https:\/\/www.casinozocker.com\/ch\/wp-json\/wp\/v2\/types\/page"}],"author":[{"embeddable":true,"href":"https:\/\/www.casinozocker.com\/ch\/wp-json\/wp\/v2\/users\/1"}],"replies":[{"embeddable":true,"href":"https:\/\/www.casinozocker.com\/ch\/wp-json\/wp\/v2\/comments?post=158"}],"version-history":[{"count":2,"href":"https:\/\/www.casinozocker.com\/ch\/wp-json\/wp\/v2\/pages\/158\/revisions"}],"predecessor-version":[{"id":629,"href":"https:\/\/www.casinozocker.com\/ch\/wp-json\/wp\/v2\/pages\/158\/revisions\/629"}],"up":[{"embeddable":true,"href":"https:\/\/www.casinozocker.com\/ch\/wp-json\/wp\/v2\/pages\/21"}],"wp:attachment":[{"href":"https:\/\/www.casinozocker.com\/ch\/wp-json\/wp\/v2\/media?parent=158"}],"curies":[{"name":"wp","href":"https:\/\/api.w.org\/{rel}","templated":true}]}}