{"id":116,"date":"2011-12-31T09:49:11","date_gmt":"2011-12-31T10:49:11","guid":{"rendered":"http:\/\/www.casinozocker.com\/?page_id=116"},"modified":"2020-10-13T18:01:52","modified_gmt":"2020-10-13T16:01:52","slug":"casino-bewertungen","status":"publish","type":"page","link":"https:\/\/www.casinozocker.com\/ch\/erfahrungen\/casino-bewertungen\/","title":{"rendered":"Casino Bewertungen von Zockern: \u00dcbersicht"},"content":{"rendered":"<p>Alle Bewertungen unserer Besucher zu den verschiedenen Casinos:<\/p>\n<table><thead><td class=\"title\">Bewertetes Casino<\/td><td class=\"votes\">Stimmen<\/td><td class=\"rating\">Bewertung<\/td><\/thead><tbody><table><thead><td class=\"title\">Bewertetes Casino<\/td><td class=\"votes\">Stimmen<\/td><td class=\"rating\">Bewertung<\/td><\/thead><tbody><table><thead><td class=\"title\">Bewertetes Casino<\/td><td class=\"votes\">Stimmen<\/td><td class=\"rating\">Bewertung<\/td><\/thead><tbody><table><thead><td class=\"title\">Bewertetes Casino<\/td><td class=\"votes\">Stimmen<\/td><td class=\"rating\">Bewertung<\/td><\/thead><tbody><table><thead><td class=\"title\">Bewertetes Casino<\/td><td class=\"votes\">Stimmen<\/td><td class=\"rating\">Bewertung<\/td><\/thead><tbody><\/tbody><\/table>\n<div id=\"toc_container\" class=\"no_bullets\"><p class=\"toc_title\">Inhalt<\/p><ul class=\"toc_list\"><li><a href=\"#Bewertungen_von_Casinos_wie_finde_ich_das_beste_Casino\"><span class=\"toc_number toc_depth_1\">1<\/span> Bewertungen von Casinos \u2013 wie finde ich das beste Casino?<\/a><ul><li><a href=\"#Angebotene_Spiele\"><span class=\"toc_number toc_depth_2\">1.1<\/span> Angebotene Spiele<\/a><\/li><li><a href=\"#Software\"><span class=\"toc_number toc_depth_2\">1.2<\/span> Software<\/a><\/li><li><a href=\"#Boni_im_Casino\"><span class=\"toc_number toc_depth_2\">1.3<\/span> Boni im Casino<\/a><\/li><li><a href=\"#Einzahlung\"><span class=\"toc_number toc_depth_2\">1.4<\/span> Einzahlung<\/a><\/li><li><a href=\"#Sicherheit_und_Kundendienst\"><span class=\"toc_number toc_depth_2\">1.5<\/span> Sicherheit und Kundendienst<\/a><\/li><\/ul><\/li><li><a href=\"#Online_Casino_Erfahrungen_Deutschland\"><span class=\"toc_number toc_depth_1\">2<\/span> Online Casino Erfahrungen Deutschland<\/a><ul><li><a href=\"#Das_Casino_Spielen_mit_Echtgeld_in_Deutschland\"><span class=\"toc_number toc_depth_2\">2.1<\/span> Das Casino Spielen mit Echtgeld in Deutschland<\/a><\/li><\/ul><\/li><\/ul><\/div>\n<h2><span id=\"Bewertungen_von_Casinos_wie_finde_ich_das_beste_Casino\">Bewertungen von Casinos \u2013 wie finde ich das beste Casino?<\/span><\/h2>\n<p>In der Tabelle oben siehst Du eine Liste mit ausgew\u00e4hlten Casinos und deren Bewertung durch die Besucher von CasinoZocker. Insbesondere wenn User nicht nur auf der Skala von 1-5 die online Spielhalle bewertet haben, sondern wenn zus\u00e4tzlich noch aussagekr\u00e4ftige Erfahrungen im jeweiligen Bericht hinterlassen wurden, kannst Du Dir dabei eine gute eigene Meinung bilden. Wenn Du mehr Zeit hast und selbst eine Recherche betreiben willst, dann solltest Du auf die folgenden wichtigen Punkte bei Deiner Bewertung achten:<\/p>\n<h3><span id=\"Angebotene_Spiele\">Angebotene Spiele<\/span><\/h3>\n<p>Die allermeisten Casinos im Internet bieten die aus den Spielhallen bekannten Spiele an: Roulette, Blackjack, Spielautomaten (Slots) sowie Video Poker geh\u00f6ren zum Standard-Angebot. Insgesamt unterscheiden sich die Casinos hier nur geringf\u00fcgig. Einzig bei den verschiedenen Spielautomaten gibt es Unterschiede. Wer hier Wert darauf legt, ein bestimmtes Spielautomatenspiel zocken zu k\u00f6nnen, sollte sich vor der Anmeldung auf der Webseite des Internetcasinos genau umschauen. Daneben gibt es teilweise noch weitere, weniger bekannte Spiele wie Keno oder Baccarat. Weil diese nicht zum Standardangebot geh\u00f6ren, sollte man ebenfalls die Webseite des Anbieters vorg\u00e4ngig besuchen.<br \/>\nJe nach Anbieter gibt es auch verschieden hohe Jackpots zu knacken. Die Aussicht, mit einem Einsatz von wenigen Cents oder Euros mehrere zehntausend Euro zu gewinnen, ist verlockend. Wem das wichtig ist, der sollte schauen, wo er den besten Jackpot zu gewinnen kann und dies in seine Bewertung mit einbeziehen.<\/p>\n<h3><span id=\"Software\">Software<\/span><\/h3>\n<p>Die Software ist ein Unterschied zwischen den Hunderten online Casinos. Es gibt rund ein halbes Dutzend wichtige Anbieter von Software wie Playtech, Cryptologic, Random Logic und Real Time Gaming. Unserer Meinung nach gibt es keine \u201ebeste Software\u201c. Denn f\u00fcr den Zocker selbst macht es bis auf die grafische Oberfl\u00e4che, die bei allen Anbietern eine hohe Qualit\u00e4t aufweist, keine grossen Unterschied, mit welcher Software das einzelne Casino l\u00e4uft. Eine Unterscheidung ist noch, ob man die Software herunterladen muss oder ob man ohne Download direkt im Browser (mit Flash) zocken kann. Viele Casinos bieten beide M\u00f6glichkeiten an, um m\u00f6glichst viele Spieler anzusprechen.<\/p>\n<h3><span id=\"Boni_im_Casino\">Boni im Casino<\/span><\/h3>\n<p>Wichtig ist das Bonus-Angebot, wenn man selbst verschiedene Casinos bewerten will, um sich dann f\u00fcr eines zu entscheiden. Ganz wichtig ist nat\u00fcrlich der Willkommensbonus. Hier gilt es zu unterscheiden zwischen dem Bonus auf der ersten Einzahlung sowie einem sogenannten No Deposit Bonus. Letzteren erh\u00e4lt man auch ohne Einzahlung \u2013 man kann also ohne eigenes Geld an den Echtgeldtischen zocken. Die Motivation der Internet-Spielhallen ist klar: Man soll mit wenigen Euros zur Anmeldung gelockt werden, um anschliessend viel Geld einzuzahlen (und dieses sp\u00e4ter zu verlieren). Ein gutes Casino bietet zudem f\u00fcr bestehende Spieler regelm\u00e4ssig Promotionen an, bei denen auf weiteren Einzahlungen erneut ein Bonus aktiviert wird.<\/p>\n<h3><span id=\"Einzahlung\">Einzahlung<\/span><\/h3>\n<p>Ein Punkt der zu wenig beachtet wird ist die Einzahlung sowie die Auszahlung von allf\u00e4lligen Gewinnen. Man sollte sich zuerst \u00fcberlegen, mit welcher Zahlungsmethode man am liebsten einzahlen m\u00f6chte. \u00dcblich und verbreitet sind Kreditkarten, Skrill sowie Paypal. Eine Bank\u00fcberweisung bieten praktisch alle Casinos an, allerdings dauert die Transaktion mehrere Tage \u2013 und so lange wollen die meisten nicht warten bis sie zocken k\u00f6nnen. Die Paysafecard ist eine Alternative f\u00fcr Leute, die keine Kreditkarte haben oder diese nicht einsetzen wollen.<\/p>\n<h3><span id=\"Sicherheit_und_Kundendienst\">Sicherheit und Kundendienst<\/span><\/h3>\n<p>Als letztes sollte man sich bei der Bewertung eines Casinos auch die Sicherheit und den Kundendienst genauer anschauen. Verschl\u00fcsselung von Zahlungsdaten ist Standard, und die grossen Anbieter sind seri\u00f6s, d.h. Spieler werden nicht betrogen (diese haben es nicht n\u00f6tig \u2013 sie verdienen genug an den Zockern, als dass sie ihren guten Ruf aufs Spiel setzen wollen). Wer jedoch einmal Probleme hat (z.B. weil er sein Passwort vergessen hat oder die Auszahlung eines Gewinns nicht klappt) ist froh wenn das Casino einen guten Kundendienst hat. Deswegen sollte man schon bei der Anmeldung darauf achten, dass der Support die deutsche Sprache beherrscht und dieser gute Bewertungen in Foren erhalten hat.<br \/>\nNicht zuletzt sollte man aber an eines denken: Beim Spielen im online Casino sollte der Spass im Vordergrund stehen. Ist man mit seinem Anbieter nicht zufrieden, dann kann man innerhalb weniger Minuten zu einer anderen Seite wechseln.<\/p>\n<h2><span id=\"Online_Casino_Erfahrungen_Deutschland\">Online Casino Erfahrungen Deutschland<\/span><\/h2>\n<p>Deutschland ist im Grunde ein sehr gutes Pflaster f\u00fcr online Casino Spiele. Der Grund daf\u00fcr ist einfach der dass die Gesetzgebung nicht so weit geht und &#8222;seri\u00f6se EU Casinos&#8220; den Zugriff versperrt. Die Konsequenz w\u00e4re dann n\u00e4mlich auf dubiose offshore Casinos setzen zu m\u00fcssen die t\u00e4glich ihre IP und Domain wechseln um nicht gesperrt zu werden. Deswegen k\u00f6nnen wir uns in Deutschland gl\u00fccklich sch\u00e4tzen dass uns weltweit f\u00fchrende Casinos mit Lizenzen in Malta, Gibraltar oder UK Gl\u00fccksspiele anbieten d\u00fcrfen. Au\u00dferdem gibt es ja noch Schleswig-Holstein. Dieses Bundesland ist das Einzige das in Deutschland Casino Lizenzen vergibt. Und ja, es ist ein zus\u00e4tzliches Qualit\u00e4tsmerkmal aber ehrlich gesagt ist Schleswig-Holstein nicht gleichzeitig strenger als etwa Malta oder vor allem UK.<\/p>\n<p>Dennoch ist es nat\u00fcrlich immer so eine Sache wenn man \u00fcber online Casino Erfahrungen spricht. Denn um ehrlich zu sein haben es Casinos nicht immer einfach es den Spielern recht zu machen. Denn wenn es nicht l\u00e4uft ist meist nicht die Varianz oder man selbst schuld, sondern nat\u00fcrlich der Anbieter. Also das Casino. So kommt es auch dass die Bewertungen tats\u00e4chlich schlecht ausfallen auch wenn mit dem Casino sehr wahrscheinlich alles in Ordnung ist.<\/p>\n<p>Das sieht man auch nach \u00fcber sechs Jahren <a href=\"https:\/\/www.casinozocker.com\/\">CasinoZocker.com<\/a>. Wir sind die einzige Plattform die ungefiltert alle Spieler Erfahrungen ver\u00f6ffentlicht. Das ist nicht immer sch\u00f6n zu lesen weil sich die zufriedenen Spieler nicht so h\u00e4ufig zu Wort melden als die unzufriedenen. Und so stehen die meisten Casinos unterm Strich eher schlecht da &#8211; unserer Meinung nach zu schlecht.<\/p>\n<h3><span id=\"Das_Casino_Spielen_mit_Echtgeld_in_Deutschland\">Das Casino Spielen mit Echtgeld in Deutschland<\/span><\/h3>\n<p>W\u00e4hrend Spielgeld rechtlich nat\u00fcrlich \u00fcberhaupt kein Thema ist, sieht es mit echtem Geld anders aus. Das ist die eigentliche Definition von Gl\u00fccksspiel. Insofern wundert es nicht wenn hier Fragen aufkommen. Das Spielen selbst ist in Deutschland nicht illegal, das Anbieten und Bewerben theoretisch schon. Aber wie du nat\u00fcrlich an den ganzen Werbespots sehen kannst scheint es nicht wirklich jemanden zu k\u00fcmmern. Selbst wer in Schleswig-Holstein eine Lizenz hat darf normalerweise nicht einfach so in Bayern Gl\u00fccksspiel bewerben. Aber wir leben im 21. Jahrhundert und die Bundesl\u00e4nder sind weder im TV noch im Internet abgegrenzt. Gleiches gilt eigentlich auch f\u00fcr die EU. Wenn also ein EU Unternehmen aus Malta legal Gl\u00fccksspiel anbieten darf, warum dann nicht auch in Deutschland? Hier streiten sich die Gerichte seit \u00fcber einem Jahrzehnt und ein Ende ist nicht in Sicht. Au\u00dfer dass jedes Land beginnt Lizenzen zu vergeben wie Niederlande, Schweden, Frankreich, Spanien, usw. Nur Deutschland hinkt hier wieder Jahre hinterher.<\/p>\n<p>Ein gutes Beispiel daf\u00fcr dass sich sehr wahrscheinlich etwas bewegen wird ist Paypal. Paypal ist der gr\u00f6\u00dfte online Zahlungsanbieter und hat mit online Casinos in Deutschland viele Jahre zusammen gearbeitet. Seit Oktober 2019 allerdings nicht mehr. F\u00fcr Paypal war dies eine strategische Entscheidung um bei einer neuen Gesetzgebung mit wei\u00dfer Weste dastehen und dann den Gl\u00fccksspielmarkt dominieren zu k\u00f6nnen.<\/p>\n","protected":false},"excerpt":{"rendered":"<p>Alle Bewertungen unserer Besucher zu den verschiedenen Casinos: Inhalt1 Bewertungen von Casinos \u2013 wie finde ich das beste Casino?1.1 Angebotene Spiele1.2 Software1.3 Boni im Casino1.4 Einzahlung1.5 Sicherheit und Kundendienst2 Online Casino Erfahrungen Deutschland2.1 Das Casino Spielen mit Echtgeld in Deutschland Bewertungen von Casinos \u2013 wie finde ich das beste Casino? In der Tabelle oben siehst &hellip;<\/p>\n<p class=\"read-more\"> <a class=\"\" href=\"https:\/\/www.casinozocker.com\/ch\/erfahrungen\/casino-bewertungen\/\"> <span class=\"screen-reader-text\">Casino Bewertungen von Zockern: \u00dcbersicht<\/span> Weiterlesen &raquo;<\/a><\/p>\n","protected":false},"author":1,"featured_media":0,"parent":48,"menu_order":0,"comment_status":"open","ping_status":"closed","template":"","meta":[],"yoast_head":"<!-- This site is optimized with the Yoast SEO plugin v16.4 - https:\/\/yoast.com\/wordpress\/plugins\/seo\/ -->\n<title>Casino Bewertungen von Zockern: \u00dcbersicht - CasinoZocker Schweiz<\/title>\n<meta name=\"robots\" content=\"index, follow, max-snippet:-1, max-image-preview:large, max-video-preview:-1\" \/>\n<link rel=\"canonical\" href=\"https:\/\/www.casinozocker.com\/ch\/erfahrungen\/casino-bewertungen\/\" \/>\n<meta property=\"og:locale\" content=\"de_DE\" \/>\n<meta property=\"og:type\" content=\"article\" \/>\n<meta property=\"og:title\" content=\"Casino Bewertungen von Zockern: \u00dcbersicht - CasinoZocker Schweiz\" \/>\n<meta property=\"og:description\" content=\"Alle Bewertungen unserer Besucher zu den verschiedenen Casinos: Inhalt1 Bewertungen von Casinos \u2013 wie finde ich das beste Casino?1.1 Angebotene Spiele1.2 Software1.3 Boni im Casino1.4 Einzahlung1.5 Sicherheit und Kundendienst2 Online Casino Erfahrungen Deutschland2.1 Das Casino Spielen mit Echtgeld in Deutschland Bewertungen von Casinos \u2013 wie finde ich das beste Casino? In der Tabelle oben siehst &hellip; Casino Bewertungen von Zockern: \u00dcbersicht Weiterlesen &raquo;\" \/>\n<meta property=\"og:url\" content=\"https:\/\/www.casinozocker.com\/ch\/erfahrungen\/casino-bewertungen\/\" \/>\n<meta property=\"og:site_name\" content=\"CasinoZocker Schweiz\" \/>\n<meta property=\"article:modified_time\" content=\"2020-10-13T16:01:52+00:00\" \/>\n<meta name=\"twitter:card\" content=\"summary_large_image\" \/>\n<meta name=\"twitter:label1\" content=\"Gesch\u00e4tzte Lesezeit\" \/>\n\t<meta name=\"twitter:data1\" content=\"6\u00a0Minuten\" \/>\n<script type=\"application\/ld+json\" class=\"yoast-schema-graph\">{\"@context\":\"https:\/\/schema.org\",\"@graph\":[{\"@type\":\"WebSite\",\"@id\":\"https:\/\/www.casinozocker.com\/ch\/#website\",\"url\":\"https:\/\/www.casinozocker.com\/ch\/\",\"name\":\"CasinoZocker Schweiz\",\"description\":\"Spielen in online Casinos\",\"potentialAction\":[{\"@type\":\"SearchAction\",\"target\":\"https:\/\/www.casinozocker.com\/ch\/?s={search_term_string}\",\"query-input\":\"required name=search_term_string\"}],\"inLanguage\":\"de\"},{\"@type\":\"WebPage\",\"@id\":\"https:\/\/www.casinozocker.com\/ch\/erfahrungen\/casino-bewertungen\/#webpage\",\"url\":\"https:\/\/www.casinozocker.com\/ch\/erfahrungen\/casino-bewertungen\/\",\"name\":\"Casino Bewertungen von Zockern: \\u00dcbersicht - CasinoZocker Schweiz\",\"isPartOf\":{\"@id\":\"https:\/\/www.casinozocker.com\/ch\/#website\"},\"datePublished\":\"2011-12-31T10:49:11+00:00\",\"dateModified\":\"2020-10-13T16:01:52+00:00\",\"breadcrumb\":{\"@id\":\"https:\/\/www.casinozocker.com\/ch\/erfahrungen\/casino-bewertungen\/#breadcrumb\"},\"inLanguage\":\"de\",\"potentialAction\":[{\"@type\":\"ReadAction\",\"target\":[\"https:\/\/www.casinozocker.com\/ch\/erfahrungen\/casino-bewertungen\/\"]}]},{\"@type\":\"BreadcrumbList\",\"@id\":\"https:\/\/www.casinozocker.com\/ch\/erfahrungen\/casino-bewertungen\/#breadcrumb\",\"itemListElement\":[{\"@type\":\"ListItem\",\"position\":1,\"item\":{\"@type\":\"WebPage\",\"@id\":\"https:\/\/www.casinozocker.com\/ch\/\",\"url\":\"https:\/\/www.casinozocker.com\/ch\/\",\"name\":\"Startseite\"}},{\"@type\":\"ListItem\",\"position\":2,\"item\":{\"@type\":\"WebPage\",\"@id\":\"https:\/\/www.casinozocker.com\/ch\/erfahrungen\/\",\"url\":\"https:\/\/www.casinozocker.com\/ch\/erfahrungen\/\",\"name\":\"Test, Vergleich und Erfahrungen: Bestes Casino\"}},{\"@type\":\"ListItem\",\"position\":3,\"item\":{\"@id\":\"https:\/\/www.casinozocker.com\/ch\/erfahrungen\/casino-bewertungen\/#webpage\"}}]}]}<\/script>\n<!-- \/ Yoast SEO plugin. -->","_links":{"self":[{"href":"https:\/\/www.casinozocker.com\/ch\/wp-json\/wp\/v2\/pages\/116"}],"collection":[{"href":"https:\/\/www.casinozocker.com\/ch\/wp-json\/wp\/v2\/pages"}],"about":[{"href":"https:\/\/www.casinozocker.com\/ch\/wp-json\/wp\/v2\/types\/page"}],"author":[{"embeddable":true,"href":"https:\/\/www.casinozocker.com\/ch\/wp-json\/wp\/v2\/users\/1"}],"replies":[{"embeddable":true,"href":"https:\/\/www.casinozocker.com\/ch\/wp-json\/wp\/v2\/comments?post=116"}],"version-history":[{"count":6,"href":"https:\/\/www.casinozocker.com\/ch\/wp-json\/wp\/v2\/pages\/116\/revisions"}],"predecessor-version":[{"id":1388,"href":"https:\/\/www.casinozocker.com\/ch\/wp-json\/wp\/v2\/pages\/116\/revisions\/1388"}],"up":[{"embeddable":true,"href":"https:\/\/www.casinozocker.com\/ch\/wp-json\/wp\/v2\/pages\/48"}],"wp:attachment":[{"href":"https:\/\/www.casinozocker.com\/ch\/wp-json\/wp\/v2\/media?parent=116"}],"curies":[{"name":"wp","href":"https:\/\/api.w.org\/{rel}","templated":true}]}}