{"id":103,"date":"2011-12-31T08:09:09","date_gmt":"2011-12-31T09:09:09","guid":{"rendered":"http:\/\/www.casinozocker.com\/?page_id=103"},"modified":"2016-12-05T10:08:41","modified_gmt":"2016-12-05T09:08:41","slug":"casinos","status":"publish","type":"page","link":"https:\/\/www.casinozocker.com\/ch\/roulette\/casinos\/","title":{"rendered":"Roulette Casinos"},"content":{"rendered":"<p>Wer auf unserer Seite landet, kennt das Spiel Roulette mit Sicherheit. Roulette ist das beliebteste Casino-Spiel \u00fcberhaupt und wird deutlich h\u00e4ufiger als Blackjack oder Slots gespielt. Obwohl das Spiel sehr einfach zu verstehen ist, lohnt es sich, vor seinem ersten Einsatz die Roulette Regeln sowie die <a href=\"https:\/\/www.casinozocker.com\/roulette\/wahrscheinlichkeiten-und-mathematik\/\">Wahrscheinlichkeiten bei den einzelnen Eins\u00e4tzen<\/a> durchzuschauen.<\/p>\n<p>Klar ist, dass Roulette sehr viel Spass macht und f\u00fcr viel Aufregung sorgt. Klar ist aber auch, dass man auf lange Sicht mit Roulette kein Geld verdienen kann. Das Spiel ist so ausgelegt, dass auf lange Sicht die Casino gewinnen. Es gibt auch keine Roulette-Systeme, mit denen man den die n\u00e4chste Zahl oder Farbe vorhersagen kann, weder in einer Spielbank noch bei einem online Anbieter. Allerdings ist Roulette eines der fairsten und damit besten Casino-Spiele. Egal mit welcher Strategie man setzt, langfristig verliert man lediglich 2.7% seines Einsatzes pro Runde. Denn beim franz\u00f6sischen Roulette mit nur einer \u201e0\u201c (Null) liegen die Wahrscheinlichkeiten bei den einfachen Chancen bei 18\/37, also fast 50%. Den Fehler, den die meisten Spieler machen ist, dass sie zu viel einsetzen. Wer jedoch 1000 Euro einzahlt und dann jeweils nur mit 10 Euro auf die einfachen Chancen wie rot\/schwarz oder gerade\/ungerade setzt, der hat die besten Chancen, auch nach mehreren hundert Eins\u00e4tzen zumindest noch einen Teil seines Geldes zu besitzen. Das ist eigentlich das einzige System welches man in Casinos mit Roulette anwenden kann: Immer nur kleine Eins\u00e4tze auf die einfachen Chancen t\u00e4tigen und nicht das Risiko einzugehen, mit einem grossen Einsatz gleich alles zu verlieren.<\/p>\n<p>Eine weitere M\u00f6glichkeit, als Spieler in online Roulette Casinos m\u00f6glichst wenig Geld zu verlieren ist, von den Bonus-Angeboten zu profitieren. Ein Bonus ist etwas, was es in den live Casinos nicht gibt, mal abgesehen von den kostenlosen Drinks in den Casinos in Las Vegas. Nach dem Download der Software und der Anmeldung erh\u00e4lt man n\u00e4mlich bei allen online Anbietern auf der ersten Einzahlung einen hohen Bonus, der oft mehrere hundert Euro oder Dollar betr\u00e4gt. Dieses Geld erh\u00e4lt man aber nicht kostenlos: Bevor eine Auszahlung m\u00f6glich ist, muss man den Bonus-Dollar beispielsweise 30x umgesetzt haben. L\u00e4sst man sich nicht von Tischen mit den hohen Eins\u00e4tzen locken, dann kann man mit dem gratis Geld sehr lange spielen und hat die Chance, sich sogar einen Gewinn auszahlen zu k\u00f6nnen.<\/p>\n<p>Daneben kann man auch kostenlos mit echtem Geld Roulette in Casinos spielen. Einige Anbieter verschenken n\u00e4mlich bei der Anmeldung z.B. 8$ an neue Spieler, mit denen man nach dem Download der Software direkt zocken kann. Das Casino gibt einem so die Chance, das Gef\u00fchl vom Spiel mit echtem Geld zu erleben \u2013 mit der Absicht, dass man sp\u00e4ter eigene Einzahlungen vornimmt. Es ist also nicht wirklich \u201egratis Casino-Geld\u201c, was man bei einem solchen Angebot erh\u00e4lt: eine solche Aktion lohnt sich f\u00fcr das Casino.<\/p>\n<p>PS: <a href=\"https:\/\/www.casinozocker.com\/erfahrungen\/casino-bewertungen\/\">Hier<\/a> findest Du eine Auswahl mit den auf CasinoZocker am besten bewerteten Roulette Casinos!<\/p>\n","protected":false},"excerpt":{"rendered":"<p>Wer auf unserer Seite landet, kennt das Spiel Roulette mit Sicherheit. Roulette ist das beliebteste Casino-Spiel \u00fcberhaupt und wird deutlich h\u00e4ufiger als Blackjack oder Slots gespielt. Obwohl das Spiel sehr einfach zu verstehen ist, lohnt es sich, vor seinem ersten Einsatz die Roulette Regeln sowie die Wahrscheinlichkeiten bei den einzelnen Eins\u00e4tzen durchzuschauen. Klar ist, dass &hellip;<\/p>\n<p class=\"read-more\"> <a class=\"\" href=\"https:\/\/www.casinozocker.com\/ch\/roulette\/casinos\/\"> <span class=\"screen-reader-text\">Roulette Casinos<\/span> Weiterlesen &raquo;<\/a><\/p>\n","protected":false},"author":1,"featured_media":0,"parent":19,"menu_order":0,"comment_status":"open","ping_status":"closed","template":"","meta":[],"yoast_head":"<!-- This site is optimized with the Yoast SEO plugin v16.4 - https:\/\/yoast.com\/wordpress\/plugins\/seo\/ -->\n<title>Roulette Casinos - CasinoZocker Schweiz<\/title>\n<meta name=\"robots\" content=\"index, follow, max-snippet:-1, max-image-preview:large, max-video-preview:-1\" \/>\n<link rel=\"canonical\" href=\"https:\/\/www.casinozocker.com\/ch\/roulette\/casinos\/\" \/>\n<meta property=\"og:locale\" content=\"de_DE\" \/>\n<meta property=\"og:type\" content=\"article\" \/>\n<meta property=\"og:title\" content=\"Roulette Casinos - CasinoZocker Schweiz\" \/>\n<meta property=\"og:description\" content=\"Wer auf unserer Seite landet, kennt das Spiel Roulette mit Sicherheit. Roulette ist das beliebteste Casino-Spiel \u00fcberhaupt und wird deutlich h\u00e4ufiger als Blackjack oder Slots gespielt. Obwohl das Spiel sehr einfach zu verstehen ist, lohnt es sich, vor seinem ersten Einsatz die Roulette Regeln sowie die Wahrscheinlichkeiten bei den einzelnen Eins\u00e4tzen durchzuschauen. Klar ist, dass &hellip; Roulette Casinos Weiterlesen &raquo;\" \/>\n<meta property=\"og:url\" content=\"https:\/\/www.casinozocker.com\/ch\/roulette\/casinos\/\" \/>\n<meta property=\"og:site_name\" content=\"CasinoZocker Schweiz\" \/>\n<meta property=\"article:modified_time\" content=\"2016-12-05T09:08:41+00:00\" \/>\n<meta name=\"twitter:card\" content=\"summary_large_image\" \/>\n<meta name=\"twitter:label1\" content=\"Gesch\u00e4tzte Lesezeit\" \/>\n\t<meta name=\"twitter:data1\" content=\"2\u00a0Minuten\" \/>\n<script type=\"application\/ld+json\" class=\"yoast-schema-graph\">{\"@context\":\"https:\/\/schema.org\",\"@graph\":[{\"@type\":\"WebSite\",\"@id\":\"https:\/\/www.casinozocker.com\/ch\/#website\",\"url\":\"https:\/\/www.casinozocker.com\/ch\/\",\"name\":\"CasinoZocker Schweiz\",\"description\":\"Spielen in online Casinos\",\"potentialAction\":[{\"@type\":\"SearchAction\",\"target\":\"https:\/\/www.casinozocker.com\/ch\/?s={search_term_string}\",\"query-input\":\"required name=search_term_string\"}],\"inLanguage\":\"de\"},{\"@type\":\"WebPage\",\"@id\":\"https:\/\/www.casinozocker.com\/ch\/roulette\/casinos\/#webpage\",\"url\":\"https:\/\/www.casinozocker.com\/ch\/roulette\/casinos\/\",\"name\":\"Roulette Casinos - CasinoZocker Schweiz\",\"isPartOf\":{\"@id\":\"https:\/\/www.casinozocker.com\/ch\/#website\"},\"datePublished\":\"2011-12-31T09:09:09+00:00\",\"dateModified\":\"2016-12-05T09:08:41+00:00\",\"breadcrumb\":{\"@id\":\"https:\/\/www.casinozocker.com\/ch\/roulette\/casinos\/#breadcrumb\"},\"inLanguage\":\"de\",\"potentialAction\":[{\"@type\":\"ReadAction\",\"target\":[\"https:\/\/www.casinozocker.com\/ch\/roulette\/casinos\/\"]}]},{\"@type\":\"BreadcrumbList\",\"@id\":\"https:\/\/www.casinozocker.com\/ch\/roulette\/casinos\/#breadcrumb\",\"itemListElement\":[{\"@type\":\"ListItem\",\"position\":1,\"item\":{\"@type\":\"WebPage\",\"@id\":\"https:\/\/www.casinozocker.com\/ch\/\",\"url\":\"https:\/\/www.casinozocker.com\/ch\/\",\"name\":\"Startseite\"}},{\"@type\":\"ListItem\",\"position\":2,\"item\":{\"@type\":\"WebPage\",\"@id\":\"https:\/\/www.casinozocker.com\/ch\/roulette\/\",\"url\":\"https:\/\/www.casinozocker.com\/ch\/roulette\/\",\"name\":\"Roulette\"}},{\"@type\":\"ListItem\",\"position\":3,\"item\":{\"@id\":\"https:\/\/www.casinozocker.com\/ch\/roulette\/casinos\/#webpage\"}}]}]}<\/script>\n<!-- \/ Yoast SEO plugin. -->","_links":{"self":[{"href":"https:\/\/www.casinozocker.com\/ch\/wp-json\/wp\/v2\/pages\/103"}],"collection":[{"href":"https:\/\/www.casinozocker.com\/ch\/wp-json\/wp\/v2\/pages"}],"about":[{"href":"https:\/\/www.casinozocker.com\/ch\/wp-json\/wp\/v2\/types\/page"}],"author":[{"embeddable":true,"href":"https:\/\/www.casinozocker.com\/ch\/wp-json\/wp\/v2\/users\/1"}],"replies":[{"embeddable":true,"href":"https:\/\/www.casinozocker.com\/ch\/wp-json\/wp\/v2\/comments?post=103"}],"version-history":[{"count":2,"href":"https:\/\/www.casinozocker.com\/ch\/wp-json\/wp\/v2\/pages\/103\/revisions"}],"predecessor-version":[{"id":636,"href":"https:\/\/www.casinozocker.com\/ch\/wp-json\/wp\/v2\/pages\/103\/revisions\/636"}],"up":[{"embeddable":true,"href":"https:\/\/www.casinozocker.com\/ch\/wp-json\/wp\/v2\/pages\/19"}],"wp:attachment":[{"href":"https:\/\/www.casinozocker.com\/ch\/wp-json\/wp\/v2\/media?parent=103"}],"curies":[{"name":"wp","href":"https:\/\/api.w.org\/{rel}","templated":true}]}}